{"id":16,"date":"2022-01-21T14:52:44","date_gmt":"2022-01-21T17:52:44","guid":{"rendered":"https:\/\/editoralandmark.com.br\/v2.0\/?page_id=16"},"modified":"2022-01-21T21:47:24","modified_gmt":"2022-01-22T00:47:24","slug":"a-editora","status":"publish","type":"page","link":"https:\/\/editoralandmark.com.br\/v2.0\/a-editora\/","title":{"rendered":"A EDITORA"},"content":{"rendered":"<p>[vc_row][vc_column][vc_column_text]<\/p>\n<p style=\"text-align: justify;\"><img loading=\"lazy\" decoding=\"async\" class=\"aligncenter size-full wp-image-131\" src=\"https:\/\/editoralandmark.com.br\/v2.0\/wp-content\/uploads\/2022\/01\/BANNER-EDITORA-LANDMARK.jpg\" alt=\"\" width=\"1600\" height=\"400\" srcset=\"https:\/\/editoralandmark.com.br\/v2.0\/wp-content\/uploads\/2022\/01\/BANNER-EDITORA-LANDMARK.jpg 1600w, https:\/\/editoralandmark.com.br\/v2.0\/wp-content\/uploads\/2022\/01\/BANNER-EDITORA-LANDMARK-300x75.jpg 300w, https:\/\/editoralandmark.com.br\/v2.0\/wp-content\/uploads\/2022\/01\/BANNER-EDITORA-LANDMARK-600x150.jpg 600w, https:\/\/editoralandmark.com.br\/v2.0\/wp-content\/uploads\/2022\/01\/BANNER-EDITORA-LANDMARK-400x100.jpg 400w, https:\/\/editoralandmark.com.br\/v2.0\/wp-content\/uploads\/2022\/01\/BANNER-EDITORA-LANDMARK-800x200.jpg 800w, https:\/\/editoralandmark.com.br\/v2.0\/wp-content\/uploads\/2022\/01\/BANNER-EDITORA-LANDMARK-768x192.jpg 768w, https:\/\/editoralandmark.com.br\/v2.0\/wp-content\/uploads\/2022\/01\/BANNER-EDITORA-LANDMARK-1536x384.jpg 1536w\" sizes=\"auto, (max-width: 1600px) 100vw, 1600px\" \/><\/p>\n<p>&nbsp;<\/p>\n<p style=\"text-align: justify;\">A <strong>EDITORA LANDMARK<\/strong> vem desde sua cria\u00e7\u00e3o desenvolvendo sua linha editorial com o intuito de trazer ao p\u00fablico-leitor brasileiro o acesso \u00e0 boa literatura, seja ela nacional ou estrangeira. O compromisso e a vis\u00e3o da<strong> EDITORA LANDMARK<\/strong> est\u00e3o alinhados com o prop\u00f3sito de ir ao encontro das necessidades de um mundo que rapidamente se transforma e com o prop\u00f3sito de nutrir os ideais de uma \u00e9poca de conscientiza\u00e7\u00e3o global.<\/p>\n<p>A <strong>EDITORA LANDMARK<\/strong> tem como sua tarefa primordial a revela\u00e7\u00e3o de mensagens importantes atrav\u00e9s dos livros que publica, na certeza de que s\u00e3o muitos e diferentes os caminhos que nos conduzem ao crescimento e que tornam o conhecimento acess\u00edvel a todos os leitores. Deste modo, desde sua forma\u00e7\u00e3o, a <strong>EDITORA LANDMARK<\/strong> desenvolve linhas editoriais com textos e imagens que se complementam atrav\u00e9s de projetos elaborados especialmente para oferecer ao leitor cultura, entretenimento e momentos de grande prazer.<\/p>\n<p>Estas linhas desenvolvidas apresentam-se em fic\u00e7\u00e3o brasileira, fic\u00e7\u00e3o estrangeira, cr\u00edtica liter\u00e1ria, ensaios sobre Hist\u00f3ria e Filosofia, an\u00e1lise e apresenta\u00e7\u00e3o de textos originais sobre os principais formadores da Sociedade Brasileira. Apresenta tamb\u00e9m novas vers\u00f5es, sempre em edi\u00e7\u00f5es bil\u00edngues, para grandes textos e obras da Literatura Universal, ampliando com isso a oportunidade do p\u00fablico brasileiro no acesso aos textos originais de grandes autores, muitas vezes esquecidos ou deixados em segundo plano, mas essenciais na forma\u00e7\u00e3o do esp\u00edrito cr\u00edtico de um pa\u00eds e do seu povo.<\/p>\n<p>A <strong>EDITORA LANDMARK<\/strong> tamb\u00e9m est\u00e1 voltada para as novas tecnologias com o lan\u00e7amento simult\u00e2neo dos seus livros em formato digital, bem como a divulga\u00e7\u00e3o e os lan\u00e7amentos de novos autores, de teses e disserta\u00e7\u00f5es acad\u00eamicas e o resgate de t\u00edtulos e produ\u00e7\u00e3o intelectual das \u00e1reas da filosofia e das ci\u00eancias humanas e sociais. Esses materiais, que por for\u00e7a da restri\u00e7\u00e3o de certas linhas editoriais e que pelos custos envolvidos n\u00e3o possuem possibilidade de atingir o grande p\u00fablico, estar\u00e3o sendo lan\u00e7ados apostando-se em novas tecnologias para a divulga\u00e7\u00e3o dessa produ\u00e7\u00e3o.[\/vc_column_text][vc_empty_space][vc_separator color=&#8221;black&#8221;][vc_empty_space][\/vc_column][\/vc_row][vc_row][vc_column width=&#8221;1\/2&#8243;][vc_empty_space height=&#8221;12px&#8221;][vc_column_text]<\/p>\n<h2>FALE COM A EDITORA LANDMARK:<\/h2>\n<p>[\/vc_column_text][\/vc_column][vc_column width=&#8221;1\/2&#8243;][vc_column_text]Rua Alfredo Pujol, 285 &#8211; 12\u00ba andar &#8211; Santana &#8211; 02017-010 \u2013 S\u00e3o Paulo &#8211; SP &#8211; Brasil<br \/>\nTel.: +55 (11) 2711 2566 \/ 2950 9095<br \/>\neditora@editoralandmark.com.br[\/vc_column_text][\/vc_column][\/vc_row]<\/p>\n","protected":false},"excerpt":{"rendered":"<p>[vc_row][vc_column][vc_column_text] &nbsp; A EDITORA LANDMARK vem desde sua cria\u00e7\u00e3o desenvolvendo sua linha editorial com o intuito de trazer ao p\u00fablico-leitor brasileiro o acesso \u00e0 boa literatura, seja ela nacional ou estrangeira. O compromisso e a vis\u00e3o da EDITORA LANDMARK est\u00e3o alinhados com o prop\u00f3sito de ir ao encontro das necessidades de um mundo que rapidamente&hellip;<\/p>\n","protected":false},"author":1,"featured_media":0,"parent":0,"menu_order":0,"comment_status":"closed","ping_status":"closed","template":"template-microsite.php","meta":[],"class_list":["post-16","page","type-page","status-publish","hentry","description-off"],"aioseo_notices":[],"_links":{"self":[{"href":"https:\/\/editoralandmark.com.br\/v2.0\/wp-json\/wp\/v2\/pages\/16","targetHints":{"allow":["GET"]}}],"collection":[{"href":"https:\/\/editoralandmark.com.br\/v2.0\/wp-json\/wp\/v2\/pages"}],"about":[{"href":"https:\/\/editoralandmark.com.br\/v2.0\/wp-json\/wp\/v2\/types\/page"}],"author":[{"embeddable":true,"href":"https:\/\/editoralandmark.com.br\/v2.0\/wp-json\/wp\/v2\/users\/1"}],"replies":[{"embeddable":true,"href":"https:\/\/editoralandmark.com.br\/v2.0\/wp-json\/wp\/v2\/comments?post=16"}],"version-history":[{"count":7,"href":"https:\/\/editoralandmark.com.br\/v2.0\/wp-json\/wp\/v2\/pages\/16\/revisions"}],"predecessor-version":[{"id":136,"href":"https:\/\/editoralandmark.com.br\/v2.0\/wp-json\/wp\/v2\/pages\/16\/revisions\/136"}],"wp:attachment":[{"href":"https:\/\/editoralandmark.com.br\/v2.0\/wp-json\/wp\/v2\/media?parent=16"}],"curies":[{"name":"wp","href":"https:\/\/api.w.org\/{rel}","templated":true}]}}