{"id":112,"date":"2019-03-21T21:18:52","date_gmt":"2019-03-22T00:18:52","guid":{"rendered":"https:\/\/editoralandmark.com.br\/v2.0\/?post_type=product&#038;p=112"},"modified":"2024-03-27T14:41:39","modified_gmt":"2024-03-27T17:41:39","slug":"o-principe-feliz-e-outros-contos-the-happy-prince-and-other-tales-2","status":"publish","type":"product","link":"https:\/\/editoralandmark.com.br\/v2.0\/produto\/o-principe-feliz-e-outros-contos-the-happy-prince-and-other-tales-2\/","title":{"rendered":"O PR\u00cdNCIPE FELIZ E OUTROS CONTOS: THE HAPPY PRINCE AND OTHER TALES"},"content":{"rendered":"<p>[vc_row][vc_column][vc_column_text]<\/p>\n<p style=\"text-align: justify;\">O PR\u00cdNCIPE FELIZ E OUTROS CONTOS: THE HAPPY PRINCE AND OTHER TALES \u00e9 uma cole\u00e7\u00e3o de 1888 de hist\u00f3rias para crian\u00e7as escrita por Oscar Wilde, onde as hist\u00f3rias transmitem uma aprecia\u00e7\u00e3o para o ex\u00f3tico e para a beleza. O autor escreveu estas hist\u00f3rias para os pr\u00f3prios filhos e a sua inten\u00e7\u00e3o era mostrar, al\u00e9m dos pr\u00edncipes, gigantes e rouxin\u00f3is, como a vida \u00e9 e deve ser vivida. A beleza po\u00e9tica das hist\u00f3rias resgata a tristeza do tema: cada personagem assume a beleza e a feiura, a riqueza e a mis\u00e9ria humana. Os contos desta edi\u00e7\u00e3o s\u00e3o:<\/p>\n<p style=\"text-align: justify;\">O PR\u00cdNCIPE FELIZ: Artisticamente belo e puro, o conto nos toca, com toda a sua ternura, como uma crian\u00e7a a um adulto. Trata da est\u00e1tua do Pr\u00edncipe Feliz deslumbrante, laminada a ouro, com olhos de safira, rubis na espada, erguida pela cidade, no ponto mais alto, que quando vivo era alheio ao mundo exterior e \u00e0 mis\u00e9ria que este continha. Da coluna, contempla a pobreza do povo. Um Andorinho chega como um h\u00f3spede ocasional; comovido pelas l\u00e1grimas do Pr\u00edncipe, cede aos seus pedidos: distribuir aos mais necessitados tudo o que ainda tinha de valor.<\/p>\n<p style=\"text-align: justify;\">A ROUXINOL E A ROSA: Um jovem estudante, fascinado por metaf\u00edsica, \u00e9 apaixonado pela filha do seu professor que lhe prometera dan\u00e7ar com ele a noite inteira no baile caso recebesse uma rosa vermelha de presente, mas n\u00e3o tendo uma rosa para lhe presentear, o estudante chora e lamenta o fim do seu amor. Uma Rouxinol, tocada por t\u00e3o nobre sentimento, decide se sacrificar em troca do derradeiro presente e diante do esplendor do verdadeiro amor.<\/p>\n<p style=\"text-align: justify;\">O GIGANTE EGO\u00cdSTA: Quando um Gigante se recusa a liberar o acesso ao seu jardim \u00e0s crian\u00e7as, um terr\u00edvel inverno se abate sobre o local: a geada se recusa a ir embora e a primavera se nega a escalar as paredes do jardim. Mas o Gigante acaba por ser transformado pelo sentimento de um menino especial. Wilde apresenta incr\u00edveis li\u00e7\u00f5es morais e de cortesia, com um surpreendente final repleto de beleza e sinceridade religiosa.<\/p>\n<p style=\"text-align: justify;\">O AMIGO DEVOTADO: Na hist\u00f3ria, um jardineiro \u00e9 um amigo dedicado de um rico moleiro, apesar deste \u00faltimo se aproveitar da amizade desinteressada do primeiro. Ap\u00f3s uma s\u00e9rie de tarefas que o moleiro solicita ao jardineiro em troca de um velho carrinho de m\u00e3o que o primeiro queria se desfazer, uma trag\u00e9dia ocorre envolvendo a rela\u00e7\u00e3o dos dois, al\u00e9m de um dilema moral que \u00e9 apresentado aos leitores ao final da hist\u00f3ria.<\/p>\n<p style=\"text-align: justify;\">O FOGUETE EXTRAORDIN\u00c1RIO: A hist\u00f3ria mostra a discuss\u00e3o entre fogos de artif\u00edcio durante a comemora\u00e7\u00e3o do casamento dos jovens pr\u00edncipes. O debate entre as personagens serve de pano de fundo para evidenciar os efeitos do individualismo e da competitividade. E a\u00ed est\u00e1 o grande destaque do conto, que de forma sutil, demonstra aos leitores, de forma pr\u00e1tica e did\u00e1tica, a necessidade de conviv\u00eancia e coletividade.<\/p>\n<p>[\/vc_column_text][\/vc_column][\/vc_row][vc_row][vc_column][vc_column_text]<\/p>\n<h3>ADQUIRA TAMB\u00c9M EM NOSSOS PARCEIROS<\/h3>\n<p>[\/vc_column_text][\/vc_column][\/vc_row][vc_row][vc_column][vc_column_text]<style type=\"text\/css\" data-type=\"the7_shortcodes-inline-css\">.carousel-shortcode.carousel-shortcode-id-999c4f6d35c2a003bbc76ba2cbae5a05 .owl-nav a {\n  width: 36px;\n  height: 36px;\n  border-radius: 500px;\n}\n.dt-arrow-border-on.carousel-shortcode.carousel-shortcode-id-999c4f6d35c2a003bbc76ba2cbae5a05 .owl-nav a:not(:hover):before {\n  border-width: 0px;\n}\n.dt-arrow-hover-border-on.carousel-shortcode.carousel-shortcode-id-999c4f6d35c2a003bbc76ba2cbae5a05 .owl-nav a:hover:after {\n  border-width: 0px;\n}\n.carousel-shortcode.carousel-shortcode-id-999c4f6d35c2a003bbc76ba2cbae5a05 .owl-nav a.owl-prev {\n  top: 50%;\n  transform: translateY(calc(-50% + 0px));\n  left: -43px;\n}\n@media all and (-ms-high-contrast: none) {\n  .carousel-shortcode.carousel-shortcode-id-999c4f6d35c2a003bbc76ba2cbae5a05 .owl-nav a.owl-prev {\n    transform: translateY(-50%);\n    margin-top: 0px;\n  }\n}\n.carousel-shortcode.carousel-shortcode-id-999c4f6d35c2a003bbc76ba2cbae5a05 .owl-nav a.owl-prev i {\n  padding: 0px 0px 0px 0px;\n}\n.carousel-shortcode.carousel-shortcode-id-999c4f6d35c2a003bbc76ba2cbae5a05 .owl-nav a.owl-next {\n  top: 50%;\n  transform: translateY(calc(-50% + 0px));\n  right: -43px;\n}\n@media all and (-ms-high-contrast: none) {\n  .carousel-shortcode.carousel-shortcode-id-999c4f6d35c2a003bbc76ba2cbae5a05 .owl-nav a.owl-next {\n    transform: translateY(-50%);\n    margin-top: 0px;\n  }\n}\n.carousel-shortcode.carousel-shortcode-id-999c4f6d35c2a003bbc76ba2cbae5a05 .owl-nav a.owl-next i {\n  padding: 0px 0px 0px 0px;\n}\n.carousel-shortcode.carousel-shortcode-id-999c4f6d35c2a003bbc76ba2cbae5a05 .owl-nav i {\n  font-size: 18px;\n}\n.carousel-shortcode.carousel-shortcode-id-999c4f6d35c2a003bbc76ba2cbae5a05 .owl-nav a:not(:hover) i,\n.carousel-shortcode.carousel-shortcode-id-999c4f6d35c2a003bbc76ba2cbae5a05 .owl-nav a:not(:hover) i:before {\n  color: #ffffff;\n  background: none;\n}\n.carousel-shortcode.carousel-shortcode-id-999c4f6d35c2a003bbc76ba2cbae5a05 .owl-nav a:hover i,\n.carousel-shortcode.carousel-shortcode-id-999c4f6d35c2a003bbc76ba2cbae5a05 .owl-nav a:hover i:before {\n  color: rgba(255,255,255,0.75);\n  background: none;\n}\n.carousel-shortcode.carousel-shortcode-id-999c4f6d35c2a003bbc76ba2cbae5a05 .owl-dots {\n  top: calc(100% + 20px);\n  left: 50%;\n  transform: translateX(calc(-50% + 0px));\n}\n@media all and (-ms-high-contrast: none) {\n  .carousel-shortcode.carousel-shortcode-id-999c4f6d35c2a003bbc76ba2cbae5a05 .owl-dots {\n    transform: translateX(-50%);\n    margin-left: 0px;\n  }\n}\n.carousel-shortcode.carousel-shortcode-id-999c4f6d35c2a003bbc76ba2cbae5a05 .owl-dot {\n  width: 10px;\n  height: 10px;\n  margin: 0 8px;\n}\n@media screen and (max-width: 778px) {\n  .carousel-shortcode.carousel-shortcode-id-999c4f6d35c2a003bbc76ba2cbae5a05.hide-arrows .owl-nav a {\n    display: none;\n  }\n}\n@media screen and (max-width: 778px) {\n  .carousel-shortcode.carousel-shortcode-id-999c4f6d35c2a003bbc76ba2cbae5a05.reposition-arrows .owl-nav .owl-prev {\n    top: 50%;\n    transform: translateY(calc(-50% + 0px));\n    left: 10px;\n  }\n  .carousel-shortcode.carousel-shortcode-id-999c4f6d35c2a003bbc76ba2cbae5a05.reposition-arrows .owl-nav .owl-next {\n    top: 50%;\n    transform: translateY(calc(-50% + 0px));\n    right: 10px;\n  }\n}\n@media screen and (max-width: 778px) and all and (-ms-high-contrast: none) {\n  .carousel-shortcode.carousel-shortcode-id-999c4f6d35c2a003bbc76ba2cbae5a05.reposition-arrows .owl-nav .owl-prev {\n    transform: translateY(-50%);\n    margin-top: 0px;\n  }\n}\n@media screen and (max-width: 778px) and all and (-ms-high-contrast: none) {\n  .carousel-shortcode.carousel-shortcode-id-999c4f6d35c2a003bbc76ba2cbae5a05.reposition-arrows .owl-nav .owl-next {\n    transform: translateY(-50%);\n    margin-top: 0px;\n  }\n}\n<\/style><div class=\"owl-carousel carousel-shortcode dt-owl-carousel-call carousel-shortcode-id-999c4f6d35c2a003bbc76ba2cbae5a05 bullets-small-dot-stroke reposition-arrows arrows-bg-on dt-arrow-border-on dt-arrow-hover-border-on disable-arrows-hover-bg arrows-hover-bg-on  \" data-scroll-mode=\"1\" data-col-num=\"6\" data-wide-col-num=\"6\" data-laptop-col=\"6\" data-h-tablet-columns-num=\"3\" data-v-tablet-columns-num=\"2\" data-phone-columns-num=\"1\" data-auto-height=\"true\" data-col-gap=\"30\" data-stage-padding=\"0\" data-speed=\"600\" data-autoplay=\"false\" data-autoplay_speed=\"6000\" data-arrows=\"true\" data-bullet=\"true\" data-next-icon=\"icon-ar-017-r\" data-prev-icon=\"icon-ar-017-l\">[vc_single_image image=&#8221;1396&#8243; img_size=&#8221;full&#8221; onclick=&#8221;custom_link&#8221; img_link_target=&#8221;_blank&#8221; link=&#8221;https:\/\/www.amazon.com.br&#8221;][vc_single_image image=&#8221;1398&#8243; img_size=&#8221;full&#8221; onclick=&#8221;custom_link&#8221; img_link_target=&#8221;_blank&#8221; link=&#8221;http:\/\/www.travessa.com.br&#8221;][vc_single_image image=&#8221;1400&#8243; img_size=&#8221;full&#8221; onclick=&#8221;custom_link&#8221; img_link_target=&#8221;_blank&#8221; link=&#8221;https:\/\/www.livrariascuritiba.com.br&#8221;][vc_single_image image=&#8221;1407&#8243; img_size=&#8221;full&#8221; onclick=&#8221;custom_link&#8221; img_link_target=&#8221;_blank&#8221; link=&#8221;https:\/\/www.livrariadavila.com.br&#8221;][vc_single_image image=&#8221;1397&#8243; img_size=&#8221;full&#8221; onclick=&#8221;custom_link&#8221; img_link_target=&#8221;_blank&#8221; link=&#8221;https:\/\/www.americanas.com.br&#8221;][vc_single_image image=&#8221;1401&#8243; img_size=&#8221;full&#8221; onclick=&#8221;custom_link&#8221; img_link_target=&#8221;_blank&#8221; link=&#8221;shoptime.com.br&#8221;][vc_single_image image=&#8221;1402&#8243; img_size=&#8221;full&#8221; onclick=&#8221;custom_link&#8221; img_link_target=&#8221;_blank&#8221; link=&#8221;https:\/\/www.submarino.com.br\/&#8221;][vc_single_image image=&#8221;1412&#8243; img_size=&#8221;full&#8221; onclick=&#8221;custom_link&#8221; img_link_target=&#8221;_blank&#8221; link=&#8221;https:\/\/www.martinsfontespaulista.com.br&#8221;][vc_single_image image=&#8221;1414&#8243; img_size=&#8221;full&#8221; onclick=&#8221;custom_link&#8221; img_link_target=&#8221;_blank&#8221; link=&#8221;https:\/\/www.disal.com.br&#8221;][vc_single_image image=&#8221;1405&#8243; img_size=&#8221;full&#8221; onclick=&#8221;custom_link&#8221; img_link_target=&#8221;_blank&#8221; link=&#8221;https:\/\/www.sbs.com.br&#8221;][vc_single_image image=&#8221;1411&#8243; img_size=&#8221;full&#8221; onclick=&#8221;custom_link&#8221; img_link_target=&#8221;_blank&#8221; link=&#8221;https:\/\/www.livrarialoyola.com.br&#8221;][vc_single_image image=&#8221;1406&#8243; img_size=&#8221;full&#8221; onclick=&#8221;custom_link&#8221; img_link_target=&#8221;_blank&#8221; link=&#8221;https:\/\/www.apaginadistribuidora.com.br&#8221;][vc_single_image image=&#8221;1416&#8243; img_size=&#8221;full&#8221; onclick=&#8221;custom_link&#8221; img_link_target=&#8221;_blank&#8221; link=&#8221;https:\/\/www.mercadolivre.com.br&#8221;][vc_single_image image=&#8221;1410&#8243; img_size=&#8221;full&#8221; onclick=&#8221;custom_link&#8221; img_link_target=&#8221;_blank&#8221; link=&#8221;https:\/\/www.livrariavozes.com.br&#8221;][vc_single_image image=&#8221;1417&#8243; img_size=&#8221;full&#8221; onclick=&#8221;custom_link&#8221; img_link_target=&#8221;_blank&#8221; link=&#8221;https:\/\/www.facebook.com\/consulato.livraria\/&#8221;]<\/div>[\/vc_column_text][\/vc_column][\/vc_row]<\/p>\n","protected":false},"excerpt":{"rendered":"<p>AUTOR:\u00a0<a title=\"Oscar Wilde \u2013 (1854-1900)\" href=\"https:\/\/editoralandmark.com.br\/v2.0\/2022\/01\/22\/oscar-wilde-1854-1900\/\" target=\"_blank\" rel=\"noopener\">OSCAR WILDE<\/a><br \/>\nTRADU\u00c7\u00c3O E NOTAS:\u00a0LUCIANA SALGADO<br \/>\nADAPTA\u00c7\u00c3O:\u00a0DORIS GOETTEMS<br \/>\nILUSTRADOR: WALTER\u00a0 CRANE e GEORGE PERCY JACOBMB-HOOD<br \/>\nIDIOMA:\u00a0PORTUGU\u00caS-INGL\u00caS<br \/>\nLAN\u00c7AMENTO: 03\/2019<br \/>\nACABAMENTO: CAPA DURA<br \/>\nFORMATO:\u00a016CM X 23CM<br \/>\nP\u00c1GINAS: 208<br \/>\nPESO: 300G<br \/>\nISBN: 9788580700597<br \/>\nISBN DIGITAL: 9788588781856<\/p>\n","protected":false},"featured_media":1561,"template":"","meta":[],"product_brand":[],"product_cat":[16,18,19,21,30,36],"product_tag":[],"class_list":{"0":"post-112","1":"product","2":"type-product","3":"status-publish","4":"has-post-thumbnail","6":"product_cat-livros","7":"product_cat-classicos-mundiais","8":"product_cat-contos","9":"product_cat-edicao-bilingue","10":"product_cat-literatura-inglesa","11":"product_cat-romance","12":"product_shipping_class-correios","13":"description-off","15":"first","16":"instock","17":"shipping-taxable","18":"purchasable","19":"product-type-simple"},"aioseo_notices":[],"_links":{"self":[{"href":"https:\/\/editoralandmark.com.br\/v2.0\/wp-json\/wp\/v2\/product\/112","targetHints":{"allow":["GET"]}}],"collection":[{"href":"https:\/\/editoralandmark.com.br\/v2.0\/wp-json\/wp\/v2\/product"}],"about":[{"href":"https:\/\/editoralandmark.com.br\/v2.0\/wp-json\/wp\/v2\/types\/product"}],"wp:featuredmedia":[{"embeddable":true,"href":"https:\/\/editoralandmark.com.br\/v2.0\/wp-json\/wp\/v2\/media\/1561"}],"wp:attachment":[{"href":"https:\/\/editoralandmark.com.br\/v2.0\/wp-json\/wp\/v2\/media?parent=112"}],"wp:term":[{"taxonomy":"product_brand","embeddable":true,"href":"https:\/\/editoralandmark.com.br\/v2.0\/wp-json\/wp\/v2\/product_brand?post=112"},{"taxonomy":"product_cat","embeddable":true,"href":"https:\/\/editoralandmark.com.br\/v2.0\/wp-json\/wp\/v2\/product_cat?post=112"},{"taxonomy":"product_tag","embeddable":true,"href":"https:\/\/editoralandmark.com.br\/v2.0\/wp-json\/wp\/v2\/product_tag?post=112"}],"curies":[{"name":"wp","href":"https:\/\/api.w.org\/{rel}","templated":true}]}}