{"id":127,"date":"2017-01-21T21:35:24","date_gmt":"2017-01-21T23:35:24","guid":{"rendered":"https:\/\/editoralandmark.com.br\/v2.0\/?post_type=product&#038;p=127"},"modified":"2024-03-27T14:41:40","modified_gmt":"2024-03-27T17:41:40","slug":"o-fantasma-da-opera-le-fantome-de-lopera","status":"publish","type":"product","link":"https:\/\/editoralandmark.com.br\/v2.0\/produto\/o-fantasma-da-opera-le-fantome-de-lopera\/","title":{"rendered":"O FANTASMA DA \u00d3PERA: LE FANT\u00d4ME DE L&#8217;OP\u00c9RA"},"content":{"rendered":"<p style=\"text-align: justify;\">O FANTASMA DA \u00d3PERA: LE FANT\u00d4ME DE L&#8217;OP\u00c9RA \u00e9 um romance franc\u00eas, escrito por Gaston Leroux e publicado originalmente em s\u00e9rie na famosa revista liter\u00e1ria Le Gallois, entre 23 de setembro de 1909 e 8 de janeiro de 1910, e posteriormente publicada em livro em abril de 1910. O romance \u00e9 parcialmente inspirado em fatos hist\u00f3ricos da \u00d3pera de Paris durante o s\u00e9culo XIX e em um conto ap\u00f3crifo relativo \u00e0 descoberta de um esqueleto de um bailarino durante a produ\u00e7\u00e3o da \u00f3pera O Franco-atirador, de Carl Maria von Weber, em 1841.<\/p>\n<p style=\"text-align: justify;\">Uma das hist\u00f3rias de terror e amor mais famosas do s\u00e9culo XX, O FANTASMA DA \u00d3PERA: LE FANT\u00d4ME DE L&#8217;OP\u00c9RA combina romance e suspense para narrar o tri\u00e2ngulo amoroso entre a linda e talentosa cantora l\u00edrica Christine Daa\u00e9, o fr\u00e1gil e apaixonado visconde Raoul de Chagny e o sinistro e obcecado g\u00eanio da m\u00fasica que habita os por\u00f5es do teatro. Relatado como uma investiga\u00e7\u00e3o real, o romance apresenta uma mir\u00edade de personagens que s\u00e3o apresentados para atestar a exist\u00eancia do terr\u00edvel habitante do subterr\u00e2neo da \u00d3pera de Paris. Com contornos de relato hist\u00f3rico, a narrativa conduz o leitor pelos labirintos da \u00d3pera de Paris e do cora\u00e7\u00e3o humano, revelando o que h\u00e1 de mais obscuro em ambos. \u00c9 quase imposs\u00edvel lermos o &#8220;O Fantasma da \u00d3pera&#8221; sem sermos tomados por um conflito de sentimentos. A come\u00e7ar pela pr\u00f3pria figura do Fantasma. O que ele nos inspira: medo ou compaix\u00e3o? E aqui conv\u00e9m superar a obviedade da deformidade do rosto e da alma do protagonista. Se nos fixarmos apenas nessa cicatriz, sem enxergarmos a beleza que ela oculta, perderemos justamente as contraposi\u00e7\u00f5es que tornam esse personagem t\u00e3o forte, e sua hist\u00f3ria ao mesmo tempo tr\u00e1gica, assustadora e comovente. O fantasma \u00e9 um personagem terr\u00edvel, mas apaixonante.<\/p>\n<p style=\"text-align: justify;\">Que aterrorizante segredo esconde-se nos subterr\u00e2neos da \u00d3pera de Paris? Que mist\u00e9rio atormenta um dos mais majestosos pal\u00e1cios dedicados \u00e0 arte na capital francesa?<\/p>\n","protected":false},"excerpt":{"rendered":"<div class=\"col-sm-12 col-md-12 linha-livro\">\n<div class=\"col-sm-12 col-md-4 reducao-centro\"><span class=\"titulo-descritor\">AUTOR:\u00a0<\/span><a href=\"https:\/\/editoralandmark.com.br\/v2.0\/2022\/02\/20\/gaston-leroux-1868-1927\/\"><span class=\"descritor-livro\">GASTON LEROUX<\/span><\/a><\/div>\n<\/div>\n<div class=\"col-sm-12 col-md-12 linha-livro\">\n<div class=\"col-sm-12 col-md-4 reducao-centro\"><span class=\"titulo-descritor\">TRADU\u00c7\u00c3O E NOTAS:\u00a0<\/span><span class=\"descritor-livro\">VALTER LELLIS SIQUEIRA<\/span><\/div>\n<\/div>\n<div class=\"col-sm-12 col-md-12 linha-livro\">\n<div class=\"col-sm-12 col-md-4 reducao-centro\"><span class=\"titulo-descritor\">ADAPTA\u00c7\u00c3O:\u00a0<\/span><span class=\"descritor-livro\">***************<\/span><\/div>\n<\/div>\n<div class=\"col-sm-12 col-md-12 linha-livro\">\n<div class=\"col-sm-12 col-md-4 reducao-centro\"><span class=\"titulo-descritor\">ILUSTRADOR:\u00a0<\/span><span class=\"descritor-livro\">***************<\/span><\/div>\n<\/div>\n<div class=\"col-sm-12 col-md-12 linha-livro\">\n<div class=\"col-sm-12 col-md-4 reducao-centro\"><span class=\"titulo-descritor\">IDIOMA:\u00a0<\/span><span class=\"descritor-livro\">PORTUGU\u00caS-FRANC\u00caS<\/span><\/div>\n<\/div>\n<div class=\"col-sm-12 col-md-12 linha-livro\">\n<div class=\"col-sm-12 col-md-4 reducao-centro\"><span class=\"titulo-descritor\">LAN\u00c7AMENTO:\u00a0<\/span><span class=\"descritor-livro\">01\/2017<\/span><\/div>\n<\/div>\n<div class=\"col-sm-12 col-md-12 linha-livro\">\n<div class=\"col-sm-12 col-md-4 reducao-centro\"><span class=\"titulo-descritor\">ACABAMENTO:\u00a0<\/span><span class=\"descritor-livro\">EPUB<\/span><\/div>\n<\/div>\n<div class=\"col-sm-12 col-md-12 linha-livro\">\n<div class=\"col-sm-12 col-md-4 reducao-centro\"><span class=\"titulo-descritor\">FORMATO:\u00a0<\/span><span class=\"descritor-livro\">16CM X 23CM<\/span><\/div>\n<\/div>\n<div class=\"col-sm-12 col-md-12 linha-livro\">\n<div class=\"col-sm-12 col-md-4 reducao-centro\"><span class=\"titulo-descritor\">P\u00c1GINAS:\u00a0<\/span><span class=\"descritor-livro\">464<\/span><\/div>\n<\/div>\n<div class=\"col-sm-12 col-md-12 linha-livro\">\n<div class=\"col-sm-12 col-md-4 reducao-centro\"><span class=\"titulo-descritor\">PESO:\u00a0<\/span><span class=\"descritor-livro\">0 G<\/span><\/div>\n<\/div>\n<div class=\"col-sm-12 col-md-12 linha-livro\">\n<div>ISBN<span class=\"titulo-descritor\">: <\/span><span class=\"descritor-livro\">9788580700541<\/span><\/div>\n<div class=\"col-sm-12 col-md-4 reducao-centro\"><span class=\"titulo-descritor\">ISBN DIGITAL: <\/span><span class=\"descritor-livro\">9788580700558<\/span><\/div>\n<\/div>\n","protected":false},"featured_media":128,"template":"","meta":[],"product_brand":[],"product_cat":[18,21,29,33,36,37],"product_tag":[],"class_list":{"0":"post-127","1":"product","2":"type-product","3":"status-publish","4":"has-post-thumbnail","6":"product_cat-classicos-mundiais","7":"product_cat-edicao-bilingue","8":"product_cat-literatura-francesa","9":"product_cat-livro-digital","10":"product_cat-romance","11":"product_cat-suspense","12":"product_shipping_class-correios","13":"description-off","15":"first","16":"instock","17":"virtual","18":"purchasable","19":"product-type-simple"},"aioseo_notices":[],"_links":{"self":[{"href":"https:\/\/editoralandmark.com.br\/v2.0\/wp-json\/wp\/v2\/product\/127","targetHints":{"allow":["GET"]}}],"collection":[{"href":"https:\/\/editoralandmark.com.br\/v2.0\/wp-json\/wp\/v2\/product"}],"about":[{"href":"https:\/\/editoralandmark.com.br\/v2.0\/wp-json\/wp\/v2\/types\/product"}],"wp:featuredmedia":[{"embeddable":true,"href":"https:\/\/editoralandmark.com.br\/v2.0\/wp-json\/wp\/v2\/media\/128"}],"wp:attachment":[{"href":"https:\/\/editoralandmark.com.br\/v2.0\/wp-json\/wp\/v2\/media?parent=127"}],"wp:term":[{"taxonomy":"product_brand","embeddable":true,"href":"https:\/\/editoralandmark.com.br\/v2.0\/wp-json\/wp\/v2\/product_brand?post=127"},{"taxonomy":"product_cat","embeddable":true,"href":"https:\/\/editoralandmark.com.br\/v2.0\/wp-json\/wp\/v2\/product_cat?post=127"},{"taxonomy":"product_tag","embeddable":true,"href":"https:\/\/editoralandmark.com.br\/v2.0\/wp-json\/wp\/v2\/product_tag?post=127"}],"curies":[{"name":"wp","href":"https:\/\/api.w.org\/{rel}","templated":true}]}}