{"id":1532,"date":"2014-02-24T15:37:35","date_gmt":"2014-02-24T18:37:35","guid":{"rendered":"https:\/\/editoralandmark.com.br\/v2.0\/?post_type=product&#038;p=1532"},"modified":"2024-03-27T14:42:18","modified_gmt":"2024-03-27T17:42:18","slug":"o-agente-secreto-the-secret-agent-2","status":"publish","type":"product","link":"https:\/\/editoralandmark.com.br\/v2.0\/produto\/o-agente-secreto-the-secret-agent-2\/","title":{"rendered":"O AGENTE SECRETO: THE SECRET AGENT"},"content":{"rendered":"<p style=\"text-align: justify;\">O cen\u00e1rio \u00e9 Londres; o crime, um atentado. Os motivos desse crime est\u00e3o longe de serem apenas o lucro f\u00e1cil, a busca ou a aus\u00eancia de valores.<\/p>\n<p style=\"text-align: justify;\">Londres, nas \u00faltimas d\u00e9cadas do s\u00e9culo XIX, \u00e9 um ref\u00fagio para todos os tipos de exilados pol\u00edticos. Verloc \u00e9 um deles, um anarquista que passou anos sendo financiado por um governo estrangeiro em suas a\u00e7\u00f5es como espi\u00e3o, ao mesmo tempo, que presta informa\u00e7\u00f5es \u00e0 pol\u00edcia metropolitana da cidade. Quando um novo embaixador \u00e9 empossado, este exige que Verloc prove o seu valor, atacando alguns alvos selecionados. Sem escolha, diante de um paradoxo explorado por Conrad, Verloc inicia um movimento, que termina com um atentado, ferindo aqueles que lhe s\u00e3o mais importantes, e sendo apenas uma quest\u00e3o de tempo at\u00e9 que a pol\u00edcia o encontre ou que os seus comparsas o silenciem.<\/p>\n<p style=\"text-align: justify;\">Agentes secretos, policiais, diplomatas e a sociedade londrina s\u00e3o envolvidos nessa eletrizante trama atrav\u00e9s das suas rela\u00e7\u00f5es sombrias e surpreendentes.<\/p>\n<p style=\"text-align: justify;\">Deste modo, escreveu um grande romance que trata deste assunto, mas de uma forma sutil e vigorosa, nas entrelinhas, sob o manto de uma grande hist\u00f3ria policial e de espionagem. Esta \u00e9 uma hist\u00f3ria triste, sombria e c\u00ednica. N\u00e3o h\u00e1 romantismo cego, n\u00e3o h\u00e1 a\u00e7\u00f5es devastadoras e tamb\u00e9m n\u00e3o h\u00e1 consequ\u00eancias pol\u00edticas explicitas. Como \u00e9 frequente nos relatos criados por Joseph Conrad, esta \u00e9 uma hist\u00f3ria sobre pessoas, vivendo em um mundo ex\u00f3tico. \u00c9 uma hist\u00f3ria de trag\u00e9dia, cujo final parece inevit\u00e1vel, dado o enredo e as pe\u00e7as que Conrad coloca em movimento, de um modo quase cir\u00fargico dentro do submundo do terrorismo e das rela\u00e7\u00f5es sociais, demonstrando como a arte e a literatura podem detectar o futuro muito antes que a ci\u00eancia social o fa\u00e7a. Na verdade, o autor nos indica que a grande vil\u00e3 da hist\u00f3ria \u00e9 a era moderna na qual vivemos, uma era que distorce a tudo e a todos, incluindo a pol\u00edtica, as rela\u00e7\u00f5es sociais e as rela\u00e7\u00f5es familiares.<\/p>\n","protected":false},"excerpt":{"rendered":"<p>AUTOR: <a title=\"Joseph Conrad \u2013 (1857-1924)\" href=\"https:\/\/editoralandmark.com.br\/v2.0\/2022\/01\/22\/joseph-conrad-1857-1924\/\" target=\"_blank\" rel=\"noopener\">JOSEPH CONRAD<\/a><br \/>\nTRADU\u00c7\u00c3O E NOTAS: EDUARDO FURTADO<br \/>\nADAPTA\u00c7\u00c3O : RODRIGO FRAGELLI<br \/>\nILUSTRADOR: ***************<br \/>\nIDIOMA: PORTUGU\u00caS-INGL\u00caS<br \/>\nLAN\u00c7AMENTO: 02\/2014<br \/>\nACABAMENTO: EPUB<br \/>\nFORMATO: 16CM X 23CM<br \/>\nP\u00c1GINAS: 384<br \/>\nPESO: 0 G<br \/>\nISBN: 9788588781474<br \/>\nISBN DIGITAL: 9788588781559<\/p>\n","protected":false},"featured_media":1533,"template":"","meta":[],"product_brand":[],"product_cat":[18,21,30,33,37],"product_tag":[],"class_list":{"0":"post-1532","1":"product","2":"type-product","3":"status-publish","4":"has-post-thumbnail","6":"product_cat-classicos-mundiais","7":"product_cat-edicao-bilingue","8":"product_cat-literatura-inglesa","9":"product_cat-livro-digital","10":"product_cat-suspense","11":"product_shipping_class-correios","12":"description-off","14":"first","15":"instock","16":"virtual","17":"purchasable","18":"product-type-simple"},"aioseo_notices":[],"_links":{"self":[{"href":"https:\/\/editoralandmark.com.br\/v2.0\/wp-json\/wp\/v2\/product\/1532","targetHints":{"allow":["GET"]}}],"collection":[{"href":"https:\/\/editoralandmark.com.br\/v2.0\/wp-json\/wp\/v2\/product"}],"about":[{"href":"https:\/\/editoralandmark.com.br\/v2.0\/wp-json\/wp\/v2\/types\/product"}],"wp:featuredmedia":[{"embeddable":true,"href":"https:\/\/editoralandmark.com.br\/v2.0\/wp-json\/wp\/v2\/media\/1533"}],"wp:attachment":[{"href":"https:\/\/editoralandmark.com.br\/v2.0\/wp-json\/wp\/v2\/media?parent=1532"}],"wp:term":[{"taxonomy":"product_brand","embeddable":true,"href":"https:\/\/editoralandmark.com.br\/v2.0\/wp-json\/wp\/v2\/product_brand?post=1532"},{"taxonomy":"product_cat","embeddable":true,"href":"https:\/\/editoralandmark.com.br\/v2.0\/wp-json\/wp\/v2\/product_cat?post=1532"},{"taxonomy":"product_tag","embeddable":true,"href":"https:\/\/editoralandmark.com.br\/v2.0\/wp-json\/wp\/v2\/product_tag?post=1532"}],"curies":[{"name":"wp","href":"https:\/\/api.w.org\/{rel}","templated":true}]}}