{"id":1535,"date":"2014-08-24T15:45:02","date_gmt":"2014-08-24T18:45:02","guid":{"rendered":"https:\/\/editoralandmark.com.br\/v2.0\/?post_type=product&#038;p=1535"},"modified":"2024-03-27T14:41:41","modified_gmt":"2024-03-27T17:41:41","slug":"lady-susan-edicao-bilingue-portugues-ingles-2","status":"publish","type":"product","link":"https:\/\/editoralandmark.com.br\/v2.0\/produto\/lady-susan-edicao-bilingue-portugues-ingles-2\/","title":{"rendered":"LADY SUSAN: EDI\u00c7\u00c3O BIL\u00cdNGUE PORTUGU\u00caS-INGL\u00caS"},"content":{"rendered":"<p>LADY SUSAN, o romance epistolar de Jane Austen, nunca recebeu muita aten\u00e7\u00e3o dos leitores em compara\u00e7\u00e3o com os seus outros seis romances maiores, principalmente por ser uma obra curta. Os estudiosos de sua obra estimam que tenha sido escrito entre os anos de 1793 e 1794, quando a jovem escritora encontrava-se em seus \u00faltimos anos de adolesc\u00eancia. Representa um hiato na totalidade da obra de Jane Austen por se caracterizar como um estudo sobre uma mulher adulta, que usa sua intelig\u00eancia e charme para manipular, trair e abusar de suas v\u00edtimas, sejam elas, amantes, amigos ou mesmo membros de sua fam\u00edlia.<\/p>\n<p>Escandalosamente divertido e artisticamente melodram\u00e1tico, LADY SUSAN \u00e9 um romance quase esquecido dentro do conjunto da obra de Jane Austen, menosprezado pela compara\u00e7\u00e3o com os seis romances maiores publicados pela escritora. Uma vez que poucos romances podem superar ou se equivaler \u00e0s obras-primas de Jane Austen, LADY SUSAN deve ser aceito pelo o que realmente \u00e9: uma pe\u00e7a encantadora e muito divertida, elaborada por uma jovem escritora que n\u00e3o apenas nos apresenta personagens interessantes e provocantes, mas que tamb\u00e9m nos revela sua compreens\u00e3o inicial das maquina\u00e7\u00f5es sociais atrav\u00e9s de uma linguagem muito requintada.<\/p>\n<p>Seu maior desafio parece residir nas limita\u00e7\u00f5es do formato epistolar onde a narrativa \u00e9 revelada gradativamente atrav\u00e9s da perspectiva de uma pessoa e, em seguida, atrav\u00e9s da rea\u00e7\u00e3o e resposta do outro, o que n\u00e3o permiti a energia do di\u00e1logo direto ou a varia\u00e7\u00e3o de descri\u00e7\u00f5es de cena ou arredores. Dadas suas limita\u00e7\u00f5es narrativas ainda \u00e9 uma joia brilhante; inteligente, engra\u00e7ado e intrigantemente mal intencionado.<\/p>\n<p>Um romance magnificamente trabalhado, apresentando os costumes e os modos do per\u00edodo da Reg\u00eancia inglesa que ir\u00e1 deliciar os entusiastas de Jane Austen com sua sagacidade e elegante expressividade.<\/p>\n","protected":false},"excerpt":{"rendered":"<p>AUTOR: <a title=\"Jane Austen \u2013 (1775-1817)\" href=\"https:\/\/editoralandmark.com.br\/v2.0\/2022\/01\/22\/jane-austen-1775-1817\/\" target=\"_blank\" rel=\"noopener\">JANE AUSTEN<\/a><br \/>\nTRADU\u00c7\u00c3O E NOTAS: DORIS GOETTEMS<br \/>\nADAPTA\u00c7\u00c3O: ***************<br \/>\nILUSTRADOR: ***************<br \/>\nIDIOMA: PORTUGU\u00caS-INGL\u00caS<br \/>\nLAN\u00c7AMENTO: 07\/2014<br \/>\nACABAMENTO: EPUB<br \/>\nFORMATO: 16CM X 23CM<br \/>\nP\u00c1GINAS: 152<br \/>\nPESO: 0 G<br \/>\nISBN: 9788580700435<br \/>\nISBN DIGITAL: 9788580700435<\/p>\n","protected":false},"featured_media":1536,"template":"","meta":[],"product_brand":[],"product_cat":[16,18,21,30,33,36],"product_tag":[64],"class_list":{"0":"post-1535","1":"product","2":"type-product","3":"status-publish","4":"has-post-thumbnail","6":"product_cat-livros","7":"product_cat-classicos-mundiais","8":"product_cat-edicao-bilingue","9":"product_cat-literatura-inglesa","10":"product_cat-livro-digital","11":"product_cat-romance","12":"product_tag-livros","13":"product_shipping_class-correios","14":"description-off","16":"first","17":"instock","18":"virtual","19":"purchasable","20":"product-type-simple"},"aioseo_notices":[],"_links":{"self":[{"href":"https:\/\/editoralandmark.com.br\/v2.0\/wp-json\/wp\/v2\/product\/1535","targetHints":{"allow":["GET"]}}],"collection":[{"href":"https:\/\/editoralandmark.com.br\/v2.0\/wp-json\/wp\/v2\/product"}],"about":[{"href":"https:\/\/editoralandmark.com.br\/v2.0\/wp-json\/wp\/v2\/types\/product"}],"wp:featuredmedia":[{"embeddable":true,"href":"https:\/\/editoralandmark.com.br\/v2.0\/wp-json\/wp\/v2\/media\/1536"}],"wp:attachment":[{"href":"https:\/\/editoralandmark.com.br\/v2.0\/wp-json\/wp\/v2\/media?parent=1535"}],"wp:term":[{"taxonomy":"product_brand","embeddable":true,"href":"https:\/\/editoralandmark.com.br\/v2.0\/wp-json\/wp\/v2\/product_brand?post=1535"},{"taxonomy":"product_cat","embeddable":true,"href":"https:\/\/editoralandmark.com.br\/v2.0\/wp-json\/wp\/v2\/product_cat?post=1535"},{"taxonomy":"product_tag","embeddable":true,"href":"https:\/\/editoralandmark.com.br\/v2.0\/wp-json\/wp\/v2\/product_tag?post=1535"}],"curies":[{"name":"wp","href":"https:\/\/api.w.org\/{rel}","templated":true}]}}