{"id":1562,"date":"2010-03-02T10:55:27","date_gmt":"2010-03-02T13:55:27","guid":{"rendered":"https:\/\/editoralandmark.com.br\/v2.0\/?post_type=product&#038;p=1562"},"modified":"2024-03-27T14:42:21","modified_gmt":"2024-03-27T17:42:21","slug":"o-principe-feliz-e-outros-contos-the-happy-prince-and-other-tales","status":"publish","type":"product","link":"https:\/\/editoralandmark.com.br\/v2.0\/produto\/o-principe-feliz-e-outros-contos-the-happy-prince-and-other-tales\/","title":{"rendered":"O PR\u00cdNCIPE FELIZ E OUTROS CONTOS: THE HAPPY PRINCE AND OTHER TALES"},"content":{"rendered":"<p>O PR\u00cdNCIPE FELIZ E OUTROS CONTOS \u00e9 uma cole\u00e7\u00e3o de 1888 de hist\u00f3rias para crian\u00e7as escrita por Oscar Wilde, onde as hist\u00f3rias transmitem uma aprecia\u00e7\u00e3o para o ex\u00f3tico e para a beleza. O autor escreveu estas hist\u00f3rias para os pr\u00f3prios filhos e a sua inten\u00e7\u00e3o era mostrar, al\u00e9m dos pr\u00edncipes, gigantes e rouxin\u00f3is, como a vida \u00e9 e deve ser vivida. A beleza po\u00e9tica das hist\u00f3rias resgata a tristeza do tema: cada personagem assume a beleza e a feiura, a riqueza e a mis\u00e9ria humana. Os contos desta edi\u00e7\u00e3o s\u00e3o:<\/p>\n<p>O PR\u00cdNCIPE FELIZ: Artisticamente belo e puro, o conto nos toca, com toda a sua ternura, como uma crian\u00e7a a um adulto. Trata da est\u00e1tua do Pr\u00edncipe Feliz deslumbrante, laminada a ouro, com olhos de safira, rubis na espada, erguida pela cidade, no ponto mais alto, que quando vivo era alheio ao mundo exterior e \u00e0 mis\u00e9ria que este continha. Da coluna, contempla a pobreza do povo. Um Andorinho chega como um h\u00f3spede ocasional; comovido pelas l\u00e1grimas do Pr\u00edncipe, cede aos seus pedidos: distribuir aos mais necessitados tudo o que ainda tinha de valor.<\/p>\n<p>A ROUXINOL E A ROSA: Um jovem estudante, fascinado por metaf\u00edsica, \u00e9 apaixonado pela filha do seu professor que lhe prometera dan\u00e7ar com ele a noite inteira no baile caso recebesse uma rosa vermelha de presente, mas n\u00e3o tendo uma rosa para lhe presentear, o estudante chora e lamenta o fim do seu amor. Uma Rouxinol, tocada por t\u00e3o nobre sentimento, decide se sacrificar em troca do derradeiro presente e diante do esplendor do verdadeiro amor.<\/p>\n<p>O GIGANTE EGO\u00cdSTA: Quando um Gigante se recusa a liberar o acesso ao seu jardim \u00e0s crian\u00e7as, um terr\u00edvel inverno se abate sobre o local: a geada se recusa a ir embora e a primavera se nega a escalar as paredes do jardim. Mas o Gigante acaba por ser transformado pelo sentimento de um menino especial. Wilde apresenta incr\u00edveis li\u00e7\u00f5es morais e de cortesia, com um surpreendente final repleto de beleza e sinceridade religiosa.<\/p>\n<p>O AMIGO DEVOTADO: Na hist\u00f3ria, um jardineiro \u00e9 um amigo dedicado de um rico moleiro, apesar deste \u00faltimo se aproveitar da amizade desinteressada do primeiro. Ap\u00f3s uma s\u00e9rie de tarefas que o moleiro solicita ao jardineiro em troca de um velho carrinho de m\u00e3o que o primeiro queria se desfazer, uma trag\u00e9dia ocorre envolvendo a rela\u00e7\u00e3o dos dois, al\u00e9m de um dilema moral que \u00e9 apresentado aos leitores ao final da hist\u00f3ria.<\/p>\n<p>O FOGUETE EXTRAORDIN\u00c1RIO: A hist\u00f3ria mostra a discuss\u00e3o entre fogos de artif\u00edcio durante a comemora\u00e7\u00e3o do casamento dos jovens pr\u00edncipes. O debate entre as personagens serve de pano de fundo para evidenciar os efeitos do individualismo e da competitividade. E a\u00ed est\u00e1 o grande destaque do conto, que de forma sutil, demonstra aos leitores, de forma pr\u00e1tica e did\u00e1tica, a necessidade de conviv\u00eancia e coletividade.<\/p>\n","protected":false},"excerpt":{"rendered":"<p>AUTOR:\u00a0<a title=\"Oscar Wilde \u2013 (1854-1900)\" href=\"https:\/\/editoralandmark.com.br\/v2.0\/2022\/01\/22\/oscar-wilde-1854-1900\/\" target=\"_blank\" rel=\"noopener\">OSCAR WILDE<\/a><br \/>\nTRADU\u00c7\u00c3O E NOTAS:\u00a0LUCIANA SALGADO<br \/>\nADAPTA\u00c7\u00c3O:\u00a0F\u00c1BIO PEDRO-CYRINO<br \/>\nILUSTRADOR: WALTER CRANE e GEORGE PERCY JACOBMB-HOOD<br \/>\nIDIOMA:\u00a0PORTUGU\u00caS-INGL\u00caS<br \/>\nLAN\u00c7AMENTO:\u00a010\/2019<br \/>\nACABAMENTO: EPUB<br \/>\nFORMATO:\u00a016CM X 23CM<br \/>\nP\u00c1GINAS:\u00a0208<br \/>\nPESO: 0 G<br \/>\nISBN: 9788588781597<br \/>\nISBN DIGITAL: 9788588781856<\/p>\n","protected":false},"featured_media":113,"template":"","meta":[],"product_brand":[],"product_cat":[16,18,19,30,33],"product_tag":[],"class_list":{"0":"post-1562","1":"product","2":"type-product","3":"status-publish","4":"has-post-thumbnail","6":"product_cat-livros","7":"product_cat-classicos-mundiais","8":"product_cat-contos","9":"product_cat-literatura-inglesa","10":"product_cat-livro-digital","11":"product_shipping_class-correios","12":"description-off","14":"first","15":"instock","16":"virtual","17":"purchasable","18":"product-type-simple"},"aioseo_notices":[],"_links":{"self":[{"href":"https:\/\/editoralandmark.com.br\/v2.0\/wp-json\/wp\/v2\/product\/1562","targetHints":{"allow":["GET"]}}],"collection":[{"href":"https:\/\/editoralandmark.com.br\/v2.0\/wp-json\/wp\/v2\/product"}],"about":[{"href":"https:\/\/editoralandmark.com.br\/v2.0\/wp-json\/wp\/v2\/types\/product"}],"wp:featuredmedia":[{"embeddable":true,"href":"https:\/\/editoralandmark.com.br\/v2.0\/wp-json\/wp\/v2\/media\/113"}],"wp:attachment":[{"href":"https:\/\/editoralandmark.com.br\/v2.0\/wp-json\/wp\/v2\/media?parent=1562"}],"wp:term":[{"taxonomy":"product_brand","embeddable":true,"href":"https:\/\/editoralandmark.com.br\/v2.0\/wp-json\/wp\/v2\/product_brand?post=1562"},{"taxonomy":"product_cat","embeddable":true,"href":"https:\/\/editoralandmark.com.br\/v2.0\/wp-json\/wp\/v2\/product_cat?post=1562"},{"taxonomy":"product_tag","embeddable":true,"href":"https:\/\/editoralandmark.com.br\/v2.0\/wp-json\/wp\/v2\/product_tag?post=1562"}],"curies":[{"name":"wp","href":"https:\/\/api.w.org\/{rel}","templated":true}]}}