{"id":1567,"date":"2024-02-02T14:18:58","date_gmt":"2024-02-02T17:18:58","guid":{"rendered":"https:\/\/editoralandmark.com.br\/v2.0\/?post_type=product&#038;p=1567"},"modified":"2025-03-13T11:02:40","modified_gmt":"2025-03-13T14:02:40","slug":"a-divina-comedia-edicao-bilingue","status":"publish","type":"product","link":"https:\/\/editoralandmark.com.br\/v2.0\/produto\/a-divina-comedia-edicao-bilingue\/","title":{"rendered":"A DIVINA COM\u00c9DIA: EDI\u00c7\u00c3O DE LUXO BIL\u00cdNGUE"},"content":{"rendered":"<p>[vc_row][vc_column][vc_column_text]<\/p>\n<p style=\"text-align: justify;\">A DIVINA COM\u00c9DIA foi iniciada em 1308, mas s\u00f3 conclu\u00edda ao final da vida de Dante Alighieri. Trata-se de um poema em tr\u00eas partes, <em>Inferno, Purgat\u00f3rio<\/em> e <em>Para\u00edso<\/em>, que descreve a jornada de Dante para encontrar Deus, acompanhado de Virg\u00edlio (simbolizando a raz\u00e3o humana), at\u00e9 o ponto em que Beatriz (a gra\u00e7a divina) deve gui\u00e1-lo. Na sua viagem ele para para conversar com todos os tipos de pessoas, tanto contempor\u00e2neas quanto figuras da Antiguidade e da mitologia. Conforme desce atrav\u00e9s dos nove c\u00edrculos do Inferno at\u00e9 Sat\u00e3, \u00e9 apanhado em armadilha de gelo no centro da terra e sobe a montanha de sete andares at\u00e9 o Purgat\u00f3rio; vai sendo gradualmente purificado de seus pecados, ficando pronto para ser conduzido pela s\u00e9rie de esferas celestiais ao Imp\u00e9rio de Deus. A DIVINA COM\u00c9DIA\u00a0\u00e9 uma cosmografia completa do conhecimento medieval e uma profunda recapitula\u00e7\u00e3o da doutrina crist\u00e3 da queda e da reden\u00e7\u00e3o, colocada em versos de sublime e majestosa beleza, especialmente na cria\u00e7\u00e3o de imagens. Representa o pin\u00e1culo da poesia italiana.<\/p>\n<p style=\"text-align: justify;\">Era 13 de setembro de 1321 quando a cidade de Ravenna, na It\u00e1lia, testemunhou a morte do poeta Dante Alighieri, considerado um dos pais da poesia e da l\u00edngua italiana. Dante, um dos maiores \u00edcones culturais do Ocidente, morreu h\u00e1 exatos 700 anos e, para rememorar a data e reiterar a import\u00e2ncia do artista, muitas iniciativas est\u00e3o acontecendo neste ano de 2021. N\u00e3o \u00e9 para menos. Considerado genial por escritores e historiadores em todo mundo, o poeta florentino escreveu a DIVINA COM\u00c9DIA, uma obra-prima da literatura italiana e universal, que serviu como base para a l\u00edngua italiana moderna e consolidou o modo medieval de interpretar o mundo.<\/p>\n<p style=\"text-align: justify;\">Ao redor de todo o mundo, os 700 anos da morte de Dante movimentou o cen\u00e1rio cultural. Por exemplo, desde 14 de setembro de 2020, acontece diariamente, em frente ao t\u00famulo do poeta em Ravenna, na It\u00e1lia, a leitura de um canto da Divina Com\u00e9dia, seu mais importante livro. S\u00e3o mais de 200 dias de leituras feitas por volunt\u00e1rios que se inscreveram para celebrar a obra do poeta italiano. Outra iniciativa que mostra a relev\u00e2ncia de Dante e da sua obra \u00e9 a cria\u00e7\u00e3o de uma c\u00f3pia da DIVINA COM\u00c9DIA em ouro e tit\u00e2nio para ser lan\u00e7ada ao espa\u00e7o \u2013 esses s\u00e3o os \u00fanicos materiais capazes de resistir ao espa\u00e7o aberto. Essa vers\u00e3o permanecer\u00e1 em \u00f3rbita como uma verdadeira testemunha da vida e da cultura humanas. Al\u00e9m disso, os astronautas da Esta\u00e7\u00e3o Espacial Internacional dever\u00e3o assinar uma\u00a0edi\u00e7\u00e3o da DIVINA COM\u00c9DIA que, ao voltar \u00e0 Terra, ser\u00e1 transformada em 700 exemplares numerados e certificados, s\u00f3 para colecionadores interessados em literatura e ci\u00eancia. Em 25 de mar\u00e7o de 2021, o Papa Francisco na Carta apost\u00f3lica \u201cCandor lucis aeternae \u2013 Esplendor da vida eterna\u201d exaltou a import\u00e2ncia de Dante ao afirmar que \u00a0\u201cDante ainda nos fala. Fala a n\u00f3s, homens e mulheres de hoje, e nos pede para n\u00e3o somente ser lido e estudado, mas tamb\u00e9m, e sobretudo, ouvido e imitado no seu caminho rumo \u00e0 felicidade, isto \u00e9, ao Amor infinito e eterno de Deus\u201d.<\/p>\n<p style=\"text-align: justify;\">A EDITORA LANDMARK tamb\u00e9m apresenta a nossa maneira de celebrar, com a nossa exclusiva edi\u00e7\u00e3o bil\u00edngue portugu\u00eas-italiano em versos e com texto integral para a A DIVINA COM\u00c9DIA, traduzida pelo poeta e escritor portugu\u00eas Vasco Gra\u00e7a Moura, considerada a mais perfeita e fiel tradu\u00e7\u00e3o da obra para a l\u00edngua portuguesa e que resgatou todas as min\u00facias do texto original em volume \u00fanico e que respeita a constru\u00e7\u00e3o po\u00e9tica da obra original do poeta italiano, al\u00e9m de apresentar as necess\u00e1rias notas explicativas para diversas passagens da obra.<\/p>\n<p>[\/vc_column_text][\/vc_column][\/vc_row][vc_row][vc_column][vc_column_text]<\/p>\n<h3>ADQUIRA TAMB\u00c9M EM NOSSOS PARCEIROS<\/h3>\n<p>[\/vc_column_text][\/vc_column][\/vc_row][vc_row][vc_column][vc_column_text]<style type=\"text\/css\" data-type=\"the7_shortcodes-inline-css\">.carousel-shortcode.carousel-shortcode-id-999c4f6d35c2a003bbc76ba2cbae5a05 .owl-nav a {\n  width: 36px;\n  height: 36px;\n  border-radius: 500px;\n}\n.dt-arrow-border-on.carousel-shortcode.carousel-shortcode-id-999c4f6d35c2a003bbc76ba2cbae5a05 .owl-nav a:not(:hover):before {\n  border-width: 0px;\n}\n.dt-arrow-hover-border-on.carousel-shortcode.carousel-shortcode-id-999c4f6d35c2a003bbc76ba2cbae5a05 .owl-nav a:hover:after {\n  border-width: 0px;\n}\n.carousel-shortcode.carousel-shortcode-id-999c4f6d35c2a003bbc76ba2cbae5a05 .owl-nav a.owl-prev {\n  top: 50%;\n  transform: translateY(calc(-50% + 0px));\n  left: -43px;\n}\n@media all and (-ms-high-contrast: none) {\n  .carousel-shortcode.carousel-shortcode-id-999c4f6d35c2a003bbc76ba2cbae5a05 .owl-nav a.owl-prev {\n    transform: translateY(-50%);\n    margin-top: 0px;\n  }\n}\n.carousel-shortcode.carousel-shortcode-id-999c4f6d35c2a003bbc76ba2cbae5a05 .owl-nav a.owl-prev i {\n  padding: 0px 0px 0px 0px;\n}\n.carousel-shortcode.carousel-shortcode-id-999c4f6d35c2a003bbc76ba2cbae5a05 .owl-nav a.owl-next {\n  top: 50%;\n  transform: translateY(calc(-50% + 0px));\n  right: -43px;\n}\n@media all and (-ms-high-contrast: none) {\n  .carousel-shortcode.carousel-shortcode-id-999c4f6d35c2a003bbc76ba2cbae5a05 .owl-nav a.owl-next {\n    transform: translateY(-50%);\n    margin-top: 0px;\n  }\n}\n.carousel-shortcode.carousel-shortcode-id-999c4f6d35c2a003bbc76ba2cbae5a05 .owl-nav a.owl-next i {\n  padding: 0px 0px 0px 0px;\n}\n.carousel-shortcode.carousel-shortcode-id-999c4f6d35c2a003bbc76ba2cbae5a05 .owl-nav i {\n  font-size: 18px;\n}\n.carousel-shortcode.carousel-shortcode-id-999c4f6d35c2a003bbc76ba2cbae5a05 .owl-nav a:not(:hover) i,\n.carousel-shortcode.carousel-shortcode-id-999c4f6d35c2a003bbc76ba2cbae5a05 .owl-nav a:not(:hover) i:before {\n  color: #ffffff;\n  background: none;\n}\n.carousel-shortcode.carousel-shortcode-id-999c4f6d35c2a003bbc76ba2cbae5a05 .owl-nav a:hover i,\n.carousel-shortcode.carousel-shortcode-id-999c4f6d35c2a003bbc76ba2cbae5a05 .owl-nav a:hover i:before {\n  color: rgba(255,255,255,0.75);\n  background: none;\n}\n.carousel-shortcode.carousel-shortcode-id-999c4f6d35c2a003bbc76ba2cbae5a05 .owl-dots {\n  top: calc(100% + 20px);\n  left: 50%;\n  transform: translateX(calc(-50% + 0px));\n}\n@media all and (-ms-high-contrast: none) {\n  .carousel-shortcode.carousel-shortcode-id-999c4f6d35c2a003bbc76ba2cbae5a05 .owl-dots {\n    transform: translateX(-50%);\n    margin-left: 0px;\n  }\n}\n.carousel-shortcode.carousel-shortcode-id-999c4f6d35c2a003bbc76ba2cbae5a05 .owl-dot {\n  width: 10px;\n  height: 10px;\n  margin: 0 8px;\n}\n@media screen and (max-width: 778px) {\n  .carousel-shortcode.carousel-shortcode-id-999c4f6d35c2a003bbc76ba2cbae5a05.hide-arrows .owl-nav a {\n    display: none;\n  }\n}\n@media screen and (max-width: 778px) {\n  .carousel-shortcode.carousel-shortcode-id-999c4f6d35c2a003bbc76ba2cbae5a05.reposition-arrows .owl-nav .owl-prev {\n    top: 50%;\n    transform: translateY(calc(-50% + 0px));\n    left: 10px;\n  }\n  .carousel-shortcode.carousel-shortcode-id-999c4f6d35c2a003bbc76ba2cbae5a05.reposition-arrows .owl-nav .owl-next {\n    top: 50%;\n    transform: translateY(calc(-50% + 0px));\n    right: 10px;\n  }\n}\n@media screen and (max-width: 778px) and all and (-ms-high-contrast: none) {\n  .carousel-shortcode.carousel-shortcode-id-999c4f6d35c2a003bbc76ba2cbae5a05.reposition-arrows .owl-nav .owl-prev {\n    transform: translateY(-50%);\n    margin-top: 0px;\n  }\n}\n@media screen and (max-width: 778px) and all and (-ms-high-contrast: none) {\n  .carousel-shortcode.carousel-shortcode-id-999c4f6d35c2a003bbc76ba2cbae5a05.reposition-arrows .owl-nav .owl-next {\n    transform: translateY(-50%);\n    margin-top: 0px;\n  }\n}\n<\/style><div class=\"owl-carousel carousel-shortcode dt-owl-carousel-call carousel-shortcode-id-999c4f6d35c2a003bbc76ba2cbae5a05 bullets-small-dot-stroke reposition-arrows arrows-bg-on dt-arrow-border-on dt-arrow-hover-border-on disable-arrows-hover-bg arrows-hover-bg-on  \" data-scroll-mode=\"1\" data-col-num=\"6\" data-wide-col-num=\"6\" data-laptop-col=\"6\" data-h-tablet-columns-num=\"3\" data-v-tablet-columns-num=\"2\" data-phone-columns-num=\"1\" data-auto-height=\"true\" data-col-gap=\"30\" data-stage-padding=\"0\" data-speed=\"600\" data-autoplay=\"false\" data-autoplay_speed=\"6000\" data-arrows=\"true\" data-bullet=\"true\" data-next-icon=\"icon-ar-017-r\" data-prev-icon=\"icon-ar-017-l\">[vc_single_image image=&#8221;1396&#8243; img_size=&#8221;full&#8221; onclick=&#8221;custom_link&#8221; img_link_target=&#8221;_blank&#8221; link=&#8221;https:\/\/www.amazon.com.br&#8221;][vc_single_image image=&#8221;1398&#8243; img_size=&#8221;full&#8221; onclick=&#8221;custom_link&#8221; img_link_target=&#8221;_blank&#8221; link=&#8221;http:\/\/www.travessa.com.br&#8221;][vc_single_image image=&#8221;1400&#8243; img_size=&#8221;full&#8221; onclick=&#8221;custom_link&#8221; img_link_target=&#8221;_blank&#8221; link=&#8221;https:\/\/www.livrariascuritiba.com.br&#8221;][vc_single_image image=&#8221;1407&#8243; img_size=&#8221;full&#8221; onclick=&#8221;custom_link&#8221; img_link_target=&#8221;_blank&#8221; link=&#8221;https:\/\/www.livrariadavila.com.br&#8221;][vc_single_image image=&#8221;1397&#8243; img_size=&#8221;full&#8221; onclick=&#8221;custom_link&#8221; img_link_target=&#8221;_blank&#8221; link=&#8221;https:\/\/www.americanas.com.br&#8221;][vc_single_image image=&#8221;1401&#8243; img_size=&#8221;full&#8221; onclick=&#8221;custom_link&#8221; img_link_target=&#8221;_blank&#8221; link=&#8221;shoptime.com.br&#8221;][vc_single_image image=&#8221;1402&#8243; img_size=&#8221;full&#8221; onclick=&#8221;custom_link&#8221; img_link_target=&#8221;_blank&#8221; link=&#8221;https:\/\/www.submarino.com.br\/&#8221;][vc_single_image image=&#8221;1412&#8243; img_size=&#8221;full&#8221; onclick=&#8221;custom_link&#8221; img_link_target=&#8221;_blank&#8221; link=&#8221;https:\/\/www.martinsfontespaulista.com.br&#8221;][vc_single_image image=&#8221;1414&#8243; img_size=&#8221;full&#8221; onclick=&#8221;custom_link&#8221; img_link_target=&#8221;_blank&#8221; link=&#8221;https:\/\/www.disal.com.br&#8221;][vc_single_image image=&#8221;1405&#8243; img_size=&#8221;full&#8221; onclick=&#8221;custom_link&#8221; img_link_target=&#8221;_blank&#8221; link=&#8221;https:\/\/www.sbs.com.br&#8221;][vc_single_image image=&#8221;1411&#8243; img_size=&#8221;full&#8221; onclick=&#8221;custom_link&#8221; img_link_target=&#8221;_blank&#8221; link=&#8221;https:\/\/www.livrarialoyola.com.br&#8221;][vc_single_image image=&#8221;1406&#8243; img_size=&#8221;full&#8221; onclick=&#8221;custom_link&#8221; img_link_target=&#8221;_blank&#8221; link=&#8221;https:\/\/www.apaginadistribuidora.com.br&#8221;][vc_single_image image=&#8221;1416&#8243; img_size=&#8221;full&#8221; onclick=&#8221;custom_link&#8221; img_link_target=&#8221;_blank&#8221; link=&#8221;https:\/\/www.mercadolivre.com.br&#8221;][vc_single_image image=&#8221;1410&#8243; img_size=&#8221;full&#8221; onclick=&#8221;custom_link&#8221; img_link_target=&#8221;_blank&#8221; link=&#8221;https:\/\/www.livrariavozes.com.br&#8221;][vc_single_image image=&#8221;1417&#8243; img_size=&#8221;full&#8221; onclick=&#8221;custom_link&#8221; img_link_target=&#8221;_blank&#8221; link=&#8221;https:\/\/www.facebook.com\/consulato.livraria\/&#8221;]<\/div>[\/vc_column_text][\/vc_column][\/vc_row]<\/p>\n","protected":false},"excerpt":{"rendered":"<p>AUTOR: <a href=\"https:\/\/editoralandmark.com.br\/v2.0\/2022\/02\/20\/dante-alighieri\/\">DANTE ALIGHIERI<\/a><br \/>\nTRADU\u00c7\u00c3O E NOTAS: <a href=\"https:\/\/editoralandmark.com.br\/v2.0\/2022\/02\/20\/vasco-graca-moura-1795-1881\/\">VASCO GRA\u00c7A MOURA<\/a><br \/>\nADAPTA\u00c7\u00c3O: ***************<br \/>\nILUSTRADOR:\u00a0***************<br \/>\nIDIOMA: PORTUGU\u00caS-ITALIANO<br \/>\nLAN\u00c7AMENTO: 02\/2024<br \/>\nACABAMENTO: CAPA DURA<br \/>\nFORMATO:\u00a016CM X 23CM<br \/>\nP\u00c1GINAS: 894<br \/>\nPESO: 900 G<br \/>\nISBN: 9788580700800<\/p>\n","protected":false},"featured_media":2251,"template":"","meta":[],"product_brand":[],"product_cat":[18,21,31,35,40],"product_tag":[],"class_list":{"0":"post-1567","1":"product","2":"type-product","3":"status-publish","4":"has-post-thumbnail","6":"product_cat-classicos-mundiais","7":"product_cat-edicao-bilingue","8":"product_cat-literatura-italiana","9":"product_cat-poesia","10":"product_cat-lancamentos","11":"product_shipping_class-correios","12":"description-off","14":"first","15":"instock","16":"shipping-taxable","17":"purchasable","18":"product-type-simple"},"aioseo_notices":[],"_links":{"self":[{"href":"https:\/\/editoralandmark.com.br\/v2.0\/wp-json\/wp\/v2\/product\/1567","targetHints":{"allow":["GET"]}}],"collection":[{"href":"https:\/\/editoralandmark.com.br\/v2.0\/wp-json\/wp\/v2\/product"}],"about":[{"href":"https:\/\/editoralandmark.com.br\/v2.0\/wp-json\/wp\/v2\/types\/product"}],"wp:featuredmedia":[{"embeddable":true,"href":"https:\/\/editoralandmark.com.br\/v2.0\/wp-json\/wp\/v2\/media\/2251"}],"wp:attachment":[{"href":"https:\/\/editoralandmark.com.br\/v2.0\/wp-json\/wp\/v2\/media?parent=1567"}],"wp:term":[{"taxonomy":"product_brand","embeddable":true,"href":"https:\/\/editoralandmark.com.br\/v2.0\/wp-json\/wp\/v2\/product_brand?post=1567"},{"taxonomy":"product_cat","embeddable":true,"href":"https:\/\/editoralandmark.com.br\/v2.0\/wp-json\/wp\/v2\/product_cat?post=1567"},{"taxonomy":"product_tag","embeddable":true,"href":"https:\/\/editoralandmark.com.br\/v2.0\/wp-json\/wp\/v2\/product_tag?post=1567"}],"curies":[{"name":"wp","href":"https:\/\/api.w.org\/{rel}","templated":true}]}}