{"id":1573,"date":"2019-09-02T18:25:10","date_gmt":"2019-09-02T21:25:10","guid":{"rendered":"https:\/\/editoralandmark.com.br\/v2.0\/?post_type=product&#038;p=1573"},"modified":"2024-03-27T14:41:38","modified_gmt":"2024-03-27T17:41:38","slug":"a-confissao-de-lucio-lucios-confession-2","status":"publish","type":"product","link":"https:\/\/editoralandmark.com.br\/v2.0\/produto\/a-confissao-de-lucio-lucios-confession-2\/","title":{"rendered":"A CONFISS\u00c3O DE L\u00daCIO: L\u00daCIO&#8217;S CONFESSION"},"content":{"rendered":"<p style=\"text-align: justify;\">A CONFISS\u00c3O DE L\u00daCIO: L\u00daCIO&#8217;S CONFESSION, publicada pelo poeta M\u00e1rio de S\u00e1-Carneiro em 1914, um ano antes do aparecimento do primeiro n\u00famero da revista Orpheu, \u00e9 uma novela que parece apresentar, atrav\u00e9s da fragmenta\u00e7\u00e3o, a exist\u00eancia de quest\u00f5es que ficam sem resposta. A repeti\u00e7\u00e3o de sil\u00eancios intervalares, os espelhamentos intertextuais como forma de dar consist\u00eancia a essa outra voz, o consciente de que tudo aquilo \u00e9 material com que se constr\u00f3i a obra de arte e cuja linguagem \u00e9 pl\u00e1stica e male\u00e1vel, criadora dum sentido provis\u00f3rio e imposs\u00edvel de fixar-se. \u00c9 considerada por Jos\u00e9 R\u00e9gio como a obra-prima de entre as novelas de M\u00e1rio de S\u00e1-Carneiro, onde est\u00e3o presentes tr\u00eas de suas obsess\u00f5es dominantes: o suic\u00eddio, o amor pervertido e o anormal avan\u00e7ando at\u00e9 a loucura.<\/p>\n<p style=\"text-align: justify;\">A CONFISS\u00c3O DE L\u00daCIO: L\u00daCIO&#8217;S CONFESSION \u00e9 uma das obras mais importantes de M\u00e1rio de S\u00e1-Carneiro por conter tr\u00eas das suas obsess\u00f5es dominantes: o suic\u00eddio, o amor pervertido e o anormal a avan\u00e7ar at\u00e9 \u00e0 loucura, atrav\u00e9s da hist\u00f3ria dum tri\u00e2ngulo entre L\u00facio, Marta, e Ricardo \u2013 onde os estudiosos veem em Ricardo o outro de L\u00facio, e Marta a ponte de liga\u00e7\u00e3o entre eles. Apresentado sob a forma de uma confiss\u00e3o autobiogr\u00e1fica, um romance policial, a novela inicia-se com uma breve introdu\u00e7\u00e3o, em que o narrador, L\u00facio, ao assumir-se como autor, justifica o seu objetivo: confessar-se inocente ap\u00f3s ter cumprido os dez anos de pris\u00e3o a que fora condenado pelo assass\u00ednio dum amigo, Ricardo de Loureiro. O narrador promete dizer toda a verdade, mesmo quando ela \u00e9 inveross\u00edmil, sobre essa morte ocorrida em circunst\u00e2ncias misteriosas e sem testemunhas, mas considerada judicialmente como um crime passional. Por ser um texto de vanguarda, j\u00e1 que M\u00e1rio de S\u00e1-Carneiro empenhou-se na busca de novos significantes numa ruptura com o modelo centrado no c\u00f3digo princ\u00edpio-meio-fim, esta obra de fic\u00e7\u00e3o continua aberta a novos estudos e interpreta\u00e7\u00f5es. Nesta obra, ao incitar as suas personagens na busca duma transcend\u00eancia distorcida, S\u00e1-Carneiro cria uma atmosfera de exacerbado lirismo. Capaz de acrescentar um prazeroso sabor ao narrar o inarr\u00e1vel, mesmo no leitor que possui poucas fibras de sensibilidade ele \u00e9 capaz de produzir um turbilh\u00e3o interior pr\u00f3ximo ao palpitar acelerado do cora\u00e7\u00e3o quando em \u00eaxtase.<\/p>\n","protected":false},"excerpt":{"rendered":"<p>AUTOR: <a title=\"M\u00e1rio de S\u00e1-Carneiro \u2013 (1890-1916)\" href=\"https:\/\/editoralandmark.com.br\/v2.0\/2022\/01\/22\/mario-de-sa-carneiro-1890-1916\/\" target=\"_blank\" rel=\"noopener\">M\u00c1RIO DE S\u00c1-CARNEIRO<\/a><br \/>\nTRADU\u00c7\u00c3O E NOTAS: S\u00c1VIO RAMOS SILVA<br \/>\nADAPTA\u00c7\u00c3O:\u00a0***************<br \/>\nILUSTRADOR:\u00a0***************<br \/>\nIDIOMA:\u00a0PORTUGU\u00caS-INGL\u00caS<br \/>\nLAN\u00c7AMENTO: 08\/2019<br \/>\nACABAMENTO: EPUB<br \/>\nFORMATO:\u00a016CM X 23CM<br \/>\nP\u00c1GINAS: 248<br \/>\nPESO: 0 G<br \/>\nISBN: 9788580700640<br \/>\nISBN DIGITAL: 9788580700657<\/p>\n","protected":false},"featured_media":1574,"template":"","meta":[],"product_brand":[],"product_cat":[18,21,32,33,36,37],"product_tag":[64],"class_list":{"0":"post-1573","1":"product","2":"type-product","3":"status-publish","4":"has-post-thumbnail","6":"product_cat-classicos-mundiais","7":"product_cat-edicao-bilingue","8":"product_cat-literatura-portuguesa","9":"product_cat-livro-digital","10":"product_cat-romance","11":"product_cat-suspense","12":"product_tag-livros","13":"product_shipping_class-correios","14":"description-off","16":"first","17":"instock","18":"virtual","19":"purchasable","20":"product-type-simple"},"aioseo_notices":[],"_links":{"self":[{"href":"https:\/\/editoralandmark.com.br\/v2.0\/wp-json\/wp\/v2\/product\/1573","targetHints":{"allow":["GET"]}}],"collection":[{"href":"https:\/\/editoralandmark.com.br\/v2.0\/wp-json\/wp\/v2\/product"}],"about":[{"href":"https:\/\/editoralandmark.com.br\/v2.0\/wp-json\/wp\/v2\/types\/product"}],"wp:featuredmedia":[{"embeddable":true,"href":"https:\/\/editoralandmark.com.br\/v2.0\/wp-json\/wp\/v2\/media\/1574"}],"wp:attachment":[{"href":"https:\/\/editoralandmark.com.br\/v2.0\/wp-json\/wp\/v2\/media?parent=1573"}],"wp:term":[{"taxonomy":"product_brand","embeddable":true,"href":"https:\/\/editoralandmark.com.br\/v2.0\/wp-json\/wp\/v2\/product_brand?post=1573"},{"taxonomy":"product_cat","embeddable":true,"href":"https:\/\/editoralandmark.com.br\/v2.0\/wp-json\/wp\/v2\/product_cat?post=1573"},{"taxonomy":"product_tag","embeddable":true,"href":"https:\/\/editoralandmark.com.br\/v2.0\/wp-json\/wp\/v2\/product_tag?post=1573"}],"curies":[{"name":"wp","href":"https:\/\/api.w.org\/{rel}","templated":true}]}}