{"id":1581,"date":"2018-07-02T18:49:37","date_gmt":"2018-07-02T21:49:37","guid":{"rendered":"https:\/\/editoralandmark.com.br\/v2.0\/?post_type=product&#038;p=1581"},"modified":"2025-03-13T11:19:49","modified_gmt":"2025-03-13T14:19:49","slug":"o-fantasma-da-opera-le-fantome-de-lopera-2","status":"publish","type":"product","link":"https:\/\/editoralandmark.com.br\/v2.0\/produto\/o-fantasma-da-opera-le-fantome-de-lopera-2\/","title":{"rendered":"O FANTASMA DA \u00d3PERA: LE FANT\u00d4ME DE L&#8217;OP\u00c9RA"},"content":{"rendered":"<p>[vc_row][vc_column][vc_column_text]<\/p>\n<p style=\"text-align: justify;\">O FANTASMA DA \u00d3PERA: LE FANT\u00d4ME DE L&#8217;OP\u00c9RA \u00e9 um romance franc\u00eas, escrito por Gaston Leroux e publicado originalmente em s\u00e9rie na famosa revista liter\u00e1ria Le Gallois, entre 23 de setembro de 1909 e 8 de janeiro de 1910, e posteriormente publicada em livro em abril de 1910. O romance \u00e9 parcialmente inspirado em fatos hist\u00f3ricos da \u00d3pera de Paris durante o s\u00e9culo XIX e em um conto ap\u00f3crifo relativo \u00e0 descoberta de um esqueleto de um bailarino durante a produ\u00e7\u00e3o da \u00f3pera O Franco-atirador, de Carl Maria von Weber, em 1841.<\/p>\n<p style=\"text-align: justify;\">Uma das hist\u00f3rias de terror e amor mais famosas do s\u00e9culo XX, O FANTASMA DA \u00d3PERA: LE FANT\u00d4ME DE L&#8217;OP\u00c9RA combina romance e suspense para narrar o tri\u00e2ngulo amoroso entre a linda e talentosa cantora l\u00edrica Christine Daa\u00e9, o fr\u00e1gil e apaixonado visconde Raoul de Chagny e o sinistro e obcecado g\u00eanio da m\u00fasica que habita os por\u00f5es do teatro. Relatado como uma investiga\u00e7\u00e3o real, o romance apresenta uma mir\u00edade de personagens que s\u00e3o apresentados para atestar a exist\u00eancia do terr\u00edvel habitante do subterr\u00e2neo da \u00d3pera de Paris. Com contornos de relato hist\u00f3rico, a narrativa conduz o leitor pelos labirintos da \u00d3pera de Paris e do cora\u00e7\u00e3o humano, revelando o que h\u00e1 de mais obscuro em ambos. \u00c9 quase imposs\u00edvel lermos o &#8220;O Fantasma da \u00d3pera&#8221; sem sermos tomados por um conflito de sentimentos. A come\u00e7ar pela pr\u00f3pria figura do Fantasma. O que ele nos inspira: medo ou compaix\u00e3o? E aqui conv\u00e9m superar a obviedade da deformidade do rosto e da alma do protagonista. Se nos fixarmos apenas nessa cicatriz, sem enxergarmos a beleza que ela oculta, perderemos justamente as contraposi\u00e7\u00f5es que tornam esse personagem t\u00e3o forte, e sua hist\u00f3ria ao mesmo tempo tr\u00e1gica, assustadora e comovente. O fantasma \u00e9 um personagem terr\u00edvel, mas apaixonante.<\/p>\n<p style=\"text-align: justify;\">Que aterrorizante segredo esconde-se nos subterr\u00e2neos da \u00d3pera de Paris? Que mist\u00e9rio atormenta um dos mais majestosos pal\u00e1cios dedicados \u00e0 arte na capital francesa?<\/p>\n<p>[\/vc_column_text][\/vc_column][\/vc_row][vc_row][vc_column][vc_column_text]<\/p>\n<h3><strong>ADQUIRA TAMB\u00c9M EM NOSSOS PARCEIROS<\/strong><\/h3>\n<p>[\/vc_column_text][\/vc_column][\/vc_row][vc_row][vc_column][vc_column_text]<style type=\"text\/css\" data-type=\"the7_shortcodes-inline-css\">.carousel-shortcode.carousel-shortcode-id-999c4f6d35c2a003bbc76ba2cbae5a05 .owl-nav a {\n  width: 36px;\n  height: 36px;\n  border-radius: 500px;\n}\n.dt-arrow-border-on.carousel-shortcode.carousel-shortcode-id-999c4f6d35c2a003bbc76ba2cbae5a05 .owl-nav a:not(:hover):before {\n  border-width: 0px;\n}\n.dt-arrow-hover-border-on.carousel-shortcode.carousel-shortcode-id-999c4f6d35c2a003bbc76ba2cbae5a05 .owl-nav a:hover:after {\n  border-width: 0px;\n}\n.carousel-shortcode.carousel-shortcode-id-999c4f6d35c2a003bbc76ba2cbae5a05 .owl-nav a.owl-prev {\n  top: 50%;\n  transform: translateY(calc(-50% + 0px));\n  left: -43px;\n}\n@media all and (-ms-high-contrast: none) {\n  .carousel-shortcode.carousel-shortcode-id-999c4f6d35c2a003bbc76ba2cbae5a05 .owl-nav a.owl-prev {\n    transform: translateY(-50%);\n    margin-top: 0px;\n  }\n}\n.carousel-shortcode.carousel-shortcode-id-999c4f6d35c2a003bbc76ba2cbae5a05 .owl-nav a.owl-prev i {\n  padding: 0px 0px 0px 0px;\n}\n.carousel-shortcode.carousel-shortcode-id-999c4f6d35c2a003bbc76ba2cbae5a05 .owl-nav a.owl-next {\n  top: 50%;\n  transform: translateY(calc(-50% + 0px));\n  right: -43px;\n}\n@media all and (-ms-high-contrast: none) {\n  .carousel-shortcode.carousel-shortcode-id-999c4f6d35c2a003bbc76ba2cbae5a05 .owl-nav a.owl-next {\n    transform: translateY(-50%);\n    margin-top: 0px;\n  }\n}\n.carousel-shortcode.carousel-shortcode-id-999c4f6d35c2a003bbc76ba2cbae5a05 .owl-nav a.owl-next i {\n  padding: 0px 0px 0px 0px;\n}\n.carousel-shortcode.carousel-shortcode-id-999c4f6d35c2a003bbc76ba2cbae5a05 .owl-nav i {\n  font-size: 18px;\n}\n.carousel-shortcode.carousel-shortcode-id-999c4f6d35c2a003bbc76ba2cbae5a05 .owl-nav a:not(:hover) i,\n.carousel-shortcode.carousel-shortcode-id-999c4f6d35c2a003bbc76ba2cbae5a05 .owl-nav a:not(:hover) i:before {\n  color: #ffffff;\n  background: none;\n}\n.carousel-shortcode.carousel-shortcode-id-999c4f6d35c2a003bbc76ba2cbae5a05 .owl-nav a:hover i,\n.carousel-shortcode.carousel-shortcode-id-999c4f6d35c2a003bbc76ba2cbae5a05 .owl-nav a:hover i:before {\n  color: rgba(255,255,255,0.75);\n  background: none;\n}\n.carousel-shortcode.carousel-shortcode-id-999c4f6d35c2a003bbc76ba2cbae5a05 .owl-dots {\n  top: calc(100% + 20px);\n  left: 50%;\n  transform: translateX(calc(-50% + 0px));\n}\n@media all and (-ms-high-contrast: none) {\n  .carousel-shortcode.carousel-shortcode-id-999c4f6d35c2a003bbc76ba2cbae5a05 .owl-dots {\n    transform: translateX(-50%);\n    margin-left: 0px;\n  }\n}\n.carousel-shortcode.carousel-shortcode-id-999c4f6d35c2a003bbc76ba2cbae5a05 .owl-dot {\n  width: 10px;\n  height: 10px;\n  margin: 0 8px;\n}\n@media screen and (max-width: 778px) {\n  .carousel-shortcode.carousel-shortcode-id-999c4f6d35c2a003bbc76ba2cbae5a05.hide-arrows .owl-nav a {\n    display: none;\n  }\n}\n@media screen and (max-width: 778px) {\n  .carousel-shortcode.carousel-shortcode-id-999c4f6d35c2a003bbc76ba2cbae5a05.reposition-arrows .owl-nav .owl-prev {\n    top: 50%;\n    transform: translateY(calc(-50% + 0px));\n    left: 10px;\n  }\n  .carousel-shortcode.carousel-shortcode-id-999c4f6d35c2a003bbc76ba2cbae5a05.reposition-arrows .owl-nav .owl-next {\n    top: 50%;\n    transform: translateY(calc(-50% + 0px));\n    right: 10px;\n  }\n}\n@media screen and (max-width: 778px) and all and (-ms-high-contrast: none) {\n  .carousel-shortcode.carousel-shortcode-id-999c4f6d35c2a003bbc76ba2cbae5a05.reposition-arrows .owl-nav .owl-prev {\n    transform: translateY(-50%);\n    margin-top: 0px;\n  }\n}\n@media screen and (max-width: 778px) and all and (-ms-high-contrast: none) {\n  .carousel-shortcode.carousel-shortcode-id-999c4f6d35c2a003bbc76ba2cbae5a05.reposition-arrows .owl-nav .owl-next {\n    transform: translateY(-50%);\n    margin-top: 0px;\n  }\n}\n<\/style><div class=\"owl-carousel carousel-shortcode dt-owl-carousel-call carousel-shortcode-id-999c4f6d35c2a003bbc76ba2cbae5a05 bullets-small-dot-stroke reposition-arrows arrows-bg-on dt-arrow-border-on dt-arrow-hover-border-on disable-arrows-hover-bg arrows-hover-bg-on  \" data-scroll-mode=\"1\" data-col-num=\"6\" data-wide-col-num=\"6\" data-laptop-col=\"6\" data-h-tablet-columns-num=\"3\" data-v-tablet-columns-num=\"2\" data-phone-columns-num=\"1\" data-auto-height=\"true\" data-col-gap=\"30\" data-stage-padding=\"0\" data-speed=\"600\" data-autoplay=\"false\" data-autoplay_speed=\"6000\" data-arrows=\"true\" data-bullet=\"true\" data-next-icon=\"icon-ar-017-r\" data-prev-icon=\"icon-ar-017-l\">[vc_single_image image=&#8221;1396&#8243; img_size=&#8221;full&#8221; onclick=&#8221;custom_link&#8221; img_link_target=&#8221;_blank&#8221; link=&#8221;https:\/\/www.amazon.com.br&#8221;][vc_single_image image=&#8221;1398&#8243; img_size=&#8221;full&#8221; onclick=&#8221;custom_link&#8221; img_link_target=&#8221;_blank&#8221; link=&#8221;http:\/\/www.travessa.com.br&#8221;][vc_single_image image=&#8221;1400&#8243; img_size=&#8221;full&#8221; onclick=&#8221;custom_link&#8221; img_link_target=&#8221;_blank&#8221; link=&#8221;https:\/\/www.livrariascuritiba.com.br&#8221;][vc_single_image image=&#8221;1407&#8243; img_size=&#8221;full&#8221; onclick=&#8221;custom_link&#8221; img_link_target=&#8221;_blank&#8221; link=&#8221;https:\/\/www.livrariadavila.com.br&#8221;][vc_single_image image=&#8221;1397&#8243; img_size=&#8221;full&#8221; onclick=&#8221;custom_link&#8221; img_link_target=&#8221;_blank&#8221; link=&#8221;https:\/\/www.americanas.com.br&#8221;][vc_single_image image=&#8221;1401&#8243; img_size=&#8221;full&#8221; onclick=&#8221;custom_link&#8221; img_link_target=&#8221;_blank&#8221; link=&#8221;shoptime.com.br&#8221;][vc_single_image image=&#8221;1402&#8243; img_size=&#8221;full&#8221; onclick=&#8221;custom_link&#8221; img_link_target=&#8221;_blank&#8221; link=&#8221;https:\/\/www.submarino.com.br\/&#8221;][vc_single_image image=&#8221;1412&#8243; img_size=&#8221;full&#8221; onclick=&#8221;custom_link&#8221; img_link_target=&#8221;_blank&#8221; link=&#8221;https:\/\/www.martinsfontespaulista.com.br&#8221;][vc_single_image image=&#8221;1414&#8243; img_size=&#8221;full&#8221; onclick=&#8221;custom_link&#8221; img_link_target=&#8221;_blank&#8221; link=&#8221;https:\/\/www.disal.com.br&#8221;][vc_single_image image=&#8221;1405&#8243; img_size=&#8221;full&#8221; onclick=&#8221;custom_link&#8221; img_link_target=&#8221;_blank&#8221; link=&#8221;https:\/\/www.sbs.com.br&#8221;][vc_single_image image=&#8221;1411&#8243; img_size=&#8221;full&#8221; onclick=&#8221;custom_link&#8221; img_link_target=&#8221;_blank&#8221; link=&#8221;https:\/\/www.livrarialoyola.com.br&#8221;][vc_single_image image=&#8221;1406&#8243; img_size=&#8221;full&#8221; onclick=&#8221;custom_link&#8221; img_link_target=&#8221;_blank&#8221; link=&#8221;https:\/\/www.apaginadistribuidora.com.br&#8221;][vc_single_image image=&#8221;1416&#8243; img_size=&#8221;full&#8221; onclick=&#8221;custom_link&#8221; img_link_target=&#8221;_blank&#8221; link=&#8221;https:\/\/www.mercadolivre.com.br&#8221;][vc_single_image image=&#8221;1410&#8243; img_size=&#8221;full&#8221; onclick=&#8221;custom_link&#8221; img_link_target=&#8221;_blank&#8221; link=&#8221;https:\/\/www.livrariavozes.com.br&#8221;][vc_single_image image=&#8221;1417&#8243; img_size=&#8221;full&#8221; onclick=&#8221;custom_link&#8221; img_link_target=&#8221;_blank&#8221; link=&#8221;https:\/\/www.facebook.com\/consulato.livraria\/&#8221;]<\/div>[\/vc_column_text][\/vc_column][\/vc_row]<\/p>\n","protected":false},"excerpt":{"rendered":"<div class=\"col-sm-12 col-md-12 linha-livro\">\n<div class=\"col-sm-12 col-md-4 reducao-centro\"><span class=\"titulo-descritor\">AUTOR:\u00a0<\/span><a href=\"https:\/\/editoralandmark.com.br\/v2.0\/2022\/02\/20\/gaston-leroux-1868-1927\/\"><span class=\"descritor-livro\">GASTON LEROUX<\/span><\/a><\/div>\n<\/div>\n<div class=\"col-sm-12 col-md-12 linha-livro\">\n<div class=\"col-sm-12 col-md-4 reducao-centro\"><span class=\"titulo-descritor\">TRADU\u00c7\u00c3O E NOTAS:\u00a0<\/span><span class=\"descritor-livro\">VALTER LELLIS SIQUEIRA<\/span><\/div>\n<\/div>\n<div class=\"col-sm-12 col-md-12 linha-livro\">\n<div class=\"col-sm-12 col-md-4 reducao-centro\"><span class=\"titulo-descritor\">ADAPTA\u00c7\u00c3O:\u00a0<\/span><span class=\"descritor-livro\">***************<\/span><\/div>\n<\/div>\n<div class=\"col-sm-12 col-md-12 linha-livro\">\n<div class=\"col-sm-12 col-md-4 reducao-centro\"><span class=\"titulo-descritor\">ILUSTRADOR:\u00a0<\/span><span class=\"descritor-livro\">***************<\/span><\/div>\n<\/div>\n<div class=\"col-sm-12 col-md-12 linha-livro\">\n<div class=\"col-sm-12 col-md-4 reducao-centro\"><span class=\"titulo-descritor\">IDIOMA:\u00a0<\/span><span class=\"descritor-livro\">PORTUGU\u00caS-FRANC\u00caS<\/span><\/div>\n<\/div>\n<div class=\"col-sm-12 col-md-12 linha-livro\">\n<div class=\"col-sm-12 col-md-4 reducao-centro\"><span class=\"titulo-descritor\">LAN\u00c7AMENTO:\u00a0<\/span><span class=\"descritor-livro\">07\/2018<\/span><\/div>\n<\/div>\n<div class=\"col-sm-12 col-md-12 linha-livro\">\n<div class=\"col-sm-12 col-md-4 reducao-centro\"><span class=\"titulo-descritor\">ACABAMENTO:\u00a0<\/span><span class=\"descritor-livro\">CAPA DURA<\/span><\/div>\n<\/div>\n<div class=\"col-sm-12 col-md-12 linha-livro\">\n<div class=\"col-sm-12 col-md-4 reducao-centro\"><span class=\"titulo-descritor\">FORMATO:\u00a0<\/span><span class=\"descritor-livro\">16CM X 23CM<\/span><\/div>\n<\/div>\n<div class=\"col-sm-12 col-md-12 linha-livro\">\n<div class=\"col-sm-12 col-md-4 reducao-centro\"><span class=\"titulo-descritor\">P\u00c1GINAS:\u00a0<\/span><span class=\"descritor-livro\">464<\/span><\/div>\n<\/div>\n<div class=\"col-sm-12 col-md-12 linha-livro\">\n<div class=\"col-sm-12 col-md-4 reducao-centro\"><span class=\"titulo-descritor\">PESO: 50<\/span><span class=\"descritor-livro\">0 G<\/span><\/div>\n<\/div>\n<div class=\"col-sm-12 col-md-12 linha-livro\">\n<div class=\"col-sm-12 col-md-4 reducao-centro\"><span class=\"titulo-descritor\">ISBN DIGITAL: <\/span><span class=\"descritor-livro\">9788580700541<\/span><\/div>\n<\/div>\n","protected":false},"featured_media":1582,"template":"","meta":[],"product_brand":[],"product_cat":[18,21,29,36,37],"product_tag":[],"class_list":{"0":"post-1581","1":"product","2":"type-product","3":"status-publish","4":"has-post-thumbnail","6":"product_cat-classicos-mundiais","7":"product_cat-edicao-bilingue","8":"product_cat-literatura-francesa","9":"product_cat-romance","10":"product_cat-suspense","11":"product_shipping_class-correios","12":"description-off","14":"first","15":"instock","16":"shipping-taxable","17":"purchasable","18":"product-type-simple"},"aioseo_notices":[],"_links":{"self":[{"href":"https:\/\/editoralandmark.com.br\/v2.0\/wp-json\/wp\/v2\/product\/1581","targetHints":{"allow":["GET"]}}],"collection":[{"href":"https:\/\/editoralandmark.com.br\/v2.0\/wp-json\/wp\/v2\/product"}],"about":[{"href":"https:\/\/editoralandmark.com.br\/v2.0\/wp-json\/wp\/v2\/types\/product"}],"wp:featuredmedia":[{"embeddable":true,"href":"https:\/\/editoralandmark.com.br\/v2.0\/wp-json\/wp\/v2\/media\/1582"}],"wp:attachment":[{"href":"https:\/\/editoralandmark.com.br\/v2.0\/wp-json\/wp\/v2\/media?parent=1581"}],"wp:term":[{"taxonomy":"product_brand","embeddable":true,"href":"https:\/\/editoralandmark.com.br\/v2.0\/wp-json\/wp\/v2\/product_brand?post=1581"},{"taxonomy":"product_cat","embeddable":true,"href":"https:\/\/editoralandmark.com.br\/v2.0\/wp-json\/wp\/v2\/product_cat?post=1581"},{"taxonomy":"product_tag","embeddable":true,"href":"https:\/\/editoralandmark.com.br\/v2.0\/wp-json\/wp\/v2\/product_tag?post=1581"}],"curies":[{"name":"wp","href":"https:\/\/api.w.org\/{rel}","templated":true}]}}