{"id":1585,"date":"2014-09-02T19:03:23","date_gmt":"2014-09-02T22:03:23","guid":{"rendered":"https:\/\/editoralandmark.com.br\/v2.0\/?post_type=product&#038;p=1585"},"modified":"2024-03-27T14:41:41","modified_gmt":"2024-03-27T17:41:41","slug":"o-retrato-de-dorian-gray-the-picture-of-dorian-gray-2","status":"publish","type":"product","link":"https:\/\/editoralandmark.com.br\/v2.0\/produto\/o-retrato-de-dorian-gray-the-picture-of-dorian-gray-2\/","title":{"rendered":"O RETRATO DE DORIAN GRAY : THE PICTURE OF DORIAN GRAY"},"content":{"rendered":"<p style=\"text-align: justify;\">Oscar Wilde, um dos maiores nomes da literatura do s\u00e9culo XIX, publicou inicialmente O RETRATO DE DORIAN GRAY : THE PICTURE OF DORIAN GRAY \u00a0no peri\u00f3dico norte-americano Lippincott\u2019s Monthly Magazine, em 20 de junho de 1890. Esta vers\u00e3o original \u00e9 o lan\u00e7amento que a EDITORA LANDMARK promove junto aos seus leitores, em uma edi\u00e7\u00e3o bil\u00edngue comentada com os 13 cap\u00edtulos originais publicados pela revista norte-americana, sem as altera\u00e7\u00f5es posteriores de 1891, que a editora inglesa Ward, Lock and Company exigiu para lan\u00e7\u00e1-lo no mercado brit\u00e2nico. Essas exig\u00eancias e modifica\u00e7\u00f5es viriam suavizar a trama, abrandando a influ\u00eancia negativa de lorde Henry e moderando o relacionamento de Gray com os demais personagens, constituindo assim uma segunda vers\u00e3o mais amena.<\/p>\n<p style=\"text-align: justify;\">Dorian Gray \u00e9 um belo e ing\u00eanuo rapaz retratado pelo artista Basil Hallward em uma pintura. Mais do que um mero modelo, Dorian Gray torna-se a verdadeira inspira\u00e7\u00e3o para Basil. Devido ao fato de todo seu \u00edntimo estar exposto em sua obra prima, Basil n\u00e3o divulga a pintura e decide presentear Dorian Gray com o quadro. Com a conviv\u00eancia de lorde Henry Wotton, um c\u00ednico e hedonista aristocrata muito amigo de Basil, Dorian Gray \u00e9 seduzido ao mundo da beleza e dos prazeres imediatos e irrespons\u00e1veis, esp\u00edrito que foi intensificado ap\u00f3s, finalmente, conferir seu retrato pronto e apaixonar-se por si mesmo.<\/p>\n<p style=\"text-align: justify;\">A partir de ent\u00e3o, o aprendiz Dorian Gray supera seu mestre e cada vez mais se entrega \u00e0 superficialidade e ao ego\u00edsmo. O belo rapaz, ao contr\u00e1rio da natureza humana, misteriosamente preserva seus sinais f\u00edsicos de juventude enquanto os demais envelhecem e sofrem com as marcas da idade. O desfecho da hist\u00f3ria \u00e9 surpreendente, cujo segredo est\u00e1 n\u2019O RETRATO DE DORIAN GRAY : THE PICTURE OF DORIAN GRAY . O cl\u00e1ssico despertou grande pol\u00eamica na Inglaterra vitoriana pelo comportamento indiferente, pelo Esteticismo como principal tema e pela dualidade do personagem principal, hedonista e conservador, que frequenta tranquilamente reuni\u00f5es da alta sociedade inglesa ap\u00f3s cometer seus crimes.<\/p>\n","protected":false},"excerpt":{"rendered":"<p>AUTOR: <a href=\"https:\/\/editoralandmark.com.br\/v2.0\/2022\/02\/20\/oscar-wilde-1854-1900\/\">OSCAR WILDE<\/a><br \/>\nTRADU\u00c7\u00c3O E NOTAS: DORIS GOETTEMS<br \/>\nADAPTA\u00c7\u00c3O: \u00a0***************<br \/>\nILUSTRADOR:\u00a0***************<br \/>\nIDIOMA: PORTUGU\u00caS-INGL\u00caS<br \/>\nLAN\u00c7AMENTO: 08\/2014<br \/>\nACABAMENTO: EPUB<br \/>\nFORMATO:\u00a016CM X 23CM<br \/>\nP\u00c1GINAS: 224<br \/>\nPESO: 0 G<br \/>\nISBN: 9788580700459<br \/>\nISBN DIGITAL: 9788580700466<\/p>\n","protected":false},"featured_media":1586,"template":"","meta":[],"product_brand":[],"product_cat":[18,21,30,33,36,37],"product_tag":[],"class_list":{"0":"post-1585","1":"product","2":"type-product","3":"status-publish","4":"has-post-thumbnail","6":"product_cat-classicos-mundiais","7":"product_cat-edicao-bilingue","8":"product_cat-literatura-inglesa","9":"product_cat-livro-digital","10":"product_cat-romance","11":"product_cat-suspense","12":"product_shipping_class-correios","13":"description-off","15":"first","16":"instock","17":"virtual","18":"purchasable","19":"product-type-simple"},"aioseo_notices":[],"_links":{"self":[{"href":"https:\/\/editoralandmark.com.br\/v2.0\/wp-json\/wp\/v2\/product\/1585","targetHints":{"allow":["GET"]}}],"collection":[{"href":"https:\/\/editoralandmark.com.br\/v2.0\/wp-json\/wp\/v2\/product"}],"about":[{"href":"https:\/\/editoralandmark.com.br\/v2.0\/wp-json\/wp\/v2\/types\/product"}],"wp:featuredmedia":[{"embeddable":true,"href":"https:\/\/editoralandmark.com.br\/v2.0\/wp-json\/wp\/v2\/media\/1586"}],"wp:attachment":[{"href":"https:\/\/editoralandmark.com.br\/v2.0\/wp-json\/wp\/v2\/media?parent=1585"}],"wp:term":[{"taxonomy":"product_brand","embeddable":true,"href":"https:\/\/editoralandmark.com.br\/v2.0\/wp-json\/wp\/v2\/product_brand?post=1585"},{"taxonomy":"product_cat","embeddable":true,"href":"https:\/\/editoralandmark.com.br\/v2.0\/wp-json\/wp\/v2\/product_cat?post=1585"},{"taxonomy":"product_tag","embeddable":true,"href":"https:\/\/editoralandmark.com.br\/v2.0\/wp-json\/wp\/v2\/product_tag?post=1585"}],"curies":[{"name":"wp","href":"https:\/\/api.w.org\/{rel}","templated":true}]}}