{"id":1589,"date":"2012-03-03T09:33:44","date_gmt":"2012-03-03T12:33:44","guid":{"rendered":"https:\/\/editoralandmark.com.br\/v2.0\/?post_type=product&#038;p=1589"},"modified":"2024-03-27T14:42:20","modified_gmt":"2024-03-27T17:42:20","slug":"o-morro-dos-ventos-uivantes-wuthering-heights-2","status":"publish","type":"product","link":"https:\/\/editoralandmark.com.br\/v2.0\/produto\/o-morro-dos-ventos-uivantes-wuthering-heights-2\/","title":{"rendered":"O MORRO DOS VENTOS UIVANTES : WUTHERING HEIGHTS"},"content":{"rendered":"<p style=\"text-align: justify;\">O MORRO DOS VENTOS UIVANTES : WUTHERING HEIGHTS foi publicado no ano de 1847 atrav\u00e9s do pseud\u00f4nimo de Emily Bront\u00eb, Ellis Bell. Hoje \u00e9 considerado um dos grandes cl\u00e1ssicos da literatura e caracteriza-se como uma grande hist\u00f3ria de maldi\u00e7\u00e3o e de vingan\u00e7a, e visto como a mais intensa hist\u00f3ria de amor j\u00e1 escrita na l\u00edngua inglesa, tendo recebido fortes cr\u00edticas quando da sua publica\u00e7\u00e3o no s\u00e9culo XIX.<\/p>\n<p style=\"text-align: justify;\">Um ano antes do seu lan\u00e7amento, as tr\u00eas irm\u00e3s Bront\u00eb &#8211; Charlotte, Emily e Anne &#8211; haviam publicado uma colet\u00e2nea de poemas sob o nome de Currer, Ellis e Acton Bell. Nos c\u00edrculos liter\u00e1rios ingleses era cren\u00e7a generalizada que as Irm\u00e3s Bront\u00eb e os Irm\u00e3os Bell fossem as mesmas pessoas. No entanto, o simples cr\u00e9dito deu margem a controv\u00e9rsias: qual das irm\u00e3s Bront\u00eb seria qual dos irm\u00e3os Bell? Correntes de cr\u00edticos afirmavam que os tr\u00eas pseud\u00f4nimos pertenciam na realidade \u00e0 Charlotte Bront\u00eb; outros sugeriam que os demais pseud\u00f4nimos Bell n\u00e3o se relacionavam com nenhuma das irm\u00e3s, e se referiam ao seu Irm\u00e3o, Branwell.<\/p>\n<p style=\"text-align: justify;\">Cr\u00edticos da \u00e9poca reagiram com indiferen\u00e7a a O MORRO DOS VENTOS UIVANTES : WUTHERING HEIGHTS, comparando-a desfavoravelmente com Jane Eyre, de Charlotte Bront\u00eb, enquanto outros achavam o livro excessivamente m\u00f3rbido e violento. Finalmente, a reavalia\u00e7\u00e3o cr\u00edtica gradual encabe\u00e7ada pela pr\u00f3pria Charlotte resultou no reconhecimento do g\u00eanio de Emily e na aceita\u00e7\u00e3o de O MORRO DOS VENTOS UIVANTES : WUTHERING HEIGHTS como uma obra-prima singular, representando um distanciamento radical da tradi\u00e7\u00e3o vitoriana de romance, uma vez que &#8211; \u00e9 fortemente influenciado pelo estilo de lorde Byron e Percy Shelley, em suas poesias, e pelo ar g\u00f3tico e rebuscado de Horace Walpole (autor do primeiro romance g\u00f3tico O Castelo de Otranto) e por Mary Shelley (autora de Frankenstein e O \u00daltimo Homem).<\/p>\n","protected":false},"excerpt":{"rendered":"<p>AUTOR: <a title=\"Emily Bront\u00eb \u2013 (1818-1848)\" href=\"https:\/\/editoralandmark.com.br\/v2.0\/2022\/01\/22\/emily-bronte-1818-1848\/\" target=\"_blank\" rel=\"noopener\">EMILY BRONT\u00cb<\/a><br \/>\nTRADU\u00c7\u00c3O E NOTAS: DORIS GOETTEMS<br \/>\nADAPTA\u00c7\u00c3O: ***************<br \/>\nILUSTRADOR: ***************<br \/>\nIDIOMA: PORTUGU\u00caS-INGL\u00caS<br \/>\nLAN\u00c7AMENTO: 10\/2011<br \/>\nACABAMENTO: EPUB<br \/>\nFORMATO: 16CM X 23CM<br \/>\nP\u00c1GINAS: 304<br \/>\nPESO: 0G<br \/>\nISBN: 9788580700206<br \/>\nISBN DIGITAL: 9788580700046<\/p>\n","protected":false},"featured_media":1590,"template":"","meta":[],"product_brand":[],"product_cat":[18,21,30,33,36],"product_tag":[64],"class_list":{"0":"post-1589","1":"product","2":"type-product","3":"status-publish","4":"has-post-thumbnail","6":"product_cat-classicos-mundiais","7":"product_cat-edicao-bilingue","8":"product_cat-literatura-inglesa","9":"product_cat-livro-digital","10":"product_cat-romance","11":"product_tag-livros","12":"product_shipping_class-correios","13":"description-off","15":"first","16":"instock","17":"virtual","18":"purchasable","19":"product-type-simple"},"aioseo_notices":[],"_links":{"self":[{"href":"https:\/\/editoralandmark.com.br\/v2.0\/wp-json\/wp\/v2\/product\/1589","targetHints":{"allow":["GET"]}}],"collection":[{"href":"https:\/\/editoralandmark.com.br\/v2.0\/wp-json\/wp\/v2\/product"}],"about":[{"href":"https:\/\/editoralandmark.com.br\/v2.0\/wp-json\/wp\/v2\/types\/product"}],"wp:featuredmedia":[{"embeddable":true,"href":"https:\/\/editoralandmark.com.br\/v2.0\/wp-json\/wp\/v2\/media\/1590"}],"wp:attachment":[{"href":"https:\/\/editoralandmark.com.br\/v2.0\/wp-json\/wp\/v2\/media?parent=1589"}],"wp:term":[{"taxonomy":"product_brand","embeddable":true,"href":"https:\/\/editoralandmark.com.br\/v2.0\/wp-json\/wp\/v2\/product_brand?post=1589"},{"taxonomy":"product_cat","embeddable":true,"href":"https:\/\/editoralandmark.com.br\/v2.0\/wp-json\/wp\/v2\/product_cat?post=1589"},{"taxonomy":"product_tag","embeddable":true,"href":"https:\/\/editoralandmark.com.br\/v2.0\/wp-json\/wp\/v2\/product_tag?post=1589"}],"curies":[{"name":"wp","href":"https:\/\/api.w.org\/{rel}","templated":true}]}}