{"id":1596,"date":"2013-10-04T08:40:57","date_gmt":"2013-10-04T11:40:57","guid":{"rendered":"https:\/\/editoralandmark.com.br\/v2.0\/?post_type=product&#038;p=1596"},"modified":"2024-03-27T14:42:19","modified_gmt":"2024-03-27T17:42:19","slug":"orlando-2","status":"publish","type":"product","link":"https:\/\/editoralandmark.com.br\/v2.0\/produto\/orlando-2\/","title":{"rendered":"ORLANDO"},"content":{"rendered":"<p>ORLANDO narra a vida de um jovem nobre ingl\u00eas nascido no s\u00e9culo XVI, dotado aparentemente de imortalidade, que vive h\u00e1 tr\u00eas s\u00e9culos sem envelhecer e que abruptamente se transforma em mulher. O romance, uma biografia ficcional inspirada na vida da amiga \u00edntima de Virginia Woolf, Vita Sackville-West, \u00e9 geralmente considerado como um das obras mais acess\u00edveis da autora. O romance, que tem sido influente estilisticamente, \u00e9 um dos expoentes da Literatura do s\u00e9culo XX em geral, e particularmente na hist\u00f3ria da escrita das mulheres e dos estudos de g\u00eanero. Possuindo um relato agrad\u00e1vel, valendo-se da tem\u00e1tica temporal, uma das marcas de Virginia Woolf ao se valer da variante liter\u00e1ria e estil\u00edstica, apresenta um lado misterioso e quixotesco ao trabalhar as ambiguidades da identidade feminina e masculina e suas rela\u00e7\u00f5es com a condi\u00e7\u00e3o humana. Bem-humorado, \u00e9 um dos grandes exemplares do modernismo ingl\u00eas e um dos \u00e1pices da arte liter\u00e1ria de Virginia Woolf. Al\u00e9m do interessante e original argumento, a narrativa se destaca pela beleza das descri\u00e7\u00f5es e pelo lirismo de suas reflex\u00f5es e di\u00e1logos. Verdadeira poesia dentro da prosa.<\/p>\n<p>Mas quem \u00e9 Orlando? Homem ou mulher? Este \u00e9 o ponto de partida de uma das obras mais controvertidas e conhecidas de Virginia Woolf, devido principalmente ao seu car\u00e1ter amb\u00edguo que reflete a vis\u00e3o de si mesma e do mundo em que vivia. Pode-se afirmar que Virginia Woolf pretendeu valorizar as qualidades femininas do homem e as qualidades masculinas da mulher, construindo uma narrativa a favor da igualdade de ambos os g\u00eaneros, destacando o que nos torna similares ao inv\u00e9s daquilo que nos torna diferentes.<\/p>\n<p>ORLANDO apresenta uma dualidade sexual, a mesma que a pr\u00f3pria escritora defendia ao se colocar contra o asfixiante comportamento social da mulher inglesa. Como precursora de um incipiente feminismo, Woolf removeu a mulher do ostracismo social e de seu mero papel de esposa e m\u00e3e atrav\u00e9s da instru\u00e7\u00e3o e da criatividade liter\u00e1ria.<\/p>\n","protected":false},"excerpt":{"rendered":"<p>AUTOR: <a href=\"https:\/\/editoralandmark.com.br\/v2.0\/2022\/02\/20\/virginia-woolf-1882-1941\/\">VIRGINIA WOOLF<\/a><br \/>\nTRADU\u00c7\u00c3O E NOTAS: DORIS GOETTEMS<br \/>\nADAPTA\u00c7\u00c3O:\u00a0***************<br \/>\nILUSTRADOR:\u00a0***************<br \/>\nIDIOMA: PORTUGU\u00caS-INGL\u00caS<br \/>\nLAN\u00c7AMENTO: 10\/2013<br \/>\nACABAMENTO: EPUB<br \/>\nFORMATO:\u00a016CM X 23CM<br \/>\nP\u00c1GINAS: 288<br \/>\nPESO: 0 G<br \/>\nISBN: 9788580700299<br \/>\nISBN DIGITAL: 9788580700305<\/p>\n","protected":false},"featured_media":1597,"template":"","meta":[],"product_brand":[],"product_cat":[18,21,30,33,36],"product_tag":[],"class_list":{"0":"post-1596","1":"product","2":"type-product","3":"status-publish","4":"has-post-thumbnail","6":"product_cat-classicos-mundiais","7":"product_cat-edicao-bilingue","8":"product_cat-literatura-inglesa","9":"product_cat-livro-digital","10":"product_cat-romance","11":"product_shipping_class-correios","12":"description-off","14":"first","15":"instock","16":"virtual","17":"purchasable","18":"product-type-simple"},"aioseo_notices":[],"_links":{"self":[{"href":"https:\/\/editoralandmark.com.br\/v2.0\/wp-json\/wp\/v2\/product\/1596","targetHints":{"allow":["GET"]}}],"collection":[{"href":"https:\/\/editoralandmark.com.br\/v2.0\/wp-json\/wp\/v2\/product"}],"about":[{"href":"https:\/\/editoralandmark.com.br\/v2.0\/wp-json\/wp\/v2\/types\/product"}],"wp:featuredmedia":[{"embeddable":true,"href":"https:\/\/editoralandmark.com.br\/v2.0\/wp-json\/wp\/v2\/media\/1597"}],"wp:attachment":[{"href":"https:\/\/editoralandmark.com.br\/v2.0\/wp-json\/wp\/v2\/media?parent=1596"}],"wp:term":[{"taxonomy":"product_brand","embeddable":true,"href":"https:\/\/editoralandmark.com.br\/v2.0\/wp-json\/wp\/v2\/product_brand?post=1596"},{"taxonomy":"product_cat","embeddable":true,"href":"https:\/\/editoralandmark.com.br\/v2.0\/wp-json\/wp\/v2\/product_cat?post=1596"},{"taxonomy":"product_tag","embeddable":true,"href":"https:\/\/editoralandmark.com.br\/v2.0\/wp-json\/wp\/v2\/product_tag?post=1596"}],"curies":[{"name":"wp","href":"https:\/\/api.w.org\/{rel}","templated":true}]}}