{"id":1598,"date":"2013-10-04T08:49:10","date_gmt":"2013-10-04T11:49:10","guid":{"rendered":"https:\/\/editoralandmark.com.br\/v2.0\/?post_type=product&#038;p=1598"},"modified":"2024-03-27T14:42:19","modified_gmt":"2024-03-27T17:42:19","slug":"ao-farol-to-the-lighthouse-2","status":"publish","type":"product","link":"https:\/\/editoralandmark.com.br\/v2.0\/produto\/ao-farol-to-the-lighthouse-2\/","title":{"rendered":"AO FAROL: TO THE LIGHTHOUSE"},"content":{"rendered":"<p style=\"text-align: justify;\">Considerado como um dos principais trabalhos da escritora inglesa Virginia Woolf, AO FAROL: TO THE LIGHTHOUSE apresenta o cotidiano da fam\u00edlia Ramsay e de seus amigos em sua casa de veraneio nas ilhas H\u00e9bridas, tendo como pano de fundo os acontecimentos e os traumas da Primeira Guerra Mundial. Escrito a partir de in\u00fameras perspectivas, alternando entre personagens e per\u00edodos de tempo com grande eleg\u00e2ncia po\u00e9tica, o romance n\u00e3o se centra em apenas uma trama, pelo contr\u00e1rio, apresenta um painel verbal sobre cada um dos membros da fam\u00edlia, seus amigos e suas viagens \u00e0 Esc\u00f3cia entre 1910 e 1920, desvendando as recorda\u00e7\u00f5es de inf\u00e2ncia de seus personagens e como essas influenciaram suas rela\u00e7\u00f5es na vida adulta.<\/p>\n<p style=\"text-align: justify;\">O romance, dividido em tr\u00eas partes, apresenta em sua primeira se\u00e7\u00e3o a personagem de Mrs. Ramsay, a lente atrav\u00e9s da qual se organiza a maioria dos pontos-de-vista da hist\u00f3ria, al\u00e9m de tamb\u00e9m apresentar seu filho, em cujo desejo de seguir ao farol repousa todo o \u00edmpeto narrativo. Na segunda parte, o Farol permanece vazio como um marco narrativo para a passagem do tempo e para a morte de v\u00e1rios personagens. Na terceira e \u00faltima parte, o restante da fam\u00edlia finalmente segue para seu destino e o romance transforma-se em um libelo sobre o amor, a perda e a criatividade.<\/p>\n<p style=\"text-align: justify;\">Publicado em 1927, a obra seria um verdadeiro marco na reconhecida bibliografia da escritora e no desenvolvimento da literatura modernista na Inglaterra. Geralmente apontada como uma de suas mais elegantes realiza\u00e7\u00f5es, AO FAROL: TO THE LIGHTHOUSE recebeu o Prix Femina em 1928 e propiciou \u00e0 escritora o reconhecimento em vida como uma das mais importantes escritoras inglesas de sua gera\u00e7\u00e3o. A obra n\u00e3o foi somente um sucesso de cr\u00edtica, mas tamb\u00e9m um sucesso de vendas atingindo um amplo espectro de todas as classes sociais. Desde o suic\u00eddio de Woolf em 1941, AO FAROL: TO THE LIGHTHOUSE tem crescido em import\u00e2ncia como um discurso preciso contra os temas do imperialismo, da luta de classes e do reconhecimento do papel da mulher.<\/p>\n","protected":false},"excerpt":{"rendered":"<p>AUTOR: <a title=\"Virginia Woolf \u2013 (1882-1941)\" href=\"https:\/\/editoralandmark.com.br\/v2.0\/2022\/01\/22\/virginia-woolf-1882-1941\/\" target=\"_blank\" rel=\"noopener\">VIRGINIA WOOLF<\/a><br \/>\nTRADU\u00c7\u00c3O E NOTAS: DORIS GOETTEMS<br \/>\nADAPTA\u00c7\u00c3O: ***************<br \/>\nILUSTRADOR: ***************<br \/>\nIDIOMA: PORTUGU\u00caS-INGL\u00caS<br \/>\nLAN\u00c7AMENTO: 08\/2013<br \/>\nACABAMENTO: EPUB<br \/>\nFORMATO: 16CM X 23CM<br \/>\nP\u00c1GINAS: 256<br \/>\nPESO: 0 G<br \/>\nISBN: 9788580700275<br \/>\nISBN DIGITAL: 9788580700282<\/p>\n","protected":false},"featured_media":1599,"template":"","meta":[],"product_brand":[],"product_cat":[18,21,30,33,36],"product_tag":[64],"class_list":{"0":"post-1598","1":"product","2":"type-product","3":"status-publish","4":"has-post-thumbnail","6":"product_cat-classicos-mundiais","7":"product_cat-edicao-bilingue","8":"product_cat-literatura-inglesa","9":"product_cat-livro-digital","10":"product_cat-romance","11":"product_tag-livros","12":"product_shipping_class-correios","13":"description-off","15":"first","16":"instock","17":"virtual","18":"purchasable","19":"product-type-simple"},"aioseo_notices":[],"_links":{"self":[{"href":"https:\/\/editoralandmark.com.br\/v2.0\/wp-json\/wp\/v2\/product\/1598","targetHints":{"allow":["GET"]}}],"collection":[{"href":"https:\/\/editoralandmark.com.br\/v2.0\/wp-json\/wp\/v2\/product"}],"about":[{"href":"https:\/\/editoralandmark.com.br\/v2.0\/wp-json\/wp\/v2\/types\/product"}],"wp:featuredmedia":[{"embeddable":true,"href":"https:\/\/editoralandmark.com.br\/v2.0\/wp-json\/wp\/v2\/media\/1599"}],"wp:attachment":[{"href":"https:\/\/editoralandmark.com.br\/v2.0\/wp-json\/wp\/v2\/media?parent=1598"}],"wp:term":[{"taxonomy":"product_brand","embeddable":true,"href":"https:\/\/editoralandmark.com.br\/v2.0\/wp-json\/wp\/v2\/product_brand?post=1598"},{"taxonomy":"product_cat","embeddable":true,"href":"https:\/\/editoralandmark.com.br\/v2.0\/wp-json\/wp\/v2\/product_cat?post=1598"},{"taxonomy":"product_tag","embeddable":true,"href":"https:\/\/editoralandmark.com.br\/v2.0\/wp-json\/wp\/v2\/product_tag?post=1598"}],"curies":[{"name":"wp","href":"https:\/\/api.w.org\/{rel}","templated":true}]}}