{"id":1600,"date":"2017-10-04T08:52:57","date_gmt":"2017-10-04T11:52:57","guid":{"rendered":"https:\/\/editoralandmark.com.br\/v2.0\/?post_type=product&#038;p=1600"},"modified":"2024-03-27T14:41:39","modified_gmt":"2024-03-27T17:41:39","slug":"gabinete-de-curiosidades-2","status":"publish","type":"product","link":"https:\/\/editoralandmark.com.br\/v2.0\/produto\/gabinete-de-curiosidades-2\/","title":{"rendered":"GABINETE DE CURIOSIDADES"},"content":{"rendered":"<p>Poemas, ensaios e manifestos que retratam a rela\u00e7\u00e3o do homem com o mist\u00e9rio da exist\u00eancia. Essa \u00e9 a natureza do conte\u00fado presente no livro GABINETE DE CURIOSIDADES do autor portugu\u00eas Lu\u00eds Filipe Sarmento, um dos nomes mais importantes da poesia, da prosa e da cr\u00f4nica portuguesa na contemporaneidade.<\/p>\n<p>GABINETE DE CURIOSIDADES nasce como uma obra h\u00edbrida onde se reconhecem v\u00e1rios g\u00eaneros liter\u00e1rios. Trata-se de um livro em tr\u00eas partes onde se reconhecem v\u00e1rios g\u00eaneros. A primeira parte, \u2018Generalidades&#8217; tem 24 poemas; a segunda, \u2018Hipermodernidades&#8217;, com 24 textos, com pequenos ensaios, manifestos e panfletos; a terceira, \u2018Raridades&#8217;, uma fic\u00e7\u00e3o com 24 micro cap\u00edtulos. Com todo esse magn\u00edfico material \u2013 instigante, ousado, transgressor \u2013 interligam-se pelos mesmos temas.<\/p>\n<p>\u00c9 um livro aparentemente provocador, belicoso, agressivo e que acaba numa hist\u00f3ria de amor sem hist\u00f3ria como recusa de uma sociedade castradora e violadora da condi\u00e7\u00e3o humana. \u00c9 um gabinete onde se recolhem fen\u00f4menos extravagantes que constituem o quotidiano da nossa exist\u00eancia.<\/p>\n<p>\u00c9 a rela\u00e7\u00e3o do homem com o mist\u00e9rio da exist\u00eancia, da fic\u00e7\u00e3o divina como um imperativo de verdade e a partir da qual o lugar que \u00e9 dado \u00e0 corrup\u00e7\u00e3o dos esp\u00edritos, \u00e0 maldade, \u00e0 vingan\u00e7a, ao \u00f3dio.<\/p>\n<p>&nbsp;<\/p>\n","protected":false},"excerpt":{"rendered":"<p>AUTOR: <a title=\"Lu\u00eds Filipe Sarmento\" href=\"https:\/\/editoralandmark.com.br\/v2.0\/2022\/01\/22\/luis-filipe-sarmento\/\" target=\"_blank\" rel=\"noopener\">LU\u00cdS FILIPE SARMENTO<\/a><br \/>\nTRADU\u00c7\u00c3O E NOTAS:\u00a0***************<br \/>\nADAPTA\u00c7\u00c3O:\u00a0***************<br \/>\nILUSTRADOR:\u00a0***************<br \/>\nIDIOMA: PORTUGU\u00caS<br \/>\nLAN\u00c7AMENTO: 10\/2017<br \/>\nACABAMENTO: EPUB<br \/>\nFORMATO:\u00a016CM X 23CM<br \/>\nP\u00c1GINAS: 160<br \/>\nPESO: 0 G<br \/>\nISBN: 9788580700602<br \/>\nISBN DIGITAL: 9788580700619<\/p>\n","protected":false},"featured_media":1688,"template":"","meta":[],"product_brand":[],"product_cat":[20,22,32,33,35],"product_tag":[64],"class_list":{"0":"post-1600","1":"product","2":"type-product","3":"status-publish","4":"has-post-thumbnail","6":"product_cat-cronica","7":"product_cat-ensaios","8":"product_cat-literatura-portuguesa","9":"product_cat-livro-digital","10":"product_cat-poesia","11":"product_tag-livros","12":"product_shipping_class-correios","13":"description-off","15":"first","16":"instock","17":"virtual","18":"purchasable","19":"product-type-simple"},"aioseo_notices":[],"_links":{"self":[{"href":"https:\/\/editoralandmark.com.br\/v2.0\/wp-json\/wp\/v2\/product\/1600","targetHints":{"allow":["GET"]}}],"collection":[{"href":"https:\/\/editoralandmark.com.br\/v2.0\/wp-json\/wp\/v2\/product"}],"about":[{"href":"https:\/\/editoralandmark.com.br\/v2.0\/wp-json\/wp\/v2\/types\/product"}],"wp:featuredmedia":[{"embeddable":true,"href":"https:\/\/editoralandmark.com.br\/v2.0\/wp-json\/wp\/v2\/media\/1688"}],"wp:attachment":[{"href":"https:\/\/editoralandmark.com.br\/v2.0\/wp-json\/wp\/v2\/media?parent=1600"}],"wp:term":[{"taxonomy":"product_brand","embeddable":true,"href":"https:\/\/editoralandmark.com.br\/v2.0\/wp-json\/wp\/v2\/product_brand?post=1600"},{"taxonomy":"product_cat","embeddable":true,"href":"https:\/\/editoralandmark.com.br\/v2.0\/wp-json\/wp\/v2\/product_cat?post=1600"},{"taxonomy":"product_tag","embeddable":true,"href":"https:\/\/editoralandmark.com.br\/v2.0\/wp-json\/wp\/v2\/product_tag?post=1600"}],"curies":[{"name":"wp","href":"https:\/\/api.w.org\/{rel}","templated":true}]}}