{"id":1604,"date":"2006-05-04T09:09:05","date_gmt":"2006-05-04T12:09:05","guid":{"rendered":"https:\/\/editoralandmark.com.br\/v2.0\/?post_type=product&#038;p=1604"},"modified":"2024-03-27T14:42:22","modified_gmt":"2024-03-27T17:42:22","slug":"o-homem-que-queria-ser-rei-e-outros-contos-selecionados-2","status":"publish","type":"product","link":"https:\/\/editoralandmark.com.br\/v2.0\/produto\/o-homem-que-queria-ser-rei-e-outros-contos-selecionados-2\/","title":{"rendered":"O HOMEM QUE QUERIA SER REI E OUTROS CONTOS SELECIONADOS"},"content":{"rendered":"<p>O HOMEM QUE QUERIA SER REI E OUTROS CONTOS SELECIONADOS, de Rudyard Kipling (1865-1936), re\u00fane quatorze contos de um dos mais importantes autores da literatura inglesa, exemplos de uma vasta produ\u00e7\u00e3o que inclui cr\u00f4nicas, poesia, romance, contos, poesia em prosa, al\u00e9m de trabalhos sociais e jornal\u00edsticos. Os contos dessa sele\u00e7\u00e3o foram publicados por Kipling entre os anos de 1885 e 1888, sendo posteriormente reunidos em colet\u00e2neas a partir de 1895. Inicialmente foram publicados em jornais indianos e posteriormente reunidos em duas colet\u00e2neas: Indian Railway Library e no Wee Willie Winkie and Other Stories.<\/p>\n<p>A edi\u00e7\u00e3o bil\u00edngue portugu\u00eas-ingl\u00eas que a Landmark traz pela primeira vez ao leitor brasileiro re\u00fane os quatorze contos dessas duas colet\u00e2neas, agrupados em tr\u00eas partes: Sob os Cedros do Himalaia (A Instru\u00e7\u00e3o de Otis Yeere; \u00c0 Beira do Abismo; Com\u00e9dia \u00e0 Beira da Estrada; A Colina das Ilus\u00f5es; Uma Mulher de Segunda Classe; Apenas um Subalterno); O Riquix\u00e1 Fantasma e Outras Hist\u00f3rias Misteriosas (O Riquix\u00e1 Fantasma; Minha Hist\u00f3ria Verdadeira sobre Fantasmas; A Estranha Cavalgada de Morrowbie Jukes; O Homem que Queria Ser Rei) e Wee Willie Winkie e Outras Hist\u00f3rias para Crian\u00e7as (Wee Willie Winkie; Berra, Berra Ovelha Negra; Sua Majestade o Rei; Os Tambores de Frente \u00e0 Retaguarda).<\/p>\n","protected":false},"excerpt":{"rendered":"<p>AUTOR:\u00a0<a href=\"https:\/\/editoralandmark.com.br\/v2.0\/2022\/02\/20\/rudyard-kipling-1865-1936\/\">RUDYARD KIPLING<\/a><br \/>\nTRADU\u00c7\u00c3O E NOTAS:\u00a0LUCIANA SALGADO<br \/>\nADAPTA\u00c7\u00c3O:\u00a0***************<br \/>\nILUSTRADOR:\u00a0***************<br \/>\nIDIOMA:\u00a0PORTUGU\u00caS-INGL\u00caS<br \/>\nLAN\u00c7AMENTO: 05\/2006<br \/>\nACABAMENTO: EPUB<br \/>\nFORMATO:\u00a016CM X 23CM<br \/>\nP\u00c1GINAS: 304<br \/>\nPESO: 0 G<br \/>\nISBN LIVROS: 9788588781273<br \/>\nISBN DIGITAL: 9788588781634<\/p>\n","protected":false},"featured_media":1605,"template":"","meta":[],"product_brand":[],"product_cat":[16,18,19,21,30,33],"product_tag":[],"class_list":{"0":"post-1604","1":"product","2":"type-product","3":"status-publish","4":"has-post-thumbnail","6":"product_cat-livros","7":"product_cat-classicos-mundiais","8":"product_cat-contos","9":"product_cat-edicao-bilingue","10":"product_cat-literatura-inglesa","11":"product_cat-livro-digital","12":"product_shipping_class-correios","13":"description-off","15":"first","16":"instock","17":"virtual","18":"purchasable","19":"product-type-simple"},"aioseo_notices":[],"_links":{"self":[{"href":"https:\/\/editoralandmark.com.br\/v2.0\/wp-json\/wp\/v2\/product\/1604","targetHints":{"allow":["GET"]}}],"collection":[{"href":"https:\/\/editoralandmark.com.br\/v2.0\/wp-json\/wp\/v2\/product"}],"about":[{"href":"https:\/\/editoralandmark.com.br\/v2.0\/wp-json\/wp\/v2\/types\/product"}],"wp:featuredmedia":[{"embeddable":true,"href":"https:\/\/editoralandmark.com.br\/v2.0\/wp-json\/wp\/v2\/media\/1605"}],"wp:attachment":[{"href":"https:\/\/editoralandmark.com.br\/v2.0\/wp-json\/wp\/v2\/media?parent=1604"}],"wp:term":[{"taxonomy":"product_brand","embeddable":true,"href":"https:\/\/editoralandmark.com.br\/v2.0\/wp-json\/wp\/v2\/product_brand?post=1604"},{"taxonomy":"product_cat","embeddable":true,"href":"https:\/\/editoralandmark.com.br\/v2.0\/wp-json\/wp\/v2\/product_cat?post=1604"},{"taxonomy":"product_tag","embeddable":true,"href":"https:\/\/editoralandmark.com.br\/v2.0\/wp-json\/wp\/v2\/product_tag?post=1604"}],"curies":[{"name":"wp","href":"https:\/\/api.w.org\/{rel}","templated":true}]}}