{"id":1608,"date":"2021-04-04T09:19:11","date_gmt":"2021-04-04T12:19:11","guid":{"rendered":"https:\/\/editoralandmark.com.br\/v2.0\/?post_type=product&#038;p=1608"},"modified":"2024-03-27T14:41:38","modified_gmt":"2024-03-27T17:41:38","slug":"arsene-lupin-cavalheiro-e-ladrao-2","status":"publish","type":"product","link":"https:\/\/editoralandmark.com.br\/v2.0\/produto\/arsene-lupin-cavalheiro-e-ladrao-2\/","title":{"rendered":"ARS\u00c8NE LUPIN: CAVALHEIRO E LADR\u00c3O"},"content":{"rendered":"<p>Ousado, sedutor e divertido, Ars\u00e8ne Lupin \u00e9 o criminoso ladr\u00e3o mais famoso do in\u00edcio do s\u00e9culo XX. Respons\u00e1vel por uma s\u00e9rie de crimes misteriosos na Fran\u00e7a da virada do s\u00e9culo XX, o anti-her\u00f3i mant\u00e9m um c\u00f3digo de honra muito pr\u00f3prio: atormenta os seus oponentes, ridiculariza a burguesia e ajuda os mais fracos. Um Robin Hood muito franc\u00eas, portanto. N\u00e3o se leva muito a s\u00e9rio, a sua arma mais mort\u00edfera \u00e9 a perspic\u00e1cia e n\u00e3o \u00e9 um aristocrata que se aclama como anarquista, mas sim um anarquista que vive como um aristocrata. Nas nove hist\u00f3rias que comp\u00f5em essas primeiras aventuras, o irresist\u00edvel anti-her\u00f3i atormenta os seus oponentes, zomba das conven\u00e7\u00f5es estabelecidas, ridiculariza a burguesia e ajuda os mais fracos e ainda enfrenta um grande detetive ingl\u00eas, n\u00e3o por acaso chamado Herlock Sholmes.<\/p>\n<p>Encarado como a ir\u00f3nica resposta francesa a Sherlock Holmes, este \u00e9 o primeiro livro de uma s\u00e9rie de vinte t\u00edtulos empolgantes que Maurice Leblanc dedicou a Lupin, uma das personagens mais marcantes do policial de sempre. Criado por Maurice Leblanc em 1905, tem como marca roubar apenas dos ricos e burgueses, daqueles que acumulam fortuna de maneira suspeita. As aventuras de Ars\u00e8ne Lupin se apoiam na l\u00f3gica, racioc\u00ednio e dedu\u00e7\u00e3o, elementos-chave das cl\u00e1ssicas narrativas policiais.<\/p>\n<p style=\"text-align: justify;\">O lan\u00e7amento de ARS\u00c8NE LUPIN: CAVALHEIRO E LADR\u00c3O pela EDITORA LANDMARK apresenta esta magn\u00edfica e importante obra de Maurice Leblanc em uma in\u00e9dita edi\u00e7\u00e3o bil\u00edngue portugu\u00eas-franc\u00eas, resgatando todas as aventuras originais do mais astuto e encantador dos ladr\u00f5es.<\/p>\n","protected":false},"excerpt":{"rendered":"<p>AUTOR:\u00a0<a title=\"Maurice Leblanc \u2013 (1864-1941)\" href=\"https:\/\/editoralandmark.com.br\/v2.0\/2022\/01\/22\/maurice-leblanc-1864-1941\/\">MAURICE LEBLANC<\/a><br \/>\nTRADU\u00c7\u00c3O E NOTAS:\u00a0<a href=\"https:\/\/editoralandmark.com.br\/v2.0\/2022\/02\/20\/fabio-pedro-cyrino\/\">F\u00c1BIO PEDRO-CYRINO<\/a><br \/>\nADAPTA\u00c7\u00c3O:\u00a0DORIS GOETTEMS<br \/>\nILUSTRADOR:\u00a0***************<br \/>\nIDIOMA:\u00a0PORTUGU\u00caS-FRANC\u00caS<br \/>\nLAN\u00c7AMENTO: 06\/2021<br \/>\nACABAMENTO:\u00a0EPUB<br \/>\nFORMATO:\u00a016CM X 23CM<br \/>\nP\u00c1GINAS:\u00a0328<br \/>\nPESO:\u00a00 G<br \/>\nISBN: 9786599454608<br \/>\nISBN DIGITAL: 9786599454615<\/p>\n","protected":false},"featured_media":1609,"template":"","meta":[],"product_brand":[],"product_cat":[18,21,29,33,36],"product_tag":[],"class_list":{"0":"post-1608","1":"product","2":"type-product","3":"status-publish","4":"has-post-thumbnail","6":"product_cat-classicos-mundiais","7":"product_cat-edicao-bilingue","8":"product_cat-literatura-francesa","9":"product_cat-livro-digital","10":"product_cat-romance","11":"product_shipping_class-correios","12":"description-off","14":"first","15":"instock","16":"virtual","17":"purchasable","18":"product-type-simple"},"aioseo_notices":[],"_links":{"self":[{"href":"https:\/\/editoralandmark.com.br\/v2.0\/wp-json\/wp\/v2\/product\/1608","targetHints":{"allow":["GET"]}}],"collection":[{"href":"https:\/\/editoralandmark.com.br\/v2.0\/wp-json\/wp\/v2\/product"}],"about":[{"href":"https:\/\/editoralandmark.com.br\/v2.0\/wp-json\/wp\/v2\/types\/product"}],"wp:featuredmedia":[{"embeddable":true,"href":"https:\/\/editoralandmark.com.br\/v2.0\/wp-json\/wp\/v2\/media\/1609"}],"wp:attachment":[{"href":"https:\/\/editoralandmark.com.br\/v2.0\/wp-json\/wp\/v2\/media?parent=1608"}],"wp:term":[{"taxonomy":"product_brand","embeddable":true,"href":"https:\/\/editoralandmark.com.br\/v2.0\/wp-json\/wp\/v2\/product_brand?post=1608"},{"taxonomy":"product_cat","embeddable":true,"href":"https:\/\/editoralandmark.com.br\/v2.0\/wp-json\/wp\/v2\/product_cat?post=1608"},{"taxonomy":"product_tag","embeddable":true,"href":"https:\/\/editoralandmark.com.br\/v2.0\/wp-json\/wp\/v2\/product_tag?post=1608"}],"curies":[{"name":"wp","href":"https:\/\/api.w.org\/{rel}","templated":true}]}}