{"id":1666,"date":"2020-03-04T13:58:06","date_gmt":"2020-03-04T16:58:06","guid":{"rendered":"https:\/\/editoralandmark.com.br\/v2.0\/?post_type=product&#038;p=1666"},"modified":"2024-03-27T14:41:38","modified_gmt":"2024-03-27T17:41:38","slug":"dom-casmurro-edicao-bilingue-portugues-ingles","status":"publish","type":"product","link":"https:\/\/editoralandmark.com.br\/v2.0\/produto\/dom-casmurro-edicao-bilingue-portugues-ingles\/","title":{"rendered":"DOM CASMURRO: EDI\u00c7\u00c3O BIL\u00cdNGUE PORTUGU\u00caS-INGL\u00caS"},"content":{"rendered":"<p style=\"text-align: justify;\">Em uma in\u00e9dita e cuidada edi\u00e7\u00e3o bil\u00edngue portugu\u00eas e ingl\u00eas, a Editora Landmark lan\u00e7a uma das obras-primas de um dos maiores escritores brasileiros e da lusofonia de todos os tempos, reconhecido internacionalmente, Machado de Assis, o art\u00edfice de uma das maiores inc\u00f3gnitas da literatura brasileira: DOM CASMURRO: EDI\u00c7\u00c3O BIL\u00cdNGUE PORTUGU\u00caS-INGL\u00caS<\/p>\n<p style=\"text-align: justify;\">Publicado pela primeira vez em 1899, e uma das tr\u00eas obras iniciais do Realismo Brasileiro, DOM CASMURRO \u00e9 uma das grandes obras de Machado de Assis e confirma o olhar certeiro e cr\u00edtico que o autor estendia sobre toda a sociedade brasileira. Tamb\u00e9m a tem\u00e1tica do ci\u00fame, abordada com brilhantismo nesse livro, provoca pol\u00eamicas desde a sua publica\u00e7\u00e3o em torno do car\u00e1ter de uma das principais personagens femininas da literatura brasileira.<\/p>\n<p style=\"text-align: justify;\">Capitu realmente traiu Bentinho com Escobar ou tudo n\u00e3o passou de um del\u00edrio do narrador da hist\u00f3ria?<\/p>\n<p style=\"text-align: justify;\">Um dos romances mais importantes da literatura brasileira. Um dos escritores mais geniais do mundo. Um cl\u00e1ssico para ser lido, relido, com inesgot\u00e1vel prazer.<\/p>\n","protected":false},"excerpt":{"rendered":"<p>AUTOR:\u00a0<a title=\"Machado de Assis \u2013 (1839-1908)\" href=\"https:\/\/editoralandmark.com.br\/v2.0\/2022\/01\/22\/machado-de-assis-1839-1908\/\" target=\"_blank\" rel=\"noopener\">MACHADO DE ASSIS<\/a><br \/>\nTRADU\u00c7\u00c3O E NOTAS:\u00a0S\u00c1VIO RAMOS SILVA<br \/>\nADAPTA\u00c7\u00c3O:\u00a0***************<br \/>\nILUSTRADOR:\u00a0***************<br \/>\nIDIOMA:\u00a0PORTUGU\u00caS-INGL\u00caS<br \/>\nLAN\u00c7AMENTO:\u00a003\/2020<br \/>\nACABAMENTO: EPUB<br \/>\nFORMATO:\u00a016CM X 23CM<br \/>\nP\u00c1GINAS:\u00a0648<br \/>\nPESO: 0 G<br \/>\nISBN: 9788580700688<br \/>\nISBN DIGITAL: 9788580700671<\/p>\n","protected":false},"featured_media":1667,"template":"","meta":[],"product_brand":[],"product_cat":[16,18,21,26,33,36],"product_tag":[],"class_list":{"0":"post-1666","1":"product","2":"type-product","3":"status-publish","4":"has-post-thumbnail","6":"product_cat-livros","7":"product_cat-classicos-mundiais","8":"product_cat-edicao-bilingue","9":"product_cat-literatura-brasileira","10":"product_cat-livro-digital","11":"product_cat-romance","12":"product_shipping_class-correios","13":"description-off","15":"first","16":"instock","17":"virtual","18":"purchasable","19":"product-type-simple"},"aioseo_notices":[],"_links":{"self":[{"href":"https:\/\/editoralandmark.com.br\/v2.0\/wp-json\/wp\/v2\/product\/1666","targetHints":{"allow":["GET"]}}],"collection":[{"href":"https:\/\/editoralandmark.com.br\/v2.0\/wp-json\/wp\/v2\/product"}],"about":[{"href":"https:\/\/editoralandmark.com.br\/v2.0\/wp-json\/wp\/v2\/types\/product"}],"wp:featuredmedia":[{"embeddable":true,"href":"https:\/\/editoralandmark.com.br\/v2.0\/wp-json\/wp\/v2\/media\/1667"}],"wp:attachment":[{"href":"https:\/\/editoralandmark.com.br\/v2.0\/wp-json\/wp\/v2\/media?parent=1666"}],"wp:term":[{"taxonomy":"product_brand","embeddable":true,"href":"https:\/\/editoralandmark.com.br\/v2.0\/wp-json\/wp\/v2\/product_brand?post=1666"},{"taxonomy":"product_cat","embeddable":true,"href":"https:\/\/editoralandmark.com.br\/v2.0\/wp-json\/wp\/v2\/product_cat?post=1666"},{"taxonomy":"product_tag","embeddable":true,"href":"https:\/\/editoralandmark.com.br\/v2.0\/wp-json\/wp\/v2\/product_tag?post=1666"}],"curies":[{"name":"wp","href":"https:\/\/api.w.org\/{rel}","templated":true}]}}