{"id":1673,"date":"2015-08-04T14:21:09","date_gmt":"2015-08-04T17:21:09","guid":{"rendered":"https:\/\/editoralandmark.com.br\/v2.0\/?post_type=product&#038;p=1673"},"modified":"2024-03-27T14:41:41","modified_gmt":"2024-03-27T17:41:41","slug":"contos-completos-2","status":"publish","type":"product","link":"https:\/\/editoralandmark.com.br\/v2.0\/produto\/contos-completos-2\/","title":{"rendered":"CONTOS COMPLETOS"},"content":{"rendered":"<p style=\"text-align: justify;\">CONTOS COMPLETOS, de Oscar Wilde (1854-1900), re\u00fane todos os contos de um dos mais importantes autores da literatura inglesa, exemplos de uma vasta produ\u00e7\u00e3o que inclui teatro, romance, contos, poesia, poesia em prosa, al\u00e9m de trabalhos sobre cr\u00edtica social.<\/p>\n<p style=\"text-align: justify;\">Nesta magn\u00edfica edi\u00e7\u00e3o bil\u00edngue de luxo em capa dura, a Editora Landmark apresenta a reuni\u00e3o dos seus quatro livros de contos: \u201cO Pr\u00edncipe Feliz e outros Contos\u201d; \u201cO Retrato do Sr. W. H.\u201d; \u201cO Crime de Lorde Arthur Savile e outros Contos\u201d; e \u201cA Casa das Rom\u00e3s\u201d. Dentro desses trabalhos constam algumas de suas mais famosas hist\u00f3rias, entre elas O Fantasma de Canterville, O Pescador e sua Alma e O Crime de Lorde Arthur Savile.<br \/>\nCONTOS COMPLETOS traz ao leitor os contos escritos entre 1888 e 1891, produzidos durante o per\u00edodo mais feliz, e menos turbulento, da vida do escritor Oscar Wilde, nome de um dos maiores autores da l\u00edngua inglesa.<\/p>\n<p style=\"text-align: justify;\">Nascido em 1854 na cidade de Dublin, Irlanda, Wilde viveu na efervescente Londres, na Inglaterra de fins do s\u00e9culo XIX, frequentando ciclos de escritores, atores e figuras de destaque da \u00e9poca. Nessas reuni\u00f5es, o autor aproveitava para demonstrar seu talento n\u00e3o s\u00f3 como escritor, mas tamb\u00e9m como int\u00e9rprete, lendo em voz alta os contos que produzia, com a entona\u00e7\u00e3o, a \u00eanfase e a dic\u00e7\u00e3o pr\u00f3prias dos atores. Ex\u00edmio contador de hist\u00f3rias, encantava os c\u00edrculos ingleses com suas ironias, a precis\u00e3o formal dos textos e, claro, com a pr\u00f3pria presen\u00e7a. Os que tiveram o privil\u00e9gio de ouvi-lo, diziam que a voz cadenciada, bem modulada, a interpreta\u00e7\u00e3o dram\u00e1tica e o carisma peculiar de Wilde eram simplesmente irresist\u00edveis, cativando a aten\u00e7\u00e3o do p\u00fablico seleto que se reunia para assisti-lo.<\/p>\n<p style=\"text-align: justify;\">Como dito no in\u00edcio, os contos que o leitor t\u00eam \u00e0s m\u00e3os nada sabem da trag\u00e9dia por vir, das reviravoltas que o destino reserva ao autor. Foram escritos com alegria, para serem lidos com alegria, em voz alta, para a plateia, ainda que imagin\u00e1ria, como Oscar Wilde os concebeu. Desejamos que a sutil ironia do Foguete Not\u00e1vel, o senso de humor burlesco do Fantasma de Canterville e os tantos outros personagens apresentados preencham com alegria, sempre esta palavra: alegria, as horas que o leitor passar em nossa companhia.<\/p>\n","protected":false},"excerpt":{"rendered":"<div class=\"col-sm-12 col-md-12 linha-livro\">\n<div class=\"col-sm-12 col-md-4 reducao-centro\"><span class=\"titulo-descritor\">AUTOR:\u00a0<\/span><a href=\"https:\/\/editoralandmark.com.br\/v2.0\/2022\/02\/20\/oscar-wilde-1854-1900\/\"><span class=\"descritor-livro\">OSCAR WILDE<\/span><\/a><\/div>\n<\/div>\n<div class=\"col-sm-12 col-md-12 linha-livro\">\n<div class=\"col-sm-12 col-md-4 reducao-centro\"><span class=\"titulo-descritor\">TRADU\u00c7\u00c3O E NOTAS:\u00a0<\/span><span class=\"descritor-livro\">LUCIANA SALGADO<\/span><\/div>\n<\/div>\n<div class=\"col-sm-12 col-md-12 linha-livro\">\n<div class=\"col-sm-12 col-md-4 reducao-centro\"><span class=\"titulo-descritor\">ADAPTA\u00c7\u00c3O:\u00a0<\/span><span class=\"descritor-livro\">***************<\/span><\/div>\n<\/div>\n<div class=\"col-sm-12 col-md-12 linha-livro\">\n<div class=\"col-sm-12 col-md-4 reducao-centro\"><span class=\"titulo-descritor\">ILUSTRADOR:\u00a0<\/span><span class=\"descritor-livro\">***************<\/span><\/div>\n<\/div>\n<div class=\"col-sm-12 col-md-12 linha-livro\">\n<div class=\"col-sm-12 col-md-4 reducao-centro\"><span class=\"titulo-descritor\">IDIOMA:\u00a0<\/span><span class=\"descritor-livro\">PORTUGU\u00caS-INGL\u00caS<\/span><\/div>\n<\/div>\n<div class=\"col-sm-12 col-md-12 linha-livro\">\n<div class=\"col-sm-12 col-md-4 reducao-centro\"><span class=\"titulo-descritor\">LAN\u00c7AMENTO:\u00a0<\/span><span class=\"descritor-livro\">08\/2015<\/span><\/div>\n<\/div>\n<div class=\"col-sm-12 col-md-12 linha-livro\">\n<div class=\"col-sm-12 col-md-4 reducao-centro\"><span class=\"titulo-descritor\">ACABAMENTO:\u00a0<\/span><span class=\"descritor-livro\">EPUB<\/span><\/div>\n<\/div>\n<div class=\"col-sm-12 col-md-12 linha-livro\">\n<div class=\"col-sm-12 col-md-4 reducao-centro\"><span class=\"titulo-descritor\">FORMATO:\u00a0<\/span><span class=\"descritor-livro\">16CM X 23CM<\/span><\/div>\n<\/div>\n<div class=\"col-sm-12 col-md-12 linha-livro\">\n<div class=\"col-sm-12 col-md-4 reducao-centro\"><span class=\"titulo-descritor\">P\u00c1GINAS:\u00a0<\/span><span class=\"descritor-livro\">352<\/span><\/div>\n<\/div>\n<div class=\"col-sm-12 col-md-12 linha-livro\">\n<div class=\"col-sm-12 col-md-4 reducao-centro\"><span class=\"titulo-descritor\">PESO:\u00a0<\/span><span class=\"descritor-livro\">450 G<\/span><\/div>\n<\/div>\n<div class=\"col-sm-12 col-md-12 linha-livro\">\n<div class=\"col-sm-12 col-md-4 reducao-centro\"><span class=\"titulo-descritor\">ISBN: <\/span><span class=\"descritor-livro\">9788580700336<\/span><\/div>\n<\/div>\n<div class=\"col-sm-12 col-md-12 linha-livro\">\n<div class=\"col-sm-12 col-md-4 reducao-centro\"><span class=\"titulo-descritor\">ISBN DIGITAL:\u00a0<\/span><span class=\"descritor-livro\">9788588781726<\/span><\/div>\n<\/div>\n","protected":false},"featured_media":1674,"template":"","meta":[],"product_brand":[],"product_cat":[18,19,21,30],"product_tag":[],"class_list":{"0":"post-1673","1":"product","2":"type-product","3":"status-publish","4":"has-post-thumbnail","6":"product_cat-classicos-mundiais","7":"product_cat-contos","8":"product_cat-edicao-bilingue","9":"product_cat-literatura-inglesa","10":"product_shipping_class-correios","11":"description-off","13":"first","14":"instock","15":"virtual","16":"purchasable","17":"product-type-simple"},"aioseo_notices":[],"_links":{"self":[{"href":"https:\/\/editoralandmark.com.br\/v2.0\/wp-json\/wp\/v2\/product\/1673","targetHints":{"allow":["GET"]}}],"collection":[{"href":"https:\/\/editoralandmark.com.br\/v2.0\/wp-json\/wp\/v2\/product"}],"about":[{"href":"https:\/\/editoralandmark.com.br\/v2.0\/wp-json\/wp\/v2\/types\/product"}],"wp:featuredmedia":[{"embeddable":true,"href":"https:\/\/editoralandmark.com.br\/v2.0\/wp-json\/wp\/v2\/media\/1674"}],"wp:attachment":[{"href":"https:\/\/editoralandmark.com.br\/v2.0\/wp-json\/wp\/v2\/media?parent=1673"}],"wp:term":[{"taxonomy":"product_brand","embeddable":true,"href":"https:\/\/editoralandmark.com.br\/v2.0\/wp-json\/wp\/v2\/product_brand?post=1673"},{"taxonomy":"product_cat","embeddable":true,"href":"https:\/\/editoralandmark.com.br\/v2.0\/wp-json\/wp\/v2\/product_cat?post=1673"},{"taxonomy":"product_tag","embeddable":true,"href":"https:\/\/editoralandmark.com.br\/v2.0\/wp-json\/wp\/v2\/product_tag?post=1673"}],"curies":[{"name":"wp","href":"https:\/\/api.w.org\/{rel}","templated":true}]}}