{"id":1679,"date":"2021-01-04T14:27:05","date_gmt":"2021-01-04T17:27:05","guid":{"rendered":"https:\/\/editoralandmark.com.br\/v2.0\/?post_type=product&#038;p=1679"},"modified":"2024-03-27T14:41:38","modified_gmt":"2024-03-27T17:41:38","slug":"a-volta-do-parafuso-the-turn-of-the-screw-2","status":"publish","type":"product","link":"https:\/\/editoralandmark.com.br\/v2.0\/produto\/a-volta-do-parafuso-the-turn-of-the-screw-2\/","title":{"rendered":"A VOLTA DO PARAFUSO: THE TURN OF THE SCREW"},"content":{"rendered":"<p style=\"text-align: justify;\">A VOLTA DO PARAFUSO: THE TURN OF THE SCREW, de Henry James enquadra-se bem no g\u00eanero novela, em que o autor foi particularmente bem-sucedido, constituindo um paradigma desse formato. Em seu aparecimento, em quatro partes, nos primeiros meses de 1898, foi considerado como um dos maiores triunfos liter\u00e1rios do autor, mas foi tamb\u00e9m tido como seu trabalho mais enigm\u00e1tico e controvertido. O c\u00e9lebre escritor Oscar Wilde declarou que a novela era uma pequena hist\u00f3ria maravilhosa, sinistra e pe\u00e7onhenta. Fez enorme sucesso e tornou-se um dos trabalhos mais populares do autor.<\/p>\n<p style=\"text-align: justify;\">Mas, A VOLTA DO PARAFUSO: THE TURN OF THE SCREW provocou pol\u00eamica, porque nunca ficou claro se a preceptora, que narra a hist\u00f3ria de um casal de crian\u00e7as possu\u00eddo pelos esp\u00edritos de um criado de quarto e de sua antecessora de sua fun\u00e7\u00e3o num casar\u00e3o antigo em Bly, interior da Inglaterra, eram de fato reais ou apenas fruto de uma imagina\u00e7\u00e3o obsessiva. Pelo vi\u00e9s da an\u00e1lise freudiana da reprimida sexualidade da era vitoriana, a preceptora, cheia de romantismo exaltado e sem experi\u00eancia sexual alguma, poderia ser vista como uma narradora altamente suspeita.<\/p>\n<p style=\"text-align: justify;\">Em A Arte do Romance, um de seus trabalhos de cr\u00edtica liter\u00e1ria mais elogiados, o pr\u00f3prio Henry James, ao falar sobre a g\u00eanese de A VOLTA DO PARAFUSO: THE TURN OF THE SCREW, n\u00e3o se det\u00e9m nesse aspecto, revelando apenas um desejo de tecer uma fantasia, como um conto de fadas, sobre uma remota hist\u00f3ria de fantasmas que lhe fora narrada, da qual conservara lembran\u00e7as vagas. Nada indica que levasse fantasmas a s\u00e9rio e pensava mais, na qualidade de artista refinado em fazer uma incurs\u00e3o menos previs\u00edvel por um g\u00eanero liter\u00e1rio marcado pela fantasia. Considerava a novela um estudo sobre um \u2018tom\u2019 concebido, o tom de um problema suspeitado e sentido, de um tipo extraordin\u00e1rio e incalcul\u00e1vel, o tom da tr\u00e1gica, mas requintada, perplexidade.<\/p>\n","protected":false},"excerpt":{"rendered":"<p>AUTOR: <a href=\"https:\/\/editoralandmark.com.br\/v2.0\/2021\/02\/18\/henry-james-1843-1916\/\">HENRY JAMES<\/a><br \/>\nTRADU\u00c7\u00c3O E NOTAS: FRANCISCO CARLOS LOPES<br \/>\nADAPTA\u00c7\u00c3O: S\u00c1VIO RAMOS SILVA<br \/>\nILUSTRADOR: ***************<br \/>\nIDIOMA: PORTUGU\u00caS-INGL\u00caS<br \/>\nLAN\u00c7AMENTO: 02\/2021<br \/>\nACABAMENTO: EPUB<br \/>\nFORMATO: 14CM X 21CM<br \/>\nP\u00c1GINAS: 320<br \/>\nPESO: 350 G<br \/>\nISBN: 9788580700015<br \/>\nISBN DIGITAL: 9788588781719<\/p>\n","protected":false},"featured_media":1680,"template":"","meta":[],"product_brand":[],"product_cat":[18,19,21,30,33,36,37],"product_tag":[],"class_list":{"0":"post-1679","1":"product","2":"type-product","3":"status-publish","4":"has-post-thumbnail","6":"product_cat-classicos-mundiais","7":"product_cat-contos","8":"product_cat-edicao-bilingue","9":"product_cat-literatura-inglesa","10":"product_cat-livro-digital","11":"product_cat-romance","12":"product_cat-suspense","13":"product_shipping_class-correios","14":"description-off","16":"first","17":"instock","18":"virtual","19":"purchasable","20":"product-type-simple"},"aioseo_notices":[],"_links":{"self":[{"href":"https:\/\/editoralandmark.com.br\/v2.0\/wp-json\/wp\/v2\/product\/1679","targetHints":{"allow":["GET"]}}],"collection":[{"href":"https:\/\/editoralandmark.com.br\/v2.0\/wp-json\/wp\/v2\/product"}],"about":[{"href":"https:\/\/editoralandmark.com.br\/v2.0\/wp-json\/wp\/v2\/types\/product"}],"wp:featuredmedia":[{"embeddable":true,"href":"https:\/\/editoralandmark.com.br\/v2.0\/wp-json\/wp\/v2\/media\/1680"}],"wp:attachment":[{"href":"https:\/\/editoralandmark.com.br\/v2.0\/wp-json\/wp\/v2\/media?parent=1679"}],"wp:term":[{"taxonomy":"product_brand","embeddable":true,"href":"https:\/\/editoralandmark.com.br\/v2.0\/wp-json\/wp\/v2\/product_brand?post=1679"},{"taxonomy":"product_cat","embeddable":true,"href":"https:\/\/editoralandmark.com.br\/v2.0\/wp-json\/wp\/v2\/product_cat?post=1679"},{"taxonomy":"product_tag","embeddable":true,"href":"https:\/\/editoralandmark.com.br\/v2.0\/wp-json\/wp\/v2\/product_tag?post=1679"}],"curies":[{"name":"wp","href":"https:\/\/api.w.org\/{rel}","templated":true}]}}