{"id":1681,"date":"2015-03-04T14:30:32","date_gmt":"2015-03-04T17:30:32","guid":{"rendered":"https:\/\/editoralandmark.com.br\/v2.0\/?post_type=product&#038;p=1681"},"modified":"2024-03-27T14:41:41","modified_gmt":"2024-03-27T17:41:41","slug":"a-casa-das-romas-a-house-of-pomegranates-2","status":"publish","type":"product","link":"https:\/\/editoralandmark.com.br\/v2.0\/produto\/a-casa-das-romas-a-house-of-pomegranates-2\/","title":{"rendered":"A CASA DAS ROM\u00c3S: A HOUSE OF POMEGRANATES"},"content":{"rendered":"<p style=\"text-align: justify;\">A edi\u00e7\u00e3o de A CASA DAS ROM\u00c3S: A HOUSE OF POMEGRANATES traz aos leitores os contos (1854-1900) e as ilustra\u00e7\u00f5es originais de Charles Haslewood Shannon (1863-1937) e Charles De Sousy Ricketts (1866-1931), publicados em 1891 durante o per\u00edodo mais feliz e menos turbulento da vida de Oscar Wilde e aborda, principalmente um dos seus temas preferidos: os seres humanos e os seus duplos e a imagem nem sempre fiel que se espera dessa imagem que acaba por adquirir for\u00e7a e vida pr\u00f3pria. Wilde preenche os seus contos com empolgantes an\u00e1lises e par\u00e1bolas morais para todas as idades.<\/p>\n<p style=\"text-align: justify;\">Os contos inclu\u00eddos nesta cole\u00e7\u00e3o \u2013 O JOVEM REI, O ANIVERS\u00c1RIO DA INFANTA, O PESCADOR E SUA ALMA e O FILHO DA ESTRELA \u2013 apresentam a vis\u00e3o cr\u00edtica de Oscar Wilde sobre os usos e costumes da sociedade em que vivia, explorando o universo fant\u00e1stico e falando sobre o Amor e as rela\u00e7\u00f5es antag\u00f4nicas com a Propriedade, o Conhecimento e as Sensa\u00e7\u00f5es; Oscar Wilde pontua as rela\u00e7\u00f5es humanas inseridas no relacionamento social com uma incr\u00edvel sensibilidade e pede a reflex\u00e3o do leitor para cada momento narrado.<\/p>\n<p style=\"text-align: justify;\">Quando da sua publica\u00e7\u00e3o, alguns cr\u00edticos julgaram que A CASA DAS ROM\u00c3S: A HOUSE OF POMEGRANATES era muito complexo para as crian\u00e7as, mas Wilde claramente tinha ambi\u00e7\u00f5es mais amplas e julgou ser um absurdo que &#8221;o vocabul\u00e1rio extremamente limitado \u00e0 disposi\u00e7\u00e3o da crian\u00e7a brit\u00e2nica [fosse] o padr\u00e3o pelo qual a prosa de um artista pudesse ser julgada.&#8221;<\/p>\n","protected":false},"excerpt":{"rendered":"<div class=\"col-sm-12 col-md-12 linha-livro\">\n<div class=\"col-sm-12 col-md-4 reducao-centro\"><span class=\"titulo-descritor\">AUTOR: <\/span><a href=\"https:\/\/editoralandmark.com.br\/v2.0\/2022\/02\/20\/oscar-wilde-1854-1900\/\"><span class=\"descritor-livro\">OSCAR WILDE<\/span><\/a><\/div>\n<\/div>\n<div class=\"col-sm-12 col-md-12 linha-livro\">\n<div class=\"col-sm-12 col-md-4 reducao-centro\"><span class=\"titulo-descritor\">TRADU\u00c7\u00c3O E NOTAS: <\/span><span class=\"descritor-livro\">LUCIANA SALGADO<\/span><\/div>\n<\/div>\n<div class=\"col-sm-12 col-md-12 linha-livro\">\n<div class=\"col-sm-12 col-md-4 reducao-centro\"><span class=\"titulo-descritor\">ADAPTA\u00c7\u00c3O: <\/span><span class=\"descritor-livro\">F\u00c1BIO PEDRO-CYRINO<\/span><\/div>\n<\/div>\n<div class=\"col-sm-12 col-md-12 linha-livro\">\n<div class=\"col-sm-12 col-md-4 reducao-centro\"><span class=\"titulo-descritor\">ILUSTRADOR: <\/span><span class=\"descritor-livro\">CHARLES HASLEWOOD SHANNON e CHARLES DE SOUSY RICKETTS<\/span><\/div>\n<\/div>\n<div class=\"col-sm-12 col-md-12 linha-livro\">\n<div class=\"col-sm-12 col-md-4 reducao-centro\"><span class=\"titulo-descritor\">IDIOMA: <\/span><span class=\"descritor-livro\">PORTUGU\u00caS-INGL\u00caS<\/span><\/div>\n<\/div>\n<div class=\"col-sm-12 col-md-12 linha-livro\">\n<div class=\"col-sm-12 col-md-4 reducao-centro\"><span class=\"titulo-descritor\">LAN\u00c7AMENTO: <\/span><span class=\"descritor-livro\">12\/2017<\/span><\/div>\n<\/div>\n<div class=\"col-sm-12 col-md-12 linha-livro\">\n<div class=\"col-sm-12 col-md-4 reducao-centro\"><span class=\"titulo-descritor\">ACABAMENTO: EPUB<\/span><\/div>\n<\/div>\n<div class=\"col-sm-12 col-md-12 linha-livro\">\n<div class=\"col-sm-12 col-md-4 reducao-centro\"><span class=\"titulo-descritor\">FORMATO: <\/span><span class=\"descritor-livro\">16CM X 23CM<\/span><\/div>\n<\/div>\n<div class=\"col-sm-12 col-md-12 linha-livro\">\n<div class=\"col-sm-12 col-md-4 reducao-centro\"><span class=\"titulo-descritor\">P\u00c1GINAS: <\/span><span class=\"descritor-livro\">336<\/span><\/div>\n<\/div>\n<div class=\"col-sm-12 col-md-12 linha-livro\">\n<div class=\"col-sm-12 col-md-4 reducao-centro\"><span class=\"titulo-descritor\">PESO: 350<\/span><span class=\"descritor-livro\">G<\/span><\/div>\n<\/div>\n<div class=\"col-sm-12 col-md-12 linha-livro\">\n<div class=\"col-sm-12 col-md-4 reducao-centro\"><span class=\"titulo-descritor\">ISBN: <\/span><span class=\"descritor-livro\">9788580700565<\/span><\/div>\n<\/div>\n<div class=\"col-sm-12 col-md-12 linha-livro\">\n<div class=\"col-sm-12 col-md-4 reducao-centro\"><span class=\"titulo-descritor\">ISBN DIGITAL: <\/span><span class=\"descritor-livro\">9788588781528<\/span><\/div>\n<\/div>\n","protected":false},"featured_media":1682,"template":"","meta":[],"product_brand":[],"product_cat":[18,19,21,30],"product_tag":[],"class_list":{"0":"post-1681","1":"product","2":"type-product","3":"status-publish","4":"has-post-thumbnail","6":"product_cat-classicos-mundiais","7":"product_cat-contos","8":"product_cat-edicao-bilingue","9":"product_cat-literatura-inglesa","10":"product_shipping_class-correios","11":"description-off","13":"first","14":"instock","15":"virtual","16":"purchasable","17":"product-type-simple"},"aioseo_notices":[],"_links":{"self":[{"href":"https:\/\/editoralandmark.com.br\/v2.0\/wp-json\/wp\/v2\/product\/1681","targetHints":{"allow":["GET"]}}],"collection":[{"href":"https:\/\/editoralandmark.com.br\/v2.0\/wp-json\/wp\/v2\/product"}],"about":[{"href":"https:\/\/editoralandmark.com.br\/v2.0\/wp-json\/wp\/v2\/types\/product"}],"wp:featuredmedia":[{"embeddable":true,"href":"https:\/\/editoralandmark.com.br\/v2.0\/wp-json\/wp\/v2\/media\/1682"}],"wp:attachment":[{"href":"https:\/\/editoralandmark.com.br\/v2.0\/wp-json\/wp\/v2\/media?parent=1681"}],"wp:term":[{"taxonomy":"product_brand","embeddable":true,"href":"https:\/\/editoralandmark.com.br\/v2.0\/wp-json\/wp\/v2\/product_brand?post=1681"},{"taxonomy":"product_cat","embeddable":true,"href":"https:\/\/editoralandmark.com.br\/v2.0\/wp-json\/wp\/v2\/product_cat?post=1681"},{"taxonomy":"product_tag","embeddable":true,"href":"https:\/\/editoralandmark.com.br\/v2.0\/wp-json\/wp\/v2\/product_tag?post=1681"}],"curies":[{"name":"wp","href":"https:\/\/api.w.org\/{rel}","templated":true}]}}