{"id":1683,"date":"2017-12-19T14:32:25","date_gmt":"2017-12-19T16:32:25","guid":{"rendered":"https:\/\/editoralandmark.com.br\/v2.0\/?post_type=product&#038;p=1683"},"modified":"2024-03-27T14:41:39","modified_gmt":"2024-03-27T17:41:39","slug":"jane-eyre-2","status":"publish","type":"product","link":"https:\/\/editoralandmark.com.br\/v2.0\/produto\/jane-eyre-2\/","title":{"rendered":"JANE EYRE"},"content":{"rendered":"<p style=\"text-align: justify;\">O lan\u00e7amento de JANE EYRE pela EDITORA LANDMARK apresenta pela primeira vez esta magn\u00edfica e importante obra de Charlotte Bront\u00eb em uma in\u00e9dita edi\u00e7\u00e3o bil\u00edngue, com as ilustra\u00e7\u00f5es originais de sua primeira edi\u00e7\u00e3o ilustrada, resgatando toda a magnific\u00eancia da obra de uma das maiores escritoras inglesas.<\/p>\n<p style=\"text-align: justify;\">JANE EYRE, romance de Charlotte Bront\u00eb publicado em 1847, \u00e9 a sua composi\u00e7\u00e3o mais importante e uma obra que ocupa posi\u00e7\u00e3o de destaque no Romantismo ingl\u00eas. Apesar de ser um extenso romance, grande parte da narrativa de Jane Eyre aproxima-se do drama, pois JANE EYRE, romance de Charlotte Bront\u00eb publicado em 1847, \u00e9 sua composi\u00e7\u00e3o mais importante e uma obra que ocupa posi\u00e7\u00e3o de destaque no Romantismo ingl\u00eas. Apesar de ser um extenso romance, grande parte da narrativa de Jane Eyre aproxima-se do drama, pois o leitor v\u00ea-se diante de uma protagonista que muda o rumo dos acontecimentos a partir de sua a\u00e7\u00e3o, conduzindo, assim, o eixo dram\u00e1tico da narrativa. O tr\u00e1gico tamb\u00e9m acompanha todo o romance e toda a trajet\u00f3ria da personagem principal. O confronto com as perdas, a interven\u00e7\u00e3o do destino, as escolhas morais, o pren\u00fancio do inescapavelmente tr\u00e1gico e, ainda, as constantes cita\u00e7\u00f5es de trag\u00e9dias shakespeareanas, comp\u00f5em o cen\u00e1rio tr\u00e1gico em JANE EYRE. O sucesso de sua publica\u00e7\u00e3o foi tamanha que a sua primeira edi\u00e7\u00e3o esgotou-se imediatamente, sendo publicada mais tr\u00eas reimpress\u00f5es ainda em 1847.<\/p>\n<p style=\"text-align: justify;\">JANE EYRE \u00e9 a autobiografia ficcional da personagem principal que apresenta-se como Jane, \u00f3rf\u00e3 de pai e m\u00e3e, vivendo infeliz em companhia de parentes que a detestam. Ap\u00f3s uma s\u00e9rie de confrontos, Jane \u00e9 enviada para um col\u00e9gio interno, onde conhece seus primeiros momentos de verdadeira felicidade. O romance retrata a emancipa\u00e7\u00e3o da mulher e de seu esp\u00edrito, ideias contr\u00e1rias, na vis\u00e3o de Charlotte Bront\u00eb, \u00e0s hist\u00f3rias apresentadas nos romances de Jane Austen onde, segundo Bront\u00eb, as mulheres n\u00e3o eram aptas a trabalhar, devendo se casar para garantir sua sobreviv\u00eancia. Repleta de elementos simb\u00f3licos, apresentados ao longo da hist\u00f3ria, talvez para os leitores de nosso tempo, a obra n\u00e3o ressoe da mesma forma com rela\u00e7\u00e3o \u00e0 franqueza e \u00e0 passionalidade da personagem principal, mas os mesmos leitores, ressentidos com o desamor e a falta de solidariedade de nosso tempo, est\u00e3o fadados a se entregarem ao afeto, \u00e0 igualdade e a um profundo senso humanit\u00e1rio que sustenta toda a hist\u00f3ria de JANE EYRE.<\/p>\n<p>&nbsp;<\/p>\n","protected":false},"excerpt":{"rendered":"<p>AUTOR: <a title=\"Charlotte Bront\u00eb \u2013 (1816-1855)\" href=\"https:\/\/editoralandmark.com.br\/v2.0\/2022\/01\/22\/charlotte-bronte-1816-1855\/\" target=\"_blank\" rel=\"noopener\">CHARLOTTE BRONT\u00cb<\/a><br \/>\nTRADU\u00c7\u00c3O E NOTAS: DORIS GOETTEMS<br \/>\nADAPTA\u00c7\u00c3O: ***************<br \/>\nILUSTRADOR: FREDERICK HENRY TOWNSEND<br \/>\nIDIOMA: PORTUGU\u00caS-INGL\u00caS<br \/>\nLAN\u00c7AMENTO: 12\/2017<br \/>\nACABAMENTO: EPUB<br \/>\nFORMATO: DIGITAL<br \/>\nP\u00c1GINAS: 528<br \/>\nPESO: 600 G<br \/>\nISBN: 9788580700428<br \/>\nISBN DIGITAL: 9788588781818<\/p>\n","protected":false},"featured_media":1989,"template":"","meta":[],"product_brand":[],"product_cat":[16,18,21,30,33,36],"product_tag":[],"class_list":{"0":"post-1683","1":"product","2":"type-product","3":"status-publish","4":"has-post-thumbnail","6":"product_cat-livros","7":"product_cat-classicos-mundiais","8":"product_cat-edicao-bilingue","9":"product_cat-literatura-inglesa","10":"product_cat-livro-digital","11":"product_cat-romance","12":"product_shipping_class-correios","13":"description-off","15":"first","16":"instock","17":"virtual","18":"purchasable","19":"product-type-simple"},"aioseo_notices":[],"_links":{"self":[{"href":"https:\/\/editoralandmark.com.br\/v2.0\/wp-json\/wp\/v2\/product\/1683","targetHints":{"allow":["GET"]}}],"collection":[{"href":"https:\/\/editoralandmark.com.br\/v2.0\/wp-json\/wp\/v2\/product"}],"about":[{"href":"https:\/\/editoralandmark.com.br\/v2.0\/wp-json\/wp\/v2\/types\/product"}],"wp:featuredmedia":[{"embeddable":true,"href":"https:\/\/editoralandmark.com.br\/v2.0\/wp-json\/wp\/v2\/media\/1989"}],"wp:attachment":[{"href":"https:\/\/editoralandmark.com.br\/v2.0\/wp-json\/wp\/v2\/media?parent=1683"}],"wp:term":[{"taxonomy":"product_brand","embeddable":true,"href":"https:\/\/editoralandmark.com.br\/v2.0\/wp-json\/wp\/v2\/product_brand?post=1683"},{"taxonomy":"product_cat","embeddable":true,"href":"https:\/\/editoralandmark.com.br\/v2.0\/wp-json\/wp\/v2\/product_cat?post=1683"},{"taxonomy":"product_tag","embeddable":true,"href":"https:\/\/editoralandmark.com.br\/v2.0\/wp-json\/wp\/v2\/product_tag?post=1683"}],"curies":[{"name":"wp","href":"https:\/\/api.w.org\/{rel}","templated":true}]}}