{"id":1685,"date":"2017-12-04T14:39:58","date_gmt":"2017-12-04T16:39:58","guid":{"rendered":"https:\/\/editoralandmark.com.br\/v2.0\/?post_type=product&#038;p=1685"},"modified":"2024-03-27T14:41:39","modified_gmt":"2024-03-27T17:41:39","slug":"os-lusiadas-the-lusiads-2","status":"publish","type":"product","link":"https:\/\/editoralandmark.com.br\/v2.0\/produto\/os-lusiadas-the-lusiads-2\/","title":{"rendered":"OS LUS\u00cdADAS: THE LUSIADS"},"content":{"rendered":"<p style=\"text-align: justify;\">A EDITORA LANDMARK apresenta uma vers\u00e3o in\u00e9dita no Brasil da maior obra em l\u00edngua portuguesa de todos os tempos. OS LUS\u00cdADAS: THE LUSIADS re\u00fane o poema \u00e9pico de Lu\u00eds Vaz de Cam\u00f5es com a tradu\u00e7\u00e3o realizada em 1880 por Sir Richard Francis Burton, tido como um dos grandes eruditos e tradutores brit\u00e2nicos de sempre.<\/p>\n<p style=\"text-align: justify;\">Mais que uma obra liter\u00e1ria, pode-se dizer que\u00a0\u00e9\u00a0uma obra de arte, tal foi o empenho do autor em mant\u00ea-la com esta regularidade formal. Considerado o maior poema\u00a0\u00e9pico da l\u00edngua portuguesa, foi publicado em 1572, com o apoio do Rei D. Sebasti\u00e3o. O poema narra as perigosas viagens mar\u00edtimas e a descoberta de novas terras, povos e culturas, exaltando o hero\u00edsmo do povo portugu\u00eas, que, navegador, aventureiro, cavalheiro e amante,\u00a0\u00e9\u00a0tamb\u00e9m\u00a0destemido e bravo, e enfrenta mares desconhecidos em busca dos seus objetivos. \u00c9 a epopeia portuguesa por excel\u00eancia, \u00e9 a refer\u00eancia ou o livro-s\u00edntese da Hist\u00f3ria e da singularidade de Portugal no mundo. \u00c9 uma s\u00edntese da Hist\u00f3ria de Portugal, ao mesmo tempo em que narra a descoberta do caminho mar\u00edtimo para o Oriente por Vasco da Gama.<\/p>\n<p style=\"text-align: justify;\">Al\u00e9m\u00a0de narrar o caminho para a Descoberta das\u00a0\u00cdndias, a epopeia \u00e9 inspirada por obras como a \u201cEneida\u201d, de Virg\u00edlio e a \u201cOdisseia, de Homero. Os navegantes s\u00e3o supervisionados pelos deuses do Olimpo que decidem o destino dos navegantes ap\u00f3s a realiza\u00e7\u00e3o de um conc\u00edlio: Os portugueses encontram em V\u00eanus uma preciosa aliada e em Baco, o mais ferrenho inimigo, que teme que a aud\u00e1cia portuguesa conquiste as terras de \u00cdndia, antes dedicadas a ele e sobre o controle do deus. Cam\u00f5es descreve as grandes navega\u00e7\u00f5es, o imp\u00e9rio portugu\u00eas\u00a0no Oriente, os reis e\u00a0 her\u00f3is de Portugal, dentre outros fatos que o tornam um poema hist\u00f3rico e enciclop\u00e9dico. Em seu Ep\u00edlogo apresenta um lamento, que, ao deparar-se com a dura realidade do reino portugu\u00eas na \u00e9poca de D. Sebasti\u00e3o, j\u00e1 n\u00e3o consegue deslumbrar novas gl\u00f3rias e conquistas no futuro e ressente-se de que a sua \u201cvoz enrouquecida\u201d n\u00e3o seja escutada com mais aten\u00e7\u00e3o.<\/p>\n<p style=\"text-align: justify;\">Sir Richard Francis Burton, ao mesmo tempo um brilhante linguista e aventureiro temer\u00e1rio, bem como uma figura complexa e pol\u00e9mica, traduziu outras obras, entre as quais o \u201cKama Sutra\u201d (1883) e as \u201cMil e Uma Noites\u201d (1885), cuja tradu\u00e7\u00e3o causou frenesi entre os vitorianos devido a uma s\u00e9rie de notas pol\u00e9micas. Tamb\u00e9m o seu erudito \u201cEnsaio Final\u201d, onde apresenta a hist\u00f3ria, os usos e os costumes, os princ\u00edpios e a religi\u00e3o de v\u00e1rios povos, ajudou a contribuir para ampliar a vis\u00e3o ocidental sobre os Oriente, al\u00e9m de relacion\u00e1-los com outras culturas.<\/p>\n","protected":false},"excerpt":{"rendered":"<p>AUTOR: <a href=\"https:\/\/editoralandmark.com.br\/v2.0\/2022\/02\/20\/luis-vaz-de-camoes-1524-1580\/\">LU\u00cdS DE CAM\u00d5ES<\/a><br \/>\nTRADU\u00c7\u00c3O E NOTAS: <a href=\"https:\/\/editoralandmark.com.br\/v2.0\/2022\/01\/22\/richard-francis-burton-1821-1890\/\">RICHARD FRANCIS BURTON<\/a><br \/>\nADAPTA\u00c7\u00c3O: ***************<br \/>\nILUSTRADOR:\u00a0***************<br \/>\nIDIOMA: PORTUGU\u00caS-INGL\u00caS<br \/>\nLAN\u00c7AMENTO: 12\/2017<br \/>\nACABAMENTO: EPUB<br \/>\nFORMATO: 16CM X 23CM<br \/>\nP\u00c1GINAS: 728<br \/>\nPESO: 800 G<br \/>\nISBN: 9786599450589<br \/>\nISBN DIGITAL: 9788580700596<\/p>\n","protected":false},"featured_media":1686,"template":"","meta":[],"product_brand":[],"product_cat":[18,21,32,33,35],"product_tag":[],"class_list":{"0":"post-1685","1":"product","2":"type-product","3":"status-publish","4":"has-post-thumbnail","6":"product_cat-classicos-mundiais","7":"product_cat-edicao-bilingue","8":"product_cat-literatura-portuguesa","9":"product_cat-livro-digital","10":"product_cat-poesia","11":"product_shipping_class-correios","12":"description-off","14":"first","15":"instock","16":"virtual","17":"purchasable","18":"product-type-simple"},"aioseo_notices":[],"_links":{"self":[{"href":"https:\/\/editoralandmark.com.br\/v2.0\/wp-json\/wp\/v2\/product\/1685","targetHints":{"allow":["GET"]}}],"collection":[{"href":"https:\/\/editoralandmark.com.br\/v2.0\/wp-json\/wp\/v2\/product"}],"about":[{"href":"https:\/\/editoralandmark.com.br\/v2.0\/wp-json\/wp\/v2\/types\/product"}],"wp:featuredmedia":[{"embeddable":true,"href":"https:\/\/editoralandmark.com.br\/v2.0\/wp-json\/wp\/v2\/media\/1686"}],"wp:attachment":[{"href":"https:\/\/editoralandmark.com.br\/v2.0\/wp-json\/wp\/v2\/media?parent=1685"}],"wp:term":[{"taxonomy":"product_brand","embeddable":true,"href":"https:\/\/editoralandmark.com.br\/v2.0\/wp-json\/wp\/v2\/product_brand?post=1685"},{"taxonomy":"product_cat","embeddable":true,"href":"https:\/\/editoralandmark.com.br\/v2.0\/wp-json\/wp\/v2\/product_cat?post=1685"},{"taxonomy":"product_tag","embeddable":true,"href":"https:\/\/editoralandmark.com.br\/v2.0\/wp-json\/wp\/v2\/product_tag?post=1685"}],"curies":[{"name":"wp","href":"https:\/\/api.w.org\/{rel}","templated":true}]}}