{"id":1689,"date":"2017-04-21T14:46:42","date_gmt":"2017-04-21T17:46:42","guid":{"rendered":"https:\/\/editoralandmark.com.br\/v2.0\/?post_type=product&#038;p=1689"},"modified":"2024-03-27T14:41:40","modified_gmt":"2024-03-27T17:41:40","slug":"grandes-esperancas-great-expectations-3","status":"publish","type":"product","link":"https:\/\/editoralandmark.com.br\/v2.0\/produto\/grandes-esperancas-great-expectations-3\/","title":{"rendered":"GRANDES ESPERAN\u00c7AS: GREAT EXPECTATIONS"},"content":{"rendered":"<p style=\"text-align: justify;\">Charles Dickens \u00e9 um dos maiores escritores de todos os tempos, certamente o maior escritor brit\u00e2nico da Era Vitoriana. A fama e o alcance dos seus romances e contos ultrapassaram o per\u00edodo de sua vida, sendo considerado como um dos maiores escritores ingleses e um dos introdutores da cr\u00edtica social na literatura de fic\u00e7\u00e3o inglesa.<\/p>\n<p style=\"text-align: justify;\">GRANDES ESPERAN\u00c7AS: GREAT EXPECTATIONS \u00e9 considerado uma das obras-primas de Charles Dickens, dividindo a posi\u00e7\u00e3o ao lado de \u201cDavid Copperfield\u201d e \u201cOliver Twist\u201d. Dividido em tr\u00eas partes, discutindo a bondade, a culpa e o desejo de seus personagens, o romance originalmente foi escrito como um folhetim e publicado na revista liter\u00e1ria semanal \u201cAll the Year Round\u201d, de propriedade do pr\u00f3prio Dickens, entre dezembro de 1860 e agosto de 1861. Posteriormente, foi publicado em tr\u00eas volumes pela editora Chapman &amp; Hall, de Londres. O livro revela a compreens\u00e3o suave e amarga que Dickens tinha dos nossos mais profundos dilemas, nascidos das nossas obsess\u00f5es e de as nossas ilus\u00f5es. \u00c9 em de GRANDES ESPERAN\u00c7AS: GREAT EXPECTATIONS, que Dickens apresenta uma das melhores defini\u00e7\u00f5es sat\u00edricas sobre a sociedade brit\u00e2nica do seu tempo: \u201cN\u00f3s, brit\u00e2nicos, t\u00ednhamos nesse tempo decidido que era trai\u00e7\u00e3o duvidar de sermos o melhor que existia em tudo\u201d.<\/p>\n<p style=\"text-align: justify;\">GRANDES ESPERAN\u00c7AS: GREAT EXPECTATIONS \u00e9, sobretudo, um romance de reden\u00e7\u00e3o e perd\u00e3o de seus protagonistas. Narra a hist\u00f3ria de Philip Pirrip, ou simplesmente Pip, \u00f3rf\u00e3o criado pela irm\u00e3 num ambiente de pobreza, desde os seis anos, quando cometeu o seu primeiro crime: ajudar Abel Magwitch, um fugitivo da pris\u00e3o, a escapar da pol\u00edcia nas charnecas. A vida de Pip \u00e9 radicalmente alterada, logo ap\u00f3s Pip deixar os servi\u00e7os de Miss Havisham, quando Mr. Jaggers o informa que um misterioso benfeitor an\u00f4nimo financiar\u00e1 a sua educa\u00e7\u00e3o em Londres para torn\u00e1-lo um cavalheiro e que este benfeitor deixar\u00e1 a sua fortuna para Pip, que passa a contar ent\u00e3o com grandes esperan\u00e7as. As \u201cGrandes Esperan\u00e7as\u201d do t\u00edtulo revelam a ironia e a maestria de Dickens ao narrar o desenvolvimento da hist\u00f3ria: ao mesmo tempo em que elas s\u00e3o o norte e o guia para o futuro do jovem Pip, transformam-se no elemento que o transformam no futuro.<\/p>\n<p style=\"text-align: justify;\">As passagens em que Dickens descreve a inf\u00e2ncia miser\u00e1vel de Pip s\u00e3o das mais comoventes da literatura mundial. Quando de sua publica\u00e7\u00e3o, os leitores aguardavam com ansiedade cada novo cap\u00edtulo publicado nos jornais. Dickens recebia centenas de cartas com coment\u00e1rios sobre o andamento das hist\u00f3rias e sua popularidade foi t\u00e3o grande que chegou a ser recebido pela rainha Vit\u00f3ria pouco antes de seu falecimento.<\/p>\n","protected":false},"excerpt":{"rendered":"<p>AUTOR: <a title=\"Charles Dickens \u2013 (1812-1870)\" href=\"https:\/\/editoralandmark.com.br\/v2.0\/2022\/01\/22\/charles-dickens-1812-1870\/\" target=\"_blank\" rel=\"noopener\">CHARLES DICKENS<\/a><br \/>\nTRADU\u00c7\u00c3O E NOTAS: DORIS GOETTEMS<br \/>\nADAPTA\u00c7\u00c3O: ***************<br \/>\nILUSTRADOR: ***************<br \/>\nIDIOMA: PORTUGU\u00caS-INGL\u00caS<br \/>\nLAN\u00c7AMENTO: 04\/2017<br \/>\nACABAMENTO: EPUB<br \/>\nFORMATO: 16CM X 23CM<br \/>\nP\u00c1GINAS: 528<br \/>\nPESO: 600 G<br \/>\nISBN: 9788580700572<br \/>\nISBN DIGITAL: 9788580700251<\/p>\n","protected":false},"featured_media":1690,"template":"","meta":[],"product_brand":[],"product_cat":[18,21,30,33,36],"product_tag":[],"class_list":{"0":"post-1689","1":"product","2":"type-product","3":"status-publish","4":"has-post-thumbnail","6":"product_cat-classicos-mundiais","7":"product_cat-edicao-bilingue","8":"product_cat-literatura-inglesa","9":"product_cat-livro-digital","10":"product_cat-romance","11":"product_shipping_class-correios","12":"description-off","14":"first","15":"instock","16":"virtual","17":"purchasable","18":"product-type-simple"},"aioseo_notices":[],"_links":{"self":[{"href":"https:\/\/editoralandmark.com.br\/v2.0\/wp-json\/wp\/v2\/product\/1689","targetHints":{"allow":["GET"]}}],"collection":[{"href":"https:\/\/editoralandmark.com.br\/v2.0\/wp-json\/wp\/v2\/product"}],"about":[{"href":"https:\/\/editoralandmark.com.br\/v2.0\/wp-json\/wp\/v2\/types\/product"}],"wp:featuredmedia":[{"embeddable":true,"href":"https:\/\/editoralandmark.com.br\/v2.0\/wp-json\/wp\/v2\/media\/1690"}],"wp:attachment":[{"href":"https:\/\/editoralandmark.com.br\/v2.0\/wp-json\/wp\/v2\/media?parent=1689"}],"wp:term":[{"taxonomy":"product_brand","embeddable":true,"href":"https:\/\/editoralandmark.com.br\/v2.0\/wp-json\/wp\/v2\/product_brand?post=1689"},{"taxonomy":"product_cat","embeddable":true,"href":"https:\/\/editoralandmark.com.br\/v2.0\/wp-json\/wp\/v2\/product_cat?post=1689"},{"taxonomy":"product_tag","embeddable":true,"href":"https:\/\/editoralandmark.com.br\/v2.0\/wp-json\/wp\/v2\/product_tag?post=1689"}],"curies":[{"name":"wp","href":"https:\/\/api.w.org\/{rel}","templated":true}]}}