{"id":1691,"date":"2016-01-01T14:51:54","date_gmt":"2016-01-01T16:51:54","guid":{"rendered":"https:\/\/editoralandmark.com.br\/v2.0\/?post_type=product&#038;p=1691"},"modified":"2024-03-27T14:41:40","modified_gmt":"2024-03-27T17:41:40","slug":"frankenstein-o-moderno-prometeu-2","status":"publish","type":"product","link":"https:\/\/editoralandmark.com.br\/v2.0\/produto\/frankenstein-o-moderno-prometeu-2\/","title":{"rendered":"FRANKENSTEIN: O MODERNO PROMETEU"},"content":{"rendered":"<p style=\"text-align: justify;\">Romance de terror g\u00f3tico com inspira\u00e7\u00f5es do movimento rom\u00e2ntico, de autoria de Mary Shelley, escritora inglesa e esposa do poeta e ensa\u00edsta Percy Bysshe Shelley, relata a hist\u00f3ria de Victor Frankenstein, um estudante de ci\u00eancias naturais que busca recriar um ser vivo, uma criatura, atrav\u00e9s do uso da ci\u00eancia em seu laborat\u00f3rio.<\/p>\n<p style=\"text-align: justify;\">Mary Shelley escreveu FRANKENSTEIN: O MODERNO PROMETEU quando tinha apenas dezenove anos. a obra foi elaborada ap\u00f3s o encontro do casal Shelley com Lorde Byron (1788-1824), em sua mans\u00e3o \u00e0s margens do lago Genebra, encontro este que produziu uma s\u00e9rie de textos, poemas e romances de autoria de Byron, de John Polidori (1795-1821), de Percy e de Mary Shelley, conforme relatado no &#8220;Pref\u00e1cio&#8221; de Frankenstein para a edi\u00e7\u00e3o de 1831.<\/p>\n<p style=\"text-align: justify;\">A obra foi publicada em 1818, sem o devido cr\u00e9dito para a autora na sua primeira edi\u00e7\u00e3o, mas com um pref\u00e1cio escrito pelo seu marido, Percy Bysshe Shelley, e \u00e9 esta primeira vers\u00e3o publicada, mais densa e completa, que a Editora Landmark lan\u00e7a nesta in\u00e9dita edi\u00e7\u00e3o bil\u00edngue portugu\u00eas-ingl\u00eas.<\/p>\n<p style=\"text-align: justify;\">O romance obteve grande sucesso e gerou todo um novo g\u00eanero, tendo grande influ\u00eancia na literatura e na cultura popular ocidental. FRANKENSTEIN: O MODERNO PROMETEU aborda diversos temas ao longo de sua narrativa, sendo a mais gritante a rela\u00e7\u00e3o entre a criatura e o seu criador, com \u00f3bvias implica\u00e7\u00f5es religiosas. Uma influ\u00eancia not\u00e1vel na obra \u00e9 o poema \u00e9pico &#8220;O Para\u00edso Perdido&#8221;, de John Milton. A influ\u00eancia torna-se expl\u00edcita tanto atrav\u00e9s da ep\u00edgrafe que cita tr\u00eas versos do poema, quanto aparecendo diretamente no desenrolar da trama, sendo um dos livros que a criatura l\u00ea.<\/p>\n<p style=\"text-align: justify;\">Preconceito, ingratid\u00e3o e injusti\u00e7a tamb\u00e9m est\u00e3o presentes. A criatura \u00e9 sempre julgada por sua apar\u00eancia, e agredida antes de ter a oportunidade de se defender. Por fim, a inevitabilidade do destino, tema muito desenvolvido na literatura cl\u00e1ssica, \u00e9 constantemente aludida ao longo da obra que se presta a m\u00faltiplas interpreta\u00e7\u00f5es e leituras.<\/p>\n","protected":false},"excerpt":{"rendered":"<p>AUTOR: <a href=\"https:\/\/editoralandmark.com.br\/v2.0\/2022\/02\/20\/mary-shelley-1787-1851\/\">MARY SHELLEY<\/a><br \/>\nTRADU\u00c7\u00c3O E NOTAS: DORIS GOETTEMS<br \/>\nADAPTA\u00c7\u00c3O: ***************<br \/>\nILUSTRADOR:\u00a0***************<br \/>\nIDIOMA: PORTUGU\u00caS-INGL\u00caS<br \/>\nLAN\u00c7AMENTO: 02\/2016<br \/>\nACABAMENTO:\u00a0EPUB<br \/>\nFORMATO:\u00a016CM X 23CM<br \/>\nP\u00c1GINAS: 320<br \/>\nPESO: 400 G<br \/>\nISBN: 9788580700343<br \/>\nISBN DIGITAL: 9788580700350<\/p>\n","protected":false},"featured_media":1692,"template":"","meta":[],"product_brand":[],"product_cat":[18,21,30,33,36,37],"product_tag":[64],"class_list":{"0":"post-1691","1":"product","2":"type-product","3":"status-publish","4":"has-post-thumbnail","6":"product_cat-classicos-mundiais","7":"product_cat-edicao-bilingue","8":"product_cat-literatura-inglesa","9":"product_cat-livro-digital","10":"product_cat-romance","11":"product_cat-suspense","12":"product_tag-livros","13":"product_shipping_class-correios","14":"description-off","16":"first","17":"instock","18":"virtual","19":"purchasable","20":"product-type-simple"},"aioseo_notices":[],"_links":{"self":[{"href":"https:\/\/editoralandmark.com.br\/v2.0\/wp-json\/wp\/v2\/product\/1691","targetHints":{"allow":["GET"]}}],"collection":[{"href":"https:\/\/editoralandmark.com.br\/v2.0\/wp-json\/wp\/v2\/product"}],"about":[{"href":"https:\/\/editoralandmark.com.br\/v2.0\/wp-json\/wp\/v2\/types\/product"}],"wp:featuredmedia":[{"embeddable":true,"href":"https:\/\/editoralandmark.com.br\/v2.0\/wp-json\/wp\/v2\/media\/1692"}],"wp:attachment":[{"href":"https:\/\/editoralandmark.com.br\/v2.0\/wp-json\/wp\/v2\/media?parent=1691"}],"wp:term":[{"taxonomy":"product_brand","embeddable":true,"href":"https:\/\/editoralandmark.com.br\/v2.0\/wp-json\/wp\/v2\/product_brand?post=1691"},{"taxonomy":"product_cat","embeddable":true,"href":"https:\/\/editoralandmark.com.br\/v2.0\/wp-json\/wp\/v2\/product_cat?post=1691"},{"taxonomy":"product_tag","embeddable":true,"href":"https:\/\/editoralandmark.com.br\/v2.0\/wp-json\/wp\/v2\/product_tag?post=1691"}],"curies":[{"name":"wp","href":"https:\/\/api.w.org\/{rel}","templated":true}]}}