{"id":1693,"date":"2015-10-04T14:53:37","date_gmt":"2015-10-04T17:53:37","guid":{"rendered":"https:\/\/editoralandmark.com.br\/v2.0\/?post_type=product&#038;p=1693"},"modified":"2024-03-27T14:41:40","modified_gmt":"2024-03-27T17:41:40","slug":"razao-e-sensibilidade-sense-and-sensibility-3","status":"publish","type":"product","link":"https:\/\/editoralandmark.com.br\/v2.0\/produto\/razao-e-sensibilidade-sense-and-sensibility-3\/","title":{"rendered":"RAZ\u00c3O E SENSIBILIDADE: SENSE AND SENSIBILITY"},"content":{"rendered":"<p style=\"text-align: justify;\">Embora n\u00e3o seja o primeiro romance escrito por Jane Austen, RAZ\u00c3O E SENSIBILIDADE: SENSE AND SENSIBILITY foi o primeiro dos seus romances a ser publicado, em 1811, sendo que o t\u00edtulo original da obra era Elinor and Marianne e escrito sob a forma de romance epistolar. Revisto alguns anos depois, Jane Austen alterou o t\u00edtulo e a estrutura da narrativa, mantendo, entretanto, o seu tema central: a necessidade de se encontrar um meio termo entre a paix\u00e3o e a raz\u00e3o.<\/p>\n<p style=\"text-align: justify;\">O enredo, embora simples, n\u00e3o deixa de ser profundo e questionador: a hist\u00f3ria se estrutura em torno das irm\u00e3s Dashwood, Elinor e Marianne, que na Inglaterra dos \u00faltimos anos do s\u00e9culo XVIII, ficam desamparadas com a morte do pai, cujas propriedades s\u00e3o deixadas como heran\u00e7a para um filho do primeiro casamento, obedecendo-se \u00e0s leis inglesas. Bonitas, inteligentes e sens\u00edveis, as irm\u00e3s Elinor e Marianne, sua m\u00e3e e sua irm\u00e3 menor, Margareth, mudam-se para um cottage oferecido por um parente distante. Sem dotes a serem oferecidos para seus casamentos, Elinor, o arqu\u00e9tipo austeano da raz\u00e3o, e Marianne, o da sensibilidade, t\u00eam poucas oportunidades de conseguir um bom casamento, mas a grandeza de seus sentimentos &#8211; a sinceridade e a fidelidade do cora\u00e7\u00e3o de ambas &#8211; se revela importante contra a hipocrisia de uma sociedade preocupada apenas com as apar\u00eancias e os bens materiais.<\/p>\n<p style=\"text-align: justify;\">Jane Austen \u00e9 mestra em expor as sutilezas do jogo que se estabelece entre nobres insens\u00edveis, a classe m\u00e9dia ambiciosa e o casamento como meio de enobrecimento. Nada nos autoriza a dizer, como se tem visto, que \u00e9 apenas um romance sobre \u201cintrigas dom\u00e9sticas\u201d ou sobre \u201cuma irm\u00e3 racional e outra sentimental\u201d. Ao contr\u00e1rio, \u00e9 apresentada uma quest\u00e3o sempre relevante e recorrente nos romances de Jane Austen: ser\u00e1 que o que parece \u00fatil em curto prazo, vale a pena ser vivido em longo prazo? Ser\u00e1 que a ambi\u00e7\u00e3o pode garantir verdadeiramente conforto e riqueza maiores? Aqueles que seguem apenas os seus sentimentos podem ter melhores resultados? \u00c9 o que parece dizer Jane Austen, entre as tantas observa\u00e7\u00f5es, coment\u00e1rios e descri\u00e7\u00f5es apresentadas ao longo da trama, concluindo que a virtude ainda \u00e9 necess\u00e1ria e que as boas inten\u00e7\u00f5es n\u00e3o s\u00e3o necessariamente vitimadas quando todos mais se mostram ambiciosos.<\/p>\n","protected":false},"excerpt":{"rendered":"<p>AUTOR: <a title=\"Jane Austen \u2013 (1775-1817)\" href=\"https:\/\/editoralandmark.com.br\/v2.0\/2022\/01\/22\/jane-austen-1775-1817\/\" target=\"_blank\" rel=\"noopener\">JANE AUSTEN<\/a><br \/>\nTRADU\u00c7\u00c3O E NOTAS: DORIS GOETTEMS<br \/>\nADAPTA\u00c7\u00c3O: ***************<br \/>\nILUSTRADOR:\u00a0***************<br \/>\nIDIOMA: PORTUGU\u00caS-INGL\u00caS<br \/>\nLAN\u00c7AMENTO: 10\/2015<br \/>\nACABAMENTO: EPUB<br \/>\nFORMATO:\u00a016CM X 23CM<br \/>\nP\u00c1GINAS: 496<br \/>\nPESO: 550 G<br \/>\nISBN: 9788580700480<br \/>\nISBN DIGITAL: 9788580700497<\/p>\n","protected":false},"featured_media":1694,"template":"","meta":[],"product_brand":[],"product_cat":[18,21,30,33,36],"product_tag":[],"class_list":{"0":"post-1693","1":"product","2":"type-product","3":"status-publish","4":"has-post-thumbnail","6":"product_cat-classicos-mundiais","7":"product_cat-edicao-bilingue","8":"product_cat-literatura-inglesa","9":"product_cat-livro-digital","10":"product_cat-romance","11":"product_shipping_class-correios","12":"description-off","14":"first","15":"instock","16":"virtual","17":"purchasable","18":"product-type-simple"},"aioseo_notices":[],"_links":{"self":[{"href":"https:\/\/editoralandmark.com.br\/v2.0\/wp-json\/wp\/v2\/product\/1693","targetHints":{"allow":["GET"]}}],"collection":[{"href":"https:\/\/editoralandmark.com.br\/v2.0\/wp-json\/wp\/v2\/product"}],"about":[{"href":"https:\/\/editoralandmark.com.br\/v2.0\/wp-json\/wp\/v2\/types\/product"}],"wp:featuredmedia":[{"embeddable":true,"href":"https:\/\/editoralandmark.com.br\/v2.0\/wp-json\/wp\/v2\/media\/1694"}],"wp:attachment":[{"href":"https:\/\/editoralandmark.com.br\/v2.0\/wp-json\/wp\/v2\/media?parent=1693"}],"wp:term":[{"taxonomy":"product_brand","embeddable":true,"href":"https:\/\/editoralandmark.com.br\/v2.0\/wp-json\/wp\/v2\/product_brand?post=1693"},{"taxonomy":"product_cat","embeddable":true,"href":"https:\/\/editoralandmark.com.br\/v2.0\/wp-json\/wp\/v2\/product_cat?post=1693"},{"taxonomy":"product_tag","embeddable":true,"href":"https:\/\/editoralandmark.com.br\/v2.0\/wp-json\/wp\/v2\/product_tag?post=1693"}],"curies":[{"name":"wp","href":"https:\/\/api.w.org\/{rel}","templated":true}]}}