{"id":1713,"date":"2015-05-04T15:23:24","date_gmt":"2015-05-04T18:23:24","guid":{"rendered":"https:\/\/editoralandmark.com.br\/v2.0\/?post_type=product&#038;p=1713"},"modified":"2024-03-27T14:41:41","modified_gmt":"2024-03-27T17:41:41","slug":"a-abadia-de-northanger-northanger-abbey-2","status":"publish","type":"product","link":"https:\/\/editoralandmark.com.br\/v2.0\/produto\/a-abadia-de-northanger-northanger-abbey-2\/","title":{"rendered":"A ABADIA DE NORTHANGER: NORTHANGER ABBEY"},"content":{"rendered":"<p style=\"text-align: justify;\">A ABADIA DE NORTHANGER: NORTHANGER ABBEY retrata o balne\u00e1rio de Bath, Inglaterra, frequentado por Jane Austen e sua fam\u00edlia, na obra protagonizada por Catherine Morland. Em meio aos passeios e bailes, a jovem conhece outros jovens da cidade, entre eles John Thorpe e Henry Tillney, inseridos no mundo da literatura e da hist\u00f3ria, revelando assim \u00e0 ing\u00eanua Morland os deleites de grandes romances. O general Tillney, pai de Henry, convida os jovens para uma visita em uma de suas propriedades, a Abadia de Northanger, estadia aceita prontamente pela mo\u00e7a animada com o clima de mist\u00e9rio e conhecimento.<\/p>\n<p style=\"text-align: justify;\">Com os del\u00edrios da produ\u00e7\u00e3o g\u00f3tica, Catherine entra em um conflito entre fic\u00e7\u00e3o e realidade durante suas experi\u00eancias liter\u00e1rias e sua estadia na casa, cujo ambiente remete ao antigo, ao sombrio e ao fant\u00e1stico. A obra transparece toda a habilidade de Jane Austen em criticar socialmente seu tempo por meio de an\u00e1lises morais de seus personagens. Com boa dose de senso de humor, os excessos que beiram o rid\u00edculo dos romances g\u00f3ticos s\u00e3o criticados de forma cotidiana e plaus\u00edvel.<\/p>\n","protected":false},"excerpt":{"rendered":"<p>AUTOR: <a href=\"https:\/\/editoralandmark.com.br\/v2.0\/2022\/02\/20\/jane-austen-1775-1817\/\">JANE AUSTEN<\/a><br \/>\nTRADU\u00c7\u00c3O E NOTAS: DORIS GOETTEMS<br \/>\nADAPTA\u00c7\u00c3O: \u00a0***************<br \/>\nILUSTRADOR:\u00a0***************<br \/>\nIDIOMA: PORTUGU\u00caS-INGL\u00caS<br \/>\nLAN\u00c7AMENTO: 05\/2015<br \/>\nACABAMENTO:\u00a0EPUB<br \/>\nFORMATO:\u00a016CM X 23CM<br \/>\nP\u00c1GINAS: 240<br \/>\nPESO: 350 G<br \/>\nISBN: 978858070220<br \/>\nISBN DIGITAL: 9788588781603<\/p>\n","protected":false},"featured_media":1714,"template":"","meta":[],"product_brand":[],"product_cat":[18,21,30,33,36],"product_tag":[],"class_list":{"0":"post-1713","1":"product","2":"type-product","3":"status-publish","4":"has-post-thumbnail","6":"product_cat-classicos-mundiais","7":"product_cat-edicao-bilingue","8":"product_cat-literatura-inglesa","9":"product_cat-livro-digital","10":"product_cat-romance","11":"product_shipping_class-correios","12":"description-off","14":"first","15":"instock","16":"virtual","17":"purchasable","18":"product-type-simple"},"aioseo_notices":[],"_links":{"self":[{"href":"https:\/\/editoralandmark.com.br\/v2.0\/wp-json\/wp\/v2\/product\/1713","targetHints":{"allow":["GET"]}}],"collection":[{"href":"https:\/\/editoralandmark.com.br\/v2.0\/wp-json\/wp\/v2\/product"}],"about":[{"href":"https:\/\/editoralandmark.com.br\/v2.0\/wp-json\/wp\/v2\/types\/product"}],"wp:featuredmedia":[{"embeddable":true,"href":"https:\/\/editoralandmark.com.br\/v2.0\/wp-json\/wp\/v2\/media\/1714"}],"wp:attachment":[{"href":"https:\/\/editoralandmark.com.br\/v2.0\/wp-json\/wp\/v2\/media?parent=1713"}],"wp:term":[{"taxonomy":"product_brand","embeddable":true,"href":"https:\/\/editoralandmark.com.br\/v2.0\/wp-json\/wp\/v2\/product_brand?post=1713"},{"taxonomy":"product_cat","embeddable":true,"href":"https:\/\/editoralandmark.com.br\/v2.0\/wp-json\/wp\/v2\/product_cat?post=1713"},{"taxonomy":"product_tag","embeddable":true,"href":"https:\/\/editoralandmark.com.br\/v2.0\/wp-json\/wp\/v2\/product_tag?post=1713"}],"curies":[{"name":"wp","href":"https:\/\/api.w.org\/{rel}","templated":true}]}}