{"id":1718,"date":"2013-12-19T15:32:44","date_gmt":"2013-12-19T17:32:44","guid":{"rendered":"https:\/\/editoralandmark.com.br\/v2.0\/?post_type=product&#038;p=1718"},"modified":"2024-03-27T14:42:18","modified_gmt":"2024-03-27T17:42:18","slug":"moby-dick-a-baleia-copia","status":"publish","type":"product","link":"https:\/\/editoralandmark.com.br\/v2.0\/produto\/moby-dick-a-baleia-copia\/","title":{"rendered":"MOBY DICK: A BALEIA"},"content":{"rendered":"<p style=\"text-align: justify;\">Uma das obras m\u00e1ximas do Romantismo norte-americano, MOBY DICK foi escrito pelo escritor norte-americano Herman Melville e publicado originalmente em tr\u00eas fasc\u00edculos com o t\u00edtulo \u201cA Baleia\u201d, em Londres, em 1851, e ainda no mesmo ano em Nova Iorque em edi\u00e7\u00e3o integral. Somente a partir da sua segunda edi\u00e7\u00e3o que receberia o seu t\u00edtulo definitivo, MOBY DICK.\u00a0O livro foi revolucion\u00e1rio para a \u00e9poca, com descri\u00e7\u00f5es intricadas e imaginativas das aventuras do narrador Ismael, suas reflex\u00f5es pessoais, e grandes trechos de n\u00e3o-fic\u00e7\u00e3o, sobre variados assuntos, como baleias, m\u00e9todos de ca\u00e7a, tradi\u00e7\u00f5es navais, detalhes sobre as embarca\u00e7\u00f5es, funcionamentos e armazenamento de produtos extra\u00eddos das baleias. Inspirado pelas experi\u00eancias pessoais do autor e por outros acontecimentos que marcaram o per\u00edodo, Moby Dick representa, al\u00e9m de uma complexa narrativa de a\u00e7\u00e3o, uma profunda reflex\u00e3o sobre o confronto entre o homem e a natureza, ou segundo alguns especialistas, entre o homem e o Criador, refor\u00e7ada pela \u2018universalidade\u2019 dos tripulantes do navio \u201cPequod\u201d, o que sugere uma representa\u00e7\u00e3o da Humanidade. Obra de profundo simbolismo, MOBY DICK inclui refer\u00eancias a temas diversos como religi\u00e3o, biologia, idealismo, pragmatismo e vingan\u00e7a.<\/p>\n<p style=\"text-align: justify;\">O narrador de MOBY DICK \u00e9 Ismael, jovem aventureiro, que por problemas financeiros decide navegar a bordo de um navio baleeiro, o \u201cPequod\u201d, com uma tripula\u00e7\u00e3o formada pelas mais diversas nacionalidades e ra\u00e7as. Depois de v\u00e1rios dias sem ser visto, o misterioso Ahab surge no conv\u00e9s e revela a sua tripula\u00e7\u00e3o que o objetivo primordial da viagem, al\u00e9m da ca\u00e7a \u00e0s baleias em geral, \u00e9 a persegui\u00e7\u00e3o tenaz \u00e0 Moby Dick, enorme mostro marinho que o privou de sua perna.<\/p>\n<p style=\"text-align: justify;\">Quem ser\u00e1 o vencedor desta luta? A raz\u00e3o humana ou a sede de vingan\u00e7a?<\/p>\n","protected":false},"excerpt":{"rendered":"<p>AUTOR: <a title=\"Herman Melville \u2013 (1819-1891)\" href=\"https:\/\/editoralandmark.com.br\/v2.0\/2022\/01\/22\/herman-melville-1819-1891\/\" target=\"_blank\" rel=\"noopener\">HERMAN MELVILLE<\/a><br \/>\nTRADU\u00c7\u00c3O E NOTAS: VERA SILVIA CAMARGO GUARNIERI<br \/>\nADAPTA\u00c7\u00c3O: ***************<br \/>\nILUSTRADOR: ***************<br \/>\nIDIOMA: PORTUGU\u00caS-INGL\u00caS<br \/>\nLAN\u00c7AMENTO: 12\/2013<br \/>\nACABAMENTO: EPUB<br \/>\nFORMATO: 16CM X 23CM<br \/>\nP\u00c1GINAS: 528<br \/>\nPESO: 600 G<br \/>\nISBN: 9788580700145<br \/>\nISBN DIGITAL: 9788580700138<\/p>\n","protected":false},"featured_media":1719,"template":"","meta":[],"product_brand":[],"product_cat":[18,21,28,33,36],"product_tag":[],"class_list":{"0":"post-1718","1":"product","2":"type-product","3":"status-publish","4":"has-post-thumbnail","6":"product_cat-classicos-mundiais","7":"product_cat-edicao-bilingue","8":"product_cat-literatura-estadunidense","9":"product_cat-livro-digital","10":"product_cat-romance","11":"product_shipping_class-correios","12":"description-off","14":"first","15":"instock","16":"virtual","17":"purchasable","18":"product-type-simple"},"aioseo_notices":[],"_links":{"self":[{"href":"https:\/\/editoralandmark.com.br\/v2.0\/wp-json\/wp\/v2\/product\/1718","targetHints":{"allow":["GET"]}}],"collection":[{"href":"https:\/\/editoralandmark.com.br\/v2.0\/wp-json\/wp\/v2\/product"}],"about":[{"href":"https:\/\/editoralandmark.com.br\/v2.0\/wp-json\/wp\/v2\/types\/product"}],"wp:featuredmedia":[{"embeddable":true,"href":"https:\/\/editoralandmark.com.br\/v2.0\/wp-json\/wp\/v2\/media\/1719"}],"wp:attachment":[{"href":"https:\/\/editoralandmark.com.br\/v2.0\/wp-json\/wp\/v2\/media?parent=1718"}],"wp:term":[{"taxonomy":"product_brand","embeddable":true,"href":"https:\/\/editoralandmark.com.br\/v2.0\/wp-json\/wp\/v2\/product_brand?post=1718"},{"taxonomy":"product_cat","embeddable":true,"href":"https:\/\/editoralandmark.com.br\/v2.0\/wp-json\/wp\/v2\/product_cat?post=1718"},{"taxonomy":"product_tag","embeddable":true,"href":"https:\/\/editoralandmark.com.br\/v2.0\/wp-json\/wp\/v2\/product_tag?post=1718"}],"curies":[{"name":"wp","href":"https:\/\/api.w.org\/{rel}","templated":true}]}}