{"id":1720,"date":"2013-07-13T15:35:48","date_gmt":"2013-07-13T18:35:48","guid":{"rendered":"https:\/\/editoralandmark.com.br\/v2.0\/?post_type=product&#038;p=1720"},"modified":"2024-03-27T14:42:19","modified_gmt":"2024-03-27T17:42:19","slug":"o-grande-gatsby-the-great-gatsby-2","status":"publish","type":"product","link":"https:\/\/editoralandmark.com.br\/v2.0\/produto\/o-grande-gatsby-the-great-gatsby-2\/","title":{"rendered":"O GRANDE GATSBY: THE GREAT GATSBY"},"content":{"rendered":"<p style=\"text-align: justify;\">Considerado pela \u201cModern Library\u201d como segundo melhor romance de l\u00edngua inglesa do s\u00e9culo XX, e por seu autor como \u2018algo novo \u2013 algo extraordin\u00e1rio, belo e simples\u2019 a EDITORA LANDMARK lan\u00e7a em uma exclusiva edi\u00e7\u00e3o bil\u00edngue de luxo, em capa dura, O GRANDE GATSBY: THE GREAT GATSBY, obra-prima do escritor norte-americano F. Scott Fitzgerald.<\/p>\n<p style=\"text-align: justify;\">Esta obra, uma das mais representativas do romance norte-americano, descreve a vida da alta sociedade, ambientado em Nova York e no litoral de Long Island, durante o ver\u00e3o de 1922, atrav\u00e9s de uma aguda reflex\u00e3o cr\u00edtica. Al\u00e9m de destacar brilhantemente uma sociedade obcecada por riqueza e status, o romance tamb\u00e9m apresenta os problemas da economia durante a Primeira Guerra Mundial, a proibi\u00e7\u00e3o de bebidas alco\u00f3licas, o aumento do crime organizado com o contrabando de bebidas, surgimento de novos milion\u00e1rios e a hist\u00f3ria de amor entre Jay Gatsby e Daisy.<\/p>\n<p style=\"text-align: justify;\">Com destaque para o ritmo do Jazz da \u00e9poca, O GRANDE GATSBY: THE GREAT GATSBY inicialmente n\u00e3o se popularizou em sua primeira edi\u00e7\u00e3o, mas nas edi\u00e7\u00f5es subsequentes tornou-se um dos maiores sucessos de F. Scott Fitzgerald, principalmente, ap\u00f3s a morte do autor, quando foi relan\u00e7ado e difundiu-se rapidamente.<\/p>\n<p style=\"text-align: justify;\">Hoje em dia, O GRANDE GATSBY: THE GREAT GATSBY \u00e9 considerado o Grande Romance Norte-Americano e de leitura padr\u00e3o em escolas e universidades de todo mundo sobre a literatura dos Estados Unidos.<\/p>\n","protected":false},"excerpt":{"rendered":"<div class=\"col-sm-12 col-md-12 linha-livro\">\n<div class=\"col-sm-12 col-md-4 reducao-centro\"><span class=\"titulo-descritor\">AUTOR:\u00a0<\/span><span class=\"descritor-livro\">F. SCOTT FITZGERALD<\/span><\/div>\n<\/div>\n<div class=\"col-sm-12 col-md-12 linha-livro\">\n<div class=\"col-sm-12 col-md-4 reducao-centro\"><span class=\"titulo-descritor\">TRADU\u00c7\u00c3O E NOTAS:\u00a0<\/span><span class=\"descritor-livro\">VERA SILVIA CAMARGO GUARNIERI<\/span><\/div>\n<\/div>\n<div class=\"col-sm-12 col-md-12 linha-livro\">\n<div class=\"col-sm-12 col-md-4 reducao-centro\"><span class=\"titulo-descritor\">ADAPTA\u00c7\u00c3O:\u00a0<\/span><span class=\"descritor-livro\">***************<\/span><\/div>\n<\/div>\n<div class=\"col-sm-12 col-md-12 linha-livro\">\n<div class=\"col-sm-12 col-md-4 reducao-centro\"><span class=\"titulo-descritor\">ILUSTRADOR:\u00a0<\/span><span class=\"descritor-livro\">***************<\/span><\/div>\n<\/div>\n<div class=\"col-sm-12 col-md-12 linha-livro\">\n<div class=\"col-sm-12 col-md-4 reducao-centro\"><span class=\"titulo-descritor\">IDIOMA:\u00a0<\/span><span class=\"descritor-livro\">PORTUGU\u00caS-INGL\u00caS<\/span><\/div>\n<\/div>\n<div class=\"col-sm-12 col-md-12 linha-livro\">\n<div class=\"col-sm-12 col-md-4 reducao-centro\"><span class=\"titulo-descritor\">LAN\u00c7AMENTO:\u00a0<\/span><span class=\"descritor-livro\">07\/2013<\/span><\/div>\n<\/div>\n<div class=\"col-sm-12 col-md-12 linha-livro\">\n<div class=\"col-sm-12 col-md-4 reducao-centro\"><span class=\"titulo-descritor\">ACABAMENTO:\u00a0<\/span><span class=\"descritor-livro\">EPUB<\/span><\/div>\n<\/div>\n<div class=\"col-sm-12 col-md-12 linha-livro\">\n<div class=\"col-sm-12 col-md-4 reducao-centro\"><span class=\"titulo-descritor\">FORMATO:\u00a0<\/span><span class=\"descritor-livro\">16CM X 23CM<\/span><\/div>\n<\/div>\n<div class=\"col-sm-12 col-md-12 linha-livro\">\n<div class=\"col-sm-12 col-md-4 reducao-centro\"><span class=\"titulo-descritor\">P\u00c1GINAS:\u00a0<\/span><span class=\"descritor-livro\">224<\/span><\/div>\n<\/div>\n<div class=\"col-sm-12 col-md-12 linha-livro\">\n<div class=\"col-sm-12 col-md-4 reducao-centro\"><span class=\"titulo-descritor\">PESO:\u00a0<\/span><span class=\"descritor-livro\">350 G<\/span><\/div>\n<\/div>\n<div class=\"col-sm-12 col-md-12 linha-livro\">\n<div class=\"col-sm-12 col-md-4 reducao-centro\"><span class=\"titulo-descritor\">ISBN:\u00a0<\/span><span class=\"descritor-livro\">9788580700114<\/span><\/div>\n<\/div>\n<div class=\"col-sm-12 col-md-12 linha-livro\">\n<div class=\"col-sm-12 col-md-4 reducao-centro\"><span class=\"titulo-descritor\">ISBN DIGITAL:\u00a0<\/span><span class=\"descritor-livro\">9788580700121<\/span><\/div>\n<\/div>\n","protected":false},"featured_media":1721,"template":"","meta":[],"product_brand":[],"product_cat":[18,21,28,33,36],"product_tag":[],"class_list":{"0":"post-1720","1":"product","2":"type-product","3":"status-publish","4":"has-post-thumbnail","6":"product_cat-classicos-mundiais","7":"product_cat-edicao-bilingue","8":"product_cat-literatura-estadunidense","9":"product_cat-livro-digital","10":"product_cat-romance","11":"product_shipping_class-correios","12":"description-off","14":"first","15":"instock","16":"virtual","17":"purchasable","18":"product-type-simple"},"aioseo_notices":[],"_links":{"self":[{"href":"https:\/\/editoralandmark.com.br\/v2.0\/wp-json\/wp\/v2\/product\/1720","targetHints":{"allow":["GET"]}}],"collection":[{"href":"https:\/\/editoralandmark.com.br\/v2.0\/wp-json\/wp\/v2\/product"}],"about":[{"href":"https:\/\/editoralandmark.com.br\/v2.0\/wp-json\/wp\/v2\/types\/product"}],"wp:featuredmedia":[{"embeddable":true,"href":"https:\/\/editoralandmark.com.br\/v2.0\/wp-json\/wp\/v2\/media\/1721"}],"wp:attachment":[{"href":"https:\/\/editoralandmark.com.br\/v2.0\/wp-json\/wp\/v2\/media?parent=1720"}],"wp:term":[{"taxonomy":"product_brand","embeddable":true,"href":"https:\/\/editoralandmark.com.br\/v2.0\/wp-json\/wp\/v2\/product_brand?post=1720"},{"taxonomy":"product_cat","embeddable":true,"href":"https:\/\/editoralandmark.com.br\/v2.0\/wp-json\/wp\/v2\/product_cat?post=1720"},{"taxonomy":"product_tag","embeddable":true,"href":"https:\/\/editoralandmark.com.br\/v2.0\/wp-json\/wp\/v2\/product_tag?post=1720"}],"curies":[{"name":"wp","href":"https:\/\/api.w.org\/{rel}","templated":true}]}}