{"id":1722,"date":"2012-11-04T15:37:52","date_gmt":"2012-11-04T17:37:52","guid":{"rendered":"https:\/\/editoralandmark.com.br\/v2.0\/?post_type=product&#038;p=1722"},"modified":"2024-03-27T14:42:19","modified_gmt":"2024-03-27T17:42:19","slug":"dracula-2","status":"publish","type":"product","link":"https:\/\/editoralandmark.com.br\/v2.0\/produto\/dracula-2\/","title":{"rendered":"DR\u00c1CULA"},"content":{"rendered":"<p style=\"text-align: justify;\">A Editora Landmark inclui nesta edi\u00e7\u00e3o bil\u00edngue de luxo em capa dura do romance DR\u00c1CULA, um primeiro cap\u00edtulo exclu\u00eddo por Stoker quando da publica\u00e7\u00e3o em 1897. Mais tarde este cap\u00edtulo, rebatizado como o conto \u201cO Convidado de Dr\u00e1cula &#8211; Dracula\u2019s Guest\u201d, seria publicado em 1914 pela vi\u00fava de Stoker e, desde ent\u00e3o, a cr\u00edtica liter\u00e1ria vem discutindo a import\u00e2ncia deste conto como um cap\u00edtulo introdut\u00f3rio de DR\u00c1CULA. A hist\u00f3ria gira em torno de um viajante ingl\u00eas n\u00e3o identificado, associado a Jonathan Harker, nos momentos anteriores \u00e0 sua partida para a Transilv\u00e2nia, onde o mesmo se depara com acontecimentos sobrenaturais, for\u00e7as desconhecidas e criaturas fant\u00e1sticas.<\/p>\n<p style=\"text-align: justify;\">Bram Stoker publicou seu romance \u201cDr\u00e1cula\u201d em maio de 1897, estruturando-o como um romance epistolar, escrito a partir de uma s\u00e9rie de cartas, relatos, di\u00e1rios pessoais, reportagens de jornais, registros de bordo, etc. A solu\u00e7\u00e3o narrativa do autor foi brilhante: narrar a hist\u00f3ria a partir dos di\u00e1rios e memorandos de seus protagonistas, com isso as confiss\u00f5es e desesperos dos envolvidos na trama v\u00e3o dando forma ao perigo, que s\u00f3 muito depois se torna completamente evidente. Ele nos apresenta tamb\u00e9m os costumes, tradi\u00e7\u00f5es e a cultura da Inglaterra vitoriana e o a rea\u00e7\u00e3o dos brit\u00e2nicos com rela\u00e7\u00e3o ao que vem do estrangeiro, personificado atrav\u00e9s do medo arquetipiano da figura do vampiro. Nesse sentido, a realidade do racionalismo brit\u00e2nico entra em choque com o sobrenatural, explicitado atrav\u00e9s das figuras opostas de Dr\u00e1cula e de Van Helsing, ambos estrangeiros e pertencentes a sociedades estranhas aos costumes brit\u00e2nicos. A atmosfera g\u00f3tica \u00e9 o pilar do romance: a maior parte da hist\u00f3ria se passa na Inglaterra, ber\u00e7o da civiliza\u00e7\u00e3o industrial e para onde o Conde se dirige com o intuito secreto de conquistar o mundo, o que \u00e9 apenas sublimado ao longo da narrativa. Quando o conhecimento cient\u00edfico encontra seu limite para lidar com os fatos, resta o conhecimento popular. \u00c9 desse conhecimento que Van Helsing tira os procedimentos necess\u00e1rios para acabar com o vampiro. As dicotomias entre as figuras do bem e do mal s\u00e3o figuradas nos personagens humanos e nos vampiros. O \u00fanico contato entre os universos \u00e9 a sensualidade e o erotismo.<\/p>\n<p style=\"text-align: justify;\">O medo de vampiros \u00e9 anterior \u00e0 publica\u00e7\u00e3o da obra de Stoker, tendo j\u00e1 aparecido em 1819, na obra \u201cO Vampiro\u201d, de autoria de John Polidori (1795-1821), contempor\u00e2neo de Mary Shelley e de Lorde Byron, entretanto, a propaga\u00e7\u00e3o do mito e do medo e a inspira\u00e7\u00e3o para milhares de outras fabula\u00e7\u00f5es sobre vampirismo, deve-se, e muito, ao romance DR\u00c1CULA. O personagem principal, que \u00e9 apresentado indiretamente atrav\u00e9s das narrativas dos demais personagens, pode ter sido inspirado na vida do pr\u00edncipe Vlad Tepes, cuja crueldade e prazer em ver a agonia de suas v\u00edtimas contribu\u00edram para que Bram Stoker criasse um ser t\u00e3o perverso. Quando foi publicado em 1897, \u201cDr\u00e1cula\u201d n\u00e3o foi um best-seller imediato, embora as cr\u00edticas fossem extremamente favor\u00e1veis, classificando Bram Stoker como sendo superior a Mary Shelley e Edgar Allan Poe. O romance tornou-se mais significativo para os leitores modernos do que foi para os leitores contempor\u00e2neos do autor, atingindo seu grande status lend\u00e1rio cl\u00e1ssico ao longo do s\u00e9culo 20, quando as vers\u00f5es cinematogr\u00e1ficas apareceram. No entanto, alguns f\u00e3s da \u00e9poca vitoriana o descreveram como \u201ca sensa\u00e7\u00e3o da temporada\u201d e \u201co romance de gelar o sangue do s\u00e9culo\u201d. Sir Arthur Conan Doyle, criador de Sherlock Holmes, escreveu a Stoker, afirmando, \u201cEscrevo-lhe para dizer o quanto eu gostei de ler &#8216;Dr\u00e1cula&#8217;\u201d.<\/p>\n","protected":false},"excerpt":{"rendered":"<p>AUTOR: <a href=\"https:\/\/editoralandmark.com.br\/v2.0\/2022\/02\/20\/bram-stoker-1847-1912\/\">BRAM STOKER<\/a><br \/>\nTRADU\u00c7\u00c3O E NOTAS: DORIS GOETTEMS<br \/>\nADAPTA\u00c7\u00c3O:<br \/>\nILUSTRADOR:\u00a0***************<br \/>\nIDIOMA: PORTUGU\u00caS-INGL\u00caS<br \/>\nLAN\u00c7AMENTO: 10\/2012<br \/>\nACABAMENTO:\u00a0EPUB<br \/>\nFORMATO:\u00a016CM X 23CM<br \/>\nP\u00c1GINAS: 432<br \/>\nPESO: 500 G<br \/>\nISBN: 9788580700091<br \/>\nISBN DIGITAL:9788580700107<\/p>\n","protected":false},"featured_media":1723,"template":"","meta":[],"product_brand":[],"product_cat":[18,21,30,33,36,37],"product_tag":[],"class_list":{"0":"post-1722","1":"product","2":"type-product","3":"status-publish","4":"has-post-thumbnail","6":"product_cat-classicos-mundiais","7":"product_cat-edicao-bilingue","8":"product_cat-literatura-inglesa","9":"product_cat-livro-digital","10":"product_cat-romance","11":"product_cat-suspense","12":"product_shipping_class-correios","13":"description-off","15":"first","16":"instock","17":"virtual","18":"purchasable","19":"product-type-simple"},"aioseo_notices":[],"_links":{"self":[{"href":"https:\/\/editoralandmark.com.br\/v2.0\/wp-json\/wp\/v2\/product\/1722","targetHints":{"allow":["GET"]}}],"collection":[{"href":"https:\/\/editoralandmark.com.br\/v2.0\/wp-json\/wp\/v2\/product"}],"about":[{"href":"https:\/\/editoralandmark.com.br\/v2.0\/wp-json\/wp\/v2\/types\/product"}],"wp:featuredmedia":[{"embeddable":true,"href":"https:\/\/editoralandmark.com.br\/v2.0\/wp-json\/wp\/v2\/media\/1723"}],"wp:attachment":[{"href":"https:\/\/editoralandmark.com.br\/v2.0\/wp-json\/wp\/v2\/media?parent=1722"}],"wp:term":[{"taxonomy":"product_brand","embeddable":true,"href":"https:\/\/editoralandmark.com.br\/v2.0\/wp-json\/wp\/v2\/product_brand?post=1722"},{"taxonomy":"product_cat","embeddable":true,"href":"https:\/\/editoralandmark.com.br\/v2.0\/wp-json\/wp\/v2\/product_cat?post=1722"},{"taxonomy":"product_tag","embeddable":true,"href":"https:\/\/editoralandmark.com.br\/v2.0\/wp-json\/wp\/v2\/product_tag?post=1722"}],"curies":[{"name":"wp","href":"https:\/\/api.w.org\/{rel}","templated":true}]}}