{"id":1724,"date":"2012-10-04T15:39:37","date_gmt":"2012-10-04T18:39:37","guid":{"rendered":"https:\/\/editoralandmark.com.br\/v2.0\/?post_type=product&#038;p=1724"},"modified":"2024-03-27T14:42:19","modified_gmt":"2024-03-27T17:42:19","slug":"sementes-da-razao-2","status":"publish","type":"product","link":"https:\/\/editoralandmark.com.br\/v2.0\/produto\/sementes-da-razao-2\/","title":{"rendered":"SEMENTES DA RAZ\u00c3O"},"content":{"rendered":"<p>No cen\u00e1rio hist\u00f3rico da Fran\u00e7a do s\u00e9culo XIII, personagens reais e fict\u00edcios t\u00eam as suas vidas entrela\u00e7adas na dif\u00edcil tarefa de tentarem edificar um templo para o sagrado, um templo digno de ser a morada de Deus na terra. Em uma sociedade de lutas e atribula\u00e7\u00f5es, de crises e de f\u00e9, que na cidade real de Reims, um grupo de artes\u00e3os e de artistas livres, libertos do estado de pobreza e serventia, tem que lutar para manter acesa a chama viva dos seus ideais e das suas conquistas.<\/p>\n<p>\u00c9 em Reims, a cidade das coroa\u00e7\u00f5es, onde crist\u00e3os, judeus e mu\u00e7ulmanos convivem, que nasce um dos maiores templos da Cristandade e onde a hist\u00f3ria de SEMENTES DA RAZ\u00c3O \u00e9 ambientada, mas este n\u00e3o \u00e9 um livro simplesmente para ser lido, para descobri-lo inteiramente \u00e9 necess\u00e1rio que ele seja decifrado, deixando-se envolver por todo o fasc\u00ednio, os mist\u00e9rios e os segredos contidos na sagrada arte de construir uma catedral g\u00f3tica, representante m\u00e1xima do esplendor da arquitetura e da religiosidade medievais. Uma trama envolvente, uma aventura inusitada, enfatizando as virtudes, os v\u00edcios, as incertezas, os medos e a esperan\u00e7a sempre renovada de pessoas irremediavelmente aprisionadas ao absolutismo pol\u00edtico e teocr\u00e1tico da Idade M\u00e9dia.<\/p>\n<p>Um romance sobre uma \u00e9poca de compromissos e fidelidade, sobre antigas tradi\u00e7\u00f5es e sobre os pedreiros-livres que nos faz viajar no tempo e surpreendentemente constatar que os costumes e os valores orientados pelo ide\u00e1rio e pelo imagin\u00e1rio medievais, aparentemente t\u00e3o remotos, ainda persistem arraigados nos nossos cora\u00e7\u00f5es e mentes.<\/p>\n","protected":false},"excerpt":{"rendered":"<p>AUTOR: <a title=\"Celso Abrah\u00e3o\" href=\"https:\/\/editoralandmark.com.br\/v2.0\/2022\/01\/22\/celso-abrahao\/\" target=\"_blank\" rel=\"noopener\">CELSO ABRAH\u00c3O<\/a><br \/>\nTRADU\u00c7\u00c3O E NOTAS: ***************<br \/>\nADAPTA\u00c7\u00c3O: ***************<br \/>\nILUSTRADOR:\u00a0***************<br \/>\nIDIOMA: PORTUGU\u00caS<br \/>\nLAN\u00c7AMENTO: 10\/2012<br \/>\nACABAMENTO: EPUB<br \/>\nFORMATO:\u00a016CM X 23CM<br \/>\nP\u00c1GINAS: 256<br \/>\nPESO: 350 G<br \/>\nISBN: 9788580700237<br \/>\nISBN DIGITAL: 9788580700268<\/p>\n","protected":false},"featured_media":1725,"template":"","meta":[],"product_brand":[],"product_cat":[24,26,33],"product_tag":[],"class_list":{"0":"post-1724","1":"product","2":"type-product","3":"status-publish","4":"has-post-thumbnail","6":"product_cat-ficcao-historica","7":"product_cat-literatura-brasileira","8":"product_cat-livro-digital","9":"product_shipping_class-correios","10":"description-off","12":"first","13":"instock","14":"virtual","15":"purchasable","16":"product-type-simple"},"aioseo_notices":[],"_links":{"self":[{"href":"https:\/\/editoralandmark.com.br\/v2.0\/wp-json\/wp\/v2\/product\/1724","targetHints":{"allow":["GET"]}}],"collection":[{"href":"https:\/\/editoralandmark.com.br\/v2.0\/wp-json\/wp\/v2\/product"}],"about":[{"href":"https:\/\/editoralandmark.com.br\/v2.0\/wp-json\/wp\/v2\/types\/product"}],"wp:featuredmedia":[{"embeddable":true,"href":"https:\/\/editoralandmark.com.br\/v2.0\/wp-json\/wp\/v2\/media\/1725"}],"wp:attachment":[{"href":"https:\/\/editoralandmark.com.br\/v2.0\/wp-json\/wp\/v2\/media?parent=1724"}],"wp:term":[{"taxonomy":"product_brand","embeddable":true,"href":"https:\/\/editoralandmark.com.br\/v2.0\/wp-json\/wp\/v2\/product_brand?post=1724"},{"taxonomy":"product_cat","embeddable":true,"href":"https:\/\/editoralandmark.com.br\/v2.0\/wp-json\/wp\/v2\/product_cat?post=1724"},{"taxonomy":"product_tag","embeddable":true,"href":"https:\/\/editoralandmark.com.br\/v2.0\/wp-json\/wp\/v2\/product_tag?post=1724"}],"curies":[{"name":"wp","href":"https:\/\/api.w.org\/{rel}","templated":true}]}}