{"id":1726,"date":"2012-07-04T15:41:30","date_gmt":"2012-07-04T18:41:30","guid":{"rendered":"https:\/\/editoralandmark.com.br\/v2.0\/?post_type=product&#038;p=1726"},"modified":"2024-03-27T14:42:19","modified_gmt":"2024-03-27T17:42:19","slug":"talvez-eu-nao-tenha-vivido-em-vao-2","status":"publish","type":"product","link":"https:\/\/editoralandmark.com.br\/v2.0\/produto\/talvez-eu-nao-tenha-vivido-em-vao-2\/","title":{"rendered":"TALVEZ EU N\u00c3O TENHA VIVIDO EM V\u00c3O"},"content":{"rendered":"<p style=\"text-align: justify;\">Todo ser humano teme e \u00e9 fascinado pela morte.\u00a0\u00c9 o \u00fanico fato que todo ser vivente deve enfrentar e, no entanto, ainda \u00e9 um dos mais desconhecidos e misteriosos eventos da vida.<\/p>\n<p style=\"text-align: justify;\">Alguns deleitam-se com a sua m\u00edstica; outros passam a vida a estud\u00e1-la, enquanto a grande maioria das pessoas considera-a um t\u00f3pico a ser evitado, como se a pr\u00f3pria conversa aproximasse-nos inexoravelmente do nosso destino final. Milenares teorias filos\u00f3ficas e religiosas tentaram e ainda tentam dar um significado a esse momento, contudo, o interesse das pessoas pelos instantes finais vai al\u00e9m de um mero interesse cient\u00edfico, religioso ou m\u00f3rbido e atinge um grau de fascina\u00e7\u00e3o diante da import\u00e2ncia que certas pessoas tiveram na forma\u00e7\u00e3o de sociedades e de pensamentos.<\/p>\n<p style=\"text-align: justify;\">O fasc\u00ednio pela biografia de grandes homens e mulheres sempre foi mat\u00e9ria para amplos estudos, a fazer constantemente com que o ser humano interessasse-se pelos detalhes das vidas daqueles que influenciaram e ainda influenciam as vidas particulares de cada um; detalhes sobre os aspetos determinantes da vida dessas personagens tornam-se refer\u00eancia para o aperfei\u00e7oamento do mundo no qual vivemos.<\/p>\n<p style=\"text-align: justify;\">O que \u00e9 apresentado nesta obra \u00e9 um breve comp\u00eandio das \u00faltimas palavras e declara\u00e7\u00f5es proferidas por personalidades da hist\u00f3ria pouco antes das suas mortes. Dado o n\u00famero enorme de trabalhos biogr\u00e1ficos que ainda precisa ser realizado, n\u00e3o se pretende aqui esgotar o tema, mas sim, trazer uma breve luz sobre os instantes finais daqueles que participaram do destino dos povos, sejam pol\u00edticos, artistas, escritores, fil\u00f3sofos, cientistas ou l\u00edderes religiosos. Al\u00e9m de apenas coletar esses mesmos registos isoladamente, este trabalho vem tamb\u00e9m apresentar alguns dados biogr\u00e1ficos de cada personalidade para situar a sua origem, o per\u00edodo em que viveram e o contexto no qual as suas \u00faltimas palavras foram proferidas, tendo-se tamb\u00e9m a preocupa\u00e7\u00e3o de selecionar e organizar cada declara\u00e7\u00e3o a partir das datas de falecimento de cada personagem para melhor situar a import\u00e2ncia das suas vidas e dos per\u00edodos em que viveram.<\/p>\n<p style=\"text-align: justify;\">Esta obra procura registrar as \u00faltimas manifesta\u00e7\u00f5es de presidentes, imperadores, l\u00edderes religiosos, pol\u00edticos e civis, reis e rainhas, pensadores, fil\u00f3sofos, artistas e cientistas, como Maquiavel, Joana D&#8217;Arc, Alexandre II, J\u00falio C\u00e9sar, Nero, Giuseppe Garibaldi, Henrique VIII, Elisabeth I, Francisco Ferdinando, Churchill, Mussolini, Himmler, Pinochet, Hegel, David Hume, Nietzsche, S\u00f3crates, Voltaire, Darwin, Goethe, Oscar Wilde, Jane Austen, Beethoven, Charles Chaplin, Isadora Duncan, Frank Sinatra, John Lennon, Chopin, Victor Hugo, Jo\u00e3o Paulo II, Freud, Einstein, Fernando Pessoa, Edith Piaf, entre outras pessoas. No Brasil, ao contr\u00e1rio de outras culturas e regi\u00f5es, h\u00e1 uma aus\u00eancia de registros dos nomes que por aqui passaram, incluindo os presidentes dessa na\u00e7\u00e3o, escritores e artistas. Pretende apresentadas as \u00faltimas palavras de, entre outros, Tiradentes, Get\u00falio Vargas, Olavo Bilac, Ant\u00f4nio Carlos Gomes, Visconde de Taunay, Prudente de Moraes, Jos\u00e9 Carlos do Patroc\u00ednio, Machado de Assis e Ruy Barbosa, junto aos seus dados biogr\u00e1ficos, contexto e curiosidades.<\/p>\n","protected":false},"excerpt":{"rendered":"<p>AUTOR:\u00a0<a title=\"F\u00e1bio Pedro-Cyrino\" href=\"https:\/\/editoralandmark.com.br\/v2.0\/2022\/01\/22\/fabio-pedro-cyrino\/\" target=\"_blank\" rel=\"noopener\">F\u00c1BIO PEDRO-CYRINO<\/a><br \/>\nTRADU\u00c7\u00c3O E NOTAS:\u00a0***************<br \/>\nADAPTA\u00c7\u00c3O:\u00a0***************<br \/>\nILUSTRADOR:\u00a0***************<br \/>\nIDIOMA:\u00a0PORTUGU\u00caS<br \/>\nLAN\u00c7AMENTO:\u00a007\/2012<br \/>\nACABAMENTO: EPUB<br \/>\nFORMATO:\u00a016CM X 23CM<br \/>\nP\u00c1GINAS:\u00a0238<br \/>\nPESO: 300 G<br \/>\nISBN: 9788588781436<br \/>\nISBN DIGITAL: 9788588781795<\/p>\n","protected":false},"featured_media":1727,"template":"","meta":[],"product_brand":[],"product_cat":[17,22,26,33,34],"product_tag":[],"class_list":{"0":"post-1726","1":"product","2":"type-product","3":"status-publish","4":"has-post-thumbnail","6":"product_cat-biografias","7":"product_cat-ensaios","8":"product_cat-literatura-brasileira","9":"product_cat-livro-digital","10":"product_cat-nao-ficcao","11":"product_shipping_class-correios","12":"description-off","14":"first","15":"instock","16":"virtual","17":"purchasable","18":"product-type-simple"},"aioseo_notices":[],"_links":{"self":[{"href":"https:\/\/editoralandmark.com.br\/v2.0\/wp-json\/wp\/v2\/product\/1726","targetHints":{"allow":["GET"]}}],"collection":[{"href":"https:\/\/editoralandmark.com.br\/v2.0\/wp-json\/wp\/v2\/product"}],"about":[{"href":"https:\/\/editoralandmark.com.br\/v2.0\/wp-json\/wp\/v2\/types\/product"}],"wp:featuredmedia":[{"embeddable":true,"href":"https:\/\/editoralandmark.com.br\/v2.0\/wp-json\/wp\/v2\/media\/1727"}],"wp:attachment":[{"href":"https:\/\/editoralandmark.com.br\/v2.0\/wp-json\/wp\/v2\/media?parent=1726"}],"wp:term":[{"taxonomy":"product_brand","embeddable":true,"href":"https:\/\/editoralandmark.com.br\/v2.0\/wp-json\/wp\/v2\/product_brand?post=1726"},{"taxonomy":"product_cat","embeddable":true,"href":"https:\/\/editoralandmark.com.br\/v2.0\/wp-json\/wp\/v2\/product_cat?post=1726"},{"taxonomy":"product_tag","embeddable":true,"href":"https:\/\/editoralandmark.com.br\/v2.0\/wp-json\/wp\/v2\/product_tag?post=1726"}],"curies":[{"name":"wp","href":"https:\/\/api.w.org\/{rel}","templated":true}]}}