{"id":1728,"date":"2011-12-20T15:44:09","date_gmt":"2011-12-20T17:44:09","guid":{"rendered":"https:\/\/editoralandmark.com.br\/v2.0\/?post_type=product&#038;p=1728"},"modified":"2024-03-27T14:42:20","modified_gmt":"2024-03-27T17:42:20","slug":"bel-ami-2","status":"publish","type":"product","link":"https:\/\/editoralandmark.com.br\/v2.0\/produto\/bel-ami-2\/","title":{"rendered":"BEL-AMI"},"content":{"rendered":"<p style=\"text-align: justify;\">BEL-AMI \u00e9 um romance realista escrito por Guy de Maupassant publicado em 1885 sob a forma de folhetim na revista liter\u00e1ria &#8220;Gil Blas&#8221;, que explora a sociedade e as atitudes em rela\u00e7\u00e3o \u00e0 riqueza, ao poder e ao oportunismo, retratando a ascens\u00e3o social de Georges Duroy, homem ambicioso e sedutor, al\u00e9m de arrivista e oportunista, lan\u00e7ado ao topo sociedade parisiense, gra\u00e7as \u00e0 ajuda de suas amantes e do conluio entre a imprensa, as finan\u00e7as e a pol\u00edtica.<\/p>\n<p style=\"text-align: justify;\">A obra se apresenta como uma pequena monografia da imprensa parisiense, onde Maupassant retrata implicitamente a sua pr\u00f3pria experi\u00eancia como jornalista. Assim a ascens\u00e3o de Georges Duroy, ou BEL-AMI, pode ser comparada \u00e0 pr\u00f3pria ascens\u00e3o de Maupassant. De fato, BEL-AMI \u00e9 a descri\u00e7\u00e3o perfeita e inversa da vida de Guy de Maupassant, onde Georges Duroy representa o contr\u00e1rio do autor, conforme pode ser visto ao longo do romance. Atrav\u00e9s do personagem, o autor nos faz descobrir o mundo do jornalismo e da alta sociedade, sob a \u00f3tica dos esc\u00e2ndalos pol\u00edticos e financeiros. Agindo como um verdadeiro canalha, incerto e inconstante tanto nos dom\u00ednios do amor quanto nos das ideias, Georges Duroy se vale de seu charme, do seu corpo e das mulheres para crescer social, pol\u00edtica e financeiramente.<\/p>\n<p style=\"text-align: justify;\">O romance, recheado de cenas sensuais, descreve Paris em detalhes, al\u00e9m das regi\u00f5es campesinas em torno da capital francesa Georges Duroy explora as fraquezas das pessoas que o cercam em proveito pr\u00f3prio dentro de um processo pessoal de manipula\u00e7\u00e3o: Ele utiliza o sexo como uma arma para conseguir das amantes o que deseja, uma vez que cada mulher que ele seduz serve para um prop\u00f3sito espec\u00edfico, seja profissional, financeiro ou at\u00e9 mesmo pol\u00edtico.<\/p>\n","protected":false},"excerpt":{"rendered":"<p>AUTOR: <a href=\"https:\/\/editoralandmark.com.br\/v2.0\/2022\/02\/20\/guy-de-maupassant-1850-1893\/\">GUY DE MAUPASSANT<\/a><br \/>\nTRADU\u00c7\u00c3O E NOTAS: <a title=\"Guy de Maupassant \u2013 (1850-1893)\" href=\"https:\/\/editoralandmark.com.br\/v2.0\/2022\/01\/22\/guy-de-maupassant-1850-1893\/\">VERA SILVIA CAMARGO GUARNIERI<\/a><br \/>\nADAPTA\u00c7\u00c3O: ***************<br \/>\nILUSTRADOR:\u00a0***************<br \/>\nIDIOMA:\u00a0PORTUGU\u00caS-FRANC\u00caS<br \/>\nLAN\u00c7AMENTO: 12\/2011<br \/>\nACABAMENTO: EPUB<br \/>\nFORMATO:\u00a016CM X 23CM<br \/>\nP\u00c1GINAS: 432<br \/>\nPESO: 500 G<br \/>\nISBN: 9788580700169<br \/>\nISBN DIGITAL: 9788580700152<\/p>\n","protected":false},"featured_media":1729,"template":"","meta":[],"product_brand":[],"product_cat":[18,21,29,33,36],"product_tag":[64],"class_list":{"0":"post-1728","1":"product","2":"type-product","3":"status-publish","4":"has-post-thumbnail","6":"product_cat-classicos-mundiais","7":"product_cat-edicao-bilingue","8":"product_cat-literatura-francesa","9":"product_cat-livro-digital","10":"product_cat-romance","11":"product_tag-livros","12":"product_shipping_class-correios","13":"description-off","15":"first","16":"instock","17":"virtual","18":"purchasable","19":"product-type-simple"},"aioseo_notices":[],"_links":{"self":[{"href":"https:\/\/editoralandmark.com.br\/v2.0\/wp-json\/wp\/v2\/product\/1728","targetHints":{"allow":["GET"]}}],"collection":[{"href":"https:\/\/editoralandmark.com.br\/v2.0\/wp-json\/wp\/v2\/product"}],"about":[{"href":"https:\/\/editoralandmark.com.br\/v2.0\/wp-json\/wp\/v2\/types\/product"}],"wp:featuredmedia":[{"embeddable":true,"href":"https:\/\/editoralandmark.com.br\/v2.0\/wp-json\/wp\/v2\/media\/1729"}],"wp:attachment":[{"href":"https:\/\/editoralandmark.com.br\/v2.0\/wp-json\/wp\/v2\/media?parent=1728"}],"wp:term":[{"taxonomy":"product_brand","embeddable":true,"href":"https:\/\/editoralandmark.com.br\/v2.0\/wp-json\/wp\/v2\/product_brand?post=1728"},{"taxonomy":"product_cat","embeddable":true,"href":"https:\/\/editoralandmark.com.br\/v2.0\/wp-json\/wp\/v2\/product_cat?post=1728"},{"taxonomy":"product_tag","embeddable":true,"href":"https:\/\/editoralandmark.com.br\/v2.0\/wp-json\/wp\/v2\/product_tag?post=1728"}],"curies":[{"name":"wp","href":"https:\/\/api.w.org\/{rel}","templated":true}]}}