{"id":1730,"date":"2010-10-04T15:47:06","date_gmt":"2010-10-04T18:47:06","guid":{"rendered":"https:\/\/editoralandmark.com.br\/v2.0\/?post_type=product&#038;p=1730"},"modified":"2024-03-27T14:42:21","modified_gmt":"2024-03-27T17:42:21","slug":"o-estranho-caso-do-doutor-jekyll-e-do-senhor-hyde-the-strange-case-of-doctor-jekyll-and-mister-hyde-2","status":"publish","type":"product","link":"https:\/\/editoralandmark.com.br\/v2.0\/produto\/o-estranho-caso-do-doutor-jekyll-e-do-senhor-hyde-the-strange-case-of-doctor-jekyll-and-mister-hyde-2\/","title":{"rendered":"O ESTRANHO CASO DO DOUTOR JEKYLL E DO SENHOR HYDE: THE STRANGE CASE OF DOCTOR JEKYLL AND MISTER HYDE"},"content":{"rendered":"<p style=\"text-align: justify;\">Londres, final do s\u00e9culo XIX: um misterioso homem que desafia a pol\u00edcia metropolitana; um advogado em busca de desvendar a real identidade criminoso. O clima sombrio da capital inglesa contorna a hist\u00f3ria e d\u00e1 o tom de mist\u00e9rio, pois mesmo durante o dia, a n\u00e9voa deixa a cidade escura, transformando os seus habitantes em vultos fantasmag\u00f3ricos.<\/p>\n<p style=\"text-align: justify;\">Escrito em 1886 pelo escoc\u00eas Robert Louis Stevenson, o cl\u00e1ssico conta a hist\u00f3ria de Utterson, um advogado que acompanha os horrores acontecidos em Londres no final do s\u00e9culo XIX por um misterioso homem que comete crimes e provoca a pol\u00edcia metropolitana. O clima sombrio da capital inglesa contorna a hist\u00f3ria e d\u00e1 o tom de mist\u00e9rio, pois mesmo durante o dia, a n\u00e9voa deixa a cidade escura, transformando os transeuntes em vultos.\u00a0O contexto hist\u00f3rico do pa\u00eds tamb\u00e9m \u00e9 transcrito na trama: avan\u00e7o nas pesquisas e experimentos cient\u00edficos, \u00eaxodo rural devido a Revolu\u00e7\u00e3o Industrial que ali se instalara, contraste econ\u00f4mico, centro urbano em estado de caos, fuma\u00e7a, polui\u00e7\u00e3o e aumento dos \u00edndices criminais, motivo pelo qual em 1829 foi criada a Scotland Yard, considerado por muitos, sua primeira cita\u00e7\u00e3o na literatura. Pode-se afirmar que em meio a esta conjuntura, o lado tenebroso da sociedade vitoriana e a dualidade do homem foram discutidas nessa obra-prima da literatura inglesa.<\/p>\n<p style=\"text-align: justify;\">A quest\u00e3o de todos terem em si o Bem, cristalizado em condutas corretas e morais, e o Mal, quando as conven\u00e7\u00f5es sociais s\u00e3o abstra\u00eddas e os atos conden\u00e1veis s\u00e3o cometidos, \u00e9 um tema atual e aplic\u00e1vel em diversos setores da vida, sendo um dos motivos que torna \u201cO Estranho Caso do Doutor Jekyll e do Senhor Hyde\u201d um dos cl\u00e1ssicos imortais da literatura.<\/p>\n<p style=\"text-align: justify;\">A atmosfera de suspense \u00e9 trabalhada extremamente bem e o leitor percebe o tempo todo a escurid\u00e3o por detr\u00e1s da hist\u00f3ria. Afinal, quantas e quantas vezes n\u00e3o temos que lidar com as tantas facetas obscuras daqueles com quem convivemos?<\/p>\n","protected":false},"excerpt":{"rendered":"<p>AUTOR: <a title=\"Robert Louis Stevenson \u2013 (1850-1894)\" href=\"https:\/\/editoralandmark.com.br\/v2.0\/2022\/01\/22\/robert-louis-stevenson-1850-1894\/\" target=\"_blank\" rel=\"noopener\">ROBERT LOUIS STEVENSON<\/a><br \/>\nTRADU\u00c7\u00c3O E NOTAS: F\u00c1BIO PEDRO-CYRINO<br \/>\nADAPTA\u00c7\u00c3O: RODRIGO FRAGELLI<br \/>\nILUSTRADOR: ***************<br \/>\nIDIOMA: PORTUGU\u00caS-INGL\u00caS<br \/>\nLAN\u00c7AMENTO: 10\/2010<br \/>\nACABAMENTO: EPUB<br \/>\nFORMATO: DIGITAL<br \/>\nP\u00c1GINAS: 122<br \/>\nPESO: 150G<br \/>\nISBN: 9788588781412<br \/>\nISBN DIGITAL: 9788588781696<\/p>\n","protected":false},"featured_media":1988,"template":"","meta":[],"product_brand":[],"product_cat":[18,19,21,30,33,37],"product_tag":[],"class_list":{"0":"post-1730","1":"product","2":"type-product","3":"status-publish","4":"has-post-thumbnail","6":"product_cat-classicos-mundiais","7":"product_cat-contos","8":"product_cat-edicao-bilingue","9":"product_cat-literatura-inglesa","10":"product_cat-livro-digital","11":"product_cat-suspense","12":"product_shipping_class-correios","13":"description-off","15":"first","16":"instock","17":"virtual","18":"purchasable","19":"product-type-simple"},"aioseo_notices":[],"_links":{"self":[{"href":"https:\/\/editoralandmark.com.br\/v2.0\/wp-json\/wp\/v2\/product\/1730","targetHints":{"allow":["GET"]}}],"collection":[{"href":"https:\/\/editoralandmark.com.br\/v2.0\/wp-json\/wp\/v2\/product"}],"about":[{"href":"https:\/\/editoralandmark.com.br\/v2.0\/wp-json\/wp\/v2\/types\/product"}],"wp:featuredmedia":[{"embeddable":true,"href":"https:\/\/editoralandmark.com.br\/v2.0\/wp-json\/wp\/v2\/media\/1988"}],"wp:attachment":[{"href":"https:\/\/editoralandmark.com.br\/v2.0\/wp-json\/wp\/v2\/media?parent=1730"}],"wp:term":[{"taxonomy":"product_brand","embeddable":true,"href":"https:\/\/editoralandmark.com.br\/v2.0\/wp-json\/wp\/v2\/product_brand?post=1730"},{"taxonomy":"product_cat","embeddable":true,"href":"https:\/\/editoralandmark.com.br\/v2.0\/wp-json\/wp\/v2\/product_cat?post=1730"},{"taxonomy":"product_tag","embeddable":true,"href":"https:\/\/editoralandmark.com.br\/v2.0\/wp-json\/wp\/v2\/product_tag?post=1730"}],"curies":[{"name":"wp","href":"https:\/\/api.w.org\/{rel}","templated":true}]}}