{"id":1774,"date":"2016-05-07T09:53:14","date_gmt":"2016-05-07T12:53:14","guid":{"rendered":"https:\/\/editoralandmark.com.br\/v2.0\/?post_type=product&#038;p=1774"},"modified":"2024-03-27T14:41:40","modified_gmt":"2024-03-27T17:41:40","slug":"persuasao-persuasion-2","status":"publish","type":"product","link":"https:\/\/editoralandmark.com.br\/v2.0\/produto\/persuasao-persuasion-2\/","title":{"rendered":"PERSUAS\u00c3O: PERSUASION"},"content":{"rendered":"<p style=\"text-align: justify;\">PERSUAS\u00c3O \u00e9 o \u00faltimo romance completo escrito por Jane Austen, sendo publicado postumamente em 1818. A obra costuma ser associada a outro de seus romances, \u201cA Abadia de Northanger\u201d, n\u00e3o somente pelo fato dos dois livros terem sido originalmente publicados em um \u00fanico volume, mas tamb\u00e9m por estarem ambas as hist\u00f3rias situadas na cidade de Bath, balne\u00e1rio onde Jane Austen viveu entre os anos de 1801 e 1805.<\/p>\n<p style=\"text-align: justify;\">A trama de PERSUAS\u00c3O gira em torno dos amores de Anne Elliot que se apaixona pelo pobre, por\u00e9m ambicioso jovem oficial da marinha, capit\u00e3o Frederick Wentworth. A fam\u00edlia de Anne n\u00e3o concorda com esta rela\u00e7\u00e3o e a persuade a romper o relacionamento amoroso. Anos ap\u00f3s, Anne reencontra Frederick, agora cortejando sua amiga e vizinha, Louisa Musgrove. PERSUAS\u00c3O \u00e9 amplamente apreciado como uma simp\u00e1tica hist\u00f3ria de amor, de trama simples, bem elaborada, sendo original por diversos motivos, mas principalmente pelo fato de ser uma das poucas hist\u00f3rias da escritora que n\u00e3o apresenta a hero\u00edna em sua plena juventude. O romance tamb\u00e9m \u00e9 um apan\u00e1gio ao homem de iniciativa, retratado atrav\u00e9s do personagem do capit\u00e3o Frederick Wentworth que parte de uma origem humilde e que alcan\u00e7a influ\u00eancia e posi\u00e7\u00e3o social pela for\u00e7a de seus m\u00e9ritos pessoais.<\/p>\n<p style=\"text-align: justify;\">PERSUAS\u00c3O representa a fase mais amadurecida de Jane Austen, que consegue manter um distanciamento com rela\u00e7\u00e3o ao tom sat\u00edrico de seus romances anteriores. Por meio da an\u00e1lise do car\u00e1ter da protagonista, Jane Austen j\u00e1 demonstra ao leitor seu amplo conhecimento sobre a complexidade do comportamento humano.<\/p>\n","protected":false},"excerpt":{"rendered":"<p>AUTOR: <a href=\"https:\/\/editoralandmark.com.br\/v2.0\/2022\/03\/02\/jane-austen-1775-1817\/\">JANE AUSTEN<\/a><br \/>\nTRADU\u00c7\u00c3O E NOTAS: ISABEL SEQUEIRA<br \/>\nADAPTA\u00c7\u00c3O: F\u00c1BIO PEDRO-CYRINO<br \/>\nILUSTRADOR:\u00a0***************<br \/>\nIDIOMA: PORTUGU\u00caS-INGL\u00caS<br \/>\nLAN\u00c7AMENTO: 05\/2016<br \/>\nACABAMENTO:\u00a0EPUB<br \/>\nFORMATO:\u00a016CM X 23CM<br \/>\nP\u00c1GINAS: 208<br \/>\nPESO: 250 G<br \/>\nISBN: 9788580700176<br \/>\nISBN DIGITAL: 9788588781993<\/p>\n","protected":false},"featured_media":1775,"template":"","meta":[],"product_brand":[],"product_cat":[18,21,30,33,36],"product_tag":[],"class_list":{"0":"post-1774","1":"product","2":"type-product","3":"status-publish","4":"has-post-thumbnail","6":"product_cat-classicos-mundiais","7":"product_cat-edicao-bilingue","8":"product_cat-literatura-inglesa","9":"product_cat-livro-digital","10":"product_cat-romance","11":"product_shipping_class-correios","12":"description-off","14":"first","15":"instock","16":"virtual","17":"purchasable","18":"product-type-simple"},"aioseo_notices":[],"_links":{"self":[{"href":"https:\/\/editoralandmark.com.br\/v2.0\/wp-json\/wp\/v2\/product\/1774","targetHints":{"allow":["GET"]}}],"collection":[{"href":"https:\/\/editoralandmark.com.br\/v2.0\/wp-json\/wp\/v2\/product"}],"about":[{"href":"https:\/\/editoralandmark.com.br\/v2.0\/wp-json\/wp\/v2\/types\/product"}],"wp:featuredmedia":[{"embeddable":true,"href":"https:\/\/editoralandmark.com.br\/v2.0\/wp-json\/wp\/v2\/media\/1775"}],"wp:attachment":[{"href":"https:\/\/editoralandmark.com.br\/v2.0\/wp-json\/wp\/v2\/media?parent=1774"}],"wp:term":[{"taxonomy":"product_brand","embeddable":true,"href":"https:\/\/editoralandmark.com.br\/v2.0\/wp-json\/wp\/v2\/product_brand?post=1774"},{"taxonomy":"product_cat","embeddable":true,"href":"https:\/\/editoralandmark.com.br\/v2.0\/wp-json\/wp\/v2\/product_cat?post=1774"},{"taxonomy":"product_tag","embeddable":true,"href":"https:\/\/editoralandmark.com.br\/v2.0\/wp-json\/wp\/v2\/product_tag?post=1774"}],"curies":[{"name":"wp","href":"https:\/\/api.w.org\/{rel}","templated":true}]}}