{"id":1784,"date":"2018-04-07T10:16:15","date_gmt":"2018-04-07T13:16:15","guid":{"rendered":"https:\/\/editoralandmark.com.br\/v2.0\/?post_type=product&#038;p=1784"},"modified":"2024-03-27T14:41:39","modified_gmt":"2024-03-27T17:41:39","slug":"ao-redor-da-lua-autour-de-la-lune-2","status":"publish","type":"product","link":"https:\/\/editoralandmark.com.br\/v2.0\/produto\/ao-redor-da-lua-autour-de-la-lune-2\/","title":{"rendered":"AO REDOR DA LUA: AUTOUR DE LA LUNE"},"content":{"rendered":"<p>A sequ\u00eancia de Jules Verne para DA TERRA \u00c0 LUA \u00e9 uma novela de fic\u00e7\u00e3o cient\u00edfica que narra a continua\u00e7\u00e3o das aventuras dos exploradores do clube do canh\u00e3o \u2013 Barbicane, Nicholl e Michael Ardan \u2013 na sua viagem de cinco dias at\u00e9 a lua.<\/p>\n<p>Os tr\u00eas viajantes passam por uma s\u00e9rie de aventuras e desventuras durante o restante da jornada, incluindo intoxica\u00e7\u00e3o por gases e fazendo c\u00e1lculos que os levam, por um breve momento, a acreditar que cair\u00e3o novamente em dire\u00e7\u00e3o \u00e0 Terra. Durante a \u00faltima parte da viagem, torna-se evidente que a for\u00e7a gravitacional do seu encontro anterior com um asteroide brilhante que passara a poucas centenas de metros deles, fez com que o proj\u00e9til se desviasse do seu curso.<\/p>\n<p>Quando o proj\u00e9til come\u00e7a a se afastar da Lua, em dire\u00e7\u00e3o ao \u201cponto morto\u201d (o local em que a atra\u00e7\u00e3o gravitacional da lua e da terra se torna igual), Michel Ardan tem a ideia de usar os foguetes fixados na parte inferior do proj\u00e9til (que seriam originalmente usados para amortecer o choque do pouso) para impulsionar o proj\u00e9til em dire\u00e7\u00e3o \u00e0 lua e esperan\u00e7osamente alcan\u00e7assem assim a sua miss\u00e3o. Quando o proj\u00e9til atinge o ponto de atra\u00e7\u00e3o neutra, os foguetes s\u00e3o disparados, mas \u00e9 tarde demais. O proj\u00e9til come\u00e7a uma queda livre em dire\u00e7\u00e3o da terra. Toda a esperan\u00e7a parece perdida para Barbicane, Nicholl e Ardan.<\/p>\n<p>Estar\u00e3o os nossos aventureiros s\u00e3o e salvos ou a aguardada expedi\u00e7\u00e3o acabou em trag\u00e9dia?<\/p>\n<p>AO REDOR DA LUA, publicado em 1869, quatro anos ap\u00f3s a publica\u00e7\u00e3o de DA TERRA \u00c0 LUA, a primeira parte da hist\u00f3ria, apresenta dados cuidadosamente preparados sobre astronomia, mec\u00e2nica, geografia, qu\u00edmica e f\u00edsica, produzindo uma combina\u00e7\u00e3o perfeita entre plausibilidade e especula\u00e7\u00e3o e garantindo ao leitor que esta grande aventura n\u00e3o seria apenas uma fantasia, mas sim uma possibilidade cient\u00edfica.<\/p>\n","protected":false},"excerpt":{"rendered":"<p>AUTOR: <a href=\"https:\/\/editoralandmark.com.br\/v2.0\/2022\/02\/20\/jules-verne-1828-1905\/\">JULES VERNE<\/a><br \/>\nTRADU\u00c7\u00c3O E NOTAS: VERA SILVIA CAMARGO GUARNIERI<br \/>\nADAPTA\u00c7\u00c3O:\u00a0DORIS GOETTEMS<br \/>\nILUSTRADOR: EMILE ANTOINE BAYARD (1837-1891), ALPHONSE-MARIE ADOLPHE DE NEUVILLE (1835-1927) e HENRI-THEOPHILE HILDIBRAND (1824-1897)<br \/>\nIDIOMA: PORTUGU\u00caS-FRANC\u00caS<br \/>\nLAN\u00c7AMENTO: 04\/2018<br \/>\nACABAMENTO: EPUB<br \/>\nFORMATO:\u00a016CM X 23CM<br \/>\nP\u00c1GINAS: 352<br \/>\nPESO: 450 G<br \/>\nISBN: 9788580700374<br \/>\nISBN DIGITAL: 9788580700367<\/p>\n","protected":false},"featured_media":1785,"template":"","meta":[],"product_brand":[],"product_cat":[16,18,21,23,29,33],"product_tag":[],"class_list":{"0":"post-1784","1":"product","2":"type-product","3":"status-publish","4":"has-post-thumbnail","6":"product_cat-livros","7":"product_cat-classicos-mundiais","8":"product_cat-edicao-bilingue","9":"product_cat-ficcao-cientifica","10":"product_cat-literatura-francesa","11":"product_cat-livro-digital","12":"product_shipping_class-correios","13":"description-off","15":"first","16":"instock","17":"virtual","18":"purchasable","19":"product-type-simple"},"aioseo_notices":[],"_links":{"self":[{"href":"https:\/\/editoralandmark.com.br\/v2.0\/wp-json\/wp\/v2\/product\/1784","targetHints":{"allow":["GET"]}}],"collection":[{"href":"https:\/\/editoralandmark.com.br\/v2.0\/wp-json\/wp\/v2\/product"}],"about":[{"href":"https:\/\/editoralandmark.com.br\/v2.0\/wp-json\/wp\/v2\/types\/product"}],"wp:featuredmedia":[{"embeddable":true,"href":"https:\/\/editoralandmark.com.br\/v2.0\/wp-json\/wp\/v2\/media\/1785"}],"wp:attachment":[{"href":"https:\/\/editoralandmark.com.br\/v2.0\/wp-json\/wp\/v2\/media?parent=1784"}],"wp:term":[{"taxonomy":"product_brand","embeddable":true,"href":"https:\/\/editoralandmark.com.br\/v2.0\/wp-json\/wp\/v2\/product_brand?post=1784"},{"taxonomy":"product_cat","embeddable":true,"href":"https:\/\/editoralandmark.com.br\/v2.0\/wp-json\/wp\/v2\/product_cat?post=1784"},{"taxonomy":"product_tag","embeddable":true,"href":"https:\/\/editoralandmark.com.br\/v2.0\/wp-json\/wp\/v2\/product_tag?post=1784"}],"curies":[{"name":"wp","href":"https:\/\/api.w.org\/{rel}","templated":true}]}}