{"id":1789,"date":"2005-05-07T10:24:55","date_gmt":"2005-05-07T13:24:55","guid":{"rendered":"https:\/\/editoralandmark.com.br\/v2.0\/?post_type=product&#038;p=1789"},"modified":"2024-03-27T14:42:22","modified_gmt":"2024-03-27T17:42:22","slug":"diarios-de-um-rei-exilado-2","status":"publish","type":"product","link":"https:\/\/editoralandmark.com.br\/v2.0\/produto\/diarios-de-um-rei-exilado-2\/","title":{"rendered":"DI\u00c1RIOS DE UM REI EXILADO"},"content":{"rendered":"<p style=\"text-align: justify;\">\u201cInicia-se a viagem comigo e a despeito de mim\u201d. O rei de uma poderosa na\u00e7\u00e3o com col\u00f4nias espalhadas pelo mundo \u00e9 obrigado a lan\u00e7ar-se ao mar, com a fam\u00edlia real e toda a corte, para exilar-se do outro lado do oceano e abrigar-se de um poderoso invasor. Essa hist\u00f3ria lhe parece familiar? Certamente, pois voc\u00ea deve conhec\u00ea-la desde as carteiras escolares. \u00c9 a fabulosa viagem de Dom Jo\u00e3o VI para o Brasil em 1808, que o autor argentino Alejandro Maciel recria em DI\u00c1RIOS DE UM REI EXILADO \u2013 A SAGA DA FUGA PARA O BRASIL DA FAM\u00cdLIA REAL PORTUGUESA NOS DI\u00c1RIOS DE D. JO\u00c3O VI, fic\u00e7\u00e3o hist\u00f3rica em que o narrador \u00e9 o pr\u00f3prio regente de Portugal e futuro Rei do Brasil.<\/p>\n<p style=\"text-align: justify;\">DI\u00c1RIOS DE UM REI EXILADO \u00e9 a segunda obra que Maciel cria baseando-se na hist\u00f3ria brasileira. A anterior foi &#8220;O Livro da Guerra Grande&#8221;, sobre a guerra do Paraguai, escrito em parceria com outros dois autores renomados: Roa Bastos e Eric Nepomuceno. Maciel descreve-se como um autor argentino, que vive no Paraguai e que escreve sobre o Brasil.<\/p>\n<p style=\"text-align: justify;\">A narrativa tem um tom on\u00edrico que inclui as fantasias e sonhos do rei, a respeito do continente desconhecido, que ele v\u00ea como uma esp\u00e9cie de Jardim do \u00c9den, um para\u00edso perdido, onde tudo \u00e9 novo, puro e n\u00e3o foi ainda maculado pela decad\u00eancia europeia. Um \u00c9den do Rei. Suas preocupa\u00e7\u00f5es e divaga\u00e7\u00f5es gravitam em torno da guerra na Europa, o futuro do filho Pedro, a esposa Carlota Joaquina, a antiga e a nova Hist\u00f3ria de sua na\u00e7\u00e3o, al\u00e9m do Estado que ele est\u00e1 carregando sobre as \u00e1guas em mais de dez mil naus para implantar nas novas terras, al\u00e9m das maquina\u00e7\u00f5es da corte.<\/p>\n<p style=\"text-align: justify;\">D. Jo\u00e3o descreve o mar que cruza: \u201cPlano e liso como se nada nem ningu\u00e9m tivesse passado. E passou um Rei.\u201d<\/p>\n","protected":false},"excerpt":{"rendered":"<p>AUTOR: <a href=\"https:\/\/editoralandmark.com.br\/v2.0\/2022\/02\/20\/alejandro-maciel\/\">ALEJANDRO MACIEL<\/a><br \/>\nTRADU\u00c7\u00c3O E NOTAS: TONY FIGUEIRA<br \/>\nADAPTA\u00c7\u00c3O: LUCIANA SALGADO<br \/>\nILUSTRADOR:\u00a0***************<br \/>\nIDIOMA: PORTUGU\u00caS<br \/>\nLAN\u00c7AMENTO: 05\/2015<br \/>\nACABAMENTO: EPUB<br \/>\nFORMATO:\u00a016CM X 23CM<br \/>\nP\u00c1GINAS: 304<br \/>\nPESO: 350 G<br \/>\nISBN: 9788588781184<br \/>\nISBN DIGITAL: 9788588781764<\/p>\n","protected":false},"featured_media":1790,"template":"","meta":[],"product_brand":[],"product_cat":[24,27,33,36],"product_tag":[],"class_list":{"0":"post-1789","1":"product","2":"type-product","3":"status-publish","4":"has-post-thumbnail","6":"product_cat-ficcao-historica","7":"product_cat-literatura-espanhola","8":"product_cat-livro-digital","9":"product_cat-romance","10":"product_shipping_class-correios","11":"description-off","13":"first","14":"instock","15":"virtual","16":"purchasable","17":"product-type-simple"},"aioseo_notices":[],"_links":{"self":[{"href":"https:\/\/editoralandmark.com.br\/v2.0\/wp-json\/wp\/v2\/product\/1789","targetHints":{"allow":["GET"]}}],"collection":[{"href":"https:\/\/editoralandmark.com.br\/v2.0\/wp-json\/wp\/v2\/product"}],"about":[{"href":"https:\/\/editoralandmark.com.br\/v2.0\/wp-json\/wp\/v2\/types\/product"}],"wp:featuredmedia":[{"embeddable":true,"href":"https:\/\/editoralandmark.com.br\/v2.0\/wp-json\/wp\/v2\/media\/1790"}],"wp:attachment":[{"href":"https:\/\/editoralandmark.com.br\/v2.0\/wp-json\/wp\/v2\/media?parent=1789"}],"wp:term":[{"taxonomy":"product_brand","embeddable":true,"href":"https:\/\/editoralandmark.com.br\/v2.0\/wp-json\/wp\/v2\/product_brand?post=1789"},{"taxonomy":"product_cat","embeddable":true,"href":"https:\/\/editoralandmark.com.br\/v2.0\/wp-json\/wp\/v2\/product_cat?post=1789"},{"taxonomy":"product_tag","embeddable":true,"href":"https:\/\/editoralandmark.com.br\/v2.0\/wp-json\/wp\/v2\/product_tag?post=1789"}],"curies":[{"name":"wp","href":"https:\/\/api.w.org\/{rel}","templated":true}]}}