{"id":1815,"date":"2010-08-07T10:46:51","date_gmt":"2010-08-07T13:46:51","guid":{"rendered":"https:\/\/editoralandmark.com.br\/v2.0\/?post_type=product&#038;p=1815"},"modified":"2024-03-27T14:42:21","modified_gmt":"2024-03-27T17:42:21","slug":"um-cantico-de-natal-a-christmas-carol-2","status":"publish","type":"product","link":"https:\/\/editoralandmark.com.br\/v2.0\/produto\/um-cantico-de-natal-a-christmas-carol-2\/","title":{"rendered":"UM C\u00c2NTICO DE NATAL: A CHRISTMAS CAROL"},"content":{"rendered":"<p style=\"text-align: justify;\">UM C\u00c2NTICO DE NATAL tem como protagonista Ebenezer Scrooge, um avarento propriet\u00e1rio de uma casa de contabilidade e empregador do pobre Bob Cratchit, o seu escritur\u00e1rio. Scrooge evita fazer quaisquer gastos, tanto que no inverno, \u00e0 \u00e9poca do Natal, o escrit\u00f3rio \u00e9 aquecido apenas por uma pequena lareira. Para Scrooge, isso n\u00e3o \u00e9 um problema, uma vez que a sua frieza interior \u00e9 constante, e o conforto das outras pessoas para ele n\u00e3o \u00e9 importante.<\/p>\n<p style=\"text-align: justify;\">Na v\u00e9spera de Natal, Scrooge, sozinho e renegando qualquer companhia, recebe a visita do esp\u00edrito do seu falecido s\u00f3cio, Jacob Marley, que confidencia-lhe que um destino igual ao dele estar\u00e1 reservado a Scrooge se o mesmo n\u00e3o se redimir do seu comportamento. Para tal, tr\u00eas fantasmas vir-lhe-\u00e3o visitar e trar\u00e3o a oportunidade para que ele reflita sobre a sua condi\u00e7\u00e3o e atrav\u00e9s de uma profunda mudan\u00e7a de h\u00e1bitos limpar a sua consci\u00eancia.<\/p>\n<p style=\"text-align: justify;\">Charles Dickens foi um dos principais cronistas do seu tempo, retratando atrav\u00e9s das suas obras as mudan\u00e7as que estavam ocorrendo na Inglaterra vitoriana, em fun\u00e7\u00e3o da industrializa\u00e7\u00e3o e da reforma de valores. Mais do que um simples contador de hist\u00f3rias, Dickens valeu-se das suas obras para criticar as diferen\u00e7as sociais e a sociedade em que vivia, alertando para a necessidade de retomada dos valores humanos.<\/p>\n","protected":false},"excerpt":{"rendered":"<p>AUTOR: <a title=\"Charles Dickens \u2013 (1812-1870)\" href=\"https:\/\/editoralandmark.com.br\/v2.0\/2022\/01\/22\/charles-dickens-1812-1870\/\" target=\"_blank\" rel=\"noopener\">CHARLES DICKENS<\/a><br \/>\nTRADU\u00c7\u00c3O E NOTAS: F\u00c1BIO PEDRO-CYRINO<br \/>\nADAPTA\u00c7\u00c3O: DORIS GOETTEMS<br \/>\nILUSTRADOR: ***************<br \/>\nIDIOMA: PORTUGU\u00caS-INGL\u00caS<br \/>\nLAN\u00c7AMENTO: 08\/2010<br \/>\nACABAMENTO: EPUB<br \/>\nFORMATO: 14CM X 21CM<br \/>\nP\u00c1GINAS: 144<br \/>\nPESO: 208 G<br \/>\nISBN: 9788588781481<br \/>\nISBN DIGITAL: 9788588781641<\/p>\n","protected":false},"featured_media":1991,"template":"","meta":[],"product_brand":[],"product_cat":[18,19,21,30,33,16],"product_tag":[],"class_list":{"0":"post-1815","1":"product","2":"type-product","3":"status-publish","4":"has-post-thumbnail","6":"product_cat-classicos-mundiais","7":"product_cat-contos","8":"product_cat-edicao-bilingue","9":"product_cat-literatura-inglesa","10":"product_cat-livro-digital","11":"product_cat-livros","12":"product_shipping_class-correios","13":"description-off","15":"first","16":"instock","17":"virtual","18":"purchasable","19":"product-type-simple"},"aioseo_notices":[],"_links":{"self":[{"href":"https:\/\/editoralandmark.com.br\/v2.0\/wp-json\/wp\/v2\/product\/1815","targetHints":{"allow":["GET"]}}],"collection":[{"href":"https:\/\/editoralandmark.com.br\/v2.0\/wp-json\/wp\/v2\/product"}],"about":[{"href":"https:\/\/editoralandmark.com.br\/v2.0\/wp-json\/wp\/v2\/types\/product"}],"wp:featuredmedia":[{"embeddable":true,"href":"https:\/\/editoralandmark.com.br\/v2.0\/wp-json\/wp\/v2\/media\/1991"}],"wp:attachment":[{"href":"https:\/\/editoralandmark.com.br\/v2.0\/wp-json\/wp\/v2\/media?parent=1815"}],"wp:term":[{"taxonomy":"product_brand","embeddable":true,"href":"https:\/\/editoralandmark.com.br\/v2.0\/wp-json\/wp\/v2\/product_brand?post=1815"},{"taxonomy":"product_cat","embeddable":true,"href":"https:\/\/editoralandmark.com.br\/v2.0\/wp-json\/wp\/v2\/product_cat?post=1815"},{"taxonomy":"product_tag","embeddable":true,"href":"https:\/\/editoralandmark.com.br\/v2.0\/wp-json\/wp\/v2\/product_tag?post=1815"}],"curies":[{"name":"wp","href":"https:\/\/api.w.org\/{rel}","templated":true}]}}