{"id":1864,"date":"2015-09-07T14:15:31","date_gmt":"2015-09-07T17:15:31","guid":{"rendered":"https:\/\/editoralandmark.com.br\/v2.0\/?post_type=product&#038;p=1864"},"modified":"2024-03-27T14:41:40","modified_gmt":"2024-03-27T17:41:40","slug":"os-39-degraus-the-thirty-nine-steps-2","status":"publish","type":"product","link":"https:\/\/editoralandmark.com.br\/v2.0\/produto\/os-39-degraus-the-thirty-nine-steps-2\/","title":{"rendered":"OS 39 DEGRAUS: THE THIRTY-NINE STEPS"},"content":{"rendered":"<p style=\"text-align: justify;\">Richard Hannay, engenheiro de minas sul-africano e her\u00f3i da guerra, v\u00ea-se involuntariamente envolvido numa complicada hist\u00f3ria em que os incidentes desafiam as probabilidades e se desenrolam ao longo dos limites do poss\u00edvel.<\/p>\n<p style=\"text-align: justify;\">A hist\u00f3ria se passa em Londres e acompanha as desventuras de Richard Hannay tenta espantar o t\u00e9dio levando uma vida de playboy, at\u00e9 conhecer um vizinho misterioso com uma informa\u00e7\u00e3o bomb\u00e1stica: haver\u00e1 um assassinato pol\u00edtico na cidade capaz de jogar toda a Europa em um conflito sem precedentes. Essa informa\u00e7\u00e3o muda o rumo da vida do personagem principal e quando um homem aparece morto em sua sala de visitas, Hannay se engaja no combate \u00e0s for\u00e7as hostis, na verdade uma organiza\u00e7\u00e3o alem\u00e3 terrorista, mergulhando-o em uma aventura repleta de pistas falsas, vil\u00f5es trai\u00e7oeiros e reviravoltas.<\/p>\n<p style=\"text-align: justify;\">O febril thriller, publicado em 1915, trocou o estilo descritivo e cerebral das hist\u00f3rias de Sherlock Holmes pela narrativa enxuta e \u00e1gil que iria influenciar as tramas de suspense do cinema e os livros protagonizados pelo mais famoso agente secreto, James Bond. O romance, \u00e1gil e cheio de reviravoltas, foi adaptado pelo mestre do suspense Alfred Hitchcock em 1935, sendo considerado como um dos melhores filmes de a\u00e7\u00e3o de seu per\u00edodo ingl\u00eas e um dos quatro melhores filmes do s\u00e9culo XX pelo British Film Institute. A obra tamb\u00e9m serviu de refer\u00eancias para a adapta\u00e7\u00e3o nos palcos brasileiros. Em 2010, o diretor Alexandre Reinecke dirigiu a pe\u00e7a OS 39 DEGRAUS que ficou em cartaz durante quatro anos nos palcos brasileiros.<\/p>\n<p style=\"text-align: justify;\">Com a publica\u00e7\u00e3o de OS 39 DEGRAUS: THE THIRTY-NINE STEPS, John Buchan (1875-1940) firmou-se como um dos melhores autores de obras de suspense de todos os tempos, apresentando um her\u00f3i atrevido, o inesgot\u00e1vel fasc\u00ednio das teorias conspirat\u00f3rias e profetizando as tramas pol\u00edticas que lan\u00e7ariam toda a Europa em um dos mais sangrentos conflitos armados do s\u00e9culo XX: a Primeira Guerra Mundial.<\/p>\n","protected":false},"excerpt":{"rendered":"<p>AUTOR: <a href=\"https:\/\/editoralandmark.com.br\/v2.0\/2015\/02\/20\/john-buchan\/\">JOHN BUCHAN<\/a><br \/>\nTRADU\u00c7\u00c3O E NOTAS: DORIS GOETTEMS<br \/>\nADAPTA\u00c7\u00c3O:\u00a0***************<br \/>\nILUSTRADOR:\u00a0***************<br \/>\nIDIOMA: PORTUGU\u00caS-INGL\u00caS<br \/>\nLAN\u00c7AMENTO: 09\/2015<br \/>\nACABAMENTO: EPUB<br \/>\nFORMATO:\u00a016CM X 23CM<br \/>\nP\u00c1GINAS: 168<br \/>\nPESO: 200 G<br \/>\nISBN: 9788580700527<br \/>\nISBN DIGITAL: 9788580700534<\/p>\n","protected":false},"featured_media":1865,"template":"","meta":[],"product_brand":[],"product_cat":[18,21,30,33,37],"product_tag":[],"class_list":{"0":"post-1864","1":"product","2":"type-product","3":"status-publish","4":"has-post-thumbnail","6":"product_cat-classicos-mundiais","7":"product_cat-edicao-bilingue","8":"product_cat-literatura-inglesa","9":"product_cat-livro-digital","10":"product_cat-suspense","11":"product_shipping_class-correios","12":"description-off","14":"first","15":"instock","16":"virtual","17":"purchasable","18":"product-type-simple"},"aioseo_notices":[],"_links":{"self":[{"href":"https:\/\/editoralandmark.com.br\/v2.0\/wp-json\/wp\/v2\/product\/1864","targetHints":{"allow":["GET"]}}],"collection":[{"href":"https:\/\/editoralandmark.com.br\/v2.0\/wp-json\/wp\/v2\/product"}],"about":[{"href":"https:\/\/editoralandmark.com.br\/v2.0\/wp-json\/wp\/v2\/types\/product"}],"wp:featuredmedia":[{"embeddable":true,"href":"https:\/\/editoralandmark.com.br\/v2.0\/wp-json\/wp\/v2\/media\/1865"}],"wp:attachment":[{"href":"https:\/\/editoralandmark.com.br\/v2.0\/wp-json\/wp\/v2\/media?parent=1864"}],"wp:term":[{"taxonomy":"product_brand","embeddable":true,"href":"https:\/\/editoralandmark.com.br\/v2.0\/wp-json\/wp\/v2\/product_brand?post=1864"},{"taxonomy":"product_cat","embeddable":true,"href":"https:\/\/editoralandmark.com.br\/v2.0\/wp-json\/wp\/v2\/product_cat?post=1864"},{"taxonomy":"product_tag","embeddable":true,"href":"https:\/\/editoralandmark.com.br\/v2.0\/wp-json\/wp\/v2\/product_tag?post=1864"}],"curies":[{"name":"wp","href":"https:\/\/api.w.org\/{rel}","templated":true}]}}