{"id":1869,"date":"2008-12-07T14:20:45","date_gmt":"2008-12-07T16:20:45","guid":{"rendered":"https:\/\/editoralandmark.com.br\/v2.0\/?post_type=product&#038;p=1869"},"modified":"2024-03-27T14:42:21","modified_gmt":"2024-03-27T17:42:21","slug":"uma-defesa-da-poesia-e-outros-ensaios-2","status":"publish","type":"product","link":"https:\/\/editoralandmark.com.br\/v2.0\/produto\/uma-defesa-da-poesia-e-outros-ensaios-2\/","title":{"rendered":"UMA DEFESA DA POESIA E OUTROS ENSAIOS"},"content":{"rendered":"<p style=\"text-align: justify;\">&#8220;N\u00e3o h\u00e1 perigo para um homem que sabe o que a morte e a vida significam.&#8221;<\/p>\n<p style=\"text-align: justify;\">Somente com esta frase j\u00e1 \u00e9 poss\u00edvel imaginar o tom de sua obra e o porqu\u00ea do autor ingl\u00eas ter se consagrado como um dos mais importantes nomes do Romantismo.\u00a0Uma brilhante pe\u00e7a de discuss\u00e3o filos\u00f3fica que apresenta todo o poder de argumenta\u00e7\u00e3o, beleza, intelecto e imagina\u00e7\u00e3o do poeta Percy Shelley. A obra declara o \u201cvalor essencial e a natureza ideal\u201d da poesia e \u00e9 a mais importante obra em prosa do autor, onde os seus argumentos s\u00e3o apresentados de modo v\u00edvido e de maneira convincente.\u00a0Nesta sua produ\u00e7\u00e3o, datada de 1815, mas s\u00f3 publicada dezessete anos ap\u00f3s a sua morte pela sua esposa, a tamb\u00e9m escritora Mary Shelley \u2013 autora das obras \u2018O \u00daltimo Homem\u2019 e \u2018Frankenstein\u2019 \u2013 Percy Shelley apresenta bel\u00edssimos discursos sobre o Amor, a Vida, a import\u00e2ncia da Poesia na vida dos Homens, al\u00e9m de discorrer sobre Deus, a vida futura e a raz\u00e3o da exist\u00eancia da Humanidade.<\/p>\n<p style=\"text-align: justify;\">Apresenta argumentos sobre o porqu\u00ea da poesia ser capaz de tornar todas as coisas mais belas, exaltando a beleza daquilo que por si j\u00e1 \u00e9 belo. Ele associa na poesia e em seus outros ensaios o j\u00fabilo e o horror, o pesar e o prazer, a eternidade e a mudan\u00e7a; subjuga a luz para revelar todas as coisas irreconcili\u00e1veis, transmutando tudo aquilo que toca e tudo que necessita existir para que a vida tenha sentido.<\/p>\n","protected":false},"excerpt":{"rendered":"<p>AUTOR: <a title=\"Percy Shelley \u2013 (1792-1822)\" href=\"https:\/\/editoralandmark.com.br\/v2.0\/2022\/01\/22\/percy-shelley-1792-1822\/\" target=\"_blank\" rel=\"noopener\">PERCY SHELLEY<\/a><br \/>\nTRADU\u00c7\u00c3O E NOTAS &#8211; F\u00c1BIO PEDRO-CYRINO e MARCELLA FURTADO<br \/>\nADAPTA\u00c7\u00c3O: ***************<br \/>\nILUSTRADOR: ***************<br \/>\nIDIOMA &#8211;\u00a0PORTUGU\u00caS-INGL\u00caS<br \/>\nLAN\u00c7AMENTO: 12\/2008<br \/>\nACABAMENTO: EPUB<br \/>\nFORMATO: 14CM X 21CM<br \/>\nP\u00c1GINAS: 144<br \/>\nPESO: 175G<br \/>\nISBN: 9788588781368<br \/>\nISBN DIGITAL: 9788588781665<\/p>\n","protected":false},"featured_media":1870,"template":"","meta":[],"product_brand":[],"product_cat":[16,18,21,22,30,34],"product_tag":[],"class_list":{"0":"post-1869","1":"product","2":"type-product","3":"status-publish","4":"has-post-thumbnail","6":"product_cat-livros","7":"product_cat-classicos-mundiais","8":"product_cat-edicao-bilingue","9":"product_cat-ensaios","10":"product_cat-literatura-inglesa","11":"product_cat-nao-ficcao","12":"product_shipping_class-correios","13":"description-off","15":"first","16":"instock","17":"virtual","18":"purchasable","19":"product-type-simple"},"aioseo_notices":[],"_links":{"self":[{"href":"https:\/\/editoralandmark.com.br\/v2.0\/wp-json\/wp\/v2\/product\/1869","targetHints":{"allow":["GET"]}}],"collection":[{"href":"https:\/\/editoralandmark.com.br\/v2.0\/wp-json\/wp\/v2\/product"}],"about":[{"href":"https:\/\/editoralandmark.com.br\/v2.0\/wp-json\/wp\/v2\/types\/product"}],"wp:featuredmedia":[{"embeddable":true,"href":"https:\/\/editoralandmark.com.br\/v2.0\/wp-json\/wp\/v2\/media\/1870"}],"wp:attachment":[{"href":"https:\/\/editoralandmark.com.br\/v2.0\/wp-json\/wp\/v2\/media?parent=1869"}],"wp:term":[{"taxonomy":"product_brand","embeddable":true,"href":"https:\/\/editoralandmark.com.br\/v2.0\/wp-json\/wp\/v2\/product_brand?post=1869"},{"taxonomy":"product_cat","embeddable":true,"href":"https:\/\/editoralandmark.com.br\/v2.0\/wp-json\/wp\/v2\/product_cat?post=1869"},{"taxonomy":"product_tag","embeddable":true,"href":"https:\/\/editoralandmark.com.br\/v2.0\/wp-json\/wp\/v2\/product_tag?post=1869"}],"curies":[{"name":"wp","href":"https:\/\/api.w.org\/{rel}","templated":true}]}}