{"id":1874,"date":"2011-08-07T14:27:44","date_gmt":"2011-08-07T17:27:44","guid":{"rendered":"https:\/\/editoralandmark.com.br\/v2.0\/?post_type=product&#038;p=1874"},"modified":"2025-10-20T14:22:21","modified_gmt":"2025-10-20T17:22:21","slug":"teatro-completo-de-oscar-wilde-volume-i-2","status":"publish","type":"product","link":"https:\/\/editoralandmark.com.br\/v2.0\/produto\/teatro-completo-de-oscar-wilde-volume-i-2\/","title":{"rendered":"TEATRO COMPLETO DE OSCAR WILDE &#8211; VOLUME I"},"content":{"rendered":"<p style=\"text-align: justify;\">Neste primeiro volume da cole\u00e7\u00e3o, a Editora Landmark apresenta, em in\u00e9dita edi\u00e7\u00e3o bil\u00edngue, quatro das nove pe\u00e7as escritas por Oscar Wilde:<\/p>\n<p style=\"text-align: justify;\">\u201cVERA, OU OS NIILISTAS\u201d \u00e9 uma trag\u00e9dia melodram\u00e1tica cuja ambienta\u00e7\u00e3o ocorre na R\u00fassia e foi a primeira pe\u00e7a que Wilde escreveu para teatro, estreando no Reino Unido em 1880 e em Nova York em 1881. A obra, uma vers\u00e3o reescrita de \u201cRomeu e Julieta\u201d, com toques de \u201cMacbeth\u201d, apresenta momentos de brilhantismo, fornecendo uma vis\u00e3o do movimento niilista na R\u00fassia e a posi\u00e7\u00e3o do socialismo da \u00e9poca. Vera trabalha na taberna do pai, ao longo duma estrada para os campos de pris\u00e3o da Sib\u00e9ria quando um grupo de prisioneiros p\u00e1ra ali; \u00e9 nesse momento que Vera reconhece o irm\u00e3o, Dmitri, como um dos prisioneiros. Ele lhe implora para que ela v\u00e1 at\u00e9 Moscou juntar-se aos niilistas, um grupo de terroristas que est\u00e1 tentando assassinar o Czar e mudar o sistema pol\u00edtico na R\u00fassia, como forma de vingar a sua pris\u00e3o.<\/p>\n<p style=\"text-align: justify;\">\u201cA DUQUESA DE P\u00c1DUA\u201d \u00e9 uma pe\u00e7a de inspira\u00e7\u00e3o elizabetana, escrita no ano de 1883 no H\u00f4tel Voltaire em Paris, para a atriz Mary Anderson. \u00c9 um conto de vingan\u00e7a, assassinato, trai\u00e7\u00e3o, amor e reden\u00e7\u00e3o no s\u00e9culo XVI, onde Guido Ferranti pretende vingar a morte de seus pais, entretanto, Guido \u00e9 transformado pelo amor e ter\u00e1 a dif\u00edcil miss\u00e3o de decidir se desiste de sua vingan\u00e7a ou se vive a sua grande paix\u00e3o.<\/p>\n<p style=\"text-align: justify;\">\u201cO LEQUE DE LADY WINDERMERE\u201d \u00e9 uma com\u00e9dia, apresentada pela primeira vez em 22 de fevereiro de 1892 no teatro St James, em Londres, que satiriza a moral da sociedade vitoriana. A hist\u00f3ria trata de Lady Windermere que tem um casamento feliz, at\u00e9 que uma fofoca da sociedade londrina a faz suspeitar da fidelidade de seu marido. Em busca de provas, ela descobre que Lorde Windermere tem dado grandes somas de dinheiro para Erlynne. Depois de descobrir o que aconteceu, Erlynne segue Lady Windermere e tenta convenc\u00ea-la a voltar para seu marido, pois tudo n\u00e3o passar\u00e1 de um grande engano, sacrificando-se a si mesma e sua reputa\u00e7\u00e3o a fim de salvar o casamento de Lady Windermere.<\/p>\n<p style=\"text-align: justify;\">\u201cA IMPORT\u00c2NCIA DE SER CONSTANTE\u201d \u00e9 uma com\u00e9dia de costumes que estreou em 14 de fevereiro de 1895. Situada na Inglaterra durante a era vitoriana, o humor da pe\u00e7a encontra-se na manuten\u00e7\u00e3o de identidades fict\u00edcias dos personagens para escapar das indesejadas obriga\u00e7\u00f5es sociais. Jack \u00e9 um homem solteiro e rico que possui um irm\u00e3o imagin\u00e1rio chamado Constante. Ele SE utiliza Deste nome para ir at\u00e9 a cidade e agir de forma imprudente sem se preocupar com as consequ\u00eancias de seus atos. Em uma de suas idas \u00e0 cidade ele se apaixona por Gwendolyn . Aproveitando a aus\u00eancia de Jack, seu melhor amigo Algy utiliza de seu amigo imagin\u00e1rio para conhecer Cecily e eles se apaixonam; \u00e9 quando Jack chega, seguido por Gwendolyn. Assim os dois \u201cConstantes\u201d t\u00eam suas identidades reveladas. \u201cA Import\u00e2ncia de Ser Constante\u201d marca o auge da carreira teatral de Wilde e marca tamb\u00e9m o seu decl\u00ednio, pois foi em sua estreia que o Marqu\u00eas de Queensberry, pai de Alfred Douglas, amigo \u00edntimo de Oscar Wilde, iniciou sua empreitada contra o escritor.<\/p>\n","protected":false},"excerpt":{"rendered":"<p>AUTOR: <a title=\"Oscar Wilde \u2013 (1854-1900)\" href=\"https:\/\/editoralandmark.com.br\/v2.0\/2022\/01\/22\/oscar-wilde-1854-1900\/\" target=\"_blank\" rel=\"noopener\">OSCAR WILDE<\/a><br \/>\nTRADU\u00c7\u00c3O E NOTAS: DORIS GOETTEMS<br \/>\nADAPTA\u00c7\u00c3O: ***************<br \/>\nILUSTRADOR: ***************<br \/>\nIDIOMA: PORTUGU\u00caS-INGL\u00caS<br \/>\nLAN\u00c7AMENTO: 08\/2011<br \/>\nACABAMENTO: EPUB<br \/>\nFORMATO: 16CM X 23CM<br \/>\nP\u00c1GINAS: 392<br \/>\nPESO: 500 G<br \/>\nISBN: 9788580700053<br \/>\nISBN DIGITAL: 9788580700060<\/p>\n","protected":false},"featured_media":2571,"template":"","meta":[],"product_brand":[],"product_cat":[16,18,21,30,33,38],"product_tag":[64],"class_list":{"0":"post-1874","1":"product","2":"type-product","3":"status-publish","4":"has-post-thumbnail","6":"product_cat-livros","7":"product_cat-classicos-mundiais","8":"product_cat-edicao-bilingue","9":"product_cat-literatura-inglesa","10":"product_cat-livro-digital","11":"product_cat-teatro","12":"product_tag-livros","13":"product_shipping_class-correios","14":"description-off","16":"first","17":"instock","18":"virtual","19":"purchasable","20":"product-type-simple"},"aioseo_notices":[],"_links":{"self":[{"href":"https:\/\/editoralandmark.com.br\/v2.0\/wp-json\/wp\/v2\/product\/1874","targetHints":{"allow":["GET"]}}],"collection":[{"href":"https:\/\/editoralandmark.com.br\/v2.0\/wp-json\/wp\/v2\/product"}],"about":[{"href":"https:\/\/editoralandmark.com.br\/v2.0\/wp-json\/wp\/v2\/types\/product"}],"wp:featuredmedia":[{"embeddable":true,"href":"https:\/\/editoralandmark.com.br\/v2.0\/wp-json\/wp\/v2\/media\/2571"}],"wp:attachment":[{"href":"https:\/\/editoralandmark.com.br\/v2.0\/wp-json\/wp\/v2\/media?parent=1874"}],"wp:term":[{"taxonomy":"product_brand","embeddable":true,"href":"https:\/\/editoralandmark.com.br\/v2.0\/wp-json\/wp\/v2\/product_brand?post=1874"},{"taxonomy":"product_cat","embeddable":true,"href":"https:\/\/editoralandmark.com.br\/v2.0\/wp-json\/wp\/v2\/product_cat?post=1874"},{"taxonomy":"product_tag","embeddable":true,"href":"https:\/\/editoralandmark.com.br\/v2.0\/wp-json\/wp\/v2\/product_tag?post=1874"}],"curies":[{"name":"wp","href":"https:\/\/api.w.org\/{rel}","templated":true}]}}