{"id":1877,"date":"2015-05-07T14:33:04","date_gmt":"2015-05-07T17:33:04","guid":{"rendered":"https:\/\/editoralandmark.com.br\/v2.0\/?post_type=product&#038;p=1877"},"modified":"2024-03-27T14:41:41","modified_gmt":"2024-03-27T17:41:41","slug":"o-fantasma-de-canterville-the-canterville-ghost","status":"publish","type":"product","link":"https:\/\/editoralandmark.com.br\/v2.0\/produto\/o-fantasma-de-canterville-the-canterville-ghost\/","title":{"rendered":"O FANTASMA DE CANTERVILLE: THE CANTERVILLE GHOST"},"content":{"rendered":"<p style=\"text-align: justify;\">O FANTASMA DE CANTERVILLE: THE CANTERVILLE GHOST pertence \u00e0 categoria das par\u00f3dias, ou seja, Wilde se apropria de elementos cl\u00e1ssicos da literatura g\u00f3tica e tamb\u00e9m de horror para imprimir comicidade a eles, por meio de recursos narrativos como o exagero e a ironia.<\/p>\n<p style=\"text-align: justify;\">Publicado originalmente tr\u00eas anos antes de\u00a0O retrato de Dorian Gray, em 1887, O FANTASMA DE CANTERVILLE: THE CANTERVILLE GHOST traz a hist\u00f3ria de um espectro brit\u00e2nico incapaz de assustar uma fam\u00edlia norte-americana. Utilizando conven\u00e7\u00f5es das hist\u00f3rias de fantasma \u2014 t\u00e3o populares na \u00e9poca \u2014 Wilde as subverte, e assim converte o espanto em riso, mas a an\u00e1lise n\u00e3o se esgota a\u00ed, \u00e9 o confronto entre o novo e o velho mundos, exposto em tons c\u00f4micos. O fantasma representa elementos essencialmente brit\u00e2nicos (e, em menor medida, da Europa ocidental), como o tradicionalismo, a nobreza, a liga\u00e7\u00e3o com tempos definitivamente passados, a aprecia\u00e7\u00e3o da arte. J\u00e1 a fam\u00edlia Otis simboliza caracter\u00edsticas que at\u00e9 hoje soam tipicamente norte-americanas: \u00e9 pragm\u00e1tica, materialista, c\u00e9tica, industrializada. A atmosfera de encantamento e a aus\u00eancia de rupturas entre a realidade e o sobrenatural aproximam a noveleta do conto maravilhoso. Al\u00e9m disso, a infeliz trajet\u00f3ria do espectro acaba por acrescentar tonalidades de trag\u00e9dia ao quadro. Trata-se, ainda, de uma \u201cdivertida cr\u00f4nica sobre as atribula\u00e7\u00f5es do Fantasma da Propriedade de Canterville quando seus corredores ancestrais se tornam o lar do Ministro Americano para a Corte de St. James\u201d, conforme o pr\u00f3prio Wilde afirma em uma esp\u00e9cie de subt\u00edtulo para o texto. Uma das marcas das par\u00f3dias \u00e9 o exagero, e Wilde carrega nas tintas ao caracterizar as personagens da noveleta. A franqueza, que na fala do ministro beira o caricaturesco, mant\u00e9m-se por todo o relato. Tanto o patriarca Otis quanto a esposa, a senhora Otis, o filho primog\u00eanito Washington e os mais novos, os g\u00eameos apelidados de \u201cEstrelas e Listras\u201d, personificam de forma quase estereotipada aqueles tra\u00e7os reconhecidamente estadunidenses. Entretanto, nem todos os Otis s\u00e3o indiferentes ao pobre fantasma. Virginia, a filha do meio, \u00e9 a exce\u00e7\u00e3o. Livre, suave e \u201cador\u00e1vel como uma cor\u00e7a\u201d, ela passa os dias a cavalgar, geralmente na companhia de seu pretendente, o jovem duque de Cheshire. \u00c9 a \u00fanica que n\u00e3o se envolve nos estratagemas contra o fantasma, e acaba assumindo papel central na conclus\u00e3o da hist\u00f3ria, em que o tom c\u00f4mico d\u00e1 lugar a um comovente lirismo. A jovem Virginia torna-se, assim, a ponte entre os dois mundos, velho e novo. Cabe a ela devolver ao fantasma a sua ess\u00eancia em um desfecho carregado de melancolia, bastante apropriado para o tom de uma\u00a0<em>ghost story<\/em>.<\/p>\n<p style=\"text-align: justify;\">Revela-se a\u00ed outra das incont\u00e1veis faces da noveleta (e da obra) de Wilde: a sensibilidade que, assim como o riso e o espanto, nos torna humanos.<\/p>\n","protected":false},"excerpt":{"rendered":"<p>AUTOR: <a href=\"https:\/\/editoralandmark.com.br\/v2.0\/2022\/02\/20\/oscar-wilde-1854-1900\/\">OSCAR WILDE<\/a><br \/>\nTRADU\u00c7\u00c3O E NOTAS: DORIS GOETTEMS<br \/>\nADAPTA\u00c7\u00c3O: \u00a0***************<br \/>\nILUSTRADOR:\u00a0***************<br \/>\nIDIOMA: PORTUGU\u00caS-INGL\u00caS<br \/>\nLAN\u00c7AMENTO: 05\/2015<br \/>\nACABAMENTO: EPUB<br \/>\nFORMATO: 14CM X 21CM<br \/>\nP\u00c1GINAS: 140<br \/>\nPESO: 200 G<br \/>\nISBN: 9788588781894<br \/>\nISBN DIGITAL: 9788588781535<\/p>\n","protected":false},"featured_media":1878,"template":"","meta":[],"product_brand":[],"product_cat":[18,19,21,30],"product_tag":[],"class_list":{"0":"post-1877","1":"product","2":"type-product","3":"status-publish","4":"has-post-thumbnail","6":"product_cat-classicos-mundiais","7":"product_cat-contos","8":"product_cat-edicao-bilingue","9":"product_cat-literatura-inglesa","10":"product_shipping_class-correios","11":"description-off","13":"first","14":"instock","15":"virtual","16":"purchasable","17":"product-type-simple"},"aioseo_notices":[],"_links":{"self":[{"href":"https:\/\/editoralandmark.com.br\/v2.0\/wp-json\/wp\/v2\/product\/1877","targetHints":{"allow":["GET"]}}],"collection":[{"href":"https:\/\/editoralandmark.com.br\/v2.0\/wp-json\/wp\/v2\/product"}],"about":[{"href":"https:\/\/editoralandmark.com.br\/v2.0\/wp-json\/wp\/v2\/types\/product"}],"wp:featuredmedia":[{"embeddable":true,"href":"https:\/\/editoralandmark.com.br\/v2.0\/wp-json\/wp\/v2\/media\/1878"}],"wp:attachment":[{"href":"https:\/\/editoralandmark.com.br\/v2.0\/wp-json\/wp\/v2\/media?parent=1877"}],"wp:term":[{"taxonomy":"product_brand","embeddable":true,"href":"https:\/\/editoralandmark.com.br\/v2.0\/wp-json\/wp\/v2\/product_brand?post=1877"},{"taxonomy":"product_cat","embeddable":true,"href":"https:\/\/editoralandmark.com.br\/v2.0\/wp-json\/wp\/v2\/product_cat?post=1877"},{"taxonomy":"product_tag","embeddable":true,"href":"https:\/\/editoralandmark.com.br\/v2.0\/wp-json\/wp\/v2\/product_tag?post=1877"}],"curies":[{"name":"wp","href":"https:\/\/api.w.org\/{rel}","templated":true}]}}