{"id":1882,"date":"2012-02-07T14:54:17","date_gmt":"2012-02-07T16:54:17","guid":{"rendered":"https:\/\/editoralandmark.com.br\/v2.0\/?post_type=product&#038;p=1882"},"modified":"2024-03-27T14:42:20","modified_gmt":"2024-03-27T17:42:20","slug":"sob-os-cedros-do-himalaia-under-the-deodars","status":"publish","type":"product","link":"https:\/\/editoralandmark.com.br\/v2.0\/produto\/sob-os-cedros-do-himalaia-under-the-deodars\/","title":{"rendered":"SOB OS CEDROS DO HIMALAIA: UNDER THE DEODARS"},"content":{"rendered":"<p style=\"text-align: justify;\">SOB OS CEDROS DO HIMALAIA: UNDER THE DEODARS \u00e9 uma cole\u00e7\u00e3o de contos e \u00e9 composto pelas seguintes hist\u00f3rias:<\/p>\n<p>A Educa\u00e7\u00e3o de Otis Yeere &#8211; A hist\u00f3ria retrata a vida da senhora Hauksbee e de sua melhor amiga, senhora Mallowe, que s\u00e3o duas mulheres de certa idade, da sociedade de Simla as quais falam sobre suas conquistas e suas estrat\u00e9gias ao longo da vida;<\/p>\n<p>\u00c0 Beira do Abismo &#8211; A esposa de um militar come\u00e7a a trair seu marido com um auxiliar religioso local, quando decidem fugir para o Tibete juntos em uma aventura com um final incerto;<\/p>\n<p>Com\u00e9dia \u00e0 Beira da Estrada &#8211; Esta hist\u00f3ria envolve tr\u00eas pessoas &#8211; Boulte, um engenheiro, sua esposa e o capit\u00e3o Kurrell, que mant\u00eam um romance secreto. A chegada de um novo casal, os Vansuythens, ir\u00e1 apresentar uma reviravolta nas rela\u00e7\u00f5es entre ingleses e indianos;<\/p>\n<p>A Colina das Ilus\u00f5es &#8211; Um homem acaba de voltar das plan\u00edcies da \u00cdndia, para ver sua noiva, mas fica com ci\u00fames quando descobre que ela tem mantido encontros com outros homens fazendo-o suspeitar da trai\u00e7\u00e3o;<\/p>\n<p>Uma Mulher de Segunda Classe &#8211; A senhora Hauksbee e sua amiga, senhora Mallowe, est\u00e3o intrigadas com a chegada da senhora Deelville, pois a consideram uma mulher de segunda classe. Fatos e intrigas que surgem na cidade levam as senhoras Hauksbee e Mallowe a mudarem o seu modo de pensar;<\/p>\n<p>Apenas um Subalterno &#8211; Bobby Wicks \u00e9 um promissor subalterno de seu batalh\u00e3o. Quando o seu regimento \u00e9 devastado por uma epidemia de c\u00f3lera, Bobby \u00e9 o primeiro a servir a todos indistintamente e com grande desprendimento, at\u00e9 que um fato terr\u00edvel se abate sobre todos.<\/p>\n","protected":false},"excerpt":{"rendered":"<div class=\"col-sm-12 col-md-12 linha-livro\">\n<div class=\"col-sm-12 col-md-4 reducao-centro\"><span class=\"titulo-descritor\">AUTOR:\u00a0<\/span><a href=\"https:\/\/editoralandmark.com.br\/v2.0\/2006\/02\/20\/rudyard-kipling-1865-1936\/\"><span class=\"descritor-livro\">RUDYARD KIPLING<\/span><\/a><\/div>\n<\/div>\n<div class=\"col-sm-12 col-md-12 linha-livro\">\n<div class=\"col-sm-12 col-md-4 reducao-centro\"><span class=\"titulo-descritor\">TRADU\u00c7\u00c3O E NOTAS:\u00a0<\/span><span class=\"descritor-livro\">LUCIANA SALGADO<\/span><\/div>\n<\/div>\n<div class=\"col-sm-12 col-md-12 linha-livro\">\n<div class=\"col-sm-12 col-md-4 reducao-centro\"><span class=\"titulo-descritor\">ADAPTA\u00c7\u00c3O:\u00a0<\/span><span class=\"descritor-livro\">***************<\/span><\/div>\n<\/div>\n<div class=\"col-sm-12 col-md-12 linha-livro\">\n<div class=\"col-sm-12 col-md-4 reducao-centro\"><span class=\"titulo-descritor\">ILUSTRADOR:\u00a0<\/span><span class=\"descritor-livro\">***************<\/span><\/div>\n<\/div>\n<div class=\"col-sm-12 col-md-12 linha-livro\">\n<div class=\"col-sm-12 col-md-4 reducao-centro\"><span class=\"titulo-descritor\">IDIOMA:\u00a0<\/span><span class=\"descritor-livro\">PORTUGU\u00caS-INGL\u00caS<\/span><\/div>\n<\/div>\n<div class=\"col-sm-12 col-md-12 linha-livro\">\n<div class=\"col-sm-12 col-md-4 reducao-centro\"><span class=\"titulo-descritor\">LAN\u00c7AMENTO:\u00a0<\/span><span class=\"descritor-livro\">02\/2012<\/span><\/div>\n<\/div>\n<div class=\"col-sm-12 col-md-12 linha-livro\">\n<div class=\"col-sm-12 col-md-4 reducao-centro\"><span class=\"titulo-descritor\">ACABAMENTO:\u00a0<\/span><span class=\"descritor-livro\">EPUB<\/span><\/div>\n<\/div>\n<div class=\"col-sm-12 col-md-12 linha-livro\">\n<div class=\"col-sm-12 col-md-4 reducao-centro\"><span class=\"titulo-descritor\">FORMATO:\u00a0<\/span><span class=\"descritor-livro\">16CM X 23CM<\/span><\/div>\n<\/div>\n<div class=\"col-sm-12 col-md-12 linha-livro\">\n<div class=\"col-sm-12 col-md-4 reducao-centro\"><span class=\"titulo-descritor\">P\u00c1GINAS:\u00a0<\/span><span class=\"descritor-livro\">203<\/span><\/div>\n<\/div>\n<div class=\"col-sm-12 col-md-12 linha-livro\">\n<div class=\"col-sm-12 col-md-4 reducao-centro\"><span class=\"titulo-descritor\">PESO: 20<\/span><span class=\"descritor-livro\">0 G<\/span><\/div>\n<\/div>\n<div class=\"col-sm-12 col-md-12 linha-livro\">\n<div class=\"col-sm-12 col-md-4 reducao-centro\"><span class=\"titulo-descritor\">ISBN:\u00a0<\/span><span class=\"descritor-livro\">9788588781924<\/span><\/div>\n<\/div>\n<div class=\"col-sm-12 col-md-12 linha-livro\">\n<div class=\"col-sm-12 col-md-4 reducao-centro\"><span class=\"titulo-descritor\">ISBN DIGITAL:\u00a0<\/span><span class=\"descritor-livro\">9788588781566<\/span><\/div>\n<\/div>\n","protected":false},"featured_media":1883,"template":"","meta":[],"product_brand":[],"product_cat":[18,19,21,30],"product_tag":[],"class_list":{"0":"post-1882","1":"product","2":"type-product","3":"status-publish","4":"has-post-thumbnail","6":"product_cat-classicos-mundiais","7":"product_cat-contos","8":"product_cat-edicao-bilingue","9":"product_cat-literatura-inglesa","10":"product_shipping_class-correios","11":"description-off","13":"first","14":"instock","15":"virtual","16":"purchasable","17":"product-type-simple"},"aioseo_notices":[],"_links":{"self":[{"href":"https:\/\/editoralandmark.com.br\/v2.0\/wp-json\/wp\/v2\/product\/1882","targetHints":{"allow":["GET"]}}],"collection":[{"href":"https:\/\/editoralandmark.com.br\/v2.0\/wp-json\/wp\/v2\/product"}],"about":[{"href":"https:\/\/editoralandmark.com.br\/v2.0\/wp-json\/wp\/v2\/types\/product"}],"wp:featuredmedia":[{"embeddable":true,"href":"https:\/\/editoralandmark.com.br\/v2.0\/wp-json\/wp\/v2\/media\/1883"}],"wp:attachment":[{"href":"https:\/\/editoralandmark.com.br\/v2.0\/wp-json\/wp\/v2\/media?parent=1882"}],"wp:term":[{"taxonomy":"product_brand","embeddable":true,"href":"https:\/\/editoralandmark.com.br\/v2.0\/wp-json\/wp\/v2\/product_brand?post=1882"},{"taxonomy":"product_cat","embeddable":true,"href":"https:\/\/editoralandmark.com.br\/v2.0\/wp-json\/wp\/v2\/product_cat?post=1882"},{"taxonomy":"product_tag","embeddable":true,"href":"https:\/\/editoralandmark.com.br\/v2.0\/wp-json\/wp\/v2\/product_tag?post=1882"}],"curies":[{"name":"wp","href":"https:\/\/api.w.org\/{rel}","templated":true}]}}