{"id":1890,"date":"2007-01-07T15:02:56","date_gmt":"2007-01-07T17:02:56","guid":{"rendered":"https:\/\/editoralandmark.com.br\/v2.0\/?post_type=product&#038;p=1890"},"modified":"2024-03-27T14:42:22","modified_gmt":"2024-03-27T17:42:22","slug":"amor-com","status":"publish","type":"product","link":"https:\/\/editoralandmark.com.br\/v2.0\/produto\/amor-com\/","title":{"rendered":"AMOR.COM"},"content":{"rendered":"<p style=\"text-align: justify;\">Virg\u00ednia \u00e9 uma bela modelo de 26 anos, cujo trabalho consiste em viajar pelo mundo para tirar fotos para revistas de moda. Recorre \u00e0 internet \u00e0 procura de amigos e encontra Lucas, um quarent\u00e3o solit\u00e1rio, que vendeu a metal\u00fargica que presidia em S\u00e3o Paulo para se dedicar a apenas \u201cser\u201d. Isto, pelo menos, \u00e9 o que dizem um para o outro. Os dois iniciam uma amizade carinhosa e estimulante, totalmente despretensiosa. Protegidos pelo anonimato dos seus e-mails e pela dist\u00e2ncia que os separa, permitem-se falar abertamente sobre todos os assuntos, mas isso, o que, os induz a se abrir cada vez mais, um com o outro. A pragm\u00e1tica Virg\u00ednia faz relat\u00f3rios de suas perip\u00e9cias e aventuras em lugares t\u00e3o ex\u00f3ticos e diferentes quanto Paris, Istambul e Munique.\u00a0 Ao contar o que v\u00ea, o que imagina, o que sente, o que acontece de fato e o que poderia ter acontecido, ela vai entremeando suas opini\u00f5es e considera\u00e7\u00f5es a respeito do mundo.<\/p>\n<p style=\"text-align: justify;\">O rom\u00e2ntico Lucas luta pela preserva\u00e7\u00e3o da natureza e tece fantasias sobre sua bela e misteriosa amiga virtual, enquanto l\u00ea ou passeia pela orla, em altas conversas com o mar de Ubatuba.<\/p>\n<p style=\"text-align: justify;\">Embora, aos poucos, um v\u00e1 se revelando para o outro, quem s\u00e3o, exatamente, Lucas e Virg\u00ednia? Ser\u00e1 que o que eles escrevem corresponde \u00e0 verdade de suas vidas? Ser\u00e1 que o que eles s\u00e3o realmente o que eles dizem ser? O que \u00e9 verdade, o que \u00e9 mentira, de tudo o que um conta para o outro? O que \u00e9 fantasia, o que \u00e9 realidade, o que pode ser poss\u00edvel, o que n\u00e3o pode acontecer entre eles? Um romance assim tem chances de se concretizar na vida real?<\/p>\n<p style=\"text-align: justify;\">Embora use um m\u00e9todo aparentemente banal \u2013 a correspond\u00eancia por e-mails \u2013 @MOR.COM n\u00e3o apresenta as caracter\u00edsticas dos chamados internautas, muito pelo contr\u00e1rio, at\u00e9 mesmo distancia-se deste universo, pois Virg\u00ednia viaja tanto pelo mundo que n\u00e3o tem tempo para a internet, e Lucas, mais interessado em viajar para dentro de si mesmo, usa seu tempo para a reflex\u00e3o e sequer tem computador em casa: vai a um cybercaf\u00e9 para corresponder-se com a modelo. Destaque para os divertidos relat\u00f3rios de viagem, ao estilo de um di\u00e1rio, que a Virg\u00ednia escreve com muito humor; e para a poesia, a delicadeza e o lirismo de Lucas.<\/p>\n<p style=\"text-align: justify;\">@MOR.COM \u00e9 rico e cheio de refer\u00eancias, e apresenta uma linguagem leve, agrad\u00e1vel e fluente como se espera que seja a prosa de dois escritores experientes que se divertem criando personagens reais.<\/p>\n","protected":false},"excerpt":{"rendered":"<div class=\"col-sm-12 col-md-12 linha-livro\">\n<div class=\"col-sm-12 col-md-4 reducao-centro\"><span class=\"titulo-descritor\">AUTOR: <a href=\"https:\/\/editoralandmark.com.br\/v2.0\/2005\/02\/20\/regina-drummond\/\">REGINA DRUMMOND<\/a> e <a href=\"https:\/\/editoralandmark.com.br\/v2.0\/2005\/02\/20\/jonas-ribeiro\/\">JONAS RIBEIRO<\/a><\/span><\/div>\n<div class=\"col-sm-12 col-md-8 reducao-centro\">TRADU\u00c7\u00c3O E NOTAS: ********************<\/div>\n<\/div>\n<div class=\"col-sm-12 col-md-12 linha-livro\">\n<div class=\"col-sm-12 col-md-8 reducao-centro\">ADAPTA\u00c7\u00c3O: ********************<\/div>\n<\/div>\n<div class=\"col-sm-12 col-md-12 linha-livro\">\n<div class=\"col-sm-12 col-md-8 reducao-centro\">ILUSTRADOR ********************<\/div>\n<\/div>\n<div class=\"col-sm-12 col-md-12 linha-livro\">\n<div class=\"col-sm-12 col-md-8 reducao-centro\">IDIOMA: PORTUGU\u00caS<\/div>\n<\/div>\n<div class=\"col-sm-12 col-md-12 linha-livro\">\n<div class=\"col-sm-12 col-md-8 reducao-centro\">LAN\u00c7AMENTO: 01\/2007<\/div>\n<\/div>\n<div class=\"col-sm-12 col-md-12 linha-livro\">\n<div class=\"col-sm-12 col-md-4 reducao-centro\"><span class=\"titulo-descritor\">ACABAMENTO: BROCHURA<\/span><\/div>\n<div class=\"col-sm-12 col-md-8 reducao-centro\">FORMATO: 16CM X 23CM<\/div>\n<\/div>\n<div class=\"col-sm-12 col-md-12 linha-livro\">\n<div class=\"col-sm-12 col-md-8 reducao-centro\">P\u00c1GINAS: 176<\/div>\n<\/div>\n<div class=\"col-sm-12 col-md-12 linha-livro\">\n<div class=\"col-sm-12 col-md-8 reducao-centro\">PESO: 200G<\/div>\n<\/div>\n<div class=\"col-sm-12 col-md-12 linha-livro\">\n<div class=\"col-sm-12 col-md-4 reducao-centro\"><span class=\"titulo-descritor\">ISBN: 9788588781306<\/span><\/div>\n<\/div>\n<div class=\"col-sm-12 col-md-12 linha-livro\">\n<div class=\"col-sm-12 col-md-4 reducao-centro\"><span class=\"titulo-descritor\">ISBN DIGITAL:<\/span><\/div>\n<\/div>\n","protected":false},"featured_media":1891,"template":"","meta":[],"product_brand":[],"product_cat":[26,36],"product_tag":[],"class_list":{"0":"post-1890","1":"product","2":"type-product","3":"status-publish","4":"has-post-thumbnail","6":"product_cat-literatura-brasileira","7":"product_cat-romance","8":"product_shipping_class-correios","9":"description-off","11":"first","12":"outofstock","13":"shipping-taxable","14":"product-type-simple"},"aioseo_notices":[],"_links":{"self":[{"href":"https:\/\/editoralandmark.com.br\/v2.0\/wp-json\/wp\/v2\/product\/1890","targetHints":{"allow":["GET"]}}],"collection":[{"href":"https:\/\/editoralandmark.com.br\/v2.0\/wp-json\/wp\/v2\/product"}],"about":[{"href":"https:\/\/editoralandmark.com.br\/v2.0\/wp-json\/wp\/v2\/types\/product"}],"wp:featuredmedia":[{"embeddable":true,"href":"https:\/\/editoralandmark.com.br\/v2.0\/wp-json\/wp\/v2\/media\/1891"}],"wp:attachment":[{"href":"https:\/\/editoralandmark.com.br\/v2.0\/wp-json\/wp\/v2\/media?parent=1890"}],"wp:term":[{"taxonomy":"product_brand","embeddable":true,"href":"https:\/\/editoralandmark.com.br\/v2.0\/wp-json\/wp\/v2\/product_brand?post=1890"},{"taxonomy":"product_cat","embeddable":true,"href":"https:\/\/editoralandmark.com.br\/v2.0\/wp-json\/wp\/v2\/product_cat?post=1890"},{"taxonomy":"product_tag","embeddable":true,"href":"https:\/\/editoralandmark.com.br\/v2.0\/wp-json\/wp\/v2\/product_tag?post=1890"}],"curies":[{"name":"wp","href":"https:\/\/api.w.org\/{rel}","templated":true}]}}