{"id":1898,"date":"2007-04-07T15:19:09","date_gmt":"2007-04-07T18:19:09","guid":{"rendered":"https:\/\/editoralandmark.com.br\/v2.0\/?post_type=product&#038;p=1898"},"modified":"2024-03-27T14:42:22","modified_gmt":"2024-03-27T17:42:22","slug":"meditacoes-2","status":"publish","type":"product","link":"https:\/\/editoralandmark.com.br\/v2.0\/produto\/meditacoes-2\/","title":{"rendered":"MEDITA\u00c7\u00d5ES"},"content":{"rendered":"<p style=\"text-align: justify;\">Como contempor\u00e2neo de grandes poetas, dentre eles, Shakespeare, John Donne, um dos maiores poetas e escritores metaf\u00edsicos da l\u00edngua inglesa, nesta obra apresenta de um modo po\u00e9tico e complexo, uma ampla reflex\u00e3o de todas as caracter\u00edsticas metaf\u00edsicas de uma produ\u00e7\u00e3o liter\u00e1ria ampla e vasta\u201d.<\/p>\n<p style=\"text-align: justify;\">O autor escreveu suas medita\u00e7\u00f5es como parte de uma obra maior: \u201cDevo\u00e7\u00f5es para Ocasi\u00f5es Emergentes\u201d. Elas foram redigidas quando Donne estava gravemente doente e foram publicadas em 1624. Talvez o ponto mais marcante da literatura do s\u00e9culo XVII ocorre quando o estilo de John Donne muda de poesia amorosa para poesia secular e religiosa produzida na maturidade, transformando-se atrav\u00e9s de suas afirma\u00e7\u00f5es fortes e filos\u00f3ficas sobre a profundidade das reflex\u00f5es sobre o sentido da vida e da morte. A partir desse momento, Donne, um poeta metaf\u00edsico objetivou proporcionar a seus leitores uma maneira de entrar no seu para\u00edso idealizado em suas reflex\u00f5es profundas.<\/p>\n<p style=\"text-align: justify;\"><em>&#8220;<\/em>Nenhum homem \u00e9 uma ilha, inteiramente isolado; todo homem \u00e9 um peda\u00e7o de um continente, uma parte de um todo. Se um torr\u00e3o de terra for levado pelas \u00e1guas at\u00e9 o mar, a Europa fica diminu\u00edda, como se fosse um promont\u00f3rio, como se fosse o solar de seus amigos ou\u00a0o seu pr\u00f3prio; a morte de qualquer homem me diminui, porque sou parte do g\u00eanero humano. E por isso n\u00e3o perguntai: Por quem os sinos dobram; eles dobram por v\u00f3s<em>\u201d.<\/em><\/p>\n<p style=\"text-align: justify;\"><em>\u00a0<\/em>A c\u00e9lebre medita\u00e7\u00e3o j\u00e1 serviu de inspira\u00e7\u00e3o para um romance escrito por Ernest Hemingway sobre a Guerra Civil Espanhola e um filme baseado na mesma hist\u00f3ria, estrelado por Gary Cooper e Ingrid Berman. Os sinos tinham import\u00e2ncia simb\u00f3lica na sociedade em que Donne vivia, pois avisavam a comunidade dos eventos que aconteciam naquela \u00e9poca e especificamente a sa\u00edda dos cortejos f\u00fanebres. John Donne estava incerto de tudo na vida. Era um jovem poeta despedindo-se da vida antes de entrar em um mundo espiritual. Essa \u00e9 a principal mensagem da obra MEDITA\u00c7\u00d5ES.<\/p>\n","protected":false},"excerpt":{"rendered":"<p>AUTOR: <a href=\"https:\/\/editoralandmark.com.br\/v2.0\/2007\/02\/20\/john-donne-1572-1631\/\">JOHN DONNE<\/a><br \/>\nTRADU\u00c7\u00c3O E NOTAS: F\u00c1BIO PEDRO-CYRINO<br \/>\nADAPTA\u00c7\u00c3O: \u00a0***************<br \/>\nILUSTRADOR:\u00a0***************<br \/>\nIDIOMA: PORTUGU\u00caS-INGL\u00caS<br \/>\nLAN\u00c7AMENTO: 04\/2004<br \/>\nACABAMENTO: EPUB<br \/>\nFORMATO: DIGITAL<br \/>\nP\u00c1GINAS: 144<br \/>\nPESO: 200 G<br \/>\nISBN: 97885887811320<br \/>\nISBN DIGITAL: 9788588781658<\/p>\n","protected":false},"featured_media":1990,"template":"","meta":[],"product_brand":[],"product_cat":[18,21,22,30,33],"product_tag":[],"class_list":{"0":"post-1898","1":"product","2":"type-product","3":"status-publish","4":"has-post-thumbnail","6":"product_cat-classicos-mundiais","7":"product_cat-edicao-bilingue","8":"product_cat-ensaios","9":"product_cat-literatura-inglesa","10":"product_cat-livro-digital","11":"product_shipping_class-correios","12":"description-off","14":"first","15":"instock","16":"virtual","17":"purchasable","18":"product-type-simple"},"aioseo_notices":[],"_links":{"self":[{"href":"https:\/\/editoralandmark.com.br\/v2.0\/wp-json\/wp\/v2\/product\/1898","targetHints":{"allow":["GET"]}}],"collection":[{"href":"https:\/\/editoralandmark.com.br\/v2.0\/wp-json\/wp\/v2\/product"}],"about":[{"href":"https:\/\/editoralandmark.com.br\/v2.0\/wp-json\/wp\/v2\/types\/product"}],"wp:featuredmedia":[{"embeddable":true,"href":"https:\/\/editoralandmark.com.br\/v2.0\/wp-json\/wp\/v2\/media\/1990"}],"wp:attachment":[{"href":"https:\/\/editoralandmark.com.br\/v2.0\/wp-json\/wp\/v2\/media?parent=1898"}],"wp:term":[{"taxonomy":"product_brand","embeddable":true,"href":"https:\/\/editoralandmark.com.br\/v2.0\/wp-json\/wp\/v2\/product_brand?post=1898"},{"taxonomy":"product_cat","embeddable":true,"href":"https:\/\/editoralandmark.com.br\/v2.0\/wp-json\/wp\/v2\/product_cat?post=1898"},{"taxonomy":"product_tag","embeddable":true,"href":"https:\/\/editoralandmark.com.br\/v2.0\/wp-json\/wp\/v2\/product_tag?post=1898"}],"curies":[{"name":"wp","href":"https:\/\/api.w.org\/{rel}","templated":true}]}}