{"id":1903,"date":"2005-10-07T15:25:06","date_gmt":"2005-10-07T18:25:06","guid":{"rendered":"https:\/\/editoralandmark.com.br\/v2.0\/?post_type=product&#038;p=1903"},"modified":"2024-03-27T14:42:22","modified_gmt":"2024-03-27T17:42:22","slug":"o-segundo-messias","status":"publish","type":"product","link":"https:\/\/editoralandmark.com.br\/v2.0\/produto\/o-segundo-messias\/","title":{"rendered":"O SEGUNDO MESSIAS"},"content":{"rendered":"<p>Um livro esclarecedor que apresenta incr\u00edveis revela\u00e7\u00f5es sobre o fim da Ordem dos Cavaleiros Templ\u00e1rios!<\/p>\n<p>Estes monges guerreiros tiveram uma estranha trajet\u00f3ria que come\u00e7ou com a escava\u00e7\u00e3o nas ru\u00ednas do Templo de Herodes ao longo de nove anos, e terminou, aproximadamente, duzentos anos mais tarde, com a pris\u00e3o e a morte dos Templ\u00e1rios, acusados de heresia. As descobertas apresentadas em O SEGUNDO MESSIAS\u00a0geram controv\u00e9rsias, mas foram bem recebidas por diversos estudiosos da B\u00edblia, dos Templ\u00e1rios e da Ma\u00e7onaria, assim como por diversos membros do clero cat\u00f3lico.<\/p>\n<p>Os autores determinaram em sua busca a solu\u00e7\u00e3o de seis quest\u00f5es chaves, dentre elas:<\/p>\n<p>\u00b0\u00a0\u00a0\u00a0\u00a0 Por que os Templ\u00e1rios decidiram escavar as ru\u00ednas do Templo de Herodes?<\/p>\n<p>\u00b0\u00a0\u00a0\u00a0\u00a0 Quais eram os verdadeiros motivos que levaram \u00e0 destrui\u00e7\u00e3o dos Templ\u00e1rios, atrav\u00e9s da acusa\u00e7\u00e3o de heresia?<\/p>\n<p>\u00b0\u00a0\u00a0\u00a0\u00a0 Podem os rituais mais antigos da Ma\u00e7onaria lan\u00e7ar novas luzes sobre as origens do Cristianismo?<\/p>\n<p>Sabedores que as perguntas n\u00e3o seriam facilmente respondidas, mas \u00e0 medida que suas pesquisas progrediam, os autores descobriram a resposta de uma das mais importantes quest\u00f5es que nem sequer haviam pensado em formular: Qual \u00e9 a origem definitiva do Sud\u00e1rio de Turim?<\/p>\n<p>Seria a figura de Jacques de Molay, o L\u00edder dos Cavaleiros de Cristo, morto pela Inquisi\u00e7\u00e3o e que teve o corpo envolto em tecido, guardado durante d\u00e9cadas por seus descendentes at\u00e9 ser adquirido pela Igreja? Essas quest\u00f5es s\u00e3o apresentadas de modo claro e fundamentado nesse novo estudo desenvolvido pelos mesmos autores de A CHAVE DE HIRAM.<\/p>\n","protected":false},"excerpt":{"rendered":"<p>AUTOR: <a href=\"https:\/\/editoralandmark.com.br\/v2.0\/2002\/02\/20\/christopher-knight\/\">CHRISTOPHER KNIGHT<\/a> e <a href=\"https:\/\/editoralandmark.com.br\/v2.0\/2004\/02\/20\/robert-lomas\/\">ROBERT LOMAS<\/a><br \/>\nTRADU\u00c7\u00c3O E NOTAS: F\u00c1BIO PEDRO-CYRINO<br \/>\nADAPTA\u00c7\u00c3O: \u00a0***************<br \/>\nILUSTRADOR:\u00a0***************<br \/>\nIDIOMA: PORTUGU\u00caS<br \/>\nLAN\u00c7AMENTO: 10\/2005<br \/>\nACABAMENTO: BROCHURA<br \/>\nFORMATO:\u00a016CM X 23CM<br \/>\nP\u00c1GINAS: 267<br \/>\nPESO: 350 G<br \/>\nISBN: 9788588781078<\/p>\n","protected":false},"featured_media":1904,"template":"","meta":[],"product_brand":[],"product_cat":[22,30,16],"product_tag":[],"class_list":{"0":"post-1903","1":"product","2":"type-product","3":"status-publish","4":"has-post-thumbnail","6":"product_cat-ensaios","7":"product_cat-literatura-inglesa","8":"product_cat-livros","9":"product_shipping_class-correios","10":"description-off","12":"first","13":"outofstock","14":"shipping-taxable","15":"product-type-simple"},"aioseo_notices":[],"_links":{"self":[{"href":"https:\/\/editoralandmark.com.br\/v2.0\/wp-json\/wp\/v2\/product\/1903","targetHints":{"allow":["GET"]}}],"collection":[{"href":"https:\/\/editoralandmark.com.br\/v2.0\/wp-json\/wp\/v2\/product"}],"about":[{"href":"https:\/\/editoralandmark.com.br\/v2.0\/wp-json\/wp\/v2\/types\/product"}],"wp:featuredmedia":[{"embeddable":true,"href":"https:\/\/editoralandmark.com.br\/v2.0\/wp-json\/wp\/v2\/media\/1904"}],"wp:attachment":[{"href":"https:\/\/editoralandmark.com.br\/v2.0\/wp-json\/wp\/v2\/media?parent=1903"}],"wp:term":[{"taxonomy":"product_brand","embeddable":true,"href":"https:\/\/editoralandmark.com.br\/v2.0\/wp-json\/wp\/v2\/product_brand?post=1903"},{"taxonomy":"product_cat","embeddable":true,"href":"https:\/\/editoralandmark.com.br\/v2.0\/wp-json\/wp\/v2\/product_cat?post=1903"},{"taxonomy":"product_tag","embeddable":true,"href":"https:\/\/editoralandmark.com.br\/v2.0\/wp-json\/wp\/v2\/product_tag?post=1903"}],"curies":[{"name":"wp","href":"https:\/\/api.w.org\/{rel}","templated":true}]}}