{"id":2092,"date":"2023-07-18T14:36:59","date_gmt":"2023-07-18T17:36:59","guid":{"rendered":"https:\/\/editoralandmark.com.br\/v2.0\/?post_type=product&#038;p=2092"},"modified":"2025-03-13T11:25:44","modified_gmt":"2025-03-13T14:25:44","slug":"quincas-borba","status":"publish","type":"product","link":"https:\/\/editoralandmark.com.br\/v2.0\/produto\/quincas-borba\/","title":{"rendered":"QUINCAS BORBA"},"content":{"rendered":"<p>[vc_row][vc_column][vc_column_text]<\/p>\n<p style=\"text-align: justify;\">A Editora Landmark, atrav\u00e9s de seu selo A+M, lan\u00e7a QUINCAS BORBA, uma das obras-primas de um dos maiores escritores brasileiros e da lusofonia de todos os tempos, reconhecido internacionalmente, Machado de Assis, o art\u00edfice de uma das maiores inc\u00f3gnitas da literatura brasileira, em uma edi\u00e7\u00e3o capa dura, com texto integral e pr\u00e1tica para o estudo e as horas de lazer.<\/p>\n<p style=\"text-align: justify;\">QUINCAS BORBA, publicado em 1891, conta a hist\u00f3ria de Rubi\u00e3o, um modesto professor de matem\u00e1tica que herda toda a fortuna de seu amigo, o exc\u00eantrico fil\u00f3sofo Quincas Borba.\u00a0Ap\u00f3s a morte de Quincas Borba, Rubi\u00e3o passa a viver em uma realidade completamente diferente, cercado de luxo e poder. Ele se muda para o Rio de Janeiro, onde entra em contato com a alta sociedade e se torna objeto de interesse e manipula\u00e7\u00e3o por parte de seus novos &#8220;amigos&#8221;.<\/p>\n<p style=\"text-align: justify;\">\u00c0 medida que a trama se desenrola, Machado de Assis exp\u00f5e com maestria a hipocrisia e a decad\u00eancia moral da sociedade da \u00e9poca. Rubi\u00e3o, em sua ingenuidade, \u00e9 ludibriado e explorado pelos que o cercam, revelando as camadas mais sombrias do ser humano.O livro apresenta uma cr\u00edtica \u00e1cida aos valores sociais, \u00e0 ambi\u00e7\u00e3o desenfreada e \u00e0 falta de empatia. Por meio de personagens complexos e di\u00e1logos afiados, Machado de Assis questiona a no\u00e7\u00e3o de progresso e de sucesso material, levando o leitor a refletir sobre a natureza humana e as consequ\u00eancias de nossas a\u00e7\u00f5es.<\/p>\n<p style=\"text-align: justify;\">QUINCAS BORBA \u00e9 uma obra que mescla drama, s\u00e1tira e ironia, caracter\u00edsticas marcantes do estilo liter\u00e1rio de Machado de Assis. Com sua prosa brilhante e perspicaz, o autor nos convida a refletir sobre a fragilidade da condi\u00e7\u00e3o humana e as ilus\u00f5es que nos levam a buscar a felicidade em lugares equivocados.<\/p>\n<p>[\/vc_column_text][\/vc_column][\/vc_row][vc_row][vc_column][vc_column_text]<\/p>\n<h3>ADQUIRA TAMB\u00c9M EM NOSSOS PARCEIROS<\/h3>\n<p>[\/vc_column_text][\/vc_column][\/vc_row][vc_row][vc_column][vc_column_text]<style type=\"text\/css\" data-type=\"the7_shortcodes-inline-css\">.carousel-shortcode.carousel-shortcode-id-999c4f6d35c2a003bbc76ba2cbae5a05 .owl-nav a {\n  width: 36px;\n  height: 36px;\n  border-radius: 500px;\n}\n.dt-arrow-border-on.carousel-shortcode.carousel-shortcode-id-999c4f6d35c2a003bbc76ba2cbae5a05 .owl-nav a:not(:hover):before {\n  border-width: 0px;\n}\n.dt-arrow-hover-border-on.carousel-shortcode.carousel-shortcode-id-999c4f6d35c2a003bbc76ba2cbae5a05 .owl-nav a:hover:after {\n  border-width: 0px;\n}\n.carousel-shortcode.carousel-shortcode-id-999c4f6d35c2a003bbc76ba2cbae5a05 .owl-nav a.owl-prev {\n  top: 50%;\n  transform: translateY(calc(-50% + 0px));\n  left: -43px;\n}\n@media all and (-ms-high-contrast: none) {\n  .carousel-shortcode.carousel-shortcode-id-999c4f6d35c2a003bbc76ba2cbae5a05 .owl-nav a.owl-prev {\n    transform: translateY(-50%);\n    margin-top: 0px;\n  }\n}\n.carousel-shortcode.carousel-shortcode-id-999c4f6d35c2a003bbc76ba2cbae5a05 .owl-nav a.owl-prev i {\n  padding: 0px 0px 0px 0px;\n}\n.carousel-shortcode.carousel-shortcode-id-999c4f6d35c2a003bbc76ba2cbae5a05 .owl-nav a.owl-next {\n  top: 50%;\n  transform: translateY(calc(-50% + 0px));\n  right: -43px;\n}\n@media all and (-ms-high-contrast: none) {\n  .carousel-shortcode.carousel-shortcode-id-999c4f6d35c2a003bbc76ba2cbae5a05 .owl-nav a.owl-next {\n    transform: translateY(-50%);\n    margin-top: 0px;\n  }\n}\n.carousel-shortcode.carousel-shortcode-id-999c4f6d35c2a003bbc76ba2cbae5a05 .owl-nav a.owl-next i {\n  padding: 0px 0px 0px 0px;\n}\n.carousel-shortcode.carousel-shortcode-id-999c4f6d35c2a003bbc76ba2cbae5a05 .owl-nav i {\n  font-size: 18px;\n}\n.carousel-shortcode.carousel-shortcode-id-999c4f6d35c2a003bbc76ba2cbae5a05 .owl-nav a:not(:hover) i,\n.carousel-shortcode.carousel-shortcode-id-999c4f6d35c2a003bbc76ba2cbae5a05 .owl-nav a:not(:hover) i:before {\n  color: #ffffff;\n  background: none;\n}\n.carousel-shortcode.carousel-shortcode-id-999c4f6d35c2a003bbc76ba2cbae5a05 .owl-nav a:hover i,\n.carousel-shortcode.carousel-shortcode-id-999c4f6d35c2a003bbc76ba2cbae5a05 .owl-nav a:hover i:before {\n  color: rgba(255,255,255,0.75);\n  background: none;\n}\n.carousel-shortcode.carousel-shortcode-id-999c4f6d35c2a003bbc76ba2cbae5a05 .owl-dots {\n  top: calc(100% + 20px);\n  left: 50%;\n  transform: translateX(calc(-50% + 0px));\n}\n@media all and (-ms-high-contrast: none) {\n  .carousel-shortcode.carousel-shortcode-id-999c4f6d35c2a003bbc76ba2cbae5a05 .owl-dots {\n    transform: translateX(-50%);\n    margin-left: 0px;\n  }\n}\n.carousel-shortcode.carousel-shortcode-id-999c4f6d35c2a003bbc76ba2cbae5a05 .owl-dot {\n  width: 10px;\n  height: 10px;\n  margin: 0 8px;\n}\n@media screen and (max-width: 778px) {\n  .carousel-shortcode.carousel-shortcode-id-999c4f6d35c2a003bbc76ba2cbae5a05.hide-arrows .owl-nav a {\n    display: none;\n  }\n}\n@media screen and (max-width: 778px) {\n  .carousel-shortcode.carousel-shortcode-id-999c4f6d35c2a003bbc76ba2cbae5a05.reposition-arrows .owl-nav .owl-prev {\n    top: 50%;\n    transform: translateY(calc(-50% + 0px));\n    left: 10px;\n  }\n  .carousel-shortcode.carousel-shortcode-id-999c4f6d35c2a003bbc76ba2cbae5a05.reposition-arrows .owl-nav .owl-next {\n    top: 50%;\n    transform: translateY(calc(-50% + 0px));\n    right: 10px;\n  }\n}\n@media screen and (max-width: 778px) and all and (-ms-high-contrast: none) {\n  .carousel-shortcode.carousel-shortcode-id-999c4f6d35c2a003bbc76ba2cbae5a05.reposition-arrows .owl-nav .owl-prev {\n    transform: translateY(-50%);\n    margin-top: 0px;\n  }\n}\n@media screen and (max-width: 778px) and all and (-ms-high-contrast: none) {\n  .carousel-shortcode.carousel-shortcode-id-999c4f6d35c2a003bbc76ba2cbae5a05.reposition-arrows .owl-nav .owl-next {\n    transform: translateY(-50%);\n    margin-top: 0px;\n  }\n}\n<\/style><div class=\"owl-carousel carousel-shortcode dt-owl-carousel-call carousel-shortcode-id-999c4f6d35c2a003bbc76ba2cbae5a05 bullets-small-dot-stroke reposition-arrows arrows-bg-on dt-arrow-border-on dt-arrow-hover-border-on disable-arrows-hover-bg arrows-hover-bg-on  \" data-scroll-mode=\"1\" data-col-num=\"6\" data-wide-col-num=\"6\" data-laptop-col=\"6\" data-h-tablet-columns-num=\"3\" data-v-tablet-columns-num=\"2\" data-phone-columns-num=\"1\" data-auto-height=\"true\" data-col-gap=\"30\" data-stage-padding=\"0\" data-speed=\"600\" data-autoplay=\"false\" data-autoplay_speed=\"6000\" data-arrows=\"true\" data-bullet=\"true\" data-next-icon=\"icon-ar-017-r\" data-prev-icon=\"icon-ar-017-l\">[vc_single_image image=&#8221;1396&#8243; img_size=&#8221;full&#8221; onclick=&#8221;custom_link&#8221; img_link_target=&#8221;_blank&#8221; link=&#8221;https:\/\/www.amazon.com.br&#8221;][vc_single_image image=&#8221;1398&#8243; img_size=&#8221;full&#8221; onclick=&#8221;custom_link&#8221; img_link_target=&#8221;_blank&#8221; link=&#8221;http:\/\/www.travessa.com.br&#8221;][vc_single_image image=&#8221;1400&#8243; img_size=&#8221;full&#8221; onclick=&#8221;custom_link&#8221; img_link_target=&#8221;_blank&#8221; link=&#8221;https:\/\/www.livrariascuritiba.com.br&#8221;][vc_single_image image=&#8221;1407&#8243; img_size=&#8221;full&#8221; onclick=&#8221;custom_link&#8221; img_link_target=&#8221;_blank&#8221; link=&#8221;https:\/\/www.livrariadavila.com.br&#8221;][vc_single_image image=&#8221;1397&#8243; img_size=&#8221;full&#8221; onclick=&#8221;custom_link&#8221; img_link_target=&#8221;_blank&#8221; link=&#8221;https:\/\/www.americanas.com.br&#8221;][vc_single_image image=&#8221;1401&#8243; img_size=&#8221;full&#8221; onclick=&#8221;custom_link&#8221; img_link_target=&#8221;_blank&#8221; link=&#8221;shoptime.com.br&#8221;][vc_single_image image=&#8221;1402&#8243; img_size=&#8221;full&#8221; onclick=&#8221;custom_link&#8221; img_link_target=&#8221;_blank&#8221; link=&#8221;https:\/\/www.submarino.com.br\/&#8221;][vc_single_image image=&#8221;1412&#8243; img_size=&#8221;full&#8221; onclick=&#8221;custom_link&#8221; img_link_target=&#8221;_blank&#8221; link=&#8221;https:\/\/www.martinsfontespaulista.com.br&#8221;][vc_single_image image=&#8221;1414&#8243; img_size=&#8221;full&#8221; onclick=&#8221;custom_link&#8221; img_link_target=&#8221;_blank&#8221; link=&#8221;https:\/\/www.disal.com.br&#8221;][vc_single_image image=&#8221;1405&#8243; img_size=&#8221;full&#8221; onclick=&#8221;custom_link&#8221; img_link_target=&#8221;_blank&#8221; link=&#8221;https:\/\/www.sbs.com.br&#8221;][vc_single_image image=&#8221;1411&#8243; img_size=&#8221;full&#8221; onclick=&#8221;custom_link&#8221; img_link_target=&#8221;_blank&#8221; link=&#8221;https:\/\/www.livrarialoyola.com.br&#8221;][vc_single_image image=&#8221;1406&#8243; img_size=&#8221;full&#8221; onclick=&#8221;custom_link&#8221; img_link_target=&#8221;_blank&#8221; link=&#8221;https:\/\/www.apaginadistribuidora.com.br&#8221;][vc_single_image image=&#8221;1416&#8243; img_size=&#8221;full&#8221; onclick=&#8221;custom_link&#8221; img_link_target=&#8221;_blank&#8221; link=&#8221;https:\/\/www.mercadolivre.com.br&#8221;][vc_single_image image=&#8221;1410&#8243; img_size=&#8221;full&#8221; onclick=&#8221;custom_link&#8221; img_link_target=&#8221;_blank&#8221; link=&#8221;https:\/\/www.livrariavozes.com.br&#8221;][vc_single_image image=&#8221;1417&#8243; img_size=&#8221;full&#8221; onclick=&#8221;custom_link&#8221; img_link_target=&#8221;_blank&#8221; link=&#8221;https:\/\/www.facebook.com\/consulato.livraria\/&#8221;]<\/div>[\/vc_column_text][\/vc_column][\/vc_row]<\/p>\n","protected":false},"excerpt":{"rendered":"<p>AUTOR:\u00a0<a title=\"Machado de Assis \u2013 (1839-1908)\" href=\"https:\/\/editoralandmark.com.br\/v2.0\/2022\/01\/22\/machado-de-assis-1839-1908\/\" target=\"_blank\" rel=\"noopener\">MACHADO DE ASSIS<\/a><br \/>\nADAPTA\u00c7\u00c3O: ***************<br \/>\nILUSTRADOR:\u00a0***************<br \/>\nIDIOMA: PORTUGU\u00caS<br \/>\nLAN\u00c7AMENTO: 08\/2023<br \/>\nACABAMENTO:\u00a0CAPA DURA<br \/>\nFORMATO: 12CM X 17CM<br \/>\nP\u00c1GINAS: 400<br \/>\nPESO: 500 G<br \/>\nISBN: 9786599454691<\/p>\n","protected":false},"featured_media":2057,"template":"","meta":[],"product_brand":[],"product_cat":[18,26,36,40],"product_tag":[],"class_list":{"0":"post-2092","1":"product","2":"type-product","3":"status-publish","4":"has-post-thumbnail","6":"product_cat-classicos-mundiais","7":"product_cat-literatura-brasileira","8":"product_cat-romance","9":"product_cat-lancamentos","10":"product_shipping_class-correios","11":"description-off","13":"first","14":"instock","15":"shipping-taxable","16":"purchasable","17":"product-type-simple"},"aioseo_notices":[],"_links":{"self":[{"href":"https:\/\/editoralandmark.com.br\/v2.0\/wp-json\/wp\/v2\/product\/2092","targetHints":{"allow":["GET"]}}],"collection":[{"href":"https:\/\/editoralandmark.com.br\/v2.0\/wp-json\/wp\/v2\/product"}],"about":[{"href":"https:\/\/editoralandmark.com.br\/v2.0\/wp-json\/wp\/v2\/types\/product"}],"wp:featuredmedia":[{"embeddable":true,"href":"https:\/\/editoralandmark.com.br\/v2.0\/wp-json\/wp\/v2\/media\/2057"}],"wp:attachment":[{"href":"https:\/\/editoralandmark.com.br\/v2.0\/wp-json\/wp\/v2\/media?parent=2092"}],"wp:term":[{"taxonomy":"product_brand","embeddable":true,"href":"https:\/\/editoralandmark.com.br\/v2.0\/wp-json\/wp\/v2\/product_brand?post=2092"},{"taxonomy":"product_cat","embeddable":true,"href":"https:\/\/editoralandmark.com.br\/v2.0\/wp-json\/wp\/v2\/product_cat?post=2092"},{"taxonomy":"product_tag","embeddable":true,"href":"https:\/\/editoralandmark.com.br\/v2.0\/wp-json\/wp\/v2\/product_tag?post=2092"}],"curies":[{"name":"wp","href":"https:\/\/api.w.org\/{rel}","templated":true}]}}