{"id":2191,"date":"2023-10-06T09:53:57","date_gmt":"2023-10-06T12:53:57","guid":{"rendered":"https:\/\/editoralandmark.com.br\/v2.0\/?post_type=product&#038;p=2191"},"modified":"2025-04-25T11:01:35","modified_gmt":"2025-04-25T14:01:35","slug":"ursula-e-a-escrava","status":"publish","type":"product","link":"https:\/\/editoralandmark.com.br\/v2.0\/produto\/ursula-e-a-escrava\/","title":{"rendered":"\u00daRSULA e A ESCRAVA"},"content":{"rendered":"<p>[vc_row][vc_column][vc_column_text]<\/p>\n<p style=\"text-align: justify;\">A Editora Landmark, atrav\u00e9s de seu selo A+M, lan\u00e7a \u00daRSULA e A ESCRAVA, obras-primas de um dos grandes nomes da literatura brasileira, Maria Firmina dos Reis, em uma edi\u00e7\u00e3o capa dura, com texto integral e pr\u00e1tica para o estudo e as horas de lazer.<\/p>\n<p style=\"text-align: justify;\">A obra \u201c\u00daRSULA\u201d, primordial na literatura afro-brasileira, figura como um dos primeiros romances de autoria feminina forjados no solo brasileiro. Publicado em 1859, \u00e9 considerado um dos primeiros romances do Brasil com autoria feminina. O livro aborda temas como o romance e a escravid\u00e3o, proporcionando uma vis\u00e3o cr\u00edtica da sociedade brasileira da \u00e9poca. Com essa obra, Maria Firmina dos Reis, mulher de ascend\u00eancia negra e natural do Maranh\u00e3o, delineia uma narrativa ultrarrom\u00e2ntica que se erige como ve\u00edculo para abordar as agruras sociais que brotam das amarras escravistas, se destacou como uma escritora engajada na luta pela aboli\u00e7\u00e3o da escravid\u00e3o, expondo as injusti\u00e7as sofridas pelos negros no Brasil.<\/p>\n<p style=\"text-align: justify;\">No centro da trama, encontram-se os jovens e idealistas Tancredo e \u00darsula, cujas exist\u00eancias se encontram maculadas por traumas e desilus\u00f5es no \u00e2mbito familiar. O elo do amor floresce assim que o destino os entrela\u00e7a, contudo, deparam-se com obst\u00e1culos que lhes tolhem a consuma\u00e7\u00e3o desse sentimento. Ao mesclar essa trama ultrarrom\u00e2ntica com uma perspicaz an\u00e1lise das consequ\u00eancias nefastas da escravid\u00e3o, Maria Firmina dos Reis erige a epopeia de \u00darsula, que, publicada em 1859, figura entre os primeiros romances da literatura brasileira a ostentarem a assinatura feminina.<\/p>\n<p style=\"text-align: justify;\">Atrav\u00e9s de sua capacidade de conceder voz e autonomia a personagens subjugados pelo jugo escravista, esta obra \u00e9 considerada a pedra angular da literatura afro-brasileira. Nela, delineiam-se retratos de homens autorit\u00e1rios e cru\u00e9is, que perpetram atos impens\u00e1veis de tirania patriarcal e senhorial em um sistema que lhes confere plenos poderes e lhes escusa de limita\u00e7\u00f5es \u00e9ticas.<\/p>\n<p style=\"text-align: justify;\">&#8220;A Escrava&#8221; constitui uma narrativa de autoria de Maria Firmina dos Reis, originalmente publicada na &#8220;Revista Maranhense&#8221; em 1887. Emergindo durante o fervor da campanha abolicionista e apenas alguns meses antes da promulga\u00e7\u00e3o da Lei \u00c1urea, o conto derrama-se sobre o sistema de escravid\u00e3o no Brasil, bem como sobre as deprimentes condi\u00e7\u00f5es a que eram submetidos os indiv\u00edduos de ascend\u00eancia africana, que padeciam sob o jugo da servid\u00e3o. \u00c9 not\u00f3rio que o conto tamb\u00e9m enfatiza as circunst\u00e2ncias espec\u00edficas enfrentadas pelas mulheres negras nesse contexto hist\u00f3rico. A narrativa desdobra-se num sal\u00e3o requintado, onde se congregam indiv\u00edduos pertencentes \u00e0s camadas sociais mais abastadas. Durante os debates travados no ambiente, os participantes abordam uma diversidade de t\u00f3picos, at\u00e9 que adentram na discuss\u00e3o acerca do tema da escravid\u00e3o, momento em que divergentes perspectivas emergem. Uma das presentes, conhecida apenas como &#8220;uma senhora&#8221;, expressa sua posi\u00e7\u00e3o sobre a institui\u00e7\u00e3o da escravid\u00e3o ao narrar a hist\u00f3ria de Joana, uma escrava que empreendeu uma fuga corajosa. A escravid\u00e3o \u00e9 denunciada como um emblema de retrocesso para o desenvolvimento do Brasil, enquanto a liberdade \u00e9 proclamada como um patrim\u00f4nio inalien\u00e1vel de todos os seres humanos, independentemente de cor, religi\u00e3o ou ra\u00e7a. A narrativa oscila entre a compaix\u00e3o pelos oprimidos e a den\u00fancia en\u00e9rgica da ordem social que sustenta a perpetua\u00e7\u00e3o da escravid\u00e3o. Concebido no \u00e1pice da campanha abolicionista, &#8220;A Escrava&#8221; manifesta-se como uma obra combativa e profundamente antiescravagista.<\/p>\n<p>[\/vc_column_text][\/vc_column][\/vc_row][vc_row][vc_column][vc_column_text]<\/p>\n<h3>ADQUIRA TAMB\u00c9M EM NOSSOS PARCEIROS<\/h3>\n<p>[\/vc_column_text][\/vc_column][\/vc_row][vc_row][vc_column][vc_column_text]<style type=\"text\/css\" data-type=\"the7_shortcodes-inline-css\">.carousel-shortcode.carousel-shortcode-id-999c4f6d35c2a003bbc76ba2cbae5a05 .owl-nav a {\n  width: 36px;\n  height: 36px;\n  border-radius: 500px;\n}\n.dt-arrow-border-on.carousel-shortcode.carousel-shortcode-id-999c4f6d35c2a003bbc76ba2cbae5a05 .owl-nav a:not(:hover):before {\n  border-width: 0px;\n}\n.dt-arrow-hover-border-on.carousel-shortcode.carousel-shortcode-id-999c4f6d35c2a003bbc76ba2cbae5a05 .owl-nav a:hover:after {\n  border-width: 0px;\n}\n.carousel-shortcode.carousel-shortcode-id-999c4f6d35c2a003bbc76ba2cbae5a05 .owl-nav a.owl-prev {\n  top: 50%;\n  transform: translateY(calc(-50% + 0px));\n  left: -43px;\n}\n@media all and (-ms-high-contrast: none) {\n  .carousel-shortcode.carousel-shortcode-id-999c4f6d35c2a003bbc76ba2cbae5a05 .owl-nav a.owl-prev {\n    transform: translateY(-50%);\n    margin-top: 0px;\n  }\n}\n.carousel-shortcode.carousel-shortcode-id-999c4f6d35c2a003bbc76ba2cbae5a05 .owl-nav a.owl-prev i {\n  padding: 0px 0px 0px 0px;\n}\n.carousel-shortcode.carousel-shortcode-id-999c4f6d35c2a003bbc76ba2cbae5a05 .owl-nav a.owl-next {\n  top: 50%;\n  transform: translateY(calc(-50% + 0px));\n  right: -43px;\n}\n@media all and (-ms-high-contrast: none) {\n  .carousel-shortcode.carousel-shortcode-id-999c4f6d35c2a003bbc76ba2cbae5a05 .owl-nav a.owl-next {\n    transform: translateY(-50%);\n    margin-top: 0px;\n  }\n}\n.carousel-shortcode.carousel-shortcode-id-999c4f6d35c2a003bbc76ba2cbae5a05 .owl-nav a.owl-next i {\n  padding: 0px 0px 0px 0px;\n}\n.carousel-shortcode.carousel-shortcode-id-999c4f6d35c2a003bbc76ba2cbae5a05 .owl-nav i {\n  font-size: 18px;\n}\n.carousel-shortcode.carousel-shortcode-id-999c4f6d35c2a003bbc76ba2cbae5a05 .owl-nav a:not(:hover) i,\n.carousel-shortcode.carousel-shortcode-id-999c4f6d35c2a003bbc76ba2cbae5a05 .owl-nav a:not(:hover) i:before {\n  color: #ffffff;\n  background: none;\n}\n.carousel-shortcode.carousel-shortcode-id-999c4f6d35c2a003bbc76ba2cbae5a05 .owl-nav a:hover i,\n.carousel-shortcode.carousel-shortcode-id-999c4f6d35c2a003bbc76ba2cbae5a05 .owl-nav a:hover i:before {\n  color: rgba(255,255,255,0.75);\n  background: none;\n}\n.carousel-shortcode.carousel-shortcode-id-999c4f6d35c2a003bbc76ba2cbae5a05 .owl-dots {\n  top: calc(100% + 20px);\n  left: 50%;\n  transform: translateX(calc(-50% + 0px));\n}\n@media all and (-ms-high-contrast: none) {\n  .carousel-shortcode.carousel-shortcode-id-999c4f6d35c2a003bbc76ba2cbae5a05 .owl-dots {\n    transform: translateX(-50%);\n    margin-left: 0px;\n  }\n}\n.carousel-shortcode.carousel-shortcode-id-999c4f6d35c2a003bbc76ba2cbae5a05 .owl-dot {\n  width: 10px;\n  height: 10px;\n  margin: 0 8px;\n}\n@media screen and (max-width: 778px) {\n  .carousel-shortcode.carousel-shortcode-id-999c4f6d35c2a003bbc76ba2cbae5a05.hide-arrows .owl-nav a {\n    display: none;\n  }\n}\n@media screen and (max-width: 778px) {\n  .carousel-shortcode.carousel-shortcode-id-999c4f6d35c2a003bbc76ba2cbae5a05.reposition-arrows .owl-nav .owl-prev {\n    top: 50%;\n    transform: translateY(calc(-50% + 0px));\n    left: 10px;\n  }\n  .carousel-shortcode.carousel-shortcode-id-999c4f6d35c2a003bbc76ba2cbae5a05.reposition-arrows .owl-nav .owl-next {\n    top: 50%;\n    transform: translateY(calc(-50% + 0px));\n    right: 10px;\n  }\n}\n@media screen and (max-width: 778px) and all and (-ms-high-contrast: none) {\n  .carousel-shortcode.carousel-shortcode-id-999c4f6d35c2a003bbc76ba2cbae5a05.reposition-arrows .owl-nav .owl-prev {\n    transform: translateY(-50%);\n    margin-top: 0px;\n  }\n}\n@media screen and (max-width: 778px) and all and (-ms-high-contrast: none) {\n  .carousel-shortcode.carousel-shortcode-id-999c4f6d35c2a003bbc76ba2cbae5a05.reposition-arrows .owl-nav .owl-next {\n    transform: translateY(-50%);\n    margin-top: 0px;\n  }\n}\n<\/style><div class=\"owl-carousel carousel-shortcode dt-owl-carousel-call carousel-shortcode-id-999c4f6d35c2a003bbc76ba2cbae5a05 bullets-small-dot-stroke reposition-arrows arrows-bg-on dt-arrow-border-on dt-arrow-hover-border-on disable-arrows-hover-bg arrows-hover-bg-on  \" data-scroll-mode=\"1\" data-col-num=\"6\" data-wide-col-num=\"6\" data-laptop-col=\"6\" data-h-tablet-columns-num=\"3\" data-v-tablet-columns-num=\"2\" data-phone-columns-num=\"1\" data-auto-height=\"true\" data-col-gap=\"30\" data-stage-padding=\"0\" data-speed=\"600\" data-autoplay=\"false\" data-autoplay_speed=\"6000\" data-arrows=\"true\" data-bullet=\"true\" data-next-icon=\"icon-ar-017-r\" data-prev-icon=\"icon-ar-017-l\">[vc_single_image image=&#8221;1396&#8243; img_size=&#8221;full&#8221; onclick=&#8221;custom_link&#8221; img_link_target=&#8221;_blank&#8221; link=&#8221;https:\/\/www.amazon.com.br&#8221;][vc_single_image image=&#8221;1398&#8243; img_size=&#8221;full&#8221; onclick=&#8221;custom_link&#8221; img_link_target=&#8221;_blank&#8221; link=&#8221;http:\/\/www.travessa.com.br&#8221;][vc_single_image image=&#8221;1400&#8243; img_size=&#8221;full&#8221; onclick=&#8221;custom_link&#8221; img_link_target=&#8221;_blank&#8221; link=&#8221;https:\/\/www.livrariascuritiba.com.br&#8221;][vc_single_image image=&#8221;1407&#8243; img_size=&#8221;full&#8221; onclick=&#8221;custom_link&#8221; img_link_target=&#8221;_blank&#8221; link=&#8221;https:\/\/www.livrariadavila.com.br&#8221;][vc_single_image image=&#8221;1397&#8243; img_size=&#8221;full&#8221; onclick=&#8221;custom_link&#8221; img_link_target=&#8221;_blank&#8221; link=&#8221;https:\/\/www.americanas.com.br&#8221;][vc_single_image image=&#8221;1401&#8243; img_size=&#8221;full&#8221; onclick=&#8221;custom_link&#8221; img_link_target=&#8221;_blank&#8221; link=&#8221;shoptime.com.br&#8221;][vc_single_image image=&#8221;1402&#8243; img_size=&#8221;full&#8221; onclick=&#8221;custom_link&#8221; img_link_target=&#8221;_blank&#8221; link=&#8221;https:\/\/www.submarino.com.br\/&#8221;][vc_single_image image=&#8221;1412&#8243; img_size=&#8221;full&#8221; onclick=&#8221;custom_link&#8221; img_link_target=&#8221;_blank&#8221; link=&#8221;https:\/\/www.martinsfontespaulista.com.br&#8221;][vc_single_image image=&#8221;1414&#8243; img_size=&#8221;full&#8221; onclick=&#8221;custom_link&#8221; img_link_target=&#8221;_blank&#8221; link=&#8221;https:\/\/www.disal.com.br&#8221;][vc_single_image image=&#8221;1405&#8243; img_size=&#8221;full&#8221; onclick=&#8221;custom_link&#8221; img_link_target=&#8221;_blank&#8221; link=&#8221;https:\/\/www.sbs.com.br&#8221;][vc_single_image image=&#8221;1411&#8243; img_size=&#8221;full&#8221; onclick=&#8221;custom_link&#8221; img_link_target=&#8221;_blank&#8221; link=&#8221;https:\/\/www.livrarialoyola.com.br&#8221;][vc_single_image image=&#8221;1406&#8243; img_size=&#8221;full&#8221; onclick=&#8221;custom_link&#8221; img_link_target=&#8221;_blank&#8221; link=&#8221;https:\/\/www.apaginadistribuidora.com.br&#8221;][vc_single_image image=&#8221;1416&#8243; img_size=&#8221;full&#8221; onclick=&#8221;custom_link&#8221; img_link_target=&#8221;_blank&#8221; link=&#8221;https:\/\/www.mercadolivre.com.br&#8221;][vc_single_image image=&#8221;1410&#8243; img_size=&#8221;full&#8221; onclick=&#8221;custom_link&#8221; img_link_target=&#8221;_blank&#8221; link=&#8221;https:\/\/www.livrariavozes.com.br&#8221;][vc_single_image image=&#8221;1417&#8243; img_size=&#8221;full&#8221; onclick=&#8221;custom_link&#8221; img_link_target=&#8221;_blank&#8221; link=&#8221;https:\/\/www.facebook.com\/consulato.livraria\/&#8221;]<\/div>[\/vc_column_text][\/vc_column][\/vc_row]<\/p>\n","protected":false},"excerpt":{"rendered":"<p>AUTOR: <a href=\"https:\/\/editoralandmark.com.br\/v2.0\/2023\/10\/06\/maria-firmina-dos-reis-1825-1917\/\">MARIA FIRMINA DOS REIS<\/a><br \/>\nADAPTA\u00c7\u00c3O: ***************<br \/>\nILUSTRADOR:\u00a0***************<br \/>\nIDIOMA: PORTUGU\u00caS<br \/>\nLAN\u00c7AMENTO: 01\/2024<br \/>\nACABAMENTO:\u00a0CAPA DURA<br \/>\nFORMATO: 12CM X 17CM<br \/>\nP\u00c1GINAS: 256<br \/>\nISBN: 9788580700848<\/p>\n","protected":false},"featured_media":2324,"template":"","meta":[],"product_brand":[],"product_cat":[16,18,26,36,40],"product_tag":[],"class_list":{"0":"post-2191","1":"product","2":"type-product","3":"status-publish","4":"has-post-thumbnail","6":"product_cat-livros","7":"product_cat-classicos-mundiais","8":"product_cat-literatura-brasileira","9":"product_cat-romance","10":"product_cat-lancamentos","11":"product_shipping_class-correios","12":"description-off","14":"first","15":"instock","16":"shipping-taxable","17":"purchasable","18":"product-type-simple"},"aioseo_notices":[],"_links":{"self":[{"href":"https:\/\/editoralandmark.com.br\/v2.0\/wp-json\/wp\/v2\/product\/2191","targetHints":{"allow":["GET"]}}],"collection":[{"href":"https:\/\/editoralandmark.com.br\/v2.0\/wp-json\/wp\/v2\/product"}],"about":[{"href":"https:\/\/editoralandmark.com.br\/v2.0\/wp-json\/wp\/v2\/types\/product"}],"wp:featuredmedia":[{"embeddable":true,"href":"https:\/\/editoralandmark.com.br\/v2.0\/wp-json\/wp\/v2\/media\/2324"}],"wp:attachment":[{"href":"https:\/\/editoralandmark.com.br\/v2.0\/wp-json\/wp\/v2\/media?parent=2191"}],"wp:term":[{"taxonomy":"product_brand","embeddable":true,"href":"https:\/\/editoralandmark.com.br\/v2.0\/wp-json\/wp\/v2\/product_brand?post=2191"},{"taxonomy":"product_cat","embeddable":true,"href":"https:\/\/editoralandmark.com.br\/v2.0\/wp-json\/wp\/v2\/product_cat?post=2191"},{"taxonomy":"product_tag","embeddable":true,"href":"https:\/\/editoralandmark.com.br\/v2.0\/wp-json\/wp\/v2\/product_tag?post=2191"}],"curies":[{"name":"wp","href":"https:\/\/api.w.org\/{rel}","templated":true}]}}