{"id":2917,"date":"2026-05-08T13:27:27","date_gmt":"2026-05-08T16:27:27","guid":{"rendered":"https:\/\/editoralandmark.com.br\/v2.0\/?post_type=product&#038;p=2917"},"modified":"2026-05-08T13:34:15","modified_gmt":"2026-05-08T16:34:15","slug":"maquinadotempo","status":"publish","type":"product","link":"https:\/\/editoralandmark.com.br\/v2.0\/produto\/maquinadotempo\/","title":{"rendered":"A M\u00c1QUINA DO TEMPO: THE TIME MACHINE"},"content":{"rendered":"<p>[vc_row][vc_column width=&#8221;1\/4&#8243;][vc_column_text]<img loading=\"lazy\" decoding=\"async\" class=\"alignnone size-medium wp-image-2918\" src=\"https:\/\/editoralandmark.com.br\/v2.0\/wp-content\/uploads\/2026\/05\/2026-A-MAQUINA-DO-TEMPO-CAPA1-400x600.jpg\" alt=\"\" width=\"400\" height=\"600\" srcset=\"https:\/\/editoralandmark.com.br\/v2.0\/wp-content\/uploads\/2026\/05\/2026-A-MAQUINA-DO-TEMPO-CAPA1-400x600.jpg 400w, https:\/\/editoralandmark.com.br\/v2.0\/wp-content\/uploads\/2026\/05\/2026-A-MAQUINA-DO-TEMPO-CAPA1-800x1200.jpg 800w, https:\/\/editoralandmark.com.br\/v2.0\/wp-content\/uploads\/2026\/05\/2026-A-MAQUINA-DO-TEMPO-CAPA1-768x1152.jpg 768w, https:\/\/editoralandmark.com.br\/v2.0\/wp-content\/uploads\/2026\/05\/2026-A-MAQUINA-DO-TEMPO-CAPA1-1024x1536.jpg 1024w, https:\/\/editoralandmark.com.br\/v2.0\/wp-content\/uploads\/2026\/05\/2026-A-MAQUINA-DO-TEMPO-CAPA1-300x450.jpg 300w, https:\/\/editoralandmark.com.br\/v2.0\/wp-content\/uploads\/2026\/05\/2026-A-MAQUINA-DO-TEMPO-CAPA1-600x900.jpg 600w, https:\/\/editoralandmark.com.br\/v2.0\/wp-content\/uploads\/2026\/05\/2026-A-MAQUINA-DO-TEMPO-CAPA1.jpg 1080w\" sizes=\"auto, (max-width: 400px) 100vw, 400px\" \/>[\/vc_column_text][\/vc_column][vc_column width=&#8221;3\/4&#8243;][vc_column_text]Entre a curiosidade cient\u00edfica e a vertigem filos\u00f3fica, \u00abA M\u00c1QUINA DO TEMPO: The Time Machine\u00bb afirma-se como uma das mais inquietantes narrativas de H. G. Wells, n\u00e3o apenas pela engenhosidade do seu dispositivo ficcional, mas pela lucidez com que interroga o destino da civiliza\u00e7\u00e3o. Ao conduzir o leitor numa viagem para al\u00e9m dos limites do tempo, Wells n\u00e3o prop\u00f5e um mero exerc\u00edcio de imagina\u00e7\u00e3o especulativa: oferece, antes, uma alegoria sombria sobre as tens\u00f5es sociais, os excessos do progresso e a fragilidade das conquistas humanas.<\/p>\n<p>Num futuro distante, onde a ra\u00e7a humana se encontra dividida em esp\u00e9cies distintas, os fr\u00e1geis Eloi e os subterr\u00e2neos Morlocks, o romance se revela como uma reflex\u00e3o mordaz sobre a desigualdade e a degenera\u00e7\u00e3o cultural da humanidade. A aparente harmonia id\u00edlica se dissolve gradualmente numa atmosfera de inquieta\u00e7\u00e3o, onde cada descoberta intensifica a sensa\u00e7\u00e3o de perda e irreversibilidade. O tempo, longe de ser uma promessa de aperfei\u00e7oamento cont\u00ednuo, surge como um campo de ru\u00ednas.<\/p>\n<p>Escrito no final do s\u00e9culo XIX, este texto precursor da fic\u00e7\u00e3o cient\u00edfica moderna mant\u00e9m uma surpreendente atualidade, com sua for\u00e7a residindo precisamente na ambiguidade: entre o fasc\u00ednio e o terror, entre o avan\u00e7o t\u00e9cnico e a regress\u00e3o moral. Wells nos convida a contemplar o futuro n\u00e3o como um destino garantido, mas como uma hip\u00f3tese inst\u00e1vel, dependente das escolhas, das estruturas e das cegueiras do tempo presente.<\/p>\n<p>Mais do que uma hist\u00f3ria sobre viagens pelo tempo, \u00abA M\u00e1quina do Tempo: THE TIME MACHINE\u00bb \u00e9 uma medita\u00e7\u00e3o sobre aquilo que permanece, e aquilo que se perde, quando o tempo deixa de ser apenas medida e se torna revela\u00e7\u00e3o.[\/vc_column_text][\/vc_column][\/vc_row][vc_row][vc_column][vc_column_text]<\/p>\n<h3>ADQUIRA TAMB\u00c9M EM NOSSOS PARCEIROS<\/h3>\n<p>[\/vc_column_text][\/vc_column][\/vc_row][vc_row][vc_column][vc_column_text]<style type=\"text\/css\" data-type=\"the7_shortcodes-inline-css\">.carousel-shortcode.carousel-shortcode-id-999c4f6d35c2a003bbc76ba2cbae5a05 .owl-nav a {\n  width: 36px;\n  height: 36px;\n  border-radius: 500px;\n}\n.dt-arrow-border-on.carousel-shortcode.carousel-shortcode-id-999c4f6d35c2a003bbc76ba2cbae5a05 .owl-nav a:not(:hover):before {\n  border-width: 0px;\n}\n.dt-arrow-hover-border-on.carousel-shortcode.carousel-shortcode-id-999c4f6d35c2a003bbc76ba2cbae5a05 .owl-nav a:hover:after {\n  border-width: 0px;\n}\n.carousel-shortcode.carousel-shortcode-id-999c4f6d35c2a003bbc76ba2cbae5a05 .owl-nav a.owl-prev {\n  top: 50%;\n  transform: translateY(calc(-50% + 0px));\n  left: -43px;\n}\n@media all and (-ms-high-contrast: none) {\n  .carousel-shortcode.carousel-shortcode-id-999c4f6d35c2a003bbc76ba2cbae5a05 .owl-nav a.owl-prev {\n    transform: translateY(-50%);\n    margin-top: 0px;\n  }\n}\n.carousel-shortcode.carousel-shortcode-id-999c4f6d35c2a003bbc76ba2cbae5a05 .owl-nav a.owl-prev i {\n  padding: 0px 0px 0px 0px;\n}\n.carousel-shortcode.carousel-shortcode-id-999c4f6d35c2a003bbc76ba2cbae5a05 .owl-nav a.owl-next {\n  top: 50%;\n  transform: translateY(calc(-50% + 0px));\n  right: -43px;\n}\n@media all and (-ms-high-contrast: none) {\n  .carousel-shortcode.carousel-shortcode-id-999c4f6d35c2a003bbc76ba2cbae5a05 .owl-nav a.owl-next {\n    transform: translateY(-50%);\n    margin-top: 0px;\n  }\n}\n.carousel-shortcode.carousel-shortcode-id-999c4f6d35c2a003bbc76ba2cbae5a05 .owl-nav a.owl-next i {\n  padding: 0px 0px 0px 0px;\n}\n.carousel-shortcode.carousel-shortcode-id-999c4f6d35c2a003bbc76ba2cbae5a05 .owl-nav i {\n  font-size: 18px;\n}\n.carousel-shortcode.carousel-shortcode-id-999c4f6d35c2a003bbc76ba2cbae5a05 .owl-nav a:not(:hover) i,\n.carousel-shortcode.carousel-shortcode-id-999c4f6d35c2a003bbc76ba2cbae5a05 .owl-nav a:not(:hover) i:before {\n  color: #ffffff;\n  background: none;\n}\n.carousel-shortcode.carousel-shortcode-id-999c4f6d35c2a003bbc76ba2cbae5a05 .owl-nav a:hover i,\n.carousel-shortcode.carousel-shortcode-id-999c4f6d35c2a003bbc76ba2cbae5a05 .owl-nav a:hover i:before {\n  color: rgba(255,255,255,0.75);\n  background: none;\n}\n.carousel-shortcode.carousel-shortcode-id-999c4f6d35c2a003bbc76ba2cbae5a05 .owl-dots {\n  top: calc(100% + 20px);\n  left: 50%;\n  transform: translateX(calc(-50% + 0px));\n}\n@media all and (-ms-high-contrast: none) {\n  .carousel-shortcode.carousel-shortcode-id-999c4f6d35c2a003bbc76ba2cbae5a05 .owl-dots {\n    transform: translateX(-50%);\n    margin-left: 0px;\n  }\n}\n.carousel-shortcode.carousel-shortcode-id-999c4f6d35c2a003bbc76ba2cbae5a05 .owl-dot {\n  width: 10px;\n  height: 10px;\n  margin: 0 8px;\n}\n@media screen and (max-width: 778px) {\n  .carousel-shortcode.carousel-shortcode-id-999c4f6d35c2a003bbc76ba2cbae5a05.hide-arrows .owl-nav a {\n    display: none;\n  }\n}\n@media screen and (max-width: 778px) {\n  .carousel-shortcode.carousel-shortcode-id-999c4f6d35c2a003bbc76ba2cbae5a05.reposition-arrows .owl-nav .owl-prev {\n    top: 50%;\n    transform: translateY(calc(-50% + 0px));\n    left: 10px;\n  }\n  .carousel-shortcode.carousel-shortcode-id-999c4f6d35c2a003bbc76ba2cbae5a05.reposition-arrows .owl-nav .owl-next {\n    top: 50%;\n    transform: translateY(calc(-50% + 0px));\n    right: 10px;\n  }\n}\n@media screen and (max-width: 778px) and all and (-ms-high-contrast: none) {\n  .carousel-shortcode.carousel-shortcode-id-999c4f6d35c2a003bbc76ba2cbae5a05.reposition-arrows .owl-nav .owl-prev {\n    transform: translateY(-50%);\n    margin-top: 0px;\n  }\n}\n@media screen and (max-width: 778px) and all and (-ms-high-contrast: none) {\n  .carousel-shortcode.carousel-shortcode-id-999c4f6d35c2a003bbc76ba2cbae5a05.reposition-arrows .owl-nav .owl-next {\n    transform: translateY(-50%);\n    margin-top: 0px;\n  }\n}\n<\/style><div class=\"owl-carousel carousel-shortcode dt-owl-carousel-call carousel-shortcode-id-999c4f6d35c2a003bbc76ba2cbae5a05 bullets-small-dot-stroke reposition-arrows arrows-bg-on dt-arrow-border-on dt-arrow-hover-border-on disable-arrows-hover-bg arrows-hover-bg-on  \" data-scroll-mode=\"1\" data-col-num=\"6\" data-wide-col-num=\"6\" data-laptop-col=\"6\" data-h-tablet-columns-num=\"3\" data-v-tablet-columns-num=\"2\" data-phone-columns-num=\"1\" data-auto-height=\"true\" data-col-gap=\"30\" data-stage-padding=\"0\" data-speed=\"600\" data-autoplay=\"false\" data-autoplay_speed=\"6000\" data-arrows=\"true\" data-bullet=\"true\" data-next-icon=\"icon-ar-017-r\" data-prev-icon=\"icon-ar-017-l\">[vc_single_image image=&#8221;1396&#8243; img_size=&#8221;full&#8221; onclick=&#8221;custom_link&#8221; img_link_target=&#8221;_blank&#8221; link=&#8221;https:\/\/www.amazon.com.br&#8221;][vc_single_image image=&#8221;1398&#8243; img_size=&#8221;full&#8221; onclick=&#8221;custom_link&#8221; img_link_target=&#8221;_blank&#8221; link=&#8221;http:\/\/www.travessa.com.br&#8221;][vc_single_image image=&#8221;1400&#8243; img_size=&#8221;full&#8221; onclick=&#8221;custom_link&#8221; img_link_target=&#8221;_blank&#8221; link=&#8221;https:\/\/www.livrariascuritiba.com.br&#8221;][vc_single_image image=&#8221;1407&#8243; img_size=&#8221;full&#8221; onclick=&#8221;custom_link&#8221; img_link_target=&#8221;_blank&#8221; link=&#8221;https:\/\/www.livrariadavila.com.br&#8221;][vc_single_image image=&#8221;1397&#8243; img_size=&#8221;full&#8221; onclick=&#8221;custom_link&#8221; img_link_target=&#8221;_blank&#8221; link=&#8221;https:\/\/www.americanas.com.br&#8221;][vc_single_image image=&#8221;1401&#8243; img_size=&#8221;full&#8221; onclick=&#8221;custom_link&#8221; img_link_target=&#8221;_blank&#8221; link=&#8221;shoptime.com.br&#8221;][vc_single_image image=&#8221;1402&#8243; img_size=&#8221;full&#8221; onclick=&#8221;custom_link&#8221; img_link_target=&#8221;_blank&#8221; link=&#8221;https:\/\/www.submarino.com.br\/&#8221;][vc_single_image image=&#8221;1412&#8243; img_size=&#8221;full&#8221; onclick=&#8221;custom_link&#8221; img_link_target=&#8221;_blank&#8221; link=&#8221;https:\/\/www.martinsfontespaulista.com.br&#8221;][vc_single_image image=&#8221;1414&#8243; img_size=&#8221;full&#8221; onclick=&#8221;custom_link&#8221; img_link_target=&#8221;_blank&#8221; link=&#8221;https:\/\/www.disal.com.br&#8221;][vc_single_image image=&#8221;1405&#8243; img_size=&#8221;full&#8221; onclick=&#8221;custom_link&#8221; img_link_target=&#8221;_blank&#8221; link=&#8221;https:\/\/www.sbs.com.br&#8221;][vc_single_image image=&#8221;1411&#8243; img_size=&#8221;full&#8221; onclick=&#8221;custom_link&#8221; img_link_target=&#8221;_blank&#8221; link=&#8221;https:\/\/www.livrarialoyola.com.br&#8221;][vc_single_image image=&#8221;1406&#8243; img_size=&#8221;full&#8221; onclick=&#8221;custom_link&#8221; img_link_target=&#8221;_blank&#8221; link=&#8221;https:\/\/www.apaginadistribuidora.com.br&#8221;][vc_single_image image=&#8221;1416&#8243; img_size=&#8221;full&#8221; onclick=&#8221;custom_link&#8221; img_link_target=&#8221;_blank&#8221; link=&#8221;https:\/\/www.mercadolivre.com.br&#8221;][vc_single_image image=&#8221;1410&#8243; img_size=&#8221;full&#8221; onclick=&#8221;custom_link&#8221; img_link_target=&#8221;_blank&#8221; link=&#8221;https:\/\/www.livrariavozes.com.br&#8221;][vc_single_image image=&#8221;1417&#8243; img_size=&#8221;full&#8221; onclick=&#8221;custom_link&#8221; img_link_target=&#8221;_blank&#8221; link=&#8221;https:\/\/www.facebook.com\/consulato.livraria\/&#8221;]<\/div>[\/vc_column_text][\/vc_column][\/vc_row]<\/p>\n","protected":false},"excerpt":{"rendered":"<p>AUTOR: <a title=\"H. G. Wells (1866-1946)\" href=\"https:\/\/editoralandmark.com.br\/v2.0\/2021\/02\/20\/h-g-wells-1866-1946\/\" rel=\"bookmark\">H. G. Wells (1866-1946)<\/a><\/p>\n<p>TRADU\u00c7\u00c3O, NOTAS E INTRODU\u00c7\u00c3O: F. PEDRO-CYRINO<\/p>\n<p>REVIS\u00c3O GERAL DA TRADU\u00c7\u00c3O: CHARLES GOMES P. TEIXEIRA<\/p>\n<p>ADAPTA\u00c7\u00c3O: ***************<\/p>\n<p>ILUSTRADOR:\u00a0***************<\/p>\n<p>IDIOMA: PORTUGU\u00caS<\/p>\n<p>LAN\u00c7AMENTO: 07\/2026<\/p>\n<p>ACABAMENTO: CAPA DURA<\/p>\n<p>FORMATO: 16CM X 23CM<\/p>\n<p>P\u00c1GINAS: 272<\/p>\n<p>PESO: 205 G<\/p>\n<p>ISBN 978-85-8070-107-5<\/p>\n<p>ISBN DIGITAL 978-85-8070-106-1<\/p>\n","protected":false},"featured_media":2918,"template":"","meta":[],"product_brand":[],"product_cat":[18,21,23,66,30,16,36],"product_tag":[],"class_list":{"0":"post-2917","1":"product","2":"type-product","3":"status-publish","4":"has-post-thumbnail","6":"product_cat-classicos-mundiais","7":"product_cat-edicao-bilingue","8":"product_cat-ficcao-cientifica","9":"product_cat-futuros-lancamentos","10":"product_cat-literatura-inglesa","11":"product_cat-livros","12":"product_cat-romance","13":"product_shipping_class-correios","14":"description-off","16":"first","17":"instock","18":"shipping-taxable","19":"product-type-simple"},"aioseo_notices":[],"_links":{"self":[{"href":"https:\/\/editoralandmark.com.br\/v2.0\/wp-json\/wp\/v2\/product\/2917","targetHints":{"allow":["GET"]}}],"collection":[{"href":"https:\/\/editoralandmark.com.br\/v2.0\/wp-json\/wp\/v2\/product"}],"about":[{"href":"https:\/\/editoralandmark.com.br\/v2.0\/wp-json\/wp\/v2\/types\/product"}],"wp:featuredmedia":[{"embeddable":true,"href":"https:\/\/editoralandmark.com.br\/v2.0\/wp-json\/wp\/v2\/media\/2918"}],"wp:attachment":[{"href":"https:\/\/editoralandmark.com.br\/v2.0\/wp-json\/wp\/v2\/media?parent=2917"}],"wp:term":[{"taxonomy":"product_brand","embeddable":true,"href":"https:\/\/editoralandmark.com.br\/v2.0\/wp-json\/wp\/v2\/product_brand?post=2917"},{"taxonomy":"product_cat","embeddable":true,"href":"https:\/\/editoralandmark.com.br\/v2.0\/wp-json\/wp\/v2\/product_cat?post=2917"},{"taxonomy":"product_tag","embeddable":true,"href":"https:\/\/editoralandmark.com.br\/v2.0\/wp-json\/wp\/v2\/product_tag?post=2917"}],"curies":[{"name":"wp","href":"https:\/\/api.w.org\/{rel}","templated":true}]}}