{"id":2922,"date":"2026-05-08T13:36:17","date_gmt":"2026-05-08T16:36:17","guid":{"rendered":"https:\/\/editoralandmark.com.br\/v2.0\/?post_type=product&#038;p=2922"},"modified":"2026-05-08T13:54:26","modified_gmt":"2026-05-08T16:54:26","slug":"fazendadosanimais","status":"publish","type":"product","link":"https:\/\/editoralandmark.com.br\/v2.0\/produto\/fazendadosanimais\/","title":{"rendered":"A FAZENDA DOS ANIMAIS: A REVOLU\u00c7\u00c3O DOS BICHOS"},"content":{"rendered":"<p>[vc_row][vc_column width=&#8221;1\/4&#8243;][vc_column_text]<img loading=\"lazy\" decoding=\"async\" class=\"alignnone size-medium wp-image-2923\" src=\"https:\/\/editoralandmark.com.br\/v2.0\/wp-content\/uploads\/2026\/05\/2026-FAZENDA-DOS-ANIMAIS-capa-400x600.jpg\" alt=\"\" width=\"400\" height=\"600\" srcset=\"https:\/\/editoralandmark.com.br\/v2.0\/wp-content\/uploads\/2026\/05\/2026-FAZENDA-DOS-ANIMAIS-capa-400x600.jpg 400w, https:\/\/editoralandmark.com.br\/v2.0\/wp-content\/uploads\/2026\/05\/2026-FAZENDA-DOS-ANIMAIS-capa-800x1200.jpg 800w, https:\/\/editoralandmark.com.br\/v2.0\/wp-content\/uploads\/2026\/05\/2026-FAZENDA-DOS-ANIMAIS-capa-768x1152.jpg 768w, https:\/\/editoralandmark.com.br\/v2.0\/wp-content\/uploads\/2026\/05\/2026-FAZENDA-DOS-ANIMAIS-capa-1024x1536.jpg 1024w, https:\/\/editoralandmark.com.br\/v2.0\/wp-content\/uploads\/2026\/05\/2026-FAZENDA-DOS-ANIMAIS-capa-1366x2048.jpg 1366w, https:\/\/editoralandmark.com.br\/v2.0\/wp-content\/uploads\/2026\/05\/2026-FAZENDA-DOS-ANIMAIS-capa-300x450.jpg 300w, https:\/\/editoralandmark.com.br\/v2.0\/wp-content\/uploads\/2026\/05\/2026-FAZENDA-DOS-ANIMAIS-capa-600x900.jpg 600w, https:\/\/editoralandmark.com.br\/v2.0\/wp-content\/uploads\/2026\/05\/2026-FAZENDA-DOS-ANIMAIS-capa.jpg 1654w\" sizes=\"auto, (max-width: 400px) 100vw, 400px\" \/>[\/vc_column_text][\/vc_column][vc_column width=&#8221;3\/4&#8243;][vc_column_text]F\u00e1bula pol\u00edtica de fulgurante clareza e inquietante perman\u00eancia, <em>A Fazenda dos Animais<\/em> condensa, sob a apar\u00eancia de um conto aleg\u00f3rico, uma das mais penetrantes cr\u00edticas ao exerc\u00edcio do poder no s\u00e9culo XX. Em George Orwell, a simplicidade narrativa nunca \u00e9 ingenuidade: \u00e9, antes, estrat\u00e9gia de precis\u00e3o, pela qual a linguagem se torna instrumento de desvelamento.<\/p>\n<p>Ao narrar a insurrei\u00e7\u00e3o dos animais contra a tirania humana e a subsequente instaura\u00e7\u00e3o de uma nova ordem, o texto exp\u00f5e o ciclo recorrente da corrup\u00e7\u00e3o pol\u00edtica: a promessa de igualdade que degenera em privil\u00e9gio, a revolu\u00e7\u00e3o que se cristaliza em regime, a palavra que se transforma em mecanismo de manipula\u00e7\u00e3o. Cada mandamento reescrito, cada mem\u00f3ria distorcida, assinala o modo como a hist\u00f3ria pode ser capturada por aqueles que a proclamam.<\/p>\n<p>A for\u00e7a da obra reside na sua capacidade de operar simultaneamente como s\u00e1tira hist\u00f3rica e reflex\u00e3o intemporal. Se, por um lado, dialoga com acontecimentos concretos do seu tempo, por outro, ultrapassa-os, tornando-se uma medita\u00e7\u00e3o sobre as estruturas do poder, a fragilidade da consci\u00eancia coletiva e a facilidade com que a linguagem pode ser apropriada para legitimar o abuso.<\/p>\n<p>Em <em>A Fazenda dos Animais<\/em>, a alegoria pol\u00edtica n\u00e3o se esgota na s\u00e1tira: instala antes uma inquieta\u00e7\u00e3o persistente, que acompanha o leitor para al\u00e9m da leitura. Quando a vigil\u00e2ncia coletiva se atenua e a linguagem passa a ser moldada por quem governa, a ideia de liberdade come\u00e7a a deslizar, quase sem ru\u00eddo, at\u00e9 j\u00e1 n\u00e3o coincidir com aquilo que outrora parecia evidente.[\/vc_column_text][\/vc_column][\/vc_row][vc_row][vc_column][vc_column_text]<\/p>\n<h3>ADQUIRA TAMB\u00c9M EM NOSSOS PARCEIROS<\/h3>\n<p>[\/vc_column_text][\/vc_column][\/vc_row][vc_row][vc_column][vc_column_text]<style type=\"text\/css\" data-type=\"the7_shortcodes-inline-css\">.carousel-shortcode.carousel-shortcode-id-999c4f6d35c2a003bbc76ba2cbae5a05 .owl-nav a {\n  width: 36px;\n  height: 36px;\n  border-radius: 500px;\n}\n.dt-arrow-border-on.carousel-shortcode.carousel-shortcode-id-999c4f6d35c2a003bbc76ba2cbae5a05 .owl-nav a:not(:hover):before {\n  border-width: 0px;\n}\n.dt-arrow-hover-border-on.carousel-shortcode.carousel-shortcode-id-999c4f6d35c2a003bbc76ba2cbae5a05 .owl-nav a:hover:after {\n  border-width: 0px;\n}\n.carousel-shortcode.carousel-shortcode-id-999c4f6d35c2a003bbc76ba2cbae5a05 .owl-nav a.owl-prev {\n  top: 50%;\n  transform: translateY(calc(-50% + 0px));\n  left: -43px;\n}\n@media all and (-ms-high-contrast: none) {\n  .carousel-shortcode.carousel-shortcode-id-999c4f6d35c2a003bbc76ba2cbae5a05 .owl-nav a.owl-prev {\n    transform: translateY(-50%);\n    margin-top: 0px;\n  }\n}\n.carousel-shortcode.carousel-shortcode-id-999c4f6d35c2a003bbc76ba2cbae5a05 .owl-nav a.owl-prev i {\n  padding: 0px 0px 0px 0px;\n}\n.carousel-shortcode.carousel-shortcode-id-999c4f6d35c2a003bbc76ba2cbae5a05 .owl-nav a.owl-next {\n  top: 50%;\n  transform: translateY(calc(-50% + 0px));\n  right: -43px;\n}\n@media all and (-ms-high-contrast: none) {\n  .carousel-shortcode.carousel-shortcode-id-999c4f6d35c2a003bbc76ba2cbae5a05 .owl-nav a.owl-next {\n    transform: translateY(-50%);\n    margin-top: 0px;\n  }\n}\n.carousel-shortcode.carousel-shortcode-id-999c4f6d35c2a003bbc76ba2cbae5a05 .owl-nav a.owl-next i {\n  padding: 0px 0px 0px 0px;\n}\n.carousel-shortcode.carousel-shortcode-id-999c4f6d35c2a003bbc76ba2cbae5a05 .owl-nav i {\n  font-size: 18px;\n}\n.carousel-shortcode.carousel-shortcode-id-999c4f6d35c2a003bbc76ba2cbae5a05 .owl-nav a:not(:hover) i,\n.carousel-shortcode.carousel-shortcode-id-999c4f6d35c2a003bbc76ba2cbae5a05 .owl-nav a:not(:hover) i:before {\n  color: #ffffff;\n  background: none;\n}\n.carousel-shortcode.carousel-shortcode-id-999c4f6d35c2a003bbc76ba2cbae5a05 .owl-nav a:hover i,\n.carousel-shortcode.carousel-shortcode-id-999c4f6d35c2a003bbc76ba2cbae5a05 .owl-nav a:hover i:before {\n  color: rgba(255,255,255,0.75);\n  background: none;\n}\n.carousel-shortcode.carousel-shortcode-id-999c4f6d35c2a003bbc76ba2cbae5a05 .owl-dots {\n  top: calc(100% + 20px);\n  left: 50%;\n  transform: translateX(calc(-50% + 0px));\n}\n@media all and (-ms-high-contrast: none) {\n  .carousel-shortcode.carousel-shortcode-id-999c4f6d35c2a003bbc76ba2cbae5a05 .owl-dots {\n    transform: translateX(-50%);\n    margin-left: 0px;\n  }\n}\n.carousel-shortcode.carousel-shortcode-id-999c4f6d35c2a003bbc76ba2cbae5a05 .owl-dot {\n  width: 10px;\n  height: 10px;\n  margin: 0 8px;\n}\n@media screen and (max-width: 778px) {\n  .carousel-shortcode.carousel-shortcode-id-999c4f6d35c2a003bbc76ba2cbae5a05.hide-arrows .owl-nav a {\n    display: none;\n  }\n}\n@media screen and (max-width: 778px) {\n  .carousel-shortcode.carousel-shortcode-id-999c4f6d35c2a003bbc76ba2cbae5a05.reposition-arrows .owl-nav .owl-prev {\n    top: 50%;\n    transform: translateY(calc(-50% + 0px));\n    left: 10px;\n  }\n  .carousel-shortcode.carousel-shortcode-id-999c4f6d35c2a003bbc76ba2cbae5a05.reposition-arrows .owl-nav .owl-next {\n    top: 50%;\n    transform: translateY(calc(-50% + 0px));\n    right: 10px;\n  }\n}\n@media screen and (max-width: 778px) and all and (-ms-high-contrast: none) {\n  .carousel-shortcode.carousel-shortcode-id-999c4f6d35c2a003bbc76ba2cbae5a05.reposition-arrows .owl-nav .owl-prev {\n    transform: translateY(-50%);\n    margin-top: 0px;\n  }\n}\n@media screen and (max-width: 778px) and all and (-ms-high-contrast: none) {\n  .carousel-shortcode.carousel-shortcode-id-999c4f6d35c2a003bbc76ba2cbae5a05.reposition-arrows .owl-nav .owl-next {\n    transform: translateY(-50%);\n    margin-top: 0px;\n  }\n}\n<\/style><div class=\"owl-carousel carousel-shortcode dt-owl-carousel-call carousel-shortcode-id-999c4f6d35c2a003bbc76ba2cbae5a05 bullets-small-dot-stroke reposition-arrows arrows-bg-on dt-arrow-border-on dt-arrow-hover-border-on disable-arrows-hover-bg arrows-hover-bg-on  \" data-scroll-mode=\"1\" data-col-num=\"6\" data-wide-col-num=\"6\" data-laptop-col=\"6\" data-h-tablet-columns-num=\"3\" data-v-tablet-columns-num=\"2\" data-phone-columns-num=\"1\" data-auto-height=\"true\" data-col-gap=\"30\" data-stage-padding=\"0\" data-speed=\"600\" data-autoplay=\"false\" data-autoplay_speed=\"6000\" data-arrows=\"true\" data-bullet=\"true\" data-next-icon=\"icon-ar-017-r\" data-prev-icon=\"icon-ar-017-l\">[vc_single_image image=&#8221;1396&#8243; img_size=&#8221;full&#8221; onclick=&#8221;custom_link&#8221; img_link_target=&#8221;_blank&#8221; link=&#8221;https:\/\/www.amazon.com.br&#8221;][vc_single_image image=&#8221;1398&#8243; img_size=&#8221;full&#8221; onclick=&#8221;custom_link&#8221; img_link_target=&#8221;_blank&#8221; link=&#8221;http:\/\/www.travessa.com.br&#8221;][vc_single_image image=&#8221;1400&#8243; img_size=&#8221;full&#8221; onclick=&#8221;custom_link&#8221; img_link_target=&#8221;_blank&#8221; link=&#8221;https:\/\/www.livrariascuritiba.com.br&#8221;][vc_single_image image=&#8221;1407&#8243; img_size=&#8221;full&#8221; onclick=&#8221;custom_link&#8221; img_link_target=&#8221;_blank&#8221; link=&#8221;https:\/\/www.livrariadavila.com.br&#8221;][vc_single_image image=&#8221;1397&#8243; img_size=&#8221;full&#8221; onclick=&#8221;custom_link&#8221; img_link_target=&#8221;_blank&#8221; link=&#8221;https:\/\/www.americanas.com.br&#8221;][vc_single_image image=&#8221;1401&#8243; img_size=&#8221;full&#8221; onclick=&#8221;custom_link&#8221; img_link_target=&#8221;_blank&#8221; link=&#8221;shoptime.com.br&#8221;][vc_single_image image=&#8221;1402&#8243; img_size=&#8221;full&#8221; onclick=&#8221;custom_link&#8221; img_link_target=&#8221;_blank&#8221; link=&#8221;https:\/\/www.submarino.com.br\/&#8221;][vc_single_image image=&#8221;1412&#8243; img_size=&#8221;full&#8221; onclick=&#8221;custom_link&#8221; img_link_target=&#8221;_blank&#8221; link=&#8221;https:\/\/www.martinsfontespaulista.com.br&#8221;][vc_single_image image=&#8221;1414&#8243; img_size=&#8221;full&#8221; onclick=&#8221;custom_link&#8221; img_link_target=&#8221;_blank&#8221; link=&#8221;https:\/\/www.disal.com.br&#8221;][vc_single_image image=&#8221;1405&#8243; img_size=&#8221;full&#8221; onclick=&#8221;custom_link&#8221; img_link_target=&#8221;_blank&#8221; link=&#8221;https:\/\/www.sbs.com.br&#8221;][vc_single_image image=&#8221;1411&#8243; img_size=&#8221;full&#8221; onclick=&#8221;custom_link&#8221; img_link_target=&#8221;_blank&#8221; link=&#8221;https:\/\/www.livrarialoyola.com.br&#8221;][vc_single_image image=&#8221;1406&#8243; img_size=&#8221;full&#8221; onclick=&#8221;custom_link&#8221; img_link_target=&#8221;_blank&#8221; link=&#8221;https:\/\/www.apaginadistribuidora.com.br&#8221;][vc_single_image image=&#8221;1416&#8243; img_size=&#8221;full&#8221; onclick=&#8221;custom_link&#8221; img_link_target=&#8221;_blank&#8221; link=&#8221;https:\/\/www.mercadolivre.com.br&#8221;][vc_single_image image=&#8221;1410&#8243; img_size=&#8221;full&#8221; onclick=&#8221;custom_link&#8221; img_link_target=&#8221;_blank&#8221; link=&#8221;https:\/\/www.livrariavozes.com.br&#8221;][vc_single_image image=&#8221;1417&#8243; img_size=&#8221;full&#8221; onclick=&#8221;custom_link&#8221; img_link_target=&#8221;_blank&#8221; link=&#8221;https:\/\/www.facebook.com\/consulato.livraria\/&#8221;]<\/div>[\/vc_column_text][\/vc_column][\/vc_row]<\/p>\n","protected":false},"excerpt":{"rendered":"<p>AUTOR: <a href=\"https:\/\/editoralandmark.com.br\/v2.0\/2024\/12\/03\/george-orwell-1903-1950\/\">GEORGE ORWELL (1903-1950)<\/a><\/p>\n<p>TRADU\u00c7\u00c3O, NOTAS E INTRODU\u00c7\u00c3O: F. PEDRO-CYRINO<\/p>\n<p>REVIS\u00c3O GERAL DA TRADU\u00c7\u00c3O: CHARLES GOMES P. TEIXEIRA<\/p>\n<p>ADAPTA\u00c7\u00c3O: ***************<\/p>\n<p>ILUSTRADOR: ARQU\u00c9TIPO DESIGN<\/p>\n<p>IDIOMA: PORTUGU\u00caS<\/p>\n<p>LAN\u00c7AMENTO: 07\/2026<\/p>\n<p>ACABAMENTO: CAPA DURA<\/p>\n<p>FORMATO: 14CM X 21CM<\/p>\n<p>P\u00c1GINAS: 272<\/p>\n<p>PESO: 205 G<\/p>\n<p>ISBN 978-85-8070-000-0<\/p>\n<p>ISBN DIGITAL 978-85-8070-000-0<\/p>\n","protected":false},"featured_media":2923,"template":"","meta":[],"product_brand":[],"product_cat":[18,19,66,30,16,36],"product_tag":[],"class_list":{"0":"post-2922","1":"product","2":"type-product","3":"status-publish","4":"has-post-thumbnail","6":"product_cat-classicos-mundiais","7":"product_cat-contos","8":"product_cat-futuros-lancamentos","9":"product_cat-literatura-inglesa","10":"product_cat-livros","11":"product_cat-romance","12":"product_shipping_class-correios","13":"description-off","15":"first","16":"instock","17":"shipping-taxable","18":"product-type-simple"},"aioseo_notices":[],"_links":{"self":[{"href":"https:\/\/editoralandmark.com.br\/v2.0\/wp-json\/wp\/v2\/product\/2922","targetHints":{"allow":["GET"]}}],"collection":[{"href":"https:\/\/editoralandmark.com.br\/v2.0\/wp-json\/wp\/v2\/product"}],"about":[{"href":"https:\/\/editoralandmark.com.br\/v2.0\/wp-json\/wp\/v2\/types\/product"}],"wp:featuredmedia":[{"embeddable":true,"href":"https:\/\/editoralandmark.com.br\/v2.0\/wp-json\/wp\/v2\/media\/2923"}],"wp:attachment":[{"href":"https:\/\/editoralandmark.com.br\/v2.0\/wp-json\/wp\/v2\/media?parent=2922"}],"wp:term":[{"taxonomy":"product_brand","embeddable":true,"href":"https:\/\/editoralandmark.com.br\/v2.0\/wp-json\/wp\/v2\/product_brand?post=2922"},{"taxonomy":"product_cat","embeddable":true,"href":"https:\/\/editoralandmark.com.br\/v2.0\/wp-json\/wp\/v2\/product_cat?post=2922"},{"taxonomy":"product_tag","embeddable":true,"href":"https:\/\/editoralandmark.com.br\/v2.0\/wp-json\/wp\/v2\/product_tag?post=2922"}],"curies":[{"name":"wp","href":"https:\/\/api.w.org\/{rel}","templated":true}]}}