{"id":384,"date":"2017-12-22T14:50:21","date_gmt":"2017-12-22T16:50:21","guid":{"rendered":"https:\/\/editoralandmark.com.br\/v2.0\/?post_type=product&#038;p=384"},"modified":"2025-03-13T11:02:04","modified_gmt":"2025-03-13T14:02:04","slug":"a-casa-das-romas-a-house-of-pomegranates","status":"publish","type":"product","link":"https:\/\/editoralandmark.com.br\/v2.0\/produto\/a-casa-das-romas-a-house-of-pomegranates\/","title":{"rendered":"A CASA DAS ROM\u00c3S: A HOUSE OF POMEGRANATES"},"content":{"rendered":"<p>[vc_row][vc_column][vc_column_text]<\/p>\n<p style=\"text-align: justify;\">A edi\u00e7\u00e3o de A CASA DAS ROM\u00c3S: A HOUSE OF POMEGRANATES traz aos leitores os contos (1854-1900) e as ilustra\u00e7\u00f5es originais de Charles Haslewood Shannon (1863-1937) e Charles De Sousy Ricketts (1866-1931), publicados em 1891 durante o per\u00edodo mais feliz e menos turbulento da vida de Oscar Wilde e aborda, principalmente um dos seus temas preferidos: os seres humanos e os seus duplos e a imagem nem sempre fiel que se espera dessa imagem que acaba por adquirir for\u00e7a e vida pr\u00f3pria. Wilde preenche os seus contos com empolgantes an\u00e1lises e par\u00e1bolas morais para todas as idades.<\/p>\n<p style=\"text-align: justify;\">Os contos inclu\u00eddos nesta cole\u00e7\u00e3o \u2013 O JOVEM REI, O ANIVERS\u00c1RIO DA INFANTA, O PESCADOR E SUA ALMA e O FILHO DA ESTRELA \u2013 apresentam a vis\u00e3o cr\u00edtica de Oscar Wilde sobre os usos e costumes da sociedade em que vivia, explorando o universo fant\u00e1stico e falando sobre o Amor e as rela\u00e7\u00f5es antag\u00f4nicas com a Propriedade, o Conhecimento e as Sensa\u00e7\u00f5es; Oscar Wilde pontua as rela\u00e7\u00f5es humanas inseridas no relacionamento social com uma incr\u00edvel sensibilidade e pede a reflex\u00e3o do leitor para cada momento narrado.<\/p>\n<p style=\"text-align: justify;\">Quando da sua publica\u00e7\u00e3o, alguns cr\u00edticos julgaram que A CASA DAS ROM\u00c3S: A HOUSE OF POMEGRANATES era muito complexo para as crian\u00e7as, mas Wilde claramente tinha ambi\u00e7\u00f5es mais amplas e julgou ser um absurdo que &#8221;o vocabul\u00e1rio extremamente limitado \u00e0 disposi\u00e7\u00e3o da crian\u00e7a brit\u00e2nica [fosse] o padr\u00e3o pelo qual a prosa de um artista pudesse ser julgada.&#8221;<\/p>\n<p>[\/vc_column_text][\/vc_column][\/vc_row][vc_row][vc_column][vc_column_text]<\/p>\n<h3>ADQUIRA TAMB\u00c9M EM NOSSOS PARCEIROS<\/h3>\n<p>[\/vc_column_text][\/vc_column][\/vc_row][vc_row][vc_column][vc_column_text]<style type=\"text\/css\" data-type=\"the7_shortcodes-inline-css\">.carousel-shortcode.carousel-shortcode-id-999c4f6d35c2a003bbc76ba2cbae5a05 .owl-nav a {\n  width: 36px;\n  height: 36px;\n  border-radius: 500px;\n}\n.dt-arrow-border-on.carousel-shortcode.carousel-shortcode-id-999c4f6d35c2a003bbc76ba2cbae5a05 .owl-nav a:not(:hover):before {\n  border-width: 0px;\n}\n.dt-arrow-hover-border-on.carousel-shortcode.carousel-shortcode-id-999c4f6d35c2a003bbc76ba2cbae5a05 .owl-nav a:hover:after {\n  border-width: 0px;\n}\n.carousel-shortcode.carousel-shortcode-id-999c4f6d35c2a003bbc76ba2cbae5a05 .owl-nav a.owl-prev {\n  top: 50%;\n  transform: translateY(calc(-50% + 0px));\n  left: -43px;\n}\n@media all and (-ms-high-contrast: none) {\n  .carousel-shortcode.carousel-shortcode-id-999c4f6d35c2a003bbc76ba2cbae5a05 .owl-nav a.owl-prev {\n    transform: translateY(-50%);\n    margin-top: 0px;\n  }\n}\n.carousel-shortcode.carousel-shortcode-id-999c4f6d35c2a003bbc76ba2cbae5a05 .owl-nav a.owl-prev i {\n  padding: 0px 0px 0px 0px;\n}\n.carousel-shortcode.carousel-shortcode-id-999c4f6d35c2a003bbc76ba2cbae5a05 .owl-nav a.owl-next {\n  top: 50%;\n  transform: translateY(calc(-50% + 0px));\n  right: -43px;\n}\n@media all and (-ms-high-contrast: none) {\n  .carousel-shortcode.carousel-shortcode-id-999c4f6d35c2a003bbc76ba2cbae5a05 .owl-nav a.owl-next {\n    transform: translateY(-50%);\n    margin-top: 0px;\n  }\n}\n.carousel-shortcode.carousel-shortcode-id-999c4f6d35c2a003bbc76ba2cbae5a05 .owl-nav a.owl-next i {\n  padding: 0px 0px 0px 0px;\n}\n.carousel-shortcode.carousel-shortcode-id-999c4f6d35c2a003bbc76ba2cbae5a05 .owl-nav i {\n  font-size: 18px;\n}\n.carousel-shortcode.carousel-shortcode-id-999c4f6d35c2a003bbc76ba2cbae5a05 .owl-nav a:not(:hover) i,\n.carousel-shortcode.carousel-shortcode-id-999c4f6d35c2a003bbc76ba2cbae5a05 .owl-nav a:not(:hover) i:before {\n  color: #ffffff;\n  background: none;\n}\n.carousel-shortcode.carousel-shortcode-id-999c4f6d35c2a003bbc76ba2cbae5a05 .owl-nav a:hover i,\n.carousel-shortcode.carousel-shortcode-id-999c4f6d35c2a003bbc76ba2cbae5a05 .owl-nav a:hover i:before {\n  color: rgba(255,255,255,0.75);\n  background: none;\n}\n.carousel-shortcode.carousel-shortcode-id-999c4f6d35c2a003bbc76ba2cbae5a05 .owl-dots {\n  top: calc(100% + 20px);\n  left: 50%;\n  transform: translateX(calc(-50% + 0px));\n}\n@media all and (-ms-high-contrast: none) {\n  .carousel-shortcode.carousel-shortcode-id-999c4f6d35c2a003bbc76ba2cbae5a05 .owl-dots {\n    transform: translateX(-50%);\n    margin-left: 0px;\n  }\n}\n.carousel-shortcode.carousel-shortcode-id-999c4f6d35c2a003bbc76ba2cbae5a05 .owl-dot {\n  width: 10px;\n  height: 10px;\n  margin: 0 8px;\n}\n@media screen and (max-width: 778px) {\n  .carousel-shortcode.carousel-shortcode-id-999c4f6d35c2a003bbc76ba2cbae5a05.hide-arrows .owl-nav a {\n    display: none;\n  }\n}\n@media screen and (max-width: 778px) {\n  .carousel-shortcode.carousel-shortcode-id-999c4f6d35c2a003bbc76ba2cbae5a05.reposition-arrows .owl-nav .owl-prev {\n    top: 50%;\n    transform: translateY(calc(-50% + 0px));\n    left: 10px;\n  }\n  .carousel-shortcode.carousel-shortcode-id-999c4f6d35c2a003bbc76ba2cbae5a05.reposition-arrows .owl-nav .owl-next {\n    top: 50%;\n    transform: translateY(calc(-50% + 0px));\n    right: 10px;\n  }\n}\n@media screen and (max-width: 778px) and all and (-ms-high-contrast: none) {\n  .carousel-shortcode.carousel-shortcode-id-999c4f6d35c2a003bbc76ba2cbae5a05.reposition-arrows .owl-nav .owl-prev {\n    transform: translateY(-50%);\n    margin-top: 0px;\n  }\n}\n@media screen and (max-width: 778px) and all and (-ms-high-contrast: none) {\n  .carousel-shortcode.carousel-shortcode-id-999c4f6d35c2a003bbc76ba2cbae5a05.reposition-arrows .owl-nav .owl-next {\n    transform: translateY(-50%);\n    margin-top: 0px;\n  }\n}\n<\/style><div class=\"owl-carousel carousel-shortcode dt-owl-carousel-call carousel-shortcode-id-999c4f6d35c2a003bbc76ba2cbae5a05 bullets-small-dot-stroke reposition-arrows arrows-bg-on dt-arrow-border-on dt-arrow-hover-border-on disable-arrows-hover-bg arrows-hover-bg-on  \" data-scroll-mode=\"1\" data-col-num=\"6\" data-wide-col-num=\"6\" data-laptop-col=\"6\" data-h-tablet-columns-num=\"3\" data-v-tablet-columns-num=\"2\" data-phone-columns-num=\"1\" data-auto-height=\"true\" data-col-gap=\"30\" data-stage-padding=\"0\" data-speed=\"600\" data-autoplay=\"false\" data-autoplay_speed=\"6000\" data-arrows=\"true\" data-bullet=\"true\" data-next-icon=\"icon-ar-017-r\" data-prev-icon=\"icon-ar-017-l\">[vc_single_image image=&#8221;1396&#8243; img_size=&#8221;full&#8221; onclick=&#8221;custom_link&#8221; img_link_target=&#8221;_blank&#8221; link=&#8221;https:\/\/www.amazon.com.br&#8221;][vc_single_image image=&#8221;1398&#8243; img_size=&#8221;full&#8221; onclick=&#8221;custom_link&#8221; img_link_target=&#8221;_blank&#8221; link=&#8221;http:\/\/www.travessa.com.br&#8221;][vc_single_image image=&#8221;1400&#8243; img_size=&#8221;full&#8221; onclick=&#8221;custom_link&#8221; img_link_target=&#8221;_blank&#8221; link=&#8221;https:\/\/www.livrariascuritiba.com.br&#8221;][vc_single_image image=&#8221;1407&#8243; img_size=&#8221;full&#8221; onclick=&#8221;custom_link&#8221; img_link_target=&#8221;_blank&#8221; link=&#8221;https:\/\/www.livrariadavila.com.br&#8221;][vc_single_image image=&#8221;1397&#8243; img_size=&#8221;full&#8221; onclick=&#8221;custom_link&#8221; img_link_target=&#8221;_blank&#8221; link=&#8221;https:\/\/www.americanas.com.br&#8221;][vc_single_image image=&#8221;1401&#8243; img_size=&#8221;full&#8221; onclick=&#8221;custom_link&#8221; img_link_target=&#8221;_blank&#8221; link=&#8221;shoptime.com.br&#8221;][vc_single_image image=&#8221;1402&#8243; img_size=&#8221;full&#8221; onclick=&#8221;custom_link&#8221; img_link_target=&#8221;_blank&#8221; link=&#8221;https:\/\/www.submarino.com.br\/&#8221;][vc_single_image image=&#8221;1412&#8243; img_size=&#8221;full&#8221; onclick=&#8221;custom_link&#8221; img_link_target=&#8221;_blank&#8221; link=&#8221;https:\/\/www.martinsfontespaulista.com.br&#8221;][vc_single_image image=&#8221;1414&#8243; img_size=&#8221;full&#8221; onclick=&#8221;custom_link&#8221; img_link_target=&#8221;_blank&#8221; link=&#8221;https:\/\/www.disal.com.br&#8221;][vc_single_image image=&#8221;1405&#8243; img_size=&#8221;full&#8221; onclick=&#8221;custom_link&#8221; img_link_target=&#8221;_blank&#8221; link=&#8221;https:\/\/www.sbs.com.br&#8221;][vc_single_image image=&#8221;1411&#8243; img_size=&#8221;full&#8221; onclick=&#8221;custom_link&#8221; img_link_target=&#8221;_blank&#8221; link=&#8221;https:\/\/www.livrarialoyola.com.br&#8221;][vc_single_image image=&#8221;1406&#8243; img_size=&#8221;full&#8221; onclick=&#8221;custom_link&#8221; img_link_target=&#8221;_blank&#8221; link=&#8221;https:\/\/www.apaginadistribuidora.com.br&#8221;][vc_single_image image=&#8221;1416&#8243; img_size=&#8221;full&#8221; onclick=&#8221;custom_link&#8221; img_link_target=&#8221;_blank&#8221; link=&#8221;https:\/\/www.mercadolivre.com.br&#8221;][vc_single_image image=&#8221;1410&#8243; img_size=&#8221;full&#8221; onclick=&#8221;custom_link&#8221; img_link_target=&#8221;_blank&#8221; link=&#8221;https:\/\/www.livrariavozes.com.br&#8221;][vc_single_image image=&#8221;1417&#8243; img_size=&#8221;full&#8221; onclick=&#8221;custom_link&#8221; img_link_target=&#8221;_blank&#8221; link=&#8221;https:\/\/www.facebook.com\/consulato.livraria\/&#8221;]<\/div>[\/vc_column_text][\/vc_column][\/vc_row]<\/p>\n","protected":false},"excerpt":{"rendered":"<div class=\"col-sm-12 col-md-12 linha-livro\">\n<div class=\"col-sm-12 col-md-4 reducao-centro\"><span class=\"titulo-descritor\">AUTOR: <\/span><a href=\"https:\/\/editoralandmark.com.br\/v2.0\/2022\/02\/20\/oscar-wilde-1854-1900\/\"><span class=\"descritor-livro\">OSCAR WILDE<\/span><\/a><\/div>\n<\/div>\n<div class=\"col-sm-12 col-md-12 linha-livro\">\n<div class=\"col-sm-12 col-md-4 reducao-centro\"><span class=\"titulo-descritor\">TRADU\u00c7\u00c3O E NOTAS: <\/span><span class=\"descritor-livro\">LUCIANA SALGADO<\/span><\/div>\n<\/div>\n<div class=\"col-sm-12 col-md-12 linha-livro\">\n<div class=\"col-sm-12 col-md-4 reducao-centro\"><span class=\"titulo-descritor\">ADAPTA\u00c7\u00c3O: <\/span><span class=\"descritor-livro\">F\u00c1BIO PEDRO-CYRINO<\/span><\/div>\n<\/div>\n<div class=\"col-sm-12 col-md-12 linha-livro\">\n<div class=\"col-sm-12 col-md-4 reducao-centro\"><span class=\"titulo-descritor\">ILUSTRADOR: <\/span><span class=\"descritor-livro\">CHARLES HASLEWOOD SHANNON e CHARLES DE SOUSY RICKETTS<\/span><\/div>\n<\/div>\n<div class=\"col-sm-12 col-md-12 linha-livro\">\n<div class=\"col-sm-12 col-md-4 reducao-centro\"><span class=\"titulo-descritor\">IDIOMA: <\/span><span class=\"descritor-livro\">PORTUGU\u00caS-INGL\u00caS<\/span><\/div>\n<\/div>\n<div class=\"col-sm-12 col-md-12 linha-livro\">\n<div class=\"col-sm-12 col-md-4 reducao-centro\"><span class=\"titulo-descritor\">LAN\u00c7AMENTO: <\/span><span class=\"descritor-livro\">12\/2017<\/span><\/div>\n<\/div>\n<div class=\"col-sm-12 col-md-12 linha-livro\">\n<div class=\"col-sm-12 col-md-4 reducao-centro\"><span class=\"titulo-descritor\">ACABAMENTO: <\/span><span class=\"descritor-livro\">CAPA DURA<\/span><\/div>\n<\/div>\n<div class=\"col-sm-12 col-md-12 linha-livro\">\n<div class=\"col-sm-12 col-md-4 reducao-centro\"><span class=\"titulo-descritor\">FORMATO: <\/span><span class=\"descritor-livro\">16CM X 23CM<\/span><\/div>\n<\/div>\n<div class=\"col-sm-12 col-md-12 linha-livro\">\n<div class=\"col-sm-12 col-md-4 reducao-centro\"><span class=\"titulo-descritor\">P\u00c1GINAS: <\/span><span class=\"descritor-livro\">336<\/span><\/div>\n<\/div>\n<div class=\"col-sm-12 col-md-12 linha-livro\">\n<div class=\"col-sm-12 col-md-4 reducao-centro\"><span class=\"titulo-descritor\">PESO: 350<\/span><span class=\"descritor-livro\">G<\/span><\/div>\n<\/div>\n<div class=\"col-sm-12 col-md-12 linha-livro\">\n<div class=\"col-sm-12 col-md-4 reducao-centro\"><span class=\"titulo-descritor\">ISBN: <\/span><span class=\"descritor-livro\">9788580700565<\/span><\/div>\n<\/div>\n<div class=\"col-sm-12 col-md-12 linha-livro\">\n<div class=\"col-sm-12 col-md-4 reducao-centro\"><span class=\"titulo-descritor\">ISBN DIGITAL: <\/span><span class=\"descritor-livro\">9788588781528<\/span><\/div>\n<\/div>\n","protected":false},"featured_media":385,"template":"","meta":[],"product_brand":[],"product_cat":[18,19,21,30],"product_tag":[],"class_list":{"0":"post-384","1":"product","2":"type-product","3":"status-publish","4":"has-post-thumbnail","6":"product_cat-classicos-mundiais","7":"product_cat-contos","8":"product_cat-edicao-bilingue","9":"product_cat-literatura-inglesa","10":"product_shipping_class-correios","11":"description-off","13":"first","14":"instock","15":"shipping-taxable","16":"purchasable","17":"product-type-simple"},"aioseo_notices":[],"_links":{"self":[{"href":"https:\/\/editoralandmark.com.br\/v2.0\/wp-json\/wp\/v2\/product\/384","targetHints":{"allow":["GET"]}}],"collection":[{"href":"https:\/\/editoralandmark.com.br\/v2.0\/wp-json\/wp\/v2\/product"}],"about":[{"href":"https:\/\/editoralandmark.com.br\/v2.0\/wp-json\/wp\/v2\/types\/product"}],"wp:featuredmedia":[{"embeddable":true,"href":"https:\/\/editoralandmark.com.br\/v2.0\/wp-json\/wp\/v2\/media\/385"}],"wp:attachment":[{"href":"https:\/\/editoralandmark.com.br\/v2.0\/wp-json\/wp\/v2\/media?parent=384"}],"wp:term":[{"taxonomy":"product_brand","embeddable":true,"href":"https:\/\/editoralandmark.com.br\/v2.0\/wp-json\/wp\/v2\/product_brand?post=384"},{"taxonomy":"product_cat","embeddable":true,"href":"https:\/\/editoralandmark.com.br\/v2.0\/wp-json\/wp\/v2\/product_cat?post=384"},{"taxonomy":"product_tag","embeddable":true,"href":"https:\/\/editoralandmark.com.br\/v2.0\/wp-json\/wp\/v2\/product_tag?post=384"}],"curies":[{"name":"wp","href":"https:\/\/api.w.org\/{rel}","templated":true}]}}